{"id":60,"date":"2024-05-27T13:12:27","date_gmt":"2024-05-27T13:12:27","guid":{"rendered":"https:\/\/efep.im-nomade.com\/?page_id=60"},"modified":"2024-11-18T15:45:17","modified_gmt":"2024-11-18T15:45:17","slug":"news","status":"publish","type":"page","link":"https:\/\/efep.me\/sr\/informations\/news\/","title":{"rendered":"Vijesti"},"content":{"rendered":"<div data-elementor-type=\"wp-page\" data-elementor-id=\"60\" class=\"elementor elementor-60\" data-elementor-post-type=\"page\">\n\t\t\t\t<div class=\"elementor-element elementor-element-46008a0 e-flex e-con-boxed e-con e-parent\" data-id=\"46008a0\" data-element_type=\"container\" data-e-type=\"container\">\n\t\t\t\t\t<div class=\"e-con-inner\">\n\t\t\t\t<div class=\"elementor-element elementor-element-af196f3 elementor-widget elementor-widget-heading\" data-id=\"af196f3\" data-element_type=\"widget\" data-e-type=\"widget\" data-widget_type=\"heading.default\">\n\t\t\t\t<div class=\"elementor-widget-container\">\n\t\t\t\t\t<h1 class=\"elementor-heading-title elementor-size-default\">\u0160kolske vijesti<\/h1>\t\t\t\t<\/div>\n\t\t\t\t<\/div>\n\t\t\t\t<div class=\"elementor-element elementor-element-9613eee elementor-grid-3 elementor-grid-tablet-2 elementor-grid-mobile-1 elementor-posts--thumbnail-top elementor-posts--show-avatar elementor-card-shadow-yes elementor-posts__hover-gradient elementor-widget elementor-widget-posts\" data-id=\"9613eee\" data-element_type=\"widget\" data-e-type=\"widget\" data-settings=\"{&quot;pagination_type&quot;:&quot;load_more_infinite_scroll&quot;,&quot;cards_columns&quot;:&quot;3&quot;,&quot;cards_columns_tablet&quot;:&quot;2&quot;,&quot;cards_columns_mobile&quot;:&quot;1&quot;,&quot;cards_row_gap&quot;:{&quot;unit&quot;:&quot;px&quot;,&quot;size&quot;:35,&quot;sizes&quot;:[]},&quot;cards_row_gap_tablet&quot;:{&quot;unit&quot;:&quot;px&quot;,&quot;size&quot;:&quot;&quot;,&quot;sizes&quot;:[]},&quot;cards_row_gap_mobile&quot;:{&quot;unit&quot;:&quot;px&quot;,&quot;size&quot;:&quot;&quot;,&quot;sizes&quot;:[]},&quot;load_more_spinner&quot;:{&quot;value&quot;:&quot;fas fa-spinner&quot;,&quot;library&quot;:&quot;fa-solid&quot;}}\" data-widget_type=\"posts.cards\">\n\t\t\t\t<div class=\"elementor-widget-container\">\n\t\t\t\t\t\t\t<div class=\"elementor-posts-container elementor-posts elementor-posts--skin-cards elementor-grid\" role=\"list\">\n\t\t\t\t<article class=\"elementor-post elementor-grid-item post-1371 post type-post status-publish format-standard has-post-thumbnail hentry category-actualites\" role=\"listitem\">\n\t\t\t<div class=\"elementor-post__card\">\n\t\t\t\t<a class=\"elementor-post__thumbnail__link\" href=\"https:\/\/efep.me\/sr\/2024\/12\/18\/visite-de-lexposition-de-kiki-smith\/\" tabindex=\"-1\" ><div class=\"elementor-post__thumbnail\"><img fetchpriority=\"high\" decoding=\"async\" width=\"300\" height=\"300\" src=\"https:\/\/efep.me\/wp-content\/uploads\/2024\/12\/1-3-300x300.png\" class=\"attachment-medium size-medium wp-image-1377\" alt=\"\" srcset=\"https:\/\/efep.me\/wp-content\/uploads\/2024\/12\/1-3-300x300.png 300w, https:\/\/efep.me\/wp-content\/uploads\/2024\/12\/1-3-1024x1024.png 1024w, https:\/\/efep.me\/wp-content\/uploads\/2024\/12\/1-3-150x150.png 150w, https:\/\/efep.me\/wp-content\/uploads\/2024\/12\/1-3-768x768.png 768w, https:\/\/efep.me\/wp-content\/uploads\/2024\/12\/1-3-12x12.png 12w, https:\/\/efep.me\/wp-content\/uploads\/2024\/12\/1-3.png 1080w\" sizes=\"(max-width: 300px) 100vw, 300px\" \/><\/div><\/a>\n\t\t\t\t<div class=\"elementor-post__badge\">Vijesti<\/div>\n\t\t\t\t<div class=\"elementor-post__avatar\">\n\t\t\t<img alt='Marjolaine_Efep' src='https:\/\/secure.gravatar.com\/avatar\/bb1fba058f345ccf936fbaa945565db5c90a8a897a4a96a3bd18c5c2d6163f1b?s=128&#038;d=mm&#038;r=g' srcset='https:\/\/secure.gravatar.com\/avatar\/bb1fba058f345ccf936fbaa945565db5c90a8a897a4a96a3bd18c5c2d6163f1b?s=256&#038;d=mm&#038;r=g 2x' class='avatar avatar-128 photo' height='128' width='128' \/>\t\t<\/div>\n\t\t\t\t<div class=\"elementor-post__text\">\n\t\t\t\t<h3 class=\"elementor-post__title\">\n\t\t\t<a href=\"https:\/\/efep.me\/sr\/2024\/12\/18\/visite-de-lexposition-de-kiki-smith\/\" >\n\t\t\t\tPosjeta izlo\u017ebi Kiki Smit\t\t\t<\/a>\n\t\t<\/h3>\n\t\t\t\t<div class=\"elementor-post__excerpt\">\n\t\t\t<p>Na\u0161i u\u010denici starijih razreda imali su priliku da otkriju fascinantan svijet Kiki Smit tokom posjete izlo\u017ebi, koju je predvodila njihova nastavnica umjetnosti.<\/p>\n\t\t<\/div>\n\t\t\n\t\t<a class=\"elementor-post__read-more\" href=\"https:\/\/efep.me\/sr\/2024\/12\/18\/visite-de-lexposition-de-kiki-smith\/\" aria-label=\"Read more about Visite de l&rsquo;exposition de Kiki Smith\" tabindex=\"-1\" >\n\t\t\tPro\u010ditaj vi\u0161e \u00bb\t\t<\/a>\n\n\t\t\t\t<\/div>\n\t\t\t\t<div class=\"elementor-post__meta-data\">\n\t\t\t\t\t<span class=\"elementor-post-date\">\n\t\t\t18. dec. 2024. godine\t\t<\/span>\n\t\t\t\t<span class=\"elementor-post-avatar\">\n\t\t\t\u041d\u0435\u043c\u0430 \u043a\u043e\u043c\u0435\u043d\u0442\u0430\u0440\u0430\t\t<\/span>\n\t\t\t\t<\/div>\n\t\t\t\t\t<\/div>\n\t\t<\/article>\n\t\t\t\t<article class=\"elementor-post elementor-grid-item post-1008 post type-post status-publish format-standard has-post-thumbnail hentry category-actualites category-technologie\" role=\"listitem\">\n\t\t\t<div class=\"elementor-post__card\">\n\t\t\t\t<a class=\"elementor-post__thumbnail__link\" href=\"https:\/\/efep.me\/sr\/2024\/12\/02\/dotation-de-materiel-numerique\/\" tabindex=\"-1\" ><div class=\"elementor-post__thumbnail\"><img decoding=\"async\" width=\"300\" height=\"142\" src=\"https:\/\/efep.me\/wp-content\/uploads\/2024\/12\/Capture-decran-2024-12-02-113924-300x142.png\" class=\"attachment-medium size-medium wp-image-1009\" alt=\"\" srcset=\"https:\/\/efep.me\/wp-content\/uploads\/2024\/12\/Capture-decran-2024-12-02-113924-300x142.png 300w, https:\/\/efep.me\/wp-content\/uploads\/2024\/12\/Capture-decran-2024-12-02-113924-1024x484.png 1024w, https:\/\/efep.me\/wp-content\/uploads\/2024\/12\/Capture-decran-2024-12-02-113924-768x363.png 768w, https:\/\/efep.me\/wp-content\/uploads\/2024\/12\/Capture-decran-2024-12-02-113924-1536x726.png 1536w, https:\/\/efep.me\/wp-content\/uploads\/2024\/12\/Capture-decran-2024-12-02-113924-18x9.png 18w, https:\/\/efep.me\/wp-content\/uploads\/2024\/12\/Capture-decran-2024-12-02-113924.png 1855w\" sizes=\"(max-width: 300px) 100vw, 300px\" \/><\/div><\/a>\n\t\t\t\t<div class=\"elementor-post__badge\">Vijesti<\/div>\n\t\t\t\t<div class=\"elementor-post__avatar\">\n\t\t\t<img alt='Marjolaine_Efep' src='https:\/\/secure.gravatar.com\/avatar\/bb1fba058f345ccf936fbaa945565db5c90a8a897a4a96a3bd18c5c2d6163f1b?s=128&#038;d=mm&#038;r=g' srcset='https:\/\/secure.gravatar.com\/avatar\/bb1fba058f345ccf936fbaa945565db5c90a8a897a4a96a3bd18c5c2d6163f1b?s=256&#038;d=mm&#038;r=g 2x' class='avatar avatar-128 photo' height='128' width='128' \/>\t\t<\/div>\n\t\t\t\t<div class=\"elementor-post__text\">\n\t\t\t\t<h3 class=\"elementor-post__title\">\n\t\t\t<a href=\"https:\/\/efep.me\/sr\/2024\/12\/02\/dotation-de-materiel-numerique\/\" >\n\t\t\t\tDonacija Rumunije\t\t\t<\/a>\n\t\t<\/h3>\n\t\t\t\t<div class=\"elementor-post__excerpt\">\n\t\t\t<p>U oktobru smo, u okviru poziva za realizaciju digitalnih  projekata, dobili vrijednu donaciju od rumunske<\/p>\n\t\t<\/div>\n\t\t\n\t\t<a class=\"elementor-post__read-more\" href=\"https:\/\/efep.me\/sr\/2024\/12\/02\/dotation-de-materiel-numerique\/\" aria-label=\"Read more about Dotation de mat\u00e9riel num\u00e9rique\" tabindex=\"-1\" >\n\t\t\tPro\u010ditaj vi\u0161e \u00bb\t\t<\/a>\n\n\t\t\t\t<\/div>\n\t\t\t\t<div class=\"elementor-post__meta-data\">\n\t\t\t\t\t<span class=\"elementor-post-date\">\n\t\t\t2. dec. 2024. godine\t\t<\/span>\n\t\t\t\t<span class=\"elementor-post-avatar\">\n\t\t\t\u041d\u0435\u043c\u0430 \u043a\u043e\u043c\u0435\u043d\u0442\u0430\u0440\u0430\t\t<\/span>\n\t\t\t\t<\/div>\n\t\t\t\t\t<\/div>\n\t\t<\/article>\n\t\t\t\t<article class=\"elementor-post elementor-grid-item post-997 post type-post status-publish format-standard has-post-thumbnail hentry category-actualites category-lecole\" role=\"listitem\">\n\t\t\t<div class=\"elementor-post__card\">\n\t\t\t\t<a class=\"elementor-post__thumbnail__link\" href=\"https:\/\/efep.me\/sr\/2024\/12\/02\/plantation-des-arbres-dans-la-cour\/\" tabindex=\"-1\" ><div class=\"elementor-post__thumbnail\"><img decoding=\"async\" width=\"300\" height=\"300\" src=\"https:\/\/efep.me\/wp-content\/uploads\/2024\/12\/1-300x300.png\" class=\"attachment-medium size-medium wp-image-996\" alt=\"\" srcset=\"https:\/\/efep.me\/wp-content\/uploads\/2024\/12\/1-300x300.png 300w, https:\/\/efep.me\/wp-content\/uploads\/2024\/12\/1-1024x1024.png 1024w, https:\/\/efep.me\/wp-content\/uploads\/2024\/12\/1-150x150.png 150w, https:\/\/efep.me\/wp-content\/uploads\/2024\/12\/1-768x768.png 768w, https:\/\/efep.me\/wp-content\/uploads\/2024\/12\/1-12x12.png 12w, https:\/\/efep.me\/wp-content\/uploads\/2024\/12\/1.png 1080w\" sizes=\"(max-width: 300px) 100vw, 300px\" \/><\/div><\/a>\n\t\t\t\t<div class=\"elementor-post__badge\">Vijesti<\/div>\n\t\t\t\t<div class=\"elementor-post__avatar\">\n\t\t\t<img alt='Marjolaine_Efep' src='https:\/\/secure.gravatar.com\/avatar\/bb1fba058f345ccf936fbaa945565db5c90a8a897a4a96a3bd18c5c2d6163f1b?s=128&#038;d=mm&#038;r=g' srcset='https:\/\/secure.gravatar.com\/avatar\/bb1fba058f345ccf936fbaa945565db5c90a8a897a4a96a3bd18c5c2d6163f1b?s=256&#038;d=mm&#038;r=g 2x' class='avatar avatar-128 photo' height='128' width='128' \/>\t\t<\/div>\n\t\t\t\t<div class=\"elementor-post__text\">\n\t\t\t\t<h3 class=\"elementor-post__title\">\n\t\t\t<a href=\"https:\/\/efep.me\/sr\/2024\/12\/02\/plantation-des-arbres-dans-la-cour\/\" >\n\t\t\t\tSadnja drve\u0107a u dvori\u0161tu\t\t\t<\/a>\n\t\t<\/h3>\n\t\t\t\t<div class=\"elementor-post__excerpt\">\n\t\t\t<p>U okviru na\u0161eg projekta \"Vrt\", u\u010denici su posadili drve\u0107e u dvori\u0161tu. Ovo \u0107e<\/p>\n\t\t<\/div>\n\t\t\n\t\t<a class=\"elementor-post__read-more\" href=\"https:\/\/efep.me\/sr\/2024\/12\/02\/plantation-des-arbres-dans-la-cour\/\" aria-label=\"Read more about Plantation des arbres dans la cour\" tabindex=\"-1\" >\n\t\t\tPro\u010ditaj vi\u0161e \u00bb\t\t<\/a>\n\n\t\t\t\t<\/div>\n\t\t\t\t<div class=\"elementor-post__meta-data\">\n\t\t\t\t\t<span class=\"elementor-post-date\">\n\t\t\t2. dec. 2024. godine\t\t<\/span>\n\t\t\t\t<span class=\"elementor-post-avatar\">\n\t\t\t\u041d\u0435\u043c\u0430 \u043a\u043e\u043c\u0435\u043d\u0442\u0430\u0440\u0430\t\t<\/span>\n\t\t\t\t<\/div>\n\t\t\t\t\t<\/div>\n\t\t<\/article>\n\t\t\t\t<article class=\"elementor-post elementor-grid-item post-190 post type-post status-publish format-standard has-post-thumbnail hentry category-actualites category-efep\" role=\"listitem\">\n\t\t\t<div class=\"elementor-post__card\">\n\t\t\t\t<a class=\"elementor-post__thumbnail__link\" href=\"https:\/\/efep.me\/sr\/2024\/09\/12\/resultat-concours-de-math\/\" tabindex=\"-1\" ><div class=\"elementor-post__thumbnail\"><img loading=\"lazy\" decoding=\"async\" width=\"300\" height=\"225\" src=\"https:\/\/efep.me\/wp-content\/uploads\/2024\/11\/WhatsApp-Image-2023-02-23-a-21.10.24-300x225.jpg\" class=\"attachment-medium size-medium wp-image-943\" alt=\"\" srcset=\"https:\/\/efep.me\/wp-content\/uploads\/2024\/11\/WhatsApp-Image-2023-02-23-a-21.10.24-300x225.jpg 300w, https:\/\/efep.me\/wp-content\/uploads\/2024\/11\/WhatsApp-Image-2023-02-23-a-21.10.24-768x576.jpg 768w, https:\/\/efep.me\/wp-content\/uploads\/2024\/11\/WhatsApp-Image-2023-02-23-a-21.10.24-16x12.jpg 16w, https:\/\/efep.me\/wp-content\/uploads\/2024\/11\/WhatsApp-Image-2023-02-23-a-21.10.24.jpg 1024w\" sizes=\"(max-width: 300px) 100vw, 300px\" \/><\/div><\/a>\n\t\t\t\t<div class=\"elementor-post__badge\">Vijesti<\/div>\n\t\t\t\t<div class=\"elementor-post__avatar\">\n\t\t\t<img alt='Marjolaine_Efep' src='https:\/\/secure.gravatar.com\/avatar\/bb1fba058f345ccf936fbaa945565db5c90a8a897a4a96a3bd18c5c2d6163f1b?s=128&#038;d=mm&#038;r=g' srcset='https:\/\/secure.gravatar.com\/avatar\/bb1fba058f345ccf936fbaa945565db5c90a8a897a4a96a3bd18c5c2d6163f1b?s=256&#038;d=mm&#038;r=g 2x' class='avatar avatar-128 photo' height='128' width='128' \/>\t\t<\/div>\n\t\t\t\t<div class=\"elementor-post__text\">\n\t\t\t\t<h3 class=\"elementor-post__title\">\n\t\t\t<a href=\"https:\/\/efep.me\/sr\/2024\/09\/12\/resultat-concours-de-math\/\" >\n\t\t\t\tNedelja ukusa\t\t\t<\/a>\n\t\t<\/h3>\n\t\t\t\t<div class=\"elementor-post__excerpt\">\n\t\t\t<p>U okviru francuskog festivala \"Nedelja ukusa\" u dvori\u0161tu \u0161kole je bila organizovana prezentacija jela iz raznih zemalja. Jela su pripremili i poslu\u017eili na\u0161i roditelji, a djeca su im pomagala i u\u017eivala u festivalu.<\/p>\n\t\t<\/div>\n\t\t\n\t\t<a class=\"elementor-post__read-more\" href=\"https:\/\/efep.me\/sr\/2024\/09\/12\/resultat-concours-de-math\/\" aria-label=\"Read more about Semaine du go\u00fbt\" tabindex=\"-1\" >\n\t\t\tPro\u010ditaj vi\u0161e \u00bb\t\t<\/a>\n\n\t\t\t\t<\/div>\n\t\t\t\t<div class=\"elementor-post__meta-data\">\n\t\t\t\t\t<span class=\"elementor-post-date\">\n\t\t\t12. sept. 2024. god.\t\t<\/span>\n\t\t\t\t<span class=\"elementor-post-avatar\">\n\t\t\t\u041d\u0435\u043c\u0430 \u043a\u043e\u043c\u0435\u043d\u0442\u0430\u0440\u0430\t\t<\/span>\n\t\t\t\t<\/div>\n\t\t\t\t\t<\/div>\n\t\t<\/article>\n\t\t\t\t<\/div>\n\t\t\t\t\t<span class=\"e-load-more-spinner\">\n\t\t\t\t<svg aria-hidden=\"true\" class=\"e-font-icon-svg e-fas-spinner\" viewbox=\"0 0 512 512\" xmlns=\"http:\/\/www.w3.org\/2000\/svg\"><path d=\"M304 48c0 26.51-21.49 48-48 48s-48-21.49-48-48 21.49-48 48-48 48 21.49 48 48zm-48 368c-26.51 0-48 21.49-48 48s21.49 48 48 48 48-21.49 48-48-21.49-48-48-48zm208-208c-26.51 0-48 21.49-48 48s21.49 48 48 48 48-21.49 48-48-21.49-48-48-48zM96 256c0-26.51-21.49-48-48-48S0 229.49 0 256s21.49 48 48 48 48-21.49 48-48zm12.922 99.078c-26.51 0-48 21.49-48 48s21.49 48 48 48 48-21.49 48-48c0-26.509-21.491-48-48-48zm294.156 0c-26.51 0-48 21.49-48 48s21.49 48 48 48 48-21.49 48-48c0-26.509-21.49-48-48-48zM108.922 60.922c-26.51 0-48 21.49-48 48s21.49 48 48 48 48-21.49 48-48-21.491-48-48-48z\"><\/path><\/svg>\t\t\t<\/span>\n\t\t\n\t\t\t\t\t\t<\/div>\n\t\t\t\t<\/div>\n\t\t\t\t\t<\/div>\n\t\t\t\t<\/div>\n\t\t\t\t<\/div>","protected":false},"excerpt":{"rendered":"<p>Les news de l&rsquo;\u00e9cole<\/p>","protected":false},"author":1,"featured_media":0,"parent":55,"menu_order":0,"comment_status":"closed","ping_status":"closed","template":"","meta":{"footnotes":""},"class_list":["post-60","page","type-page","status-publish","hentry"],"_links":{"self":[{"href":"https:\/\/efep.me\/sr\/wp-json\/wp\/v2\/pages\/60","targetHints":{"allow":["GET"]}}],"collection":[{"href":"https:\/\/efep.me\/sr\/wp-json\/wp\/v2\/pages"}],"about":[{"href":"https:\/\/efep.me\/sr\/wp-json\/wp\/v2\/types\/page"}],"author":[{"embeddable":true,"href":"https:\/\/efep.me\/sr\/wp-json\/wp\/v2\/users\/1"}],"replies":[{"embeddable":true,"href":"https:\/\/efep.me\/sr\/wp-json\/wp\/v2\/comments?post=60"}],"version-history":[{"count":7,"href":"https:\/\/efep.me\/sr\/wp-json\/wp\/v2\/pages\/60\/revisions"}],"predecessor-version":[{"id":623,"href":"https:\/\/efep.me\/sr\/wp-json\/wp\/v2\/pages\/60\/revisions\/623"}],"up":[{"embeddable":true,"href":"https:\/\/efep.me\/sr\/wp-json\/wp\/v2\/pages\/55"}],"wp:attachment":[{"href":"https:\/\/efep.me\/sr\/wp-json\/wp\/v2\/media?parent=60"}],"curies":[{"name":"wp","href":"https:\/\/api.w.org\/{rel}","templated":true}]}}