{"id":52,"date":"2024-05-27T13:10:55","date_gmt":"2024-05-27T13:10:55","guid":{"rendered":"https:\/\/efep.im-nomade.com\/?page_id=52"},"modified":"2024-12-13T10:36:02","modified_gmt":"2024-12-13T10:36:02","slug":"cours-de-langues","status":"publish","type":"page","link":"https:\/\/efep.me\/sr\/services\/cours-de-langues\/","title":{"rendered":"\u041a\u0443\u0440\u0441\u0435\u0432\u0438 \u0458\u0435\u0437\u0438\u043a\u0430"},"content":{"rendered":"<div data-elementor-type=\"wp-page\" data-elementor-id=\"52\" class=\"elementor elementor-52\" data-elementor-post-type=\"page\">\n\t\t\t\t<div class=\"elementor-element elementor-element-e8b430b e-flex e-con-boxed e-con e-parent\" data-id=\"e8b430b\" data-element_type=\"container\" data-e-type=\"container\">\n\t\t\t\t\t<div class=\"e-con-inner\">\n\t\t\t\t<div class=\"elementor-element elementor-element-33691a6 elementor-widget elementor-widget-heading\" data-id=\"33691a6\" data-element_type=\"widget\" data-e-type=\"widget\" data-widget_type=\"heading.default\">\n\t\t\t\t<div class=\"elementor-widget-container\">\n\t\t\t\t\t<h1 class=\"elementor-heading-title elementor-size-default\">\u041d\u0430\u0448\u0438 \u043a\u0443\u0440\u0441\u0435\u0432\u0438 \u0458\u0435\u0437\u0438\u043a\u0430 <\/h1>\t\t\t\t<\/div>\n\t\t\t\t<\/div>\n\t\t\t\t<div class=\"elementor-element elementor-element-4b15d4b elementor-widget elementor-widget-text-editor\" data-id=\"4b15d4b\" data-element_type=\"widget\" data-e-type=\"widget\" data-widget_type=\"text-editor.default\">\n\t\t\t\t<div class=\"elementor-widget-container\">\n\t\t\t\t\t\t\t\t\t<p><span style=\"font-weight: 400;\">\u041a\u0430\u043e \u0434\u0435\u043e \u043d\u0430\u0448\u0435\u0433 \u0432\u0438\u0448\u0435\u0458\u0435\u0437\u0438\u0447\u043d\u043e\u0433 \u043f\u0440\u0438\u0441\u0442\u0443\u043f\u0430, \u043d\u0443\u0434\u0438\u043c\u043e \u043a\u0443\u0440\u0441\u0435\u0432\u0435 \u0458\u0435\u0437\u0438\u043a\u0430 \u0437\u0430 \u043f\u043e\u0434\u0440\u0448\u043a\u0443 \u0441\u0442\u0443\u0434\u0435\u043d\u0442\u0438\u043c\u0430 \u0443 \u0441\u043a\u043b\u0430\u0434\u0443 \u0441\u0430 \u045a\u0438\u0445\u043e\u0432\u0438\u043c \u043d\u0438\u0432\u043e\u043e\u043c. <\/span><\/p>\t\t\t\t\t\t\t\t<\/div>\n\t\t\t\t<\/div>\n\t\t\t\t\t<\/div>\n\t\t\t\t<\/div>\n\t\t<div class=\"elementor-element elementor-element-424bf66 e-flex e-con-boxed e-con e-parent\" data-id=\"424bf66\" data-element_type=\"container\" data-e-type=\"container\">\n\t\t\t\t\t<div class=\"e-con-inner\">\n\t\t<div class=\"elementor-element elementor-element-caad551 e-con-full e-flex e-con e-child\" data-id=\"caad551\" data-element_type=\"container\" data-e-type=\"container\">\n\t\t\t\t<div class=\"elementor-element elementor-element-16ea33e elementor-widget elementor-widget-heading\" data-id=\"16ea33e\" data-element_type=\"widget\" data-e-type=\"widget\" data-widget_type=\"heading.default\">\n\t\t\t\t<div class=\"elementor-widget-container\">\n\t\t\t\t\t<h3 class=\"elementor-heading-title elementor-size-default\">\u043a\u0443\u0440\u0441\u0435\u0432\u0438 \u0444\u0440\u0430\u043d\u0446\u0443\u0441\u043a\u043e\u0433<\/h3>\t\t\t\t<\/div>\n\t\t\t\t<\/div>\n\t\t\t\t<div class=\"elementor-element elementor-element-8fd36f8 elementor-widget elementor-widget-image\" data-id=\"8fd36f8\" data-element_type=\"widget\" data-e-type=\"widget\" data-widget_type=\"image.default\">\n\t\t\t\t<div class=\"elementor-widget-container\">\n\t\t\t\t\t\t\t\t\t\t\t\t\t\t\t<img fetchpriority=\"high\" decoding=\"async\" width=\"256\" height=\"256\" src=\"https:\/\/efep.me\/wp-content\/uploads\/2024\/09\/france-2.png\" class=\"attachment-large size-large wp-image-344\" alt=\"\" srcset=\"https:\/\/efep.me\/wp-content\/uploads\/2024\/09\/france-2.png 256w, https:\/\/efep.me\/wp-content\/uploads\/2024\/09\/france-2-150x150.png 150w, https:\/\/efep.me\/wp-content\/uploads\/2024\/09\/france-2-12x12.png 12w\" sizes=\"(max-width: 256px) 100vw, 256px\" \/>\t\t\t\t\t\t\t\t\t\t\t\t\t\t\t<\/div>\n\t\t\t\t<\/div>\n\t\t\t\t<div class=\"elementor-element elementor-element-c52ce95 elementor-widget elementor-widget-text-editor\" data-id=\"c52ce95\" data-element_type=\"widget\" data-e-type=\"widget\" data-widget_type=\"text-editor.default\">\n\t\t\t\t<div class=\"elementor-widget-container\">\n\t\t\t\t\t\t\t\t\t<p><span style=\"font-weight: 400;\">\u041a\u0443\u0440\u0441\u0435\u0432\u0438 \u0458\u0435\u0437\u0438\u043a\u0430 \u0443 \u043c\u0430\u043b\u0438\u043c \u0433\u0440\u0443\u043f\u0430\u043c\u0430 \u0437\u0430 \u0443\u0447\u0435\u043d\u0438\u043a\u0435 \u043a\u043e\u0458\u0438 \u043d\u0435 \u0433\u043e\u0432\u043e\u0440\u0435 \u0444\u0440\u0430\u043d\u0446\u0443\u0441\u043a\u0438, \u043a\u0430\u043a\u043e \u0431\u0438 \u043f\u043e\u0434\u0440\u0436\u0430\u043b\u0438 \u045a\u0438\u0445\u043e\u0432 \u0434\u043e\u043b\u0430\u0437\u0430\u043a \u0443 \u0443\u0441\u0442\u0430\u043d\u043e\u0432\u0443 \u0438 \u043e\u043c\u043e\u0433\u0443\u045b\u0438\u043b\u0438 \u0438\u043c \u0434\u0430 \u0448\u0442\u043e \u043f\u0440\u0435 \u043f\u0440\u0430\u0442\u0435 \u0441\u0432\u0435 \u0430\u043a\u0442\u0438\u0432\u043d\u043e\u0441\u0442\u0438 \u043a\u043e\u0458\u0435 \u0441\u0435 \u043d\u0443\u0434\u0435 \u043d\u0430 \u0447\u0430\u0441\u0443.\u00a0\u00a0<\/span><\/p><p><span style=\"font-weight: 400;\">\u041e\u0432\u0438 \u201e\u043a\u0443\u0440\u0441\u0435\u0432\u0438 \u043f\u0440\u043e\u043b\u0430\u0437\u0430\u201c \u0441\u0435 \u0438\u043c\u043f\u043b\u0435\u043c\u0435\u043d\u0442\u0438\u0440\u0430\u0458\u0443 \u043e\u0434 \u0426\u041f \u0434\u043e \u0426\u041c2. \u041e\u043d\u0438 \u043e\u043c\u043e\u0433\u0443\u045b\u0430\u0432\u0430\u0458\u0443 \u0434\u0430 \u0443\u0447\u0435\u043d\u0438\u0446\u0438 \u043a\u043e\u0458\u0438 \u043d\u0435 \u0433\u043e\u0432\u043e\u0440\u0435 \u0444\u0440\u0430\u043d\u0446\u0443\u0441\u043a\u0438 \u0431\u0443\u0434\u0443 \u0438\u043d\u0442\u0435\u0433\u0440\u0438\u0441\u0430\u043d\u0438 \u0443 \u043e\u0434\u0435\u0459\u0435\u045a\u0430 \u043d\u0430 \u0441\u0432\u0438\u043c \u043d\u0438\u0432\u043e\u0438\u043c\u0430 \u043e\u0441\u043d\u043e\u0432\u043d\u0435 \u0448\u043a\u043e\u043b\u0435.<\/span><\/p><p>\u0414\u0430 \u0431\u0438 \u043f\u043e\u0442\u0432\u0440\u0434\u0438\u043b\u0438 \u0441\u0442\u0435\u0447\u0435\u043d\u0438 \u043d\u0438\u0432\u043e, \u043d\u0430\u0448\u0438 \u0441\u0442\u0443\u0434\u0435\u043d\u0442\u0438 \u043a\u043e\u0458\u0438 \u043d\u0435 \u0433\u043e\u0432\u043e\u0440\u0435 \u0444\u0440\u0430\u043d\u0446\u0443\u0441\u043a\u0438 \u043f\u043e\u043b\u0430\u0436\u0443 <strong>\u0414\u0435\u043b\u0444 \u0458\u0443\u043d\u0438\u043e\u0440 \u0441\u0435\u0440\u0442\u0438\u0444\u0438\u043a\u0430\u0442\u0438<\/strong>, \u0443 \u0440\u0430\u0437\u043b\u0438\u0447\u0438\u0442\u043e \u0432\u0440\u0435\u043c\u0435 \u0442\u043e\u043a\u043e\u043c \u0448\u043a\u043e\u043b\u043e\u0432\u0430\u045a\u0430.\u00a0<\/p>\t\t\t\t\t\t\t\t<\/div>\n\t\t\t\t<\/div>\n\t\t\t\t<\/div>\n\t\t<div class=\"elementor-element elementor-element-e9dbecc e-con-full e-flex e-con e-child\" data-id=\"e9dbecc\" data-element_type=\"container\" data-e-type=\"container\" data-settings=\"{&quot;background_background&quot;:&quot;classic&quot;}\">\n\t\t\t\t<\/div>\n\t\t\t\t\t<\/div>\n\t\t\t\t<\/div>\n\t\t<div class=\"elementor-element elementor-element-0bf999f e-flex e-con-boxed e-con e-parent\" data-id=\"0bf999f\" data-element_type=\"container\" data-e-type=\"container\">\n\t\t\t\t\t<div class=\"e-con-inner\">\n\t\t<div class=\"elementor-element elementor-element-8492c60 e-con-full e-flex e-con e-child\" data-id=\"8492c60\" data-element_type=\"container\" data-e-type=\"container\" data-settings=\"{&quot;background_background&quot;:&quot;classic&quot;}\">\n\t\t\t\t<\/div>\n\t\t<div class=\"elementor-element elementor-element-7696063 e-con-full e-flex e-con e-child\" data-id=\"7696063\" data-element_type=\"container\" data-e-type=\"container\">\n\t\t\t\t<div class=\"elementor-element elementor-element-fce9b70 elementor-widget elementor-widget-heading\" data-id=\"fce9b70\" data-element_type=\"widget\" data-e-type=\"widget\" data-widget_type=\"heading.default\">\n\t\t\t\t<div class=\"elementor-widget-container\">\n\t\t\t\t\t<h3 class=\"elementor-heading-title elementor-size-default\">\u041a\u0443\u0440\u0441\u0435\u0432\u0438 \u0446\u0440\u043d\u043e\u0433\u043e\u0440\u0441\u043a\u043e\u0433 \u0458\u0435\u0437\u0438\u043a\u0430<\/h3>\t\t\t\t<\/div>\n\t\t\t\t<\/div>\n\t\t\t\t<div class=\"elementor-element elementor-element-16c58dd elementor-widget elementor-widget-image\" data-id=\"16c58dd\" data-element_type=\"widget\" data-e-type=\"widget\" data-widget_type=\"image.default\">\n\t\t\t\t<div class=\"elementor-widget-container\">\n\t\t\t\t\t\t\t\t\t\t\t\t\t\t\t<img decoding=\"async\" width=\"512\" height=\"512\" src=\"https:\/\/efep.me\/wp-content\/uploads\/2024\/09\/montenegro.png\" class=\"attachment-large size-large wp-image-345\" alt=\"\" srcset=\"https:\/\/efep.me\/wp-content\/uploads\/2024\/09\/montenegro.png 512w, https:\/\/efep.me\/wp-content\/uploads\/2024\/09\/montenegro-300x300.png 300w, https:\/\/efep.me\/wp-content\/uploads\/2024\/09\/montenegro-150x150.png 150w, https:\/\/efep.me\/wp-content\/uploads\/2024\/09\/montenegro-12x12.png 12w\" sizes=\"(max-width: 512px) 100vw, 512px\" \/>\t\t\t\t\t\t\t\t\t\t\t\t\t\t\t<\/div>\n\t\t\t\t<\/div>\n\t\t\t\t<div class=\"elementor-element elementor-element-7d76e7e elementor-widget elementor-widget-text-editor\" data-id=\"7d76e7e\" data-element_type=\"widget\" data-e-type=\"widget\" data-widget_type=\"text-editor.default\">\n\t\t\t\t<div class=\"elementor-widget-container\">\n\t\t\t\t\t\t\t\t\t<p><span style=\"font-weight: 400;\">\u041a\u0443\u0440\u0441\u0435\u0432\u0438 \u0446\u0440\u043d\u043e\u0433\u043e\u0440\u0441\u043a\u043e\u0433 \u0458\u0435\u0437\u0438\u043a\u0430 \u0441\u0435 \u0438\u0437\u0432\u043e\u0434\u0435 \u0443 \u0441\u043a\u043b\u0430\u0434\u0443 \u0441\u0430 \u043d\u0438\u0432\u043e\u043e\u043c \u0441\u0442\u0443\u0434\u0435\u043d\u0442\u0430: \u0437\u0430 \u0434\u043e\u043c\u0430\u045b\u0435 \u0443\u0447\u0435\u043d\u0438\u043a\u0435 \u0441\u043b\u0438\u0458\u0435\u0434\u0438 \u043d\u0430\u0441\u0442\u0430\u0432\u043d\u0438 \u043f\u043b\u0430\u043d \u0438 \u043f\u0440\u043e\u0433\u0440\u0430\u043c \u041c\u0438\u043d\u0438\u0441\u0442\u0430\u0440\u0441\u0442\u0432\u0430 \u043f\u0440\u043e\u0441\u0432\u0458\u0435\u0442\u0435 \u0426\u0440\u043d\u0435 \u0413\u043e\u0440\u0435. \u0417\u0430 \u0443\u0447\u0435\u043d\u0438\u043a\u0435 \u043a\u043e\u0458\u0438 \u043d\u0435 \u0433\u043e\u0432\u043e\u0440\u0435 \u0446\u0440\u043d\u043e\u0433\u043e\u0440\u0441\u043a\u0438, \u043d\u0430\u0441\u0442\u0430\u0432\u043d\u0438\u043a \u043f\u043e\u043c\u0430\u0436\u0435 \u0443 \u0443\u0447\u0435\u045a\u0443 \u0458\u0435\u0437\u0438\u043a\u0430.\u00a0<\/span><\/p>\t\t\t\t\t\t\t\t<\/div>\n\t\t\t\t<\/div>\n\t\t\t\t<\/div>\n\t\t\t\t\t<\/div>\n\t\t\t\t<\/div>\n\t\t<div class=\"elementor-element elementor-element-f42cd1b e-flex e-con-boxed e-con e-parent\" data-id=\"f42cd1b\" data-element_type=\"container\" data-e-type=\"container\">\n\t\t\t\t\t<div class=\"e-con-inner\">\n\t\t\t\t<div class=\"elementor-element elementor-element-9bb7f84 elementor-widget elementor-widget-heading\" data-id=\"9bb7f84\" data-element_type=\"widget\" data-e-type=\"widget\" data-widget_type=\"heading.default\">\n\t\t\t\t<div class=\"elementor-widget-container\">\n\t\t\t\t\t<h2 class=\"elementor-heading-title elementor-size-default\">\u0418\u0437\u0432\u0430\u043d \u0448\u043a\u043e\u043b\u0441\u043a\u0438\u0445 \u0447\u0430\u0441\u043e\u0432\u0430<\/h2>\t\t\t\t<\/div>\n\t\t\t\t<\/div>\n\t\t\t\t<div class=\"elementor-element elementor-element-1d79ed7 elementor-tabs-view-vertical elementor-widget elementor-widget-tabs\" data-id=\"1d79ed7\" data-element_type=\"widget\" data-e-type=\"widget\" data-widget_type=\"tabs.default\">\n\t\t\t\t<div class=\"elementor-widget-container\">\n\t\t\t\t\t\t\t<div class=\"elementor-tabs\">\n\t\t\t<div class=\"elementor-tabs-wrapper\" role=\"tablist\" >\n\t\t\t\t\t\t\t\t\t<div id=\"elementor-tab-title-3091\" class=\"elementor-tab-title elementor-tab-desktop-title\" aria-selected=\"true\" data-tab=\"1\" role=\"tab\" tabindex=\"0\" aria-controls=\"elementor-tab-content-3091\" aria-expanded=\"false\">\u0412\u0430\u043d\u043d\u0430\u0441\u0442\u0430\u0432\u043d\u0435 \u0430\u043a\u0442\u0438\u0432\u043d\u043e\u0441\u0442\u0438:\u00a0<\/div>\n\t\t\t\t\t\t\t\t\t<div id=\"elementor-tab-title-3092\" class=\"elementor-tab-title elementor-tab-desktop-title\" aria-selected=\"false\" data-tab=\"2\" role=\"tab\" tabindex=\"-1\" aria-controls=\"elementor-tab-content-3092\" aria-expanded=\"false\">\u0412\u0435\u0447\u0435\u0440\u045a\u0438 \u0447\u0430\u0441\u043e\u0432\u0438<\/div>\n\t\t\t\t\t\t\t<\/div>\n\t\t\t<div class=\"elementor-tabs-content-wrapper\" role=\"tablist\" aria-orientation=\"vertical\">\n\t\t\t\t\t\t\t\t\t<div class=\"elementor-tab-title elementor-tab-mobile-title\" aria-selected=\"true\" data-tab=\"1\" role=\"tab\" tabindex=\"0\" aria-controls=\"elementor-tab-content-3091\" aria-expanded=\"false\">\u0412\u0430\u043d\u043d\u0430\u0441\u0442\u0430\u0432\u043d\u0435 \u0430\u043a\u0442\u0438\u0432\u043d\u043e\u0441\u0442\u0438:\u00a0<\/div>\n\t\t\t\t\t<div id=\"elementor-tab-content-3091\" class=\"elementor-tab-content elementor-clearfix\" data-tab=\"1\" role=\"tabpanel\" aria-labelledby=\"elementor-tab-title-3091\" tabindex=\"0\" hidden=\"false\"><p><span style=\"font-weight: 400;\">\u041a\u0443\u0440\u0441\u0435\u0432\u0438 \u0458\u0435\u0437\u0438\u043a\u0430 \u0441\u0435 \u043d\u0443\u0434\u0435 \u043a\u0430\u043e \u0434\u0435\u043e \u0432\u0430\u043d\u043d\u0430\u0441\u0442\u0430\u0432\u043d\u0438\u0445 \u0430\u043a\u0442\u0438\u0432\u043d\u043e\u0441\u0442\u0438, \u043e\u043c\u043e\u0433\u0443\u045b\u0430\u0432\u0430\u0458\u0443\u045b\u0438 \u0441\u0432\u0438\u043c\u0430 \u0434\u0430 \u043e\u0458\u0430\u0447\u0430\u0458\u0443 \u0441\u0432\u043e\u0458\u0435 \u0432\u0435\u0448\u0442\u0438\u043d\u0435 \u0435\u043d\u0433\u043b\u0435\u0441\u043a\u043e\u0433, \u0446\u0440\u043d\u043e\u0433\u043e\u0440\u0441\u043a\u043e\u0433 \u0438 \u0444\u0440\u0430\u043d\u0446\u0443\u0441\u043a\u043e\u0433 \u0458\u0435\u0437\u0438\u043a\u0430.\u00a0<\/span><\/p><\/div>\n\t\t\t\t\t\t\t\t\t<div class=\"elementor-tab-title elementor-tab-mobile-title\" aria-selected=\"false\" data-tab=\"2\" role=\"tab\" tabindex=\"-1\" aria-controls=\"elementor-tab-content-3092\" aria-expanded=\"false\">\u0412\u0435\u0447\u0435\u0440\u045a\u0438 \u0447\u0430\u0441\u043e\u0432\u0438<\/div>\n\t\t\t\t\t<div id=\"elementor-tab-content-3092\" class=\"elementor-tab-content elementor-clearfix\" data-tab=\"2\" role=\"tabpanel\" aria-labelledby=\"elementor-tab-title-3092\" tabindex=\"0\" hidden=\"hidden\"><p>\u0434<span style=\"font-weight: 400;\">\u041a\u0443\u0440\u0441\u0435\u0432\u0438 \u0441\u0443 \u043e\u0442\u0432\u043e\u0440\u0435\u043d\u0438 \u0437\u0430 \u0441\u0432\u0435 \u0432\u0430\u043d \u043d\u0430\u0441\u0442\u0430\u0432\u0435.\u00a0<\/span><\/p><p><em>\u0417\u0430 \u0431\u0443\u0434\u0443\u045b\u0435 \u0441\u0442\u0443\u0434\u0435\u043d\u0442\u0435:\u00a0<\/em><\/p><p><span style=\"font-weight: 400;\">\u041e\u0434 \u0430\u043f\u0440\u0438\u043b\u0430, \u0431\u0443\u0434\u0443\u045b\u0438\u043c \u0441\u0442\u0443\u0434\u0435\u043d\u0442\u0438\u043c\u0430 \u043d\u0443\u0434\u0438\u043c\u043e \u043a\u0443\u0440\u0441\u0435\u0432\u0435 \u0444\u0440\u0430\u043d\u0446\u0443\u0441\u043a\u043e\u0433 \u043a\u0430\u043a\u043e \u0431\u0438\u0441\u043c\u043e \u0438\u043c \u043e\u043c\u043e\u0433\u0443\u045b\u0438\u043b\u0438 \u0434\u0430 \u0441\u0435 \u0443\u043f\u043e\u0437\u043d\u0430\u0458\u0443 \u0441\u0430 \u043e\u0432\u0438\u043c \u0458\u0435\u0437\u0438\u043a\u043e\u043c \u043a\u0430\u043a\u043e \u0431\u0438 \u0441\u0435 \u0443 \u0441\u0435\u043f\u0442\u0435\u043c\u0431\u0440\u0443 \u043f\u0440\u0438\u0434\u0440\u0443\u0436\u0438\u043b\u0438 \u0448\u043a\u043e\u043b\u0438.\u00a0<\/span><\/p><p><em>\u0417\u0430 \u0441\u0432\u0435:\u00a0<\/em><\/p><p><span style=\"font-weight: 400;\">\u0417\u0430 \u043e\u0434\u0440\u0430\u0441\u043b\u0435 \u0438 \u0434\u0435\u0446\u0443 \u0431\u0438\u045b\u0435 \u043f\u043e\u043d\u0443\u0452\u0435\u043d\u0438 \u0443\u0432\u043e\u0434\u043d\u0438 \u0438 \u043e\u0441\u0432\u0435\u0436\u0430\u0432\u0430\u0458\u0443\u045b\u0438 \u043a\u0443\u0440\u0441\u0435\u0432\u0438 \u0458\u0435\u0437\u0438\u043a\u0430.<\/span><\/p><p><strong>\u041f\u0440\u043e\u0433\u0440\u0430\u043c \u045b\u0435 \u0443\u0441\u043a\u043e\u0440\u043e \u0431\u0438\u0442\u0438 \u043e\u0431\u0458\u0430\u0432\u0459\u0435\u043d.<\/strong><\/p><\/div>\n\t\t\t\t\t\t\t<\/div>\n\t\t<\/div>\n\t\t\t\t\t\t<\/div>\n\t\t\t\t<\/div>\n\t\t\t\t\t<\/div>\n\t\t\t\t<\/div>\n\t\t\t\t<\/div>","protected":false},"excerpt":{"rendered":"<p>Nos cours de langues Dans le cadre de notre approche plurilingue, nous proposons des cours de langues pour accompagner les \u00e9l\u00e8ves selon leur niveau. Cours de fran\u00e7ais Cours de langue en petit groupe pour les \u00e9l\u00e8ves non francophones, afin d\u2019accompagner leur arriv\u00e9e dans l&rsquo;\u00e9tablissement et leur donner le plus rapidement possible les moyens de suivre [&hellip;]<\/p>\n","protected":false},"author":1,"featured_media":0,"parent":47,"menu_order":0,"comment_status":"closed","ping_status":"closed","template":"","meta":{"footnotes":""},"class_list":["post-52","page","type-page","status-publish","hentry"],"_links":{"self":[{"href":"https:\/\/efep.me\/sr\/wp-json\/wp\/v2\/pages\/52","targetHints":{"allow":["GET"]}}],"collection":[{"href":"https:\/\/efep.me\/sr\/wp-json\/wp\/v2\/pages"}],"about":[{"href":"https:\/\/efep.me\/sr\/wp-json\/wp\/v2\/types\/page"}],"author":[{"embeddable":true,"href":"https:\/\/efep.me\/sr\/wp-json\/wp\/v2\/users\/1"}],"replies":[{"embeddable":true,"href":"https:\/\/efep.me\/sr\/wp-json\/wp\/v2\/comments?post=52"}],"version-history":[{"count":31,"href":"https:\/\/efep.me\/sr\/wp-json\/wp\/v2\/pages\/52\/revisions"}],"predecessor-version":[{"id":1251,"href":"https:\/\/efep.me\/sr\/wp-json\/wp\/v2\/pages\/52\/revisions\/1251"}],"up":[{"embeddable":true,"href":"https:\/\/efep.me\/sr\/wp-json\/wp\/v2\/pages\/47"}],"wp:attachment":[{"href":"https:\/\/efep.me\/sr\/wp-json\/wp\/v2\/media?parent=52"}],"curies":[{"name":"wp","href":"https:\/\/api.w.org\/{rel}","templated":true}]}}