{"id":391,"date":"2024-10-14T12:45:35","date_gmt":"2024-10-14T12:45:35","guid":{"rendered":"https:\/\/efep.im-nomade.com\/?page_id=391"},"modified":"2024-12-13T10:32:34","modified_gmt":"2024-12-13T10:32:34","slug":"diplomes-etudes-superieurs","status":"publish","type":"page","link":"https:\/\/efep.me\/sr\/informations\/diplomes-etudes-superieurs\/","title":{"rendered":"Diplome i visoko obrazovanje"},"content":{"rendered":"<div data-elementor-type=\"wp-page\" data-elementor-id=\"391\" class=\"elementor elementor-391\" data-elementor-post-type=\"page\">\n\t\t\t\t<div class=\"elementor-element elementor-element-f52d378 e-flex e-con-boxed e-con e-parent\" data-id=\"f52d378\" data-element_type=\"container\" data-e-type=\"container\">\n\t\t\t\t\t<div class=\"e-con-inner\">\n\t\t\t\t<div class=\"elementor-element elementor-element-0ad4e4f elementor-widget elementor-widget-heading\" data-id=\"0ad4e4f\" data-element_type=\"widget\" data-e-type=\"widget\" data-widget_type=\"heading.default\">\n\t\t\t\t<div class=\"elementor-widget-container\">\n\t\t\t\t\t<h1 class=\"elementor-heading-title elementor-size-default\">Diplome i visoko obrazovanje\n<\/h1>\t\t\t\t<\/div>\n\t\t\t\t<\/div>\n\t\t\t\t<div class=\"elementor-element elementor-element-7f1a0cc elementor-widget elementor-widget-heading\" data-id=\"7f1a0cc\" data-element_type=\"widget\" data-e-type=\"widget\" data-widget_type=\"heading.default\">\n\t\t\t\t<div class=\"elementor-widget-container\">\n\t\t\t\t\t<h2 class=\"elementor-heading-title elementor-size-default\">Nacionalna diploma male mature<\/h2>\t\t\t\t<\/div>\n\t\t\t\t<\/div>\n\t\t<div class=\"elementor-element elementor-element-031364b e-con-full e-flex e-con e-child\" data-id=\"031364b\" data-element_type=\"container\" data-e-type=\"container\">\n\t\t\t\t<div class=\"elementor-element elementor-element-5c28583 elementor-widget__width-initial elementor-widget-mobile__width-auto elementor-widget elementor-widget-text-editor\" data-id=\"5c28583\" data-element_type=\"widget\" data-e-type=\"widget\" data-widget_type=\"text-editor.default\">\n\t\t\t\t<div class=\"elementor-widget-container\">\n\t\t\t\t\t\t\t\t\t<p><span style=\"font-weight: 400;\">U 9. razredu (posljednjem razredu osnovne \u0161kole), u\u010denici pola\u017eu ispit za Nacionalnu diplomu (Dipl\u00f4me National du Brevet - DNB). To je prvi ispit u francuskom obrazovnom sistemu. U\u010denici se ocjenjuju na osnovu ste\u010denih vje\u0161tina na kraju osnovne \u0161kole i pola\u017eu ispite iz \u010detiri predmeta: Francuski jezik, Matematika, Istorija-Geografija i Prirodne nauke.<\/span><\/p><p><strong>Trenutno, na\u0161i u\u010denici pola\u017eu ovaj ispit u ispitnom centru Francuske \u0161kole u Sarajevu.<\/strong><\/p>\t\t\t\t\t\t\t\t<\/div>\n\t\t\t\t<\/div>\n\t\t\t\t<div class=\"elementor-element elementor-element-80f435b elementor-widget elementor-widget-image\" data-id=\"80f435b\" data-element_type=\"widget\" data-e-type=\"widget\" data-widget_type=\"image.default\">\n\t\t\t\t<div class=\"elementor-widget-container\">\n\t\t\t\t\t\t\t\t\t\t\t\t\t\t\t<img fetchpriority=\"high\" decoding=\"async\" width=\"768\" height=\"400\" src=\"https:\/\/efep.me\/wp-content\/uploads\/2024\/11\/WhatsApp-Image-2024-11-24-a-13.58.34_80fbadd3-1-768x400.jpg\" class=\"attachment-medium_large size-medium_large wp-image-736\" alt=\"\" srcset=\"https:\/\/efep.me\/wp-content\/uploads\/2024\/11\/WhatsApp-Image-2024-11-24-a-13.58.34_80fbadd3-1-768x400.jpg 768w, https:\/\/efep.me\/wp-content\/uploads\/2024\/11\/WhatsApp-Image-2024-11-24-a-13.58.34_80fbadd3-1-300x156.jpg 300w, https:\/\/efep.me\/wp-content\/uploads\/2024\/11\/WhatsApp-Image-2024-11-24-a-13.58.34_80fbadd3-1-1024x533.jpg 1024w, https:\/\/efep.me\/wp-content\/uploads\/2024\/11\/WhatsApp-Image-2024-11-24-a-13.58.34_80fbadd3-1-1536x799.jpg 1536w, https:\/\/efep.me\/wp-content\/uploads\/2024\/11\/WhatsApp-Image-2024-11-24-a-13.58.34_80fbadd3-1-18x9.jpg 18w, https:\/\/efep.me\/wp-content\/uploads\/2024\/11\/WhatsApp-Image-2024-11-24-a-13.58.34_80fbadd3-1.jpg 2000w\" sizes=\"(max-width: 768px) 100vw, 768px\" \/>\t\t\t\t\t\t\t\t\t\t\t\t\t\t\t<\/div>\n\t\t\t\t<\/div>\n\t\t\t\t<\/div>\n\t\t\t\t<div class=\"elementor-element elementor-element-f147c20 elementor-widget elementor-widget-heading\" data-id=\"f147c20\" data-element_type=\"widget\" data-e-type=\"widget\" data-widget_type=\"heading.default\">\n\t\t\t\t<div class=\"elementor-widget-container\">\n\t\t\t\t\t<h2 class=\"elementor-heading-title elementor-size-default\">Maturski ispit<\/h2>\t\t\t\t<\/div>\n\t\t\t\t<\/div>\n\t\t<div class=\"elementor-element elementor-element-fffcfa2 e-con-full e-flex e-con e-child\" data-id=\"fffcfa2\" data-element_type=\"container\" data-e-type=\"container\">\n\t\t\t\t<div class=\"elementor-element elementor-element-6c5b22e elementor-widget elementor-widget-text-editor\" data-id=\"6c5b22e\" data-element_type=\"widget\" data-e-type=\"widget\" data-widget_type=\"text-editor.default\">\n\t\t\t\t<div class=\"elementor-widget-container\">\n\t\t\t\t\t\t\t\t\t<p><span style=\"font-weight: 400;\">Na kraju srednje \u0161kole u\u010denici pola\u017eu maturski ispit. Maturska diploma im daje mogu\u0107nost da nastave \u0161kolovanje u Francuskoj, ali i \u0161irom svijeta.<\/span><\/p><p><strong>Maturski ispit se pola\u017ee tokom dva zavr\u0161na razreda:<\/strong><\/p><ul><li><span style=\"font-weight: 400;\">U drugom razredu, u\u010denici pola\u017eu ispite iz Francuskog jezika, pisano i usmeno. Ocjene koje dobiju tokom godine defini\u0161u krajnju ocjenu na maturskom ispitu.<\/span><\/li><li><span style=\"font-weight: 400;\">U tre\u0107em, zavr\u0161nom razredu srednje \u0161kole, u\u010denici pola\u017eu ispite iz specijalizovanih predmeta, filozofije i tzv. veliki usmeni ispit.<\/span><\/li><\/ul><p>\u00a0<\/p><p><span style=\"font-weight: 400;\">Ispiti tokom ove dvije godine \u010dine 40% ocjene na maturskom ispitu.\u00a0<\/span><\/p><p><span style=\"font-weight: 400;\">Na\u0161i u\u010denici maturski ispit pola\u017eu u ispitnom centru Francuske \u0161kole u Beogradu.<\/span><\/p>\t\t\t\t\t\t\t\t<\/div>\n\t\t\t\t<\/div>\n\t\t\t\t<div class=\"elementor-element elementor-element-bf52094 elementor-widget elementor-widget-image\" data-id=\"bf52094\" data-element_type=\"widget\" data-e-type=\"widget\" data-widget_type=\"image.default\">\n\t\t\t\t<div class=\"elementor-widget-container\">\n\t\t\t\t\t\t\t\t\t\t\t\t\t\t\t<img decoding=\"async\" width=\"800\" height=\"834\" src=\"https:\/\/efep.me\/wp-content\/uploads\/2024\/10\/r-partition-de-la-note-finale-gt-octobre-95074-982x1024.jpg\" class=\"attachment-large size-large wp-image-402\" alt=\"\" srcset=\"https:\/\/efep.me\/wp-content\/uploads\/2024\/10\/r-partition-de-la-note-finale-gt-octobre-95074-982x1024.jpg 982w, https:\/\/efep.me\/wp-content\/uploads\/2024\/10\/r-partition-de-la-note-finale-gt-octobre-95074-288x300.jpg 288w, https:\/\/efep.me\/wp-content\/uploads\/2024\/10\/r-partition-de-la-note-finale-gt-octobre-95074-768x801.jpg 768w, https:\/\/efep.me\/wp-content\/uploads\/2024\/10\/r-partition-de-la-note-finale-gt-octobre-95074-1473x1536.jpg 1473w, https:\/\/efep.me\/wp-content\/uploads\/2024\/10\/r-partition-de-la-note-finale-gt-octobre-95074-1965x2048.jpg 1965w, https:\/\/efep.me\/wp-content\/uploads\/2024\/10\/r-partition-de-la-note-finale-gt-octobre-95074-12x12.jpg 12w, https:\/\/efep.me\/wp-content\/uploads\/2024\/10\/r-partition-de-la-note-finale-gt-octobre-95074.jpg 2000w\" sizes=\"(max-width: 800px) 100vw, 800px\" \/>\t\t\t\t\t\t\t\t\t\t\t\t\t\t\t<\/div>\n\t\t\t\t<\/div>\n\t\t\t\t<\/div>\n\t\t\t\t\t<\/div>\n\t\t\t\t<\/div>\n\t\t<div class=\"elementor-element elementor-element-200ca2a e-flex e-con-boxed e-con e-parent\" data-id=\"200ca2a\" data-element_type=\"container\" data-e-type=\"container\">\n\t\t\t\t\t<div class=\"e-con-inner\">\n\t\t\t\t<div class=\"elementor-element elementor-element-343c411 elementor-widget elementor-widget-text-editor\" data-id=\"343c411\" data-element_type=\"widget\" data-e-type=\"widget\" data-widget_type=\"text-editor.default\">\n\t\t\t\t<div class=\"elementor-widget-container\">\n\t\t\t\t\t\t\t\t\t<p><span style=\"font-weight: 400;\">Francuska maturska diploma je me\u0111unarodno priznata diploma. Ona omogu\u0107ava \u0111acima da sti\u010du obrazovanje u Francuskoj, ali i u Crnoj Gori i \u0161irom svijeta.<\/span><\/p><p><span style=\"font-weight: 400;\">Me\u0111u u\u010denicima koji su polo\u017eili maturu 2023. godine u \u0161kolama AEFE:\u00a0<\/span><\/p><ul><li style=\"font-weight: 400;\" aria-level=\"1\"><span style=\"font-weight: 400;\">53% njih studira u Francuskoj, a me\u0111u njima, 61% su stranci<\/span><\/li><li style=\"font-weight: 400;\" aria-level=\"1\"><span style=\"font-weight: 400;\">17% njih studira u tre\u0107im zemljama (Kanada, zatim Velika Britanija, Sjedinjene Ameri\u010dke Dr\u017eave i \u0160vajcarska)<\/span><\/li><\/ul>\t\t\t\t\t\t\t\t<\/div>\n\t\t\t\t<\/div>\n\t\t\t\t\t<\/div>\n\t\t\t\t<\/div>\n\t\t\t\t<\/div>","protected":false},"excerpt":{"rendered":"<p>Dipl\u00f4mes et \u00e9tudes sup\u00e9rieures Dipl\u00f4me National du Brevet En classe de 3e (derni\u00e8re classe du coll\u00e8ge), les \u00e9l\u00e8ves passent le Dipl\u00f4me National du Brevet (DNB). Il s&rsquo;agit du premier examen de la scolarit\u00e9 fran\u00e7aise. Les \u00e9l\u00e8ves sont \u00e9valu\u00e9s sur le bilan de leurs comp\u00e9tences acquises en fin de coll\u00e8ge et passent des \u00e9preuves dans quatre [&hellip;]<\/p>\n","protected":false},"author":1,"featured_media":0,"parent":55,"menu_order":0,"comment_status":"closed","ping_status":"closed","template":"","meta":{"footnotes":""},"class_list":["post-391","page","type-page","status-publish","hentry"],"_links":{"self":[{"href":"https:\/\/efep.me\/sr\/wp-json\/wp\/v2\/pages\/391","targetHints":{"allow":["GET"]}}],"collection":[{"href":"https:\/\/efep.me\/sr\/wp-json\/wp\/v2\/pages"}],"about":[{"href":"https:\/\/efep.me\/sr\/wp-json\/wp\/v2\/types\/page"}],"author":[{"embeddable":true,"href":"https:\/\/efep.me\/sr\/wp-json\/wp\/v2\/users\/1"}],"replies":[{"embeddable":true,"href":"https:\/\/efep.me\/sr\/wp-json\/wp\/v2\/comments?post=391"}],"version-history":[{"count":28,"href":"https:\/\/efep.me\/sr\/wp-json\/wp\/v2\/pages\/391\/revisions"}],"predecessor-version":[{"id":1242,"href":"https:\/\/efep.me\/sr\/wp-json\/wp\/v2\/pages\/391\/revisions\/1242"}],"up":[{"embeddable":true,"href":"https:\/\/efep.me\/sr\/wp-json\/wp\/v2\/pages\/55"}],"wp:attachment":[{"href":"https:\/\/efep.me\/sr\/wp-json\/wp\/v2\/media?parent=391"}],"curies":[{"name":"wp","href":"https:\/\/api.w.org\/{rel}","templated":true}]}}