{"id":371,"date":"2024-10-14T12:24:34","date_gmt":"2024-10-14T12:24:34","guid":{"rendered":"https:\/\/efep.im-nomade.com\/?page_id=371"},"modified":"2024-10-14T12:31:47","modified_gmt":"2024-10-14T12:31:47","slug":"cned","status":"publish","type":"page","link":"https:\/\/efep.me\/sr\/informations\/cned\/","title":{"rendered":"CNED"},"content":{"rendered":"<div data-elementor-type=\"wp-page\" data-elementor-id=\"371\" class=\"elementor elementor-371\" data-elementor-post-type=\"page\">\n\t\t\t\t<div class=\"elementor-element elementor-element-b7a82ed e-flex e-con-boxed e-con e-parent\" data-id=\"b7a82ed\" data-element_type=\"container\" data-e-type=\"container\">\n\t\t\t\t\t<div class=\"e-con-inner\">\n\t\t\t\t<div class=\"elementor-element elementor-element-a777f7e elementor-widget elementor-widget-heading\" data-id=\"a777f7e\" data-element_type=\"widget\" data-e-type=\"widget\" data-widget_type=\"heading.default\">\n\t\t\t\t<div class=\"elementor-widget-container\">\n\t\t\t\t\t<h1 class=\"elementor-heading-title elementor-size-default\">Qu'est ce que le CNED ? <\/h1>\t\t\t\t<\/div>\n\t\t\t\t<\/div>\n\t\t\t\t<div class=\"elementor-element elementor-element-fd069d6 elementor-widget elementor-widget-image\" data-id=\"fd069d6\" data-element_type=\"widget\" data-e-type=\"widget\" data-widget_type=\"image.default\">\n\t\t\t\t<div class=\"elementor-widget-container\">\n\t\t\t\t\t\t\t\t\t\t\t\t\t\t\t<img fetchpriority=\"high\" decoding=\"async\" width=\"259\" height=\"195\" src=\"https:\/\/efep.me\/wp-content\/uploads\/2024\/10\/telechargement.png\" class=\"attachment-large size-large wp-image-373\" alt=\"\" srcset=\"https:\/\/efep.me\/wp-content\/uploads\/2024\/10\/telechargement.png 259w, https:\/\/efep.me\/wp-content\/uploads\/2024\/10\/telechargement-16x12.png 16w\" sizes=\"(max-width: 259px) 100vw, 259px\" \/>\t\t\t\t\t\t\t\t\t\t\t\t\t\t\t<\/div>\n\t\t\t\t<\/div>\n\t\t\t\t<div class=\"elementor-element elementor-element-a694ffa elementor-widget elementor-widget-text-editor\" data-id=\"a694ffa\" data-element_type=\"widget\" data-e-type=\"widget\" data-widget_type=\"text-editor.default\">\n\t\t\t\t<div class=\"elementor-widget-container\">\n\t\t\t\t\t\t\t\t\t<p><span style=\"font-weight: 400;\">Le CNED, Centre National\u00a0 d&rsquo;Enseignement \u00e0 Distance, est un \u00e9tablissement du minist\u00e8re de l\u2019\u00e9ducation fran\u00e7ais qui permet de suivre des cours \u00e0 distance.\u00a0<\/span><\/p><p><span style=\"font-weight: 400;\">Les cours sont propos\u00e9s en ligne et avec des livres et fichiers, des ressources audio et vid\u00e9o.\u00a0<\/span><\/p><p><span style=\"font-weight: 400;\">Pour l\u2019ann\u00e9e scolaire 2024-2025, nous poursuivons, \u00e0 partir de la classe de 4\u00e8me et jusqu\u2019\u00e0 la terminale avec un syst\u00e8me d\u2019enseignement qui combine les ressources du CNED et l\u2019accompagnement personnalis\u00e9 par des enseignants. Cette organisation, adapt\u00e9e \u00e0 nos effectifs r\u00e9duits sur ces niveaux, nous permet de proposer une scolarisation compl\u00e8te jusqu\u2019au baccalaur\u00e9at, m\u00eame sans la formation de classes traditionnelles.<\/span><\/p><p><span style=\"font-weight: 400;\">Les \u00e9l\u00e8ves suivent un emploi du temps structur\u00e9 et travaillent en petits groupes de niveaux, favorisant une approche p\u00e9dagogique flexible et adapt\u00e9e \u00e0 chacun. Cette organisation permet \u00e0 chaque \u00e9l\u00e8ve de progresser \u00e0 son rythme dans certaines mati\u00e8res et d\u2019avancer avec son groupe et un enseignant pour d\u2019autres.\u00a0<\/span><\/p><p>\u00a0<\/p>\t\t\t\t\t\t\t\t<\/div>\n\t\t\t\t<\/div>\n\t\t\t\t<div class=\"elementor-element elementor-element-0d6bec3 elementor-widget elementor-widget-image\" data-id=\"0d6bec3\" data-element_type=\"widget\" data-e-type=\"widget\" data-widget_type=\"image.default\">\n\t\t\t\t<div class=\"elementor-widget-container\">\n\t\t\t\t\t\t\t\t\t\t\t\t\t\t\t<img decoding=\"async\" width=\"800\" height=\"480\" src=\"https:\/\/efep.me\/wp-content\/uploads\/2024\/10\/Sans-titre-18-1024x614.jpg\" class=\"attachment-large size-large wp-image-375\" alt=\"\" srcset=\"https:\/\/efep.me\/wp-content\/uploads\/2024\/10\/Sans-titre-18-1024x614.jpg 1024w, https:\/\/efep.me\/wp-content\/uploads\/2024\/10\/Sans-titre-18-300x180.jpg 300w, https:\/\/efep.me\/wp-content\/uploads\/2024\/10\/Sans-titre-18-768x461.jpg 768w, https:\/\/efep.me\/wp-content\/uploads\/2024\/10\/Sans-titre-18-1536x922.jpg 1536w, https:\/\/efep.me\/wp-content\/uploads\/2024\/10\/Sans-titre-18-18x12.jpg 18w, https:\/\/efep.me\/wp-content\/uploads\/2024\/10\/Sans-titre-18.jpg 2000w\" sizes=\"(max-width: 800px) 100vw, 800px\" \/>\t\t\t\t\t\t\t\t\t\t\t\t\t\t\t<\/div>\n\t\t\t\t<\/div>\n\t\t\t\t<div class=\"elementor-element elementor-element-1fd6d59 elementor-widget elementor-widget-text-editor\" data-id=\"1fd6d59\" data-element_type=\"widget\" data-e-type=\"widget\" data-widget_type=\"text-editor.default\">\n\t\t\t\t<div class=\"elementor-widget-container\">\n\t\t\t\t\t\t\t\t\t<p><span style=\"font-weight: 400;\">Les cours dispens\u00e9s par le CNED respectent le programme de l\u2019\u00c9ducation nationale fran\u00e7aise, et les devoirs sont r\u00e9guli\u00e8rement envoy\u00e9s et corrig\u00e9s par des enseignants en France. Cela garantit un suivi rigoureux et conforme aux standards acad\u00e9miques nationaux, tout en offrant des retours personnalis\u00e9s \u00e0 chaque \u00e9l\u00e8ve.<\/span><\/p><p><span style=\"font-weight: 400;\">Gr\u00e2ce \u00e0 cette organisation, nos \u00e9l\u00e8ves \u00e9voluent dans un environnement o\u00f9 l\u2019autonomie est encourag\u00e9e, tout en \u00e9tant soutenus au quotidien par nos enseignants.\u00a0<\/span><\/p><p><span style=\"font-weight: 400;\">Ce dispositif permet de pr\u00e9parer les \u00e9l\u00e8ves aux examens nationaux\u00a0 du brevet et du baccalaur\u00e9at en respectant les parcours de chacun.\u00a0<\/span><\/p>\t\t\t\t\t\t\t\t<\/div>\n\t\t\t\t<\/div>\n\t\t\t\t\t<\/div>\n\t\t\t\t<\/div>\n\t\t\t\t<\/div>","protected":false},"excerpt":{"rendered":"<p>Qu&rsquo;est ce que le CNED ? Le CNED, Centre National\u00a0 d&rsquo;Enseignement \u00e0 Distance, est un \u00e9tablissement du minist\u00e8re de l\u2019\u00e9ducation fran\u00e7ais qui permet de suivre des cours \u00e0 distance.\u00a0 Les cours sont propos\u00e9s en ligne et avec des livres et fichiers, des ressources audio et vid\u00e9o.\u00a0 Pour l\u2019ann\u00e9e scolaire 2024-2025, nous poursuivons, \u00e0 partir de [&hellip;]<\/p>\n","protected":false},"author":1,"featured_media":0,"parent":55,"menu_order":0,"comment_status":"closed","ping_status":"closed","template":"","meta":{"footnotes":""},"class_list":["post-371","page","type-page","status-publish","hentry"],"_links":{"self":[{"href":"https:\/\/efep.me\/sr\/wp-json\/wp\/v2\/pages\/371","targetHints":{"allow":["GET"]}}],"collection":[{"href":"https:\/\/efep.me\/sr\/wp-json\/wp\/v2\/pages"}],"about":[{"href":"https:\/\/efep.me\/sr\/wp-json\/wp\/v2\/types\/page"}],"author":[{"embeddable":true,"href":"https:\/\/efep.me\/sr\/wp-json\/wp\/v2\/users\/1"}],"replies":[{"embeddable":true,"href":"https:\/\/efep.me\/sr\/wp-json\/wp\/v2\/comments?post=371"}],"version-history":[{"count":4,"href":"https:\/\/efep.me\/sr\/wp-json\/wp\/v2\/pages\/371\/revisions"}],"predecessor-version":[{"id":378,"href":"https:\/\/efep.me\/sr\/wp-json\/wp\/v2\/pages\/371\/revisions\/378"}],"up":[{"embeddable":true,"href":"https:\/\/efep.me\/sr\/wp-json\/wp\/v2\/pages\/55"}],"wp:attachment":[{"href":"https:\/\/efep.me\/sr\/wp-json\/wp\/v2\/media?parent=371"}],"curies":[{"name":"wp","href":"https:\/\/api.w.org\/{rel}","templated":true}]}}