{"id":37,"date":"2024-05-27T13:07:20","date_gmt":"2024-05-27T13:07:20","guid":{"rendered":"https:\/\/efep.im-nomade.com\/?page_id=37"},"modified":"2024-12-18T09:00:22","modified_gmt":"2024-12-18T09:00:22","slug":"eco-ecole","status":"publish","type":"page","link":"https:\/\/efep.me\/sr\/projet-educatif\/eco-ecole\/","title":{"rendered":"\u00a0Eko-\u0161kola"},"content":{"rendered":"<div data-elementor-type=\"wp-page\" data-elementor-id=\"37\" class=\"elementor elementor-37\" data-elementor-post-type=\"page\">\n\t\t\t\t<div class=\"elementor-element elementor-element-f46119f e-flex e-con-boxed e-con e-parent\" data-id=\"f46119f\" data-element_type=\"container\" data-e-type=\"container\">\n\t\t\t\t\t<div class=\"e-con-inner\">\n\t\t\t\t<div class=\"elementor-element elementor-element-e1d4a0d elementor-widget elementor-widget-heading\" data-id=\"e1d4a0d\" data-element_type=\"widget\" data-e-type=\"widget\" data-widget_type=\"heading.default\">\n\t\t\t\t<div class=\"elementor-widget-container\">\n\t\t\t\t\t<h1 class=\"elementor-heading-title elementor-size-default\">Eko projekat i odr\u017eivi razvoj<\/h1>\t\t\t\t<\/div>\n\t\t\t\t<\/div>\n\t\t\t\t<div class=\"elementor-element elementor-element-6af79df elementor-widget elementor-widget-image\" data-id=\"6af79df\" data-element_type=\"widget\" data-e-type=\"widget\" data-widget_type=\"image.default\">\n\t\t\t\t<div class=\"elementor-widget-container\">\n\t\t\t\t\t\t\t\t\t\t\t\t\t\t\t<img fetchpriority=\"high\" decoding=\"async\" width=\"768\" height=\"576\" src=\"https:\/\/efep.me\/wp-content\/uploads\/2024\/11\/20240226_150329-768x576.jpg\" class=\"attachment-medium_large size-medium_large wp-image-810\" alt=\"\" srcset=\"https:\/\/efep.me\/wp-content\/uploads\/2024\/11\/20240226_150329-768x576.jpg 768w, https:\/\/efep.me\/wp-content\/uploads\/2024\/11\/20240226_150329-300x225.jpg 300w, https:\/\/efep.me\/wp-content\/uploads\/2024\/11\/20240226_150329-1024x768.jpg 1024w, https:\/\/efep.me\/wp-content\/uploads\/2024\/11\/20240226_150329-1536x1152.jpg 1536w, https:\/\/efep.me\/wp-content\/uploads\/2024\/11\/20240226_150329-2048x1536.jpg 2048w, https:\/\/efep.me\/wp-content\/uploads\/2024\/11\/20240226_150329-16x12.jpg 16w\" sizes=\"(max-width: 768px) 100vw, 768px\" \/>\t\t\t\t\t\t\t\t\t\t\t\t\t\t\t<\/div>\n\t\t\t\t<\/div>\n\t\t\t\t<div class=\"elementor-element elementor-element-1ea1742 elementor-widget elementor-widget-text-editor\" data-id=\"1ea1742\" data-element_type=\"widget\" data-e-type=\"widget\" data-widget_type=\"text-editor.default\">\n\t\t\t\t<div class=\"elementor-widget-container\">\n\t\t\t\t\t\t\t\t\t<p><span style=\"font-weight: 400;\">Pozivamo sve na\u0161e u\u010denike da integri\u0161u pitanja \u017eivotne sredine u svoj svakodnevni \u017eivot. <\/span><span style=\"font-weight: 400;\">Mi sprovodimo projekte vezane za \u017eivotnu sredinu, njenu va\u017enost, raznolikost i za\u0161titu.\u00a0<\/span><span style=\"font-weight: 400;\">U\u010destvujemo i na lokalnim i na me\u0111unarodnim doga\u0111ajima.\u00a0<\/span><\/p><p><span style=\"font-weight: 400;\">Na\u0161a posve\u0107enost inicijativama Ekolo\u0161ke \u0161kole i EFE3D klju\u010dni je element na\u0161eg obrazovnog projekta.\u00a0<\/span><\/p>\t\t\t\t\t\t\t\t<\/div>\n\t\t\t\t<\/div>\n\t\t\t\t<div class=\"elementor-element elementor-element-ff38344 elementor-widget elementor-widget-heading\" data-id=\"ff38344\" data-element_type=\"widget\" data-e-type=\"widget\" data-widget_type=\"heading.default\">\n\t\t\t\t<div class=\"elementor-widget-container\">\n\t\t\t\t\t<h2 class=\"elementor-heading-title elementor-size-default\">Oznaka Eco Schools<\/h2>\t\t\t\t<\/div>\n\t\t\t\t<\/div>\n\t\t<div class=\"elementor-element elementor-element-19f3d5f e-con-full e-flex e-con e-child\" data-id=\"19f3d5f\" data-element_type=\"container\" data-e-type=\"container\">\n\t\t\t\t<div class=\"elementor-element elementor-element-6cafce4 elementor-widget__width-initial elementor-widget-mobile__width-inherit elementor-widget elementor-widget-text-editor\" data-id=\"6cafce4\" data-element_type=\"widget\" data-e-type=\"widget\" data-widget_type=\"text-editor.default\">\n\t\t\t\t<div class=\"elementor-widget-container\">\n\t\t\t\t\t\t\t\t\t<p><span style=\"font-weight: 400;\">\u00a0Na\u0161a ustanova \u0107e se 2025. godine kandidovati za oznake EFE3D i ekolo\u0161ke \u0161kole. <\/span><\/p><p>\u00a0<\/p><p><span style=\"font-weight: 400;\">Oznaka Eco-school podsti\u010de ustanove da integri\u0161u odr\u017eivi razvoj u svim svojim aspektima: pedagogiji, upravljanju resursima i \u0161kolskom \u017eivotu.\u00a0<\/span><\/p><p><span style=\"font-weight: 400;\">To je me\u0111unarodni program \"Foundation for Environmental Education\" koji ima za cilj da \u201epru\u017ei u\u010denicima sredstva da postanu promjena koja je potrebna na\u0161em odr\u017eivom svijetu, anga\u017euju\u0107i ih u zabavnom u\u010denju, usmjerenom ka akciji i dru\u0161tvenoj odgovornosti.<\/span><span style=\"font-weight: 400;\">\u00a0 Na primjer, radimo na smanjenju otpada, implementaciji projekata recikla\u017ee, cirkularnoj ekonomiji i optimizaciji potro\u0161nje energije.\u00a0<\/span><\/p><p><span style=\"font-weight: 400;\">U\u010denici aktivno u\u010destvuju u ovim inicijativama.<\/span><\/p>\t\t\t\t\t\t\t\t<\/div>\n\t\t\t\t<\/div>\n\t\t\t\t<div class=\"elementor-element elementor-element-6360649 elementor-widget elementor-widget-image\" data-id=\"6360649\" data-element_type=\"widget\" data-e-type=\"widget\" data-widget_type=\"image.default\">\n\t\t\t\t<div class=\"elementor-widget-container\">\n\t\t\t\t\t\t\t\t\t\t\t\t\t\t\t<img decoding=\"async\" width=\"767\" height=\"432\" src=\"https:\/\/efep.me\/wp-content\/uploads\/2024\/10\/banderole-efe-3d-equipe-celebre-la-labellisation.png\" class=\"attachment-large size-large wp-image-385\" alt=\"\" srcset=\"https:\/\/efep.me\/wp-content\/uploads\/2024\/10\/banderole-efe-3d-equipe-celebre-la-labellisation.png 767w, https:\/\/efep.me\/wp-content\/uploads\/2024\/10\/banderole-efe-3d-equipe-celebre-la-labellisation-300x169.png 300w, https:\/\/efep.me\/wp-content\/uploads\/2024\/10\/banderole-efe-3d-equipe-celebre-la-labellisation-18x10.png 18w\" sizes=\"(max-width: 767px) 100vw, 767px\" \/>\t\t\t\t\t\t\t\t\t\t\t\t\t\t\t<\/div>\n\t\t\t\t<\/div>\n\t\t\t\t<\/div>\n\t\t\t\t\t<\/div>\n\t\t\t\t<\/div>\n\t\t<div class=\"elementor-element elementor-element-914e6ea e-flex e-con-boxed e-con e-parent\" data-id=\"914e6ea\" data-element_type=\"container\" data-e-type=\"container\">\n\t\t\t\t\t<div class=\"e-con-inner\">\n\t\t\t\t<div class=\"elementor-element elementor-element-4c2ed1d elementor-widget elementor-widget-text-editor\" data-id=\"4c2ed1d\" data-element_type=\"widget\" data-e-type=\"widget\" data-widget_type=\"text-editor.default\">\n\t\t\t\t<div class=\"elementor-widget-container\">\n\t\t\t\t\t\t\t\t\t<p><span style=\"font-weight: 400;\">Oznaka EFE3D je specifi\u010dna oznaka za mre\u017eu \u0161kola<\/span><a href=\"https:\/\/www.linkedin.com\/feed\/hashtag\/?keywords=aefe&amp;highlightedUpdateUrns=urn%3Ali%3Aactivity%3A7212029823815188480\" target=\"_blank\" rel=\"noopener\"><span style=\"font-weight: 400;\">AEFE<\/span><\/a><span style=\"font-weight: 400;\"> koja omogu\u0107ava vrednovanje \u0161kola koje se anga\u017euju na odr\u017eivom razvoju. Uzima u obzir, na povezan na\u010din, obrazovni aspekt, uz aktivno u\u010de\u0161\u0107e u\u010denika, funkcionisanje ustanove (u materijalnim aspektima i odnosima me\u0111u ljudima), otvorenost prema lokalnoj zajednici i rad sa lokalnim partnerima<\/span><\/p>\t\t\t\t\t\t\t\t<\/div>\n\t\t\t\t<\/div>\n\t\t<div class=\"elementor-element elementor-element-75b381f e-con-full e-flex e-con e-child\" data-id=\"75b381f\" data-element_type=\"container\" data-e-type=\"container\">\n\t\t\t\t<div class=\"elementor-element elementor-element-c8eaeeb elementor-widget__width-initial elementor-widget-mobile__width-inherit elementor-widget elementor-widget-text-editor\" data-id=\"c8eaeeb\" data-element_type=\"widget\" data-e-type=\"widget\" data-widget_type=\"text-editor.default\">\n\t\t\t\t<div class=\"elementor-widget-container\">\n\t\t\t\t\t\t\t\t\t<p><span style=\"font-weight: 400;\">Pridru\u017euju\u0107i se kolektivu CleanUp Crna Gora u septembru 2024. godine, na\u0161a \u0161kola postaje dio dinami\u010dnog i anga\u017eovanog lokalnog kolektiva na teritoriji Crne Gore.\u00a0<\/span><\/p><p><span style=\"font-weight: 400;\">Sa njima u\u010destvujemo u konkretim akcijama \u010di\u0161\u0107enja kako bismo o\u010duvali \u017eivotnu sredinu i podigli svijest na\u0161ih u\u010denika o va\u017enosti za\u0161tite planete.\u00a0<\/span><\/p>\t\t\t\t\t\t\t\t<\/div>\n\t\t\t\t<\/div>\n\t\t\t\t<div class=\"elementor-element elementor-element-fc26e93 elementor-widget elementor-widget-image\" data-id=\"fc26e93\" data-element_type=\"widget\" data-e-type=\"widget\" data-widget_type=\"image.default\">\n\t\t\t\t<div class=\"elementor-widget-container\">\n\t\t\t\t\t\t\t\t\t\t\t\t\t\t\t<img decoding=\"async\" width=\"1536\" height=\"864\" src=\"https:\/\/efep.me\/wp-content\/uploads\/2024\/11\/Nettoyage-de-la-plage-Photos-1536x864.jpg\" class=\"attachment-1536x1536 size-1536x1536 wp-image-913\" alt=\"\" srcset=\"https:\/\/efep.me\/wp-content\/uploads\/2024\/11\/Nettoyage-de-la-plage-Photos-1536x864.jpg 1536w, https:\/\/efep.me\/wp-content\/uploads\/2024\/11\/Nettoyage-de-la-plage-Photos-300x169.jpg 300w, https:\/\/efep.me\/wp-content\/uploads\/2024\/11\/Nettoyage-de-la-plage-Photos-1024x576.jpg 1024w, https:\/\/efep.me\/wp-content\/uploads\/2024\/11\/Nettoyage-de-la-plage-Photos-768x432.jpg 768w, https:\/\/efep.me\/wp-content\/uploads\/2024\/11\/Nettoyage-de-la-plage-Photos-18x10.jpg 18w, https:\/\/efep.me\/wp-content\/uploads\/2024\/11\/Nettoyage-de-la-plage-Photos.jpg 1920w\" sizes=\"(max-width: 1536px) 100vw, 1536px\" \/>\t\t\t\t\t\t\t\t\t\t\t\t\t\t\t<\/div>\n\t\t\t\t<\/div>\n\t\t\t\t<\/div>\n\t\t\t\t\t<\/div>\n\t\t\t\t<\/div>\n\t\t<div class=\"elementor-element elementor-element-07ca397 e-flex e-con-boxed e-con e-parent\" data-id=\"07ca397\" data-element_type=\"container\" data-e-type=\"container\">\n\t\t\t\t\t<div class=\"e-con-inner\">\n\t\t\t\t<div class=\"elementor-element elementor-element-83c1345 elementor-widget elementor-widget-heading\" data-id=\"83c1345\" data-element_type=\"widget\" data-e-type=\"widget\" data-widget_type=\"heading.default\">\n\t\t\t\t<div class=\"elementor-widget-container\">\n\t\t\t\t\t<h2 class=\"elementor-heading-title elementor-size-default\">Za\u0161to je ovo va\u017eno? \n<\/h2>\t\t\t\t<\/div>\n\t\t\t\t<\/div>\n\t\t\t\t<div class=\"elementor-element elementor-element-c20def7 elementor-widget elementor-widget-text-editor\" data-id=\"c20def7\" data-element_type=\"widget\" data-e-type=\"widget\" data-widget_type=\"text-editor.default\">\n\t\t\t\t<div class=\"elementor-widget-container\">\n\t\t\t\t\t\t\t\t\t<p><span style=\"font-weight: 400;\">Jer danas obrazovanje ne uklju\u010duje samo akademska znanja, ve\u0107 treba pripremiti na\u0161e u\u010denike da postanu odgovorni gra\u0111ani, svjesni aktuelnih ekolo\u0161kih izazova.\u00a0<\/span><\/p><p><span style=\"font-weight: 400;\">U\u010destvovati u me\u0111unarodnim, nacionalnim i lokalnim inicijativama, organizovati radionice i doga\u0111aje posve\u0107ene za\u0161titi \u017eivotne sredine, njenoj raznolikosti, bogatstvu i krhkosti, zna\u010di pru\u017eiti na\u0161im u\u010denicima alate za razumijevanje ekolo\u0161kih izazova i odgovaranje na njih sa kreativno\u0161\u0107u i anga\u017emanom.\u00a0<\/span><\/p><p><span style=\"font-weight: 400;\">Ova posve\u0107enost \u010dini dio identiteta na\u0161e \u0161kole, ukorijenjene u vrijednostima solidarnosti, po\u0161tovanja \u017eivotne sredine i kolektivnog djelovanja za op\u0161te dobro.<\/span><\/p>\t\t\t\t\t\t\t\t<\/div>\n\t\t\t\t<\/div>\n\t\t\t\t\t<\/div>\n\t\t\t\t<\/div>\n\t\t<div class=\"elementor-element elementor-element-f1977c5 e-flex e-con-boxed e-con e-parent\" data-id=\"f1977c5\" data-element_type=\"container\" data-e-type=\"container\">\n\t\t\t\t\t<div class=\"e-con-inner\">\n\t\t\t\t<div class=\"elementor-element elementor-element-2c5b798 elementor-widget elementor-widget-image\" data-id=\"2c5b798\" data-element_type=\"widget\" data-e-type=\"widget\" data-widget_type=\"image.default\">\n\t\t\t\t<div class=\"elementor-widget-container\">\n\t\t\t\t\t\t\t\t\t\t\t\t\t\t\t<img loading=\"lazy\" decoding=\"async\" width=\"225\" height=\"300\" src=\"https:\/\/efep.me\/wp-content\/uploads\/2024\/11\/IMG_5882-225x300.jpg\" class=\"attachment-medium size-medium wp-image-877\" alt=\"\" srcset=\"https:\/\/efep.me\/wp-content\/uploads\/2024\/11\/IMG_5882-225x300.jpg 225w, https:\/\/efep.me\/wp-content\/uploads\/2024\/11\/IMG_5882-768x1024.jpg 768w, https:\/\/efep.me\/wp-content\/uploads\/2024\/11\/IMG_5882-1152x1536.jpg 1152w, https:\/\/efep.me\/wp-content\/uploads\/2024\/11\/IMG_5882-1536x2048.jpg 1536w, https:\/\/efep.me\/wp-content\/uploads\/2024\/11\/IMG_5882-9x12.jpg 9w, https:\/\/efep.me\/wp-content\/uploads\/2024\/11\/IMG_5882-scaled.jpg 1920w\" sizes=\"(max-width: 225px) 100vw, 225px\" \/>\t\t\t\t\t\t\t\t\t\t\t\t\t\t\t<\/div>\n\t\t\t\t<\/div>\n\t\t\t\t\t<\/div>\n\t\t\t\t<\/div>\n\t\t\t\t<\/div>","protected":false},"excerpt":{"rendered":"<p>Vivre et construire ensemble, une \u00e9cole pour aujourd&rsquo;hui et pour demain. Nous invitons\u00a0 nos \u00e9l\u00e8ves \u00e0 int\u00e9grer les questions environnementales au quotidien. Nous menons des projets en lien avec l\u2019environnement, sa connaissance, sa diversit\u00e9, sa protection.\u00a0Nous participons \u00e0 des \u00e9v\u00e8nements locaux ou internationaux.\u00a0 Notre engagement dans les d\u00e9marches \u00c9co-\u00c9cole et EFE3D est un \u00e9l\u00e9ment central [&hellip;]<\/p>\n","protected":false},"author":1,"featured_media":0,"parent":25,"menu_order":0,"comment_status":"closed","ping_status":"closed","template":"","meta":{"footnotes":""},"class_list":["post-37","page","type-page","status-publish","hentry"],"_links":{"self":[{"href":"https:\/\/efep.me\/sr\/wp-json\/wp\/v2\/pages\/37","targetHints":{"allow":["GET"]}}],"collection":[{"href":"https:\/\/efep.me\/sr\/wp-json\/wp\/v2\/pages"}],"about":[{"href":"https:\/\/efep.me\/sr\/wp-json\/wp\/v2\/types\/page"}],"author":[{"embeddable":true,"href":"https:\/\/efep.me\/sr\/wp-json\/wp\/v2\/users\/1"}],"replies":[{"embeddable":true,"href":"https:\/\/efep.me\/sr\/wp-json\/wp\/v2\/comments?post=37"}],"version-history":[{"count":16,"href":"https:\/\/efep.me\/sr\/wp-json\/wp\/v2\/pages\/37\/revisions"}],"predecessor-version":[{"id":1332,"href":"https:\/\/efep.me\/sr\/wp-json\/wp\/v2\/pages\/37\/revisions\/1332"}],"up":[{"embeddable":true,"href":"https:\/\/efep.me\/sr\/wp-json\/wp\/v2\/pages\/25"}],"wp:attachment":[{"href":"https:\/\/efep.me\/sr\/wp-json\/wp\/v2\/media?parent=37"}],"curies":[{"name":"wp","href":"https:\/\/api.w.org\/{rel}","templated":true}]}}