{"id":364,"date":"2024-10-10T05:52:56","date_gmt":"2024-10-10T05:52:56","guid":{"rendered":"https:\/\/efep.im-nomade.com\/?page_id=364"},"modified":"2024-10-10T06:00:11","modified_gmt":"2024-10-10T06:00:11","slug":"inclusion-harcelement","status":"publish","type":"page","link":"https:\/\/efep.me\/sr\/informations\/inclusion-harcelement\/","title":{"rendered":"Inclusion &amp; Harc\u00e8lement"},"content":{"rendered":"<div data-elementor-type=\"wp-page\" data-elementor-id=\"364\" class=\"elementor elementor-364\" data-elementor-post-type=\"page\">\n\t\t\t\t<div class=\"elementor-element elementor-element-5089fcd e-flex e-con-boxed e-con e-parent\" data-id=\"5089fcd\" data-element_type=\"container\" data-e-type=\"container\">\n\t\t\t\t\t<div class=\"e-con-inner\">\n\t\t\t\t<div class=\"elementor-element elementor-element-8e5a67c elementor-widget elementor-widget-heading\" data-id=\"8e5a67c\" data-element_type=\"widget\" data-e-type=\"widget\" data-widget_type=\"heading.default\">\n\t\t\t\t<div class=\"elementor-widget-container\">\n\t\t\t\t\t<h1 class=\"elementor-heading-title elementor-size-default\">\u0418\u043d\u043a\u043b\u0443\u0437\u0438\u0458\u0430 \u0438 \u0431\u043e\u0440\u0431\u0430 \u043f\u0440\u043e\u0442\u0438\u0432 \u0443\u0437\u043d\u0435\u043c\u0438\u0440\u0430\u0432\u0430\u045a\u0430\n<\/h1>\t\t\t\t<\/div>\n\t\t\t\t<\/div>\n\t\t\t\t<div class=\"elementor-element elementor-element-7d05a86 elementor-widget elementor-widget-heading\" data-id=\"7d05a86\" data-element_type=\"widget\" data-e-type=\"widget\" data-widget_type=\"heading.default\">\n\t\t\t\t<div class=\"elementor-widget-container\">\n\t\t\t\t\t<h2 class=\"elementor-heading-title elementor-size-default\">Francuska evropska \u0161kola u Podgorici je inkluzivna \u0161kola\n<\/h2>\t\t\t\t<\/div>\n\t\t\t\t<\/div>\n\t\t\t\t<div class=\"elementor-element elementor-element-74e8584 elementor-widget elementor-widget-text-editor\" data-id=\"74e8584\" data-element_type=\"widget\" data-e-type=\"widget\" data-widget_type=\"text-editor.default\">\n\t\t\t\t<div class=\"elementor-widget-container\">\n\t\t\t\t\t\t\t\t\t<p><span style=\"font-weight: 400;\">Obezbje\u0111ujemo kvalitetno obrazovanje u\u010denicima od vrti\u0107a do srednje \u0161kole, uzimaju\u0107i u obzir jedinstvene osobine i posebne obrazovne potrebe svakog pojedince.<\/span><\/p><p><span style=\"font-weight: 400;\">\u0160kola ima za cilj da primi i podr\u017ei sve u\u010denike, u onoj mjeri u kojoj se mogu obezbijediti ljudski i materijalni resursi za podr\u0161ku njihovom obrazovanju.\u00a0<\/span><\/p><p><span style=\"font-weight: 400;\">\u041f\u0440\u0438\u043b\u0430\u0433\u043e\u0452\u0430\u0432\u0430\u045a\u0435 \u043a\u0443\u0440\u0441\u0435\u0432\u0430 \u0438 \u043f\u0440\u0443\u0436\u0430\u045a\u0435 \u043f\u043e\u0434\u0440\u0448\u043a\u0435 \u043c\u043e\u0436\u0435 \u0441\u0435 \u043e\u0431\u0430\u0432\u0438\u0442\u0438 \u0443 \u0432\u0435\u043b\u0438\u043a\u043e\u043c \u0431\u0440\u043e\u0458\u0443 \u0441\u0438\u0442\u0443\u0430\u0446\u0438\u0458\u0430: \u043f\u043e\u0434\u0440\u0448\u043a\u0430 \u043d\u043e\u0432\u0438\u043c \u0441\u0442\u0443\u0434\u0435\u043d\u0442\u0438\u043c\u0430 \u043a\u043e\u0458\u0438 \u043d\u0435 \u0433\u043e\u0432\u043e\u0440\u0435 \u0444\u0440\u0430\u043d\u0446\u0443\u0441\u043a\u0438 \u0458\u0435\u0437\u0438\u043a, \u043f\u043e\u0434\u0440\u0448\u043a\u0430 \u0441\u0442\u0443\u0434\u0435\u043d\u0442\u0438\u043c\u0430 \u0441\u0430 \u0430\u043a\u0430\u0434\u0435\u043c\u0441\u043a\u0438\u043c, \u0435\u043c\u043e\u0446\u0438\u043e\u043d\u0430\u043b\u043d\u0438\u043c \u043f\u043e\u0442\u0435\u0448\u043a\u043e\u045b\u0430\u043c\u0430 \u0438\u043b\u0438 \u043f\u043e\u0442\u0435\u0448\u043a\u043e\u045b\u0430\u043c\u0430 \u0443 \u043f\u043e\u043d\u0430\u0448\u0430\u045a\u0443, \u0441\u0442\u0443\u0434\u0435\u043d\u0442\u0438 \u0441\u0430 \u0432\u0438\u0441\u043e\u043a\u0438\u043c \u043f\u043e\u0442\u0435\u043d\u0446\u0438\u0458\u0430\u043b\u043e\u043c, \u043f\u0440\u0438\u043b\u0430\u0433\u043e\u0452\u0430\u0432\u0430\u045a\u0435 \u043a\u043e\u0458\u0435 \u0442\u0440\u0435\u0431\u0430 \u0441\u043f\u0440\u043e\u0432\u0435\u0441\u0442\u0438 \u0443 \u0441\u043b\u0443\u0447\u0430\u0458\u0443 \u0431\u043e\u043b\u0435\u0441\u0442\u0438 \u043a\u043e\u0458\u0435 \u0437\u0430\u0445\u0442\u0435\u0432\u0430\u0458\u0443 \u0434\u0443\u0433\u043e\u0442\u0440\u0430\u0458\u043d\u043e \u043b\u0435\u0447\u0435\u045a\u0435, \u0430\u043b\u0435\u0440\u0433\u0438\u0458\u0430, \u0438\u043d\u0432\u0430\u043b\u0438\u0434\u0438\u0442\u0435\u0442\u0430 \u0438\u0442\u0434.<\/span><\/p><p><span style=\"font-weight: 400;\">\u00a0\u00a0\u00a0\u00a0\u00a0<\/span><\/p><p><span style=\"font-weight: 400;\">EFEP smatra da ovi u\u010denici zahtijevaju specifi\u010dnu pa\u017enju od strane nastavnika koji ih prati na njihovom \u0161kolskom putu.\u00a0<\/span><\/p><p><span style=\"font-weight: 400;\">Prilagodbe i mjere koje preporu\u010duje francusko Ministarstvo obrazovanja sprovode se u u\u010dionici, u saradnji sa porodicom.\u00a0<\/span><\/p><p><span style=\"font-weight: 400;\">Ovo se ogleda u uspostavljanju razli\u010ditih obrazovnih planova (PPRE, PAI, PAP) koji se redovno preispituju tokom sastanaka obrazovnog tima.\u00a0<\/span><\/p><p><span style=\"font-weight: 400;\">\u041e\u0432\u0443 \u043f\u043e\u0434\u0440\u0448\u043a\u0443 \u043a\u043e\u043e\u0440\u0434\u0438\u043d\u0438\u0440\u0430 \u043f\u0440\u0435\u0434\u0441\u0442\u0430\u0432\u043d\u0438\u0446\u0430 \u0448\u043a\u043e\u043b\u0435 \u0437\u0430 \u0415\u0411\u0415\u041f, \u0433\u043e\u0441\u043f\u043e\u0452\u0430 \u041c\u0430\u0435\u0432\u0430 \u041b\u0435 \u0413\u0430\u043b\u043b. \u041e\u043d\u0430 \u0440\u0430\u0434\u0438 \u0441\u0430 \u0443\u0447\u0435\u043d\u0438\u0446\u0438\u043c\u0430, \u043d\u0430\u0441\u0442\u0430\u0432\u043d\u0438\u0446\u0438\u043c\u0430, \u043f\u043e\u0440\u043e\u0434\u0438\u0446\u0430\u043c\u0430 \u0438 \u0435\u043a\u0441\u0442\u0435\u0440\u043d\u0438\u043c \u0437\u0430\u0438\u043d\u0442\u0435\u0440\u0435\u0441\u043e\u0432\u0430\u043d\u0438\u043c \u0441\u0442\u0440\u0430\u043d\u0430\u043c\u0430 \u043d\u0430 \u043f\u043e\u0434\u0440\u0448\u0446\u0438 \u0448\u043a\u043e\u043b\u0441\u043a\u0438\u043c \u043f\u0440\u043e\u0458\u0435\u043a\u0442\u0438\u043c\u0430, \u043a\u0430\u043a\u043e \u0431\u0438 \u0433\u0430\u0440\u0430\u043d\u0442\u043e\u0432\u0430\u043b\u0430 \u043f\u0443\u0442 \u043f\u0440\u0438\u043b\u0430\u0433\u043e\u0452\u0435\u043d \u0441\u0432\u0430\u043a\u043e\u0458 \u043e\u0441\u043e\u0431\u0438.\u00a0<\/span><\/p><p><span style=\"font-weight: 400;\">\u041c\u043e\u0436\u0435 \u0438\u043c\u0430\u0442\u0438 \u0440\u0430\u0437\u043b\u0438\u0447\u0438\u0442\u0435 \u043e\u0431\u043b\u0438\u043a\u0435: \u043f\u043e\u0441\u043c\u0430\u0442\u0440\u0430\u045a\u0430 \u0443 \u0443\u0447\u0438\u043e\u043d\u0438\u0446\u0438, \u0440\u0430\u0434\u0438\u043e\u043d\u0438\u0446\u0435 \u0438 \u0434\u0438\u0441\u043a\u0443\u0441\u0438\u0458\u0435 \u0441\u0430 \u0443\u0447\u0435\u043d\u0438\u0446\u0438\u043c\u0430 \u0443 \u0440\u0430\u0437\u0440\u0435\u0434\u043d\u0438\u043c \u0433\u0440\u0443\u043f\u0430\u043c\u0430, \u043c\u0430\u043b\u0438\u043c \u0433\u0440\u0443\u043f\u0430\u043c\u0430 \u0438\u043b\u0438 \u043f\u043e\u0458\u0435\u0434\u0438\u043d\u0430\u0447\u043d\u043e, \u0440\u0430\u0434\u043d\u043e \u0432\u0440\u0435\u043c\u0435 \u0441\u0430 \u043d\u0430\u0441\u0442\u0430\u0432\u043d\u0438\u0446\u0438\u043c\u0430, \u043f\u043e\u043c\u043e\u045b \u0443 \u0440\u0430\u0437\u0432\u043e\u0458\u0443 \u0448\u043a\u043e\u043b\u0441\u043a\u0438\u0445 \u043f\u0440\u043e\u0458\u0435\u043a\u0430\u0442\u0430, \u0441\u0430\u0441\u0442\u0430\u043d\u0446\u0438 \u0441\u0430 \u043f\u043e\u0440\u043e\u0434\u0438\u0446\u0430\u043c\u0430 \u0438 \u0443\u0441\u043f\u043e\u0441\u0442\u0430\u0432\u0459\u0430\u045a\u0435 \u043f\u0430\u0440\u0442\u043d\u0435\u0440\u0441\u0442\u0430\u0432\u0430 \u0441\u0430 \u0441\u043f\u043e\u0459\u043d\u0438\u043c \u0437\u0430\u0438\u043d\u0442\u0435\u0440\u0435\u0441\u043e\u0432\u0430\u043d\u0438\u043c \u0441\u0442\u0440\u0430\u043d\u0430\u043c\u0430.<\/span><\/p><p><span style=\"font-weight: 400;\">Na\u0161a referentkinja u\u010destvuje u pripremi i pisanju razli\u010ditih individualnih projekata za djecu kojoj je potreban inkluzivni pristup (PPRE, PAI, PAP, itd.).<\/span><\/p>\t\t\t\t\t\t\t\t<\/div>\n\t\t\t\t<\/div>\n\t\t\t\t<div class=\"elementor-element elementor-element-8b248cb elementor-widget elementor-widget-heading\" data-id=\"8b248cb\" data-element_type=\"widget\" data-e-type=\"widget\" data-widget_type=\"heading.default\">\n\t\t\t\t<div class=\"elementor-widget-container\">\n\t\t\t\t\t<h2 class=\"elementor-heading-title elementor-size-default\">Borba protiv nasilja<\/h2>\t\t\t\t<\/div>\n\t\t\t\t<\/div>\n\t\t\t\t<div class=\"elementor-element elementor-element-d521355 elementor-widget elementor-widget-text-editor\" data-id=\"d521355\" data-element_type=\"widget\" data-e-type=\"widget\" data-widget_type=\"text-editor.default\">\n\t\t\t\t<div class=\"elementor-widget-container\">\n\t\t\t\t\t\t\t\t\t<p><span style=\"font-weight: 400;\">Nasilje u \u0161kolama ne zaobilazi nijednu obrazovnu ustanovu. Mi smo oprezni i pridajemo najve\u0107u va\u017enost borbi protiv ovog fenomena.<\/span><\/p><p><a href=\"https:\/\/www.education.gouv.fr\/non-au-harcelement\/qu-est-ce-que-le-harcelement-325361\" target=\"_blank\" rel=\"noopener\"><strong>Prema psihologu Danu Olweusu: <\/strong><\/a><\/p>\t\t\t\t\t\t\t\t<\/div>\n\t\t\t\t<\/div>\n\t\t\t\t<div class=\"elementor-element elementor-element-cea2541 elementor-widget elementor-widget-text-editor\" data-id=\"cea2541\" data-element_type=\"widget\" data-e-type=\"widget\" data-widget_type=\"text-editor.default\">\n\t\t\t\t<div class=\"elementor-widget-container\">\n\t\t\t\t\t\t\t\t\t<p><i><span style=\"font-weight: 400;\">\u201eU\u010denik je \u017ertva nasilja kada u vi\u0161e navrata trpi negativne postupke od strane jednog ili vi\u0161e u\u010denika. Negativno pona\u0161anje mo\u017ee se manifestovati kada u\u010denik ili grupa u\u010denika izaziva nelagodnost kod drugog u\u010denika, bilo fizi\u010dki (udaranje, guranje, udaranje nogom, stiskanje, zadr\u017eavanje druge osobe) ili verbalno (prijetnje, podsmijevanje, zadirkivanje, davanje podrugljivih nadimaka). Negativne radnje se tako\u0111e mogu manifestovati bez rije\u010di ili fizi\u010dkog kontakta (grimase, nepristojni gestovi, ignorisanje ili odbijanje da se ispune \u017eelje drugih).<\/span><\/i><\/p><p>\u00a0<\/p>\t\t\t\t\t\t\t\t<\/div>\n\t\t\t\t<\/div>\n\t\t\t\t<div class=\"elementor-element elementor-element-0db4a8e elementor-widget elementor-widget-text-editor\" data-id=\"0db4a8e\" data-element_type=\"widget\" data-e-type=\"widget\" data-widget_type=\"text-editor.default\">\n\t\t\t\t<div class=\"elementor-widget-container\">\n\t\t\t\t\t\t\t\t\t<p><strong>Svaki slu\u010daj je jedinstven i zahtijeva odgovaraju\u0107i odgovor. Uobi\u010dajeni postupak je slede\u0107i:<\/strong><\/p>\t\t\t\t\t\t\t\t<\/div>\n\t\t\t\t<\/div>\n\t\t<div class=\"elementor-element elementor-element-f2c8047 e-con-full e-flex e-con e-child\" data-id=\"f2c8047\" data-element_type=\"container\" data-e-type=\"container\">\n\t\t\t\t<div class=\"elementor-element elementor-element-6d76703 elementor-widget__width-initial elementor-widget elementor-widget-image\" data-id=\"6d76703\" data-element_type=\"widget\" data-e-type=\"widget\" data-widget_type=\"image.default\">\n\t\t\t\t<div class=\"elementor-widget-container\">\n\t\t\t\t\t\t\t\t\t\t\t\t\t\t\t<img decoding=\"async\" width=\"110\" height=\"135\" src=\"https:\/\/efep.me\/wp-content\/uploads\/2024\/05\/LOGO-EFEP-PODGORICA2.png\" class=\"attachment-large size-large wp-image-159\" alt=\"\" srcset=\"https:\/\/efep.me\/wp-content\/uploads\/2024\/05\/LOGO-EFEP-PODGORICA2.png 110w, https:\/\/efep.me\/wp-content\/uploads\/2024\/05\/LOGO-EFEP-PODGORICA2-10x12.png 10w\" sizes=\"(max-width: 110px) 100vw, 110px\" \/>\t\t\t\t\t\t\t\t\t\t\t\t\t\t\t<\/div>\n\t\t\t\t<\/div>\n\t\t\t\t<div class=\"elementor-element elementor-element-e8cf0de elementor-widget elementor-widget-text-editor\" data-id=\"e8cf0de\" data-element_type=\"widget\" data-e-type=\"widget\" data-widget_type=\"text-editor.default\">\n\t\t\t\t<div class=\"elementor-widget-container\">\n\t\t\t\t\t\t\t\t\t<p><strong>1 \u2013 \u0421\u043b\u0443\u0448\u0430\u045a\u0435<\/strong>. \u0412\u0438\u043a\u0442\u0438\u043c\u0438\u0437\u043e\u0432\u0430\u043d\u0438 \u0443\u0447\u0435\u043d\u0438\u043a, \u0443\u0447\u0435\u043d\u0438\u043a \u0441\u0432\u0435\u0434\u043e\u043a \u0438\u043b\u0438 \u0440\u043e\u0434\u0438\u0442\u0435\u0459 \u043a\u043e\u043d\u0442\u0430\u043a\u0442\u0438\u0440\u0430 \u0437\u0430\u043f\u043e\u0441\u043b\u0435\u043d\u043e\u0433 \u0443 \u0448\u043a\u043e\u043b\u0438 (\u0426\u041f\u0415, \u043d\u0430\u0441\u0442\u0430\u0432\u043d\u0438\u043a\u0430, \u0430\u0434\u043c\u0438\u043d\u0438\u0441\u0442\u0440\u0430\u0446\u0438\u0458\u0443, \u0441\u0435\u043a\u0440\u0435\u0442\u0430\u0440\u0438\u0458\u0430\u0442, \u043a\u0430\u043d\u0442\u0438\u043d\u0443, \u0438\u0442\u0434.) \u0434\u0430 \u043f\u0440\u0438\u0458\u0430\u0432\u0438 \u0441\u043b\u0443\u0447\u0430\u0458 \u0443\u0437\u043d\u0435\u043c\u0438\u0440\u0430\u0432\u0430\u045a\u0430.<\/p>\t\t\t\t\t\t\t\t<\/div>\n\t\t\t\t<\/div>\n\t\t\t\t<\/div>\n\t\t<div class=\"elementor-element elementor-element-57a6872 e-con-full e-flex e-con e-child\" data-id=\"57a6872\" data-element_type=\"container\" data-e-type=\"container\">\n\t\t\t\t<div class=\"elementor-element elementor-element-f9e602f elementor-widget__width-initial elementor-widget elementor-widget-image\" data-id=\"f9e602f\" data-element_type=\"widget\" data-e-type=\"widget\" data-widget_type=\"image.default\">\n\t\t\t\t<div class=\"elementor-widget-container\">\n\t\t\t\t\t\t\t\t\t\t\t\t\t\t\t<img decoding=\"async\" width=\"110\" height=\"135\" src=\"https:\/\/efep.me\/wp-content\/uploads\/2024\/05\/LOGO-EFEP-PODGORICA2.png\" class=\"attachment-large size-large wp-image-159\" alt=\"\" srcset=\"https:\/\/efep.me\/wp-content\/uploads\/2024\/05\/LOGO-EFEP-PODGORICA2.png 110w, https:\/\/efep.me\/wp-content\/uploads\/2024\/05\/LOGO-EFEP-PODGORICA2-10x12.png 10w\" sizes=\"(max-width: 110px) 100vw, 110px\" \/>\t\t\t\t\t\t\t\t\t\t\t\t\t\t\t<\/div>\n\t\t\t\t<\/div>\n\t\t\t\t<div class=\"elementor-element elementor-element-f730e8b elementor-widget elementor-widget-text-editor\" data-id=\"f730e8b\" data-element_type=\"widget\" data-e-type=\"widget\" data-widget_type=\"text-editor.default\">\n\t\t\t\t<div class=\"elementor-widget-container\">\n\t\t\t\t\t\t\t\t\t<p><b>2 \u2013 \u0415\u0432\u0430\u043b\u0443\u0430\u0446\u0438\u0458\u0430<\/b><span style=\"font-weight: 400;\">. \u041e\u0441\u043e\u0431\u0459\u0435 \u0443\u0441\u0442\u0430\u043d\u043e\u0432\u0435 &quot;\u0438\u0441\u0442\u0440\u0430\u0436\u0443\u0458\u0435&quot; \u043a\u0430\u043a\u043e \u0431\u0438 \u043f\u0440\u043e\u0446\u0435\u043d\u0438\u043b\u043e \u0441\u0438\u0442\u0443\u0430\u0446\u0438\u0458\u0443. \u041a\u043e\u043b\u0438\u043a\u043e \u043e\u0437\u0431\u0438\u0459\u043d\u043e? \u041a\u0430\u043a\u0432\u0430 \u043f\u0440\u043e\u0431\u0430? \u041e\u0434 \u043a\u0430\u0434\u0430? \u0420\u0430\u0437\u0433\u043e\u0432\u043e\u0440\u0438 \u0441\u0430 \u0436\u0440\u0442\u0432\u0430\u043c\u0430 \u0438 \u0434\u0440\u0443\u0433\u0438\u043c \u0443\u0447\u0435\u043d\u0438\u0446\u0438\u043c\u0430. \u0423\u043f\u043e\u0437\u043d\u0430\u0458\u0442\u0435 \u0441\u0435 \u0441\u0430 \u0440\u043e\u0434\u0438\u0442\u0435\u0459\u0438\u043c\u0430 \u0438 \u0436\u0440\u0442\u0432\u0435 \u0438 \u0443\u0437\u043d\u0435\u043c\u0438\u0440\u0430\u0432\u0430\u0447\u0430(\u0430).<\/span><\/p>\t\t\t\t\t\t\t\t<\/div>\n\t\t\t\t<\/div>\n\t\t\t\t<\/div>\n\t\t<div class=\"elementor-element elementor-element-f04f3c7 e-con-full e-flex e-con e-child\" data-id=\"f04f3c7\" data-element_type=\"container\" data-e-type=\"container\">\n\t\t\t\t<div class=\"elementor-element elementor-element-b1d404f elementor-widget__width-initial elementor-widget elementor-widget-image\" data-id=\"b1d404f\" data-element_type=\"widget\" data-e-type=\"widget\" data-widget_type=\"image.default\">\n\t\t\t\t<div class=\"elementor-widget-container\">\n\t\t\t\t\t\t\t\t\t\t\t\t\t\t\t<img decoding=\"async\" width=\"110\" height=\"135\" src=\"https:\/\/efep.me\/wp-content\/uploads\/2024\/05\/LOGO-EFEP-PODGORICA2.png\" class=\"attachment-large size-large wp-image-159\" alt=\"\" srcset=\"https:\/\/efep.me\/wp-content\/uploads\/2024\/05\/LOGO-EFEP-PODGORICA2.png 110w, https:\/\/efep.me\/wp-content\/uploads\/2024\/05\/LOGO-EFEP-PODGORICA2-10x12.png 10w\" sizes=\"(max-width: 110px) 100vw, 110px\" \/>\t\t\t\t\t\t\t\t\t\t\t\t\t\t\t<\/div>\n\t\t\t\t<\/div>\n\t\t\t\t<div class=\"elementor-element elementor-element-5b522c3 elementor-widget elementor-widget-text-editor\" data-id=\"5b522c3\" data-element_type=\"widget\" data-e-type=\"widget\" data-widget_type=\"text-editor.default\">\n\t\t\t\t<div class=\"elementor-widget-container\">\n\t\t\t\t\t\t\t\t\t<p><b>3 \u2013 \u041e\u0434\u0433\u043e\u0432\u043e\u0440.<\/b><span style=\"font-weight: 400;\"> \u0160kola prilago\u0111ava svoj odgovor na osnovu poznatih informacija i situacije: kako zaustaviti nasilje i za\u0161tititi u\u010denika \u017ertvu? Na koji na\u010din kazniti u\u010denika koji vr\u0161i nasilje i kako ga uklju\u010diti  u ispravku svojih postupaka i kako sprije\u010diti da se nasilje ponovi? Organizujemo pra\u0107enje, redovno ispitivanje u\u010denika \u017ertve..<\/span><\/p>\t\t\t\t\t\t\t\t<\/div>\n\t\t\t\t<\/div>\n\t\t\t\t<\/div>\n\t\t\t\t\t<\/div>\n\t\t\t\t<\/div>\n\t\t<div class=\"elementor-element elementor-element-5d5e35b e-flex e-con-boxed e-con e-parent\" data-id=\"5d5e35b\" data-element_type=\"container\" data-e-type=\"container\">\n\t\t\t\t\t<div class=\"e-con-inner\">\n\t\t\t\t<div class=\"elementor-element elementor-element-68c8b1d elementor-widget elementor-widget-text-editor\" data-id=\"68c8b1d\" data-element_type=\"widget\" data-e-type=\"widget\" data-widget_type=\"text-editor.default\">\n\t\t\t\t<div class=\"elementor-widget-container\">\n\t\t\t\t\t\t\t\t\t<p>\u0422\u043e\u043a\u043e\u043c \u0433\u043e\u0434\u0438\u043d\u0435, \u043d\u0435\u043a\u0438 \u0447\u043b\u0430\u043d\u043e\u0432\u0438 \u043e\u0441\u043e\u0431\u0459\u0430 \u0443\u0447\u0435\u0441\u0442\u0432\u0443\u0458\u0443 \u0443 \u043e\u0431\u0443\u0446\u0438 \u043a\u043e\u0458\u0443 \u043e\u0431\u0435\u0437\u0431\u0435\u0452\u0443\u0458\u0435 \u0410\u0415\u0424\u0415: \u043e\u0442\u043a\u0440\u0438\u0432\u0430\u045a\u0435 \u0430\u043a\u0446\u0438\u0458\u0430 \u043a\u0430\u043e \u0448\u0442\u043e \u0441\u0443 \u0430\u043c\u0431\u0430\u0441\u0430\u0434\u043e\u0440\u0438 \u043f\u0440\u043e\u0442\u0438\u0432 \u0443\u0437\u043d\u0435\u043c\u0438\u0440\u0430\u0432\u0430\u045a\u0430 \u0438\u043b\u0438 \u0432\u0440\u0448\u045a\u0430\u0447\u043a\u043e \u043f\u043e\u0441\u0440\u0435\u0434\u043e\u0432\u0430\u045a\u0435; \u043e\u0431\u0443\u043a\u0430 \u0443 \u043a\u043e\u043d\u0446\u0435\u043f\u0442\u0438\u043c\u0430 \u043f\u0441\u0438\u0445\u043e-\u0441\u043e\u0446\u0438\u0458\u0430\u043b\u043d\u0438\u0445 \u0432\u0435\u0448\u0442\u0438\u043d\u0430 \u0438 \u0443\u043f\u0440\u0430\u0432\u0459\u0430\u045a\u0430 \u0435\u043c\u043e\u0446\u0438\u0458\u0430\u043c\u0430; \u0443\u0432\u043e\u0434 \u0443 \u043c\u0435\u0442\u043e\u0434 \u0437\u0430\u0458\u0435\u0434\u043d\u0438\u0447\u043a\u0435 \u0437\u0430\u0431\u0440\u0438\u043d\u0443\u0442\u043e\u0441\u0442\u0438, \u043f\u043e\u0437\u043d\u0430\u0442 \u043a\u0430\u043e \u201e\u041f\u0438\u043a\u0430\u0441\u043e\u0432 \u043c\u0435\u0442\u043e\u0434\u201c.<\/p><p>\u0417\u0430 \u0432\u0438\u0448\u0435 \u0438\u043d\u0444\u043e\u0440\u043c\u0430\u0446\u0438\u0458\u0430:<br \/><br \/><\/p>\t\t\t\t\t\t\t\t<\/div>\n\t\t\t\t<\/div>\n\t\t\t\t<div class=\"elementor-element elementor-element-cc727ec elementor-widget elementor-widget-button\" data-id=\"cc727ec\" data-element_type=\"widget\" data-e-type=\"widget\" data-widget_type=\"button.default\">\n\t\t\t\t<div class=\"elementor-widget-container\">\n\t\t\t\t\t\t\t\t\t<div class=\"elementor-button-wrapper\">\n\t\t\t\t\t<a class=\"elementor-button elementor-button-link elementor-size-sm\" href=\"https:\/\/www.nonauharcelement.education.gouv.fr\/\" target=\"_blank\" rel=\"noopener\">\n\t\t\t\t\t\t<span class=\"elementor-button-content-wrapper\">\n\t\t\t\t\t\t\t\t\t<span class=\"elementor-button-text\">Za vi\u0161e informacija<\/span>\n\t\t\t\t\t<\/span>\n\t\t\t\t\t<\/a>\n\t\t\t\t<\/div>\n\t\t\t\t\t\t\t\t<\/div>\n\t\t\t\t<\/div>\n\t\t\t\t\t<\/div>\n\t\t\t\t<\/div>\n\t\t\t\t<\/div>","protected":false},"excerpt":{"rendered":"<p>Inclusion et lutte contre le harc\u00e8lement L\u2019\u00c9cole Fran\u00e7aise europ\u00e9enne de Podgorica est une \u00e9cole inclusive. Nous assurons une scolarisation de qualit\u00e9 aux \u00e9l\u00e8ves de la maternelle au lyc\u00e9e en prenant en compte les singularit\u00e9s et besoins \u00e9ducatifs particuliers de chacun. L\u2019\u00e9cole a ainsi vocation \u00e0 accueillir et accompagner tous les \u00e9l\u00e8ves,dans la mesure o\u00f9 les [&hellip;]<\/p>\n","protected":false},"author":1,"featured_media":0,"parent":55,"menu_order":0,"comment_status":"closed","ping_status":"closed","template":"","meta":{"footnotes":""},"class_list":["post-364","page","type-page","status-publish","hentry"],"_links":{"self":[{"href":"https:\/\/efep.me\/sr\/wp-json\/wp\/v2\/pages\/364","targetHints":{"allow":["GET"]}}],"collection":[{"href":"https:\/\/efep.me\/sr\/wp-json\/wp\/v2\/pages"}],"about":[{"href":"https:\/\/efep.me\/sr\/wp-json\/wp\/v2\/types\/page"}],"author":[{"embeddable":true,"href":"https:\/\/efep.me\/sr\/wp-json\/wp\/v2\/users\/1"}],"replies":[{"embeddable":true,"href":"https:\/\/efep.me\/sr\/wp-json\/wp\/v2\/comments?post=364"}],"version-history":[{"count":4,"href":"https:\/\/efep.me\/sr\/wp-json\/wp\/v2\/pages\/364\/revisions"}],"predecessor-version":[{"id":369,"href":"https:\/\/efep.me\/sr\/wp-json\/wp\/v2\/pages\/364\/revisions\/369"}],"up":[{"embeddable":true,"href":"https:\/\/efep.me\/sr\/wp-json\/wp\/v2\/pages\/55"}],"wp:attachment":[{"href":"https:\/\/efep.me\/sr\/wp-json\/wp\/v2\/media?parent=364"}],"curies":[{"name":"wp","href":"https:\/\/api.w.org\/{rel}","templated":true}]}}