{"id":35,"date":"2024-05-27T13:07:05","date_gmt":"2024-05-27T13:07:05","guid":{"rendered":"https:\/\/efep.im-nomade.com\/?page_id=35"},"modified":"2024-12-18T09:08:20","modified_gmt":"2024-12-18T09:08:20","slug":"politique-des-langues","status":"publish","type":"page","link":"https:\/\/efep.me\/sr\/projet-educatif\/politique-des-langues\/","title":{"rendered":"Jezici"},"content":{"rendered":"<div data-elementor-type=\"wp-page\" data-elementor-id=\"35\" class=\"elementor elementor-35\" data-elementor-post-type=\"page\">\n\t\t\t\t<div class=\"elementor-element elementor-element-75812b2 e-flex e-con-boxed e-con e-parent\" data-id=\"75812b2\" data-element_type=\"container\" data-e-type=\"container\">\n\t\t\t\t\t<div class=\"e-con-inner\">\n\t\t\t\t<div class=\"elementor-element elementor-element-63b5b24 elementor-widget elementor-widget-heading\" data-id=\"63b5b24\" data-element_type=\"widget\" data-e-type=\"widget\" data-widget_type=\"heading.default\">\n\t\t\t\t<div class=\"elementor-widget-container\">\n\t\t\t\t\t<h1 class=\"elementor-heading-title elementor-size-default\">Put ka vi\u0161ejezi\u010dnom obrazovanju <\/h1>\t\t\t\t<\/div>\n\t\t\t\t<\/div>\n\t\t\t\t<div class=\"elementor-element elementor-element-cce0c02 elementor-widget elementor-widget-heading\" data-id=\"cce0c02\" data-element_type=\"widget\" data-e-type=\"widget\" data-widget_type=\"heading.default\">\n\t\t\t\t<div class=\"elementor-widget-container\">\n\t\t\t\t\t<h2 class=\"elementor-heading-title elementor-size-default\">Prednost za \u017eivot<\/h2>\t\t\t\t<\/div>\n\t\t\t\t<\/div>\n\t\t\t\t<div class=\"elementor-element elementor-element-2ef7072 elementor-widget elementor-widget-text-editor\" data-id=\"2ef7072\" data-element_type=\"widget\" data-e-type=\"widget\" data-widget_type=\"text-editor.default\">\n\t\t\t\t<div class=\"elementor-widget-container\">\n\t\t\t\t\t\t\t\t\t<p>Nastava sa vi\u0161ejezi\u010dkim pristupom se izvodi jo\u0161 od vrti\u0107a.<br \/>Na\u0161a ustanova, francuska me\u0111unarodna \u0161kola koju je odobrilo francusko ministarstvo, nudi ambiciozan jezi\u010dki program za va\u0161u djecu, koji se temelji na nastavi na tri jezika: francuskom, engleskom i crnogorskom<br \/>Program je postepen, od pred\u0161kolske do srednje \u0161kole: broj \u010dasova jezika raste kako u\u010denici napreduju, omogu\u0107avaju\u0107i svakom u\u010deniku da razvija svoje vje\u0161tine na tri jezika, uz obezbje\u0111ivanje \u010dvrste osnove na francuskom jeziku \u0161to je prije mogu\u0107e.<\/p><p><span style=\"font-weight: 400;\">Ve\u0107 u pred\u0161kolskoj ustanovi, nastavnici jezika dolaze na \u010dasove kako bi sproveli aktivnosti na engleskom i crnogorskom jeziku.\u00a0<\/span><\/p><p>Za u\u010denike koji nisu francuski govornici i koji dolaze u \u0161kolu, uspostavljen je \"prelazni program\" sa \u010dasovima FLE (Francuski kao strani jezik) kako bi im se pomoglo u u\u010denju francuskog jezika.<\/p><p>Tokom \u0161kolovanja, u\u010denici imaju priliku da pola\u017eu sertifikate: Delf junior (Dipl\u00f4me d\u2019\u00c9tudes en Langue Fran\u00e7aise) za francuski jezik i Cambridge za engleski jezik. Ovi sertifikati omogu\u0107avaju zvani\u010dno priznavanje nivoa znanja jezika koji su u\u010denici postigli.\u00a0<\/p>\t\t\t\t\t\t\t\t<\/div>\n\t\t\t\t<\/div>\n\t\t\t\t\t<\/div>\n\t\t\t\t<\/div>\n\t\t<div class=\"elementor-element elementor-element-4837727 e-flex e-con-boxed e-con e-parent\" data-id=\"4837727\" data-element_type=\"container\" data-e-type=\"container\">\n\t\t\t\t\t<div class=\"e-con-inner\">\n\t\t<div class=\"elementor-element elementor-element-a8d7025 e-con-full e-flex e-con e-child\" data-id=\"a8d7025\" data-element_type=\"container\" data-e-type=\"container\">\n\t\t\t\t<div class=\"elementor-element elementor-element-91f7777 elementor-widget elementor-widget-heading\" data-id=\"91f7777\" data-element_type=\"widget\" data-e-type=\"widget\" data-widget_type=\"heading.default\">\n\t\t\t\t<div class=\"elementor-widget-container\">\n\t\t\t\t\t<h2 class=\"elementor-heading-title elementor-size-default\">Za osnovnu \u0161kolu:\n<\/h2>\t\t\t\t<\/div>\n\t\t\t\t<\/div>\n\t\t\t\t<div class=\"elementor-element elementor-element-33b08f7 elementor-widget elementor-widget-text-editor\" data-id=\"33b08f7\" data-element_type=\"widget\" data-e-type=\"widget\" data-widget_type=\"text-editor.default\">\n\t\t\t\t<div class=\"elementor-widget-container\">\n\t\t\t\t\t\t\t\t\t<p>Od prvog razreda, u\u010denici imaju po dva \u010dasa engleskog jezika i crnogorskog jezika svake sedmice. Za crnogorski jezik, u\u010denici su raspore\u0111eni u grupe prema nivou znanja.<br \/>U\u010denici koji su francuski govornici, prate nacionalne programe crnogorskog jezika.<\/p><p>U svakom razredu, odr\u017eavaju se dva \u010dasa nedeljno uz prisustvo u\u010ditelja.<br \/>U odjeljenju su prisutna dva nastavnika koji vode vi\u0161ejezi\u010dnu sesiju.<br \/>Ove sesije obuhvataju razli\u010dite oblasti tokom godine, kao \u0161to su gra\u0111ansko obrazovanje, istra\u017eivanje svijeta, matematika... Na taj na\u010din u\u010denici povezuju jezike i razvijaju vi\u0161ejezi\u010dni pristup u razli\u010ditim nastavnim predmetima.<\/p><p>Od \u010detvrtog razreda (CM1) uvodi se \u010das istorije i kulture na crnogorskom jeziku.<\/p>\t\t\t\t\t\t\t\t<\/div>\n\t\t\t\t<\/div>\n\t\t\t\t<\/div>\n\t\t<div class=\"elementor-element elementor-element-14a029e e-con-full e-flex e-con e-child\" data-id=\"14a029e\" data-element_type=\"container\" data-e-type=\"container\" data-settings=\"{&quot;background_background&quot;:&quot;classic&quot;}\">\n\t\t\t\t<div class=\"elementor-element elementor-element-e049bda elementor-widget elementor-widget-spacer\" data-id=\"e049bda\" data-element_type=\"widget\" data-e-type=\"widget\" data-widget_type=\"spacer.default\">\n\t\t\t\t<div class=\"elementor-widget-container\">\n\t\t\t\t\t\t\t<div class=\"elementor-spacer\">\n\t\t\t<div class=\"elementor-spacer-inner\"><\/div>\n\t\t<\/div>\n\t\t\t\t\t\t<\/div>\n\t\t\t\t<\/div>\n\t\t\t\t<\/div>\n\t\t\t\t\t<\/div>\n\t\t\t\t<\/div>\n\t\t<div class=\"elementor-element elementor-element-301f8ad e-flex e-con-boxed e-con e-parent\" data-id=\"301f8ad\" data-element_type=\"container\" data-e-type=\"container\">\n\t\t\t\t\t<div class=\"e-con-inner\">\n\t\t<div class=\"elementor-element elementor-element-4b2c3be e-con-full e-flex e-con e-child\" data-id=\"4b2c3be\" data-element_type=\"container\" data-e-type=\"container\" data-settings=\"{&quot;background_background&quot;:&quot;classic&quot;}\">\n\t\t\t\t<div class=\"elementor-element elementor-element-b9501f6 elementor-widget elementor-widget-spacer\" data-id=\"b9501f6\" data-element_type=\"widget\" data-e-type=\"widget\" data-widget_type=\"spacer.default\">\n\t\t\t\t<div class=\"elementor-widget-container\">\n\t\t\t\t\t\t\t<div class=\"elementor-spacer\">\n\t\t\t<div class=\"elementor-spacer-inner\"><\/div>\n\t\t<\/div>\n\t\t\t\t\t\t<\/div>\n\t\t\t\t<\/div>\n\t\t\t\t<\/div>\n\t\t<div class=\"elementor-element elementor-element-85d16a1 e-con-full e-flex e-con e-child\" data-id=\"85d16a1\" data-element_type=\"container\" data-e-type=\"container\">\n\t\t\t\t<div class=\"elementor-element elementor-element-fd24db7 elementor-widget elementor-widget-heading\" data-id=\"fd24db7\" data-element_type=\"widget\" data-e-type=\"widget\" data-widget_type=\"heading.default\">\n\t\t\t\t<div class=\"elementor-widget-container\">\n\t\t\t\t\t<h2 class=\"elementor-heading-title elementor-size-default\">Za starije razrede osnovne \u0161kole: <\/h2>\t\t\t\t<\/div>\n\t\t\t\t<\/div>\n\t\t\t\t<div class=\"elementor-element elementor-element-4421de7 elementor-widget elementor-widget-text-editor\" data-id=\"4421de7\" data-element_type=\"widget\" data-e-type=\"widget\" data-widget_type=\"text-editor.default\">\n\t\t\t\t<div class=\"elementor-widget-container\">\n\t\t\t\t\t\t\t\t\t<p><span style=\"font-weight: 400;\">Nastava crnogorskog jezika i istorije se u nastavlja \u0161estom i sedmom razredu.<\/span><\/p><p><span style=\"font-weight: 400;\">Kao \u0161to je definisano programima Ministarstva obrazovanja Francuske, broj \u010dasova engleskog jezika se pove\u0107ava i mo\u017ee dosti\u0107i do 4 \u010dasa nedeljno u starijim razredima.<\/span><\/p><p><span style=\"font-weight: 400;\">Tako\u0111e se uvodi nastava iz ostalih predmeta na stranim jezicima (DNL): nastava likovne umjetnosti i sporta na engleskom i crnogorskom jeziku.\u00a0<\/span><\/p><p>\u00a0<\/p><p><span style=\"font-weight: 400;\">U sedmom razredu u\u010denici po\u010dinju da u\u010de i \u010detvrti strani jezik. Trenutno se u na\u0161oj ustanovi nudi italijanski jezik. <\/span><\/p>\t\t\t\t\t\t\t\t<\/div>\n\t\t\t\t<\/div>\n\t\t\t\t<\/div>\n\t\t\t\t\t<\/div>\n\t\t\t\t<\/div>\n\t\t\t\t<\/div>","protected":false},"excerpt":{"rendered":"<p>En route pour une \u00e9ducation plurilingue! Un atout pour la vie L\u2019enseignement se fait avec une approche plurilingue d\u00e8s la maternelle!Notre \u00e9tablissement, \u00e9cole fran\u00e7aise internationale homologu\u00e9e par le minist\u00e8re fran\u00e7ais propose un parcours linguistique ambitieux pour vos enfants qui s\u2019appuie sur l&rsquo;enseignement en trois langues: fran\u00e7ais, anglais et mont\u00e9n\u00e9grin.Le parcours est progressif, de la maternelle [&hellip;]<\/p>\n","protected":false},"author":1,"featured_media":0,"parent":25,"menu_order":0,"comment_status":"closed","ping_status":"closed","template":"","meta":{"footnotes":""},"class_list":["post-35","page","type-page","status-publish","hentry"],"_links":{"self":[{"href":"https:\/\/efep.me\/sr\/wp-json\/wp\/v2\/pages\/35","targetHints":{"allow":["GET"]}}],"collection":[{"href":"https:\/\/efep.me\/sr\/wp-json\/wp\/v2\/pages"}],"about":[{"href":"https:\/\/efep.me\/sr\/wp-json\/wp\/v2\/types\/page"}],"author":[{"embeddable":true,"href":"https:\/\/efep.me\/sr\/wp-json\/wp\/v2\/users\/1"}],"replies":[{"embeddable":true,"href":"https:\/\/efep.me\/sr\/wp-json\/wp\/v2\/comments?post=35"}],"version-history":[{"count":25,"href":"https:\/\/efep.me\/sr\/wp-json\/wp\/v2\/pages\/35\/revisions"}],"predecessor-version":[{"id":1335,"href":"https:\/\/efep.me\/sr\/wp-json\/wp\/v2\/pages\/35\/revisions\/1335"}],"up":[{"embeddable":true,"href":"https:\/\/efep.me\/sr\/wp-json\/wp\/v2\/pages\/25"}],"wp:attachment":[{"href":"https:\/\/efep.me\/sr\/wp-json\/wp\/v2\/media?parent=35"}],"curies":[{"name":"wp","href":"https:\/\/api.w.org\/{rel}","templated":true}]}}