{"id":334,"date":"2024-09-30T10:26:25","date_gmt":"2024-09-30T10:26:25","guid":{"rendered":"https:\/\/efep.im-nomade.com\/?page_id=334"},"modified":"2025-01-21T14:38:47","modified_gmt":"2025-01-21T14:38:47","slug":"pro-notes","status":"publish","type":"page","link":"https:\/\/efep.me\/sr\/services\/pro-notes\/","title":{"rendered":"Pronote"},"content":{"rendered":"<div data-elementor-type=\"wp-page\" data-elementor-id=\"334\" class=\"elementor elementor-334\" data-elementor-post-type=\"page\">\n\t\t\t\t<div class=\"elementor-element elementor-element-de42096 e-flex e-con-boxed e-con e-parent\" data-id=\"de42096\" data-element_type=\"container\" data-e-type=\"container\">\n\t\t\t\t\t<div class=\"e-con-inner\">\n\t\t<div class=\"elementor-element elementor-element-b3a0cae e-con-full e-flex e-con e-child\" data-id=\"b3a0cae\" data-element_type=\"container\" data-e-type=\"container\">\n\t\t\t\t<div class=\"elementor-element elementor-element-15f591c elementor-widget elementor-widget-image\" data-id=\"15f591c\" data-element_type=\"widget\" data-e-type=\"widget\" data-widget_type=\"image.default\">\n\t\t\t\t<div class=\"elementor-widget-container\">\n\t\t\t\t\t\t\t\t\t\t\t\t\t\t\t<img fetchpriority=\"high\" decoding=\"async\" width=\"796\" height=\"469\" src=\"https:\/\/efep.me\/wp-content\/uploads\/2024\/12\/pronote.png\" class=\"attachment-large size-large wp-image-1108\" alt=\"\" srcset=\"https:\/\/efep.me\/wp-content\/uploads\/2024\/12\/pronote.png 796w, https:\/\/efep.me\/wp-content\/uploads\/2024\/12\/pronote-300x177.png 300w, https:\/\/efep.me\/wp-content\/uploads\/2024\/12\/pronote-768x453.png 768w, https:\/\/efep.me\/wp-content\/uploads\/2024\/12\/pronote-18x12.png 18w\" sizes=\"(max-width: 796px) 100vw, 796px\" \/>\t\t\t\t\t\t\t\t\t\t\t\t\t\t\t<\/div>\n\t\t\t\t<\/div>\n\t\t\t\t<\/div>\n\t\t<div class=\"elementor-element elementor-element-4bab9c4 e-con-full e-flex e-con e-child\" data-id=\"4bab9c4\" data-element_type=\"container\" data-e-type=\"container\">\n\t\t\t\t<div class=\"elementor-element elementor-element-bf5a9ab elementor-widget elementor-widget-heading\" data-id=\"bf5a9ab\" data-element_type=\"widget\" data-e-type=\"widget\" data-widget_type=\"heading.default\">\n\t\t\t\t<div class=\"elementor-widget-container\">\n\t\t\t\t\t<h1 class=\"elementor-heading-title elementor-size-default\">Pronote<\/h1>\t\t\t\t<\/div>\n\t\t\t\t<\/div>\n\t\t\t\t<div class=\"elementor-element elementor-element-49d26a9 elementor-widget elementor-widget-text-editor\" data-id=\"49d26a9\" data-element_type=\"widget\" data-e-type=\"widget\" data-widget_type=\"text-editor.default\">\n\t\t\t\t<div class=\"elementor-widget-container\">\n\t\t\t\t\t\t\t\t\t<p><span style=\"font-weight: 400;\">Pronote je aplikacija koju koristimo za komunikaciju izme\u0111u \u0161kole i porodica.\u00a0<\/span><\/p><p><span style=\"font-weight: 400;\">Ova aplikacija se instalira na francuskom ili engleskom jeziku, na telefonu ili ra\u010dunaru roditelja.\u00a0<\/span><\/p><p><span style=\"font-weight: 400;\">Svaki korisnik se prijavljuje sa korisni\u010dkim imenom i lozinkom. <\/span><\/p>\t\t\t\t\t\t\t\t<\/div>\n\t\t\t\t<\/div>\n\t\t<div class=\"elementor-element elementor-element-909bf9d e-con-full e-flex e-con e-child\" data-id=\"909bf9d\" data-element_type=\"container\" data-e-type=\"container\">\n\t\t\t\t<div class=\"elementor-element elementor-element-c536710 elementor-widget elementor-widget-button\" data-id=\"c536710\" data-element_type=\"widget\" data-e-type=\"widget\" data-widget_type=\"button.default\">\n\t\t\t\t<div class=\"elementor-widget-container\">\n\t\t\t\t\t\t\t\t\t<div class=\"elementor-button-wrapper\">\n\t\t\t\t\t<a class=\"elementor-button elementor-button-link elementor-size-sm\" href=\"https:\/\/e382000a.index-education.net\/e382000a\/pronoteprimaire\/parent.html\" target=\"_blank\" rel=\"noopener\">\n\t\t\t\t\t\t<span class=\"elementor-button-content-wrapper\">\n\t\t\t\t\t\t\t\t\t<span class=\"elementor-button-text\">\u041f\u0440\u043e\u043d\u043e\u0442\u0435 \u0437\u0430 \u0440\u043e\u0434\u0438\u0442\u0435\u0459\u0435<\/span>\n\t\t\t\t\t<\/span>\n\t\t\t\t\t<\/a>\n\t\t\t\t<\/div>\n\t\t\t\t\t\t\t\t<\/div>\n\t\t\t\t<\/div>\n\t\t\t\t<div class=\"elementor-element elementor-element-f92308b elementor-widget elementor-widget-button\" data-id=\"f92308b\" data-element_type=\"widget\" data-e-type=\"widget\" data-widget_type=\"button.default\">\n\t\t\t\t<div class=\"elementor-widget-container\">\n\t\t\t\t\t\t\t\t\t<div class=\"elementor-button-wrapper\">\n\t\t\t\t\t<a class=\"elementor-button elementor-button-link elementor-size-sm\" href=\"https:\/\/e382000a.index-education.net\/e382000a\/pronoteprimaire\/eleve.html\" target=\"_blank\" rel=\"noopener\">\n\t\t\t\t\t\t<span class=\"elementor-button-content-wrapper\">\n\t\t\t\t\t\t\t\t\t<span class=\"elementor-button-text\">\u041f\u0440\u043e\u043d\u043e\u0442\u0435 \u0437\u0430 \u0441\u0442\u0443\u0434\u0435\u043d\u0442\u0435<\/span>\n\t\t\t\t\t<\/span>\n\t\t\t\t\t<\/a>\n\t\t\t\t<\/div>\n\t\t\t\t\t\t\t\t<\/div>\n\t\t\t\t<\/div>\n\t\t\t\t<\/div>\n\t\t\t\t<\/div>\n\t\t\t\t\t<\/div>\n\t\t\t\t<\/div>\n\t\t<div class=\"elementor-element elementor-element-3c2d4bb e-flex e-con-boxed e-con e-parent\" data-id=\"3c2d4bb\" data-element_type=\"container\" data-e-type=\"container\">\n\t\t\t\t\t<div class=\"e-con-inner\">\n\t\t<div class=\"elementor-element elementor-element-a91873e e-con-full e-flex e-con e-child\" data-id=\"a91873e\" data-element_type=\"container\" data-e-type=\"container\">\n\t\t\t\t<div class=\"elementor-element elementor-element-ca51fd3 elementor-widget elementor-widget-heading\" data-id=\"ca51fd3\" data-element_type=\"widget\" data-e-type=\"widget\" data-widget_type=\"heading.default\">\n\t\t\t\t<div class=\"elementor-widget-container\">\n\t\t\t\t\t<h2 class=\"elementor-heading-title elementor-size-default\">Roditelji\n\n<\/h2>\t\t\t\t<\/div>\n\t\t\t\t<\/div>\n\t\t\t\t<div class=\"elementor-element elementor-element-1294e38 elementor-widget elementor-widget-text-editor\" data-id=\"1294e38\" data-element_type=\"widget\" data-e-type=\"widget\" data-widget_type=\"text-editor.default\">\n\t\t\t\t<div class=\"elementor-widget-container\">\n\t\t\t\t\t\t\t\t\t<ul><li style=\"font-weight: 400;\" aria-level=\"1\"><span style=\"font-weight: 400;\">Da saop\u0161te odsustvo ili ka\u0161njenje<\/span><\/li><li style=\"font-weight: 400;\" aria-level=\"1\"><span style=\"font-weight: 400;\">Da komuniciraju sa u\u010diteljima ili nastavnicima<\/span><\/li><li style=\"font-weight: 400;\" aria-level=\"1\"><span style=\"font-weight: 400;\">Da pogledaju jelovnik<\/span><\/li><li style=\"font-weight: 400;\" aria-level=\"1\"><span style=\"font-weight: 400;\">Da vide poruke koje im ostavljaju u\u010ditelji i nastavnici<\/span><\/li><\/ul>\t\t\t\t\t\t\t\t<\/div>\n\t\t\t\t<\/div>\n\t\t\t\t<\/div>\n\t\t<div class=\"elementor-element elementor-element-1223864 e-con-full e-flex e-con e-child\" data-id=\"1223864\" data-element_type=\"container\" data-e-type=\"container\">\n\t\t\t\t<div class=\"elementor-element elementor-element-594dd4d elementor-widget elementor-widget-heading\" data-id=\"594dd4d\" data-element_type=\"widget\" data-e-type=\"widget\" data-widget_type=\"heading.default\">\n\t\t\t\t<div class=\"elementor-widget-container\">\n\t\t\t\t\t<h2 class=\"elementor-heading-title elementor-size-default\">U\u010denici starijih razreda<\/h2>\t\t\t\t<\/div>\n\t\t\t\t<\/div>\n\t\t\t\t<div class=\"elementor-element elementor-element-d8ad7f2 elementor-widget elementor-widget-text-editor\" data-id=\"d8ad7f2\" data-element_type=\"widget\" data-e-type=\"widget\" data-widget_type=\"text-editor.default\">\n\t\t\t\t<div class=\"elementor-widget-container\">\n\t\t\t\t\t\t\t\t\t<ul><li><span style=\"font-weight: 400;\">Da pogledaju doma\u0107i zadatak<\/span><\/li><li><span style=\"font-weight: 400;\">Da pristupe materijalu koji im \u0161alje nastavnik<\/span><\/li><\/ul>\t\t\t\t\t\t\t\t<\/div>\n\t\t\t\t<\/div>\n\t\t\t\t<\/div>\n\t\t<div class=\"elementor-element elementor-element-95db1b1 e-con-full e-flex e-con e-child\" data-id=\"95db1b1\" data-element_type=\"container\" data-e-type=\"container\">\n\t\t\t\t<div class=\"elementor-element elementor-element-3adca8d elementor-widget elementor-widget-heading\" data-id=\"3adca8d\" data-element_type=\"widget\" data-e-type=\"widget\" data-widget_type=\"heading.default\">\n\t\t\t\t<div class=\"elementor-widget-container\">\n\t\t\t\t\t<h2 class=\"elementor-heading-title elementor-size-default\">U\u010ditelji i nastavnici<\/h2>\t\t\t\t<\/div>\n\t\t\t\t<\/div>\n\t\t\t\t<div class=\"elementor-element elementor-element-9f79126 elementor-widget elementor-widget-text-editor\" data-id=\"9f79126\" data-element_type=\"widget\" data-e-type=\"widget\" data-widget_type=\"text-editor.default\">\n\t\t\t\t<div class=\"elementor-widget-container\">\n\t\t\t\t\t\t\t\t\t<ul><li><span style=\"font-weight: 400;\">Da komuniciraju sa roditeljima<\/span><\/li><li><span style=\"font-weight: 400;\">Da stave na raspolaganje materijal za doma\u0107i (za starije reazrede)<\/span><\/li><li><span style=\"font-weight: 400;\">Da prate izostanke i ka\u0161njenja<\/span><\/li><li><span style=\"font-weight: 400;\">Da upisuju ocjene<\/span><\/li><li style=\"list-style-type: none;\">\u00a0<\/li><\/ul>\t\t\t\t\t\t\t\t<\/div>\n\t\t\t\t<\/div>\n\t\t\t\t<\/div>\n\t\t\t\t\t<\/div>\n\t\t\t\t<\/div>\n\t\t<div class=\"elementor-element elementor-element-65b85a3 e-flex e-con-boxed e-con e-parent\" data-id=\"65b85a3\" data-element_type=\"container\" data-e-type=\"container\">\n\t\t\t\t\t<div class=\"e-con-inner\">\n\t\t\t\t<div class=\"elementor-element elementor-element-a1a2f6c elementor-widget elementor-widget-text-editor\" data-id=\"a1a2f6c\" data-element_type=\"widget\" data-e-type=\"widget\" data-widget_type=\"text-editor.default\">\n\t\t\t\t<div class=\"elementor-widget-container\">\n\t\t\t\t\t\t\t\t\t<p><span style=\"font-weight: 400;\">U slu\u010daju da imate pote\u0161ko\u0107a prilikom konektovanja na Pronote, molimo vas da se obratite na\u0161oj pedago\u0161koj slu\u017ebi:\nlucas.desseigne@efep.me<\/span><\/p>\t\t\t\t\t\t\t\t<\/div>\n\t\t\t\t<\/div>\n\t\t\t\t<div class=\"elementor-element elementor-element-816a788 elementor-widget elementor-widget-video\" data-id=\"816a788\" data-element_type=\"widget\" data-e-type=\"widget\" data-settings=\"{&quot;youtube_url&quot;:&quot;https:\\\/\\\/youtu.be\\\/inScL5yow3Q?si=_HX7r24pwFGyLeO7&quot;,&quot;video_type&quot;:&quot;youtube&quot;,&quot;controls&quot;:&quot;yes&quot;}\" data-widget_type=\"video.default\">\n\t\t\t\t<div class=\"elementor-widget-container\">\n\t\t\t\t\t\t\t<div class=\"elementor-wrapper elementor-open-inline\">\n\t\t\t<div class=\"elementor-video\"><\/div>\t\t<\/div>\n\t\t\t\t\t\t<\/div>\n\t\t\t\t<\/div>\n\t\t\t\t\t<\/div>\n\t\t\t\t<\/div>\n\t\t\t\t<\/div>","protected":false},"excerpt":{"rendered":"<p>Pronote Pronote est l\u2019application que nous utilisons pour communiquer entre l\u2019\u00e9cole et la famille.\u00a0 Cette application s\u2019installe en fran\u00e7ais ou en anglais, sur les t\u00e9l\u00e9phones ou ordinateurs.\u00a0 Chaque utilisateur se connecte avec un identifiant et un mot de passe. Pronote pour les parents Pronote pour les \u00e9l\u00e8ves Les parents De communiquer une absence, un retard [&hellip;]<\/p>\n","protected":false},"author":1,"featured_media":0,"parent":47,"menu_order":0,"comment_status":"closed","ping_status":"closed","template":"","meta":{"footnotes":""},"class_list":["post-334","page","type-page","status-publish","hentry"],"_links":{"self":[{"href":"https:\/\/efep.me\/sr\/wp-json\/wp\/v2\/pages\/334","targetHints":{"allow":["GET"]}}],"collection":[{"href":"https:\/\/efep.me\/sr\/wp-json\/wp\/v2\/pages"}],"about":[{"href":"https:\/\/efep.me\/sr\/wp-json\/wp\/v2\/types\/page"}],"author":[{"embeddable":true,"href":"https:\/\/efep.me\/sr\/wp-json\/wp\/v2\/users\/1"}],"replies":[{"embeddable":true,"href":"https:\/\/efep.me\/sr\/wp-json\/wp\/v2\/comments?post=334"}],"version-history":[{"count":16,"href":"https:\/\/efep.me\/sr\/wp-json\/wp\/v2\/pages\/334\/revisions"}],"predecessor-version":[{"id":1458,"href":"https:\/\/efep.me\/sr\/wp-json\/wp\/v2\/pages\/334\/revisions\/1458"}],"up":[{"embeddable":true,"href":"https:\/\/efep.me\/sr\/wp-json\/wp\/v2\/pages\/47"}],"wp:attachment":[{"href":"https:\/\/efep.me\/sr\/wp-json\/wp\/v2\/media?parent=334"}],"curies":[{"name":"wp","href":"https:\/\/api.w.org\/{rel}","templated":true}]}}