{"id":33,"date":"2024-05-27T13:06:37","date_gmt":"2024-05-27T13:06:37","guid":{"rendered":"https:\/\/efep.im-nomade.com\/?page_id=33"},"modified":"2024-12-30T11:58:10","modified_gmt":"2024-12-30T11:58:10","slug":"lycee","status":"publish","type":"page","link":"https:\/\/efep.me\/sr\/projet-educatif\/lycee\/","title":{"rendered":"Stariji razredi i srednja \u0161kola"},"content":{"rendered":"<div data-elementor-type=\"wp-page\" data-elementor-id=\"33\" class=\"elementor elementor-33\" data-elementor-post-type=\"page\">\n\t\t\t\t<div class=\"elementor-element elementor-element-484e6f5 e-flex e-con-boxed e-con e-parent\" data-id=\"484e6f5\" data-element_type=\"container\" data-e-type=\"container\">\n\t\t\t\t\t<div class=\"e-con-inner\">\n\t\t\t\t<div class=\"elementor-element elementor-element-bee41b5 elementor-widget elementor-widget-heading\" data-id=\"bee41b5\" data-element_type=\"widget\" data-e-type=\"widget\" data-widget_type=\"heading.default\">\n\t\t\t\t<div class=\"elementor-widget-container\">\n\t\t\t\t\t<h1 class=\"elementor-heading-title elementor-size-default\">Stariji razredi i srednja \u0161kola<\/h1>\t\t\t\t<\/div>\n\t\t\t\t<\/div>\n\t\t\t\t<div class=\"elementor-element elementor-element-637d3f9 elementor-widget elementor-widget-text-editor\" data-id=\"637d3f9\" data-element_type=\"widget\" data-e-type=\"widget\" data-widget_type=\"text-editor.default\">\n\t\t\t\t<div class=\"elementor-widget-container\">\n\t\t\t\t\t\t\t\t\t<p>Program koji se primjenjuje je zvani\u010dni program Ministarstva prosvjete Francuske.&nbsp;<\/p><p>Tako\u0111e, ovaj program je priznat i od strane Ministarstva prosvjete Crne Gore.<\/p>\t\t\t\t\t\t\t\t<\/div>\n\t\t\t\t<\/div>\n\t\t\t\t<div class=\"elementor-element elementor-element-30c2963 elementor-widget elementor-widget-heading\" data-id=\"30c2963\" data-element_type=\"widget\" data-e-type=\"widget\" data-widget_type=\"heading.default\">\n\t\t\t\t<div class=\"elementor-widget-container\">\n\t\t\t\t\t<h2 class=\"elementor-heading-title elementor-size-default\">Stariji razredi osnovne \u0161kole<\/h2>\t\t\t\t<\/div>\n\t\t\t\t<\/div>\n\t\t<div class=\"elementor-element elementor-element-3989a16 e-con-full e-flex e-con e-child\" data-id=\"3989a16\" data-element_type=\"container\" data-e-type=\"container\">\n\t\t\t\t<div class=\"elementor-element elementor-element-65cb62e elementor-widget__width-initial elementor-widget elementor-widget-text-editor\" data-id=\"65cb62e\" data-element_type=\"widget\" data-e-type=\"widget\" data-widget_type=\"text-editor.default\">\n\t\t\t\t<div class=\"elementor-widget-container\">\n\t\t\t\t\t\t\t\t\t<p>Stariji razredi osnvne \u0161kole su \u0161esti (6\u00e8me), sedmi (5\u00e8me), osmi (4\u00e8me) i deveti (3\u00e8me), to su u\u010denici od 11 do 15 godina.<\/p><p>\u0160esti razred, poslednja godina ciklusa 3, predstavlja fazu prelaska. U\u010denici u\u010de kako da organizuju svoje obaveze i kako da sara\u0111uju sa razli\u010ditim nastavnicima.<br \/>Ciklus 4, koji obuhvata sedmi, osmi i deveti razred fokusira se na dublje u\u010denje i usavr\u0161avanje ste\u010denih znanja i metoda.<\/p><p>Na kraju osnovne \u0161kole, u\u010denici pola\u017eu Nacionalnu diplomu iz osnovne \u0161kole (DNB), \u0161to je prvi nacionalni ispit u njihovom obrazovanju. To je va\u017ean korak prije mature, koja se pola\u017ee sa 18 godina i ozna\u010dava zavr\u0161etak srednjo\u0161kolskog obrazovanja.\u00a0<\/p>\t\t\t\t\t\t\t\t<\/div>\n\t\t\t\t<\/div>\n\t\t\t\t<div class=\"elementor-element elementor-element-f1f79a8 elementor-widget__width-initial elementor-widget elementor-widget-image\" data-id=\"f1f79a8\" data-element_type=\"widget\" data-e-type=\"widget\" data-widget_type=\"image.default\">\n\t\t\t\t<div class=\"elementor-widget-container\">\n\t\t\t\t\t\t\t\t\t\t\t\t\t\t\t<img fetchpriority=\"high\" decoding=\"async\" width=\"2560\" height=\"1707\" src=\"https:\/\/efep.me\/wp-content\/uploads\/2024\/12\/DSC09261-scaled.jpg\" class=\"attachment-full size-full wp-image-1411\" alt=\"\" srcset=\"https:\/\/efep.me\/wp-content\/uploads\/2024\/12\/DSC09261-scaled.jpg 2560w, https:\/\/efep.me\/wp-content\/uploads\/2024\/12\/DSC09261-300x200.jpg 300w, https:\/\/efep.me\/wp-content\/uploads\/2024\/12\/DSC09261-1024x683.jpg 1024w, https:\/\/efep.me\/wp-content\/uploads\/2024\/12\/DSC09261-768x512.jpg 768w, https:\/\/efep.me\/wp-content\/uploads\/2024\/12\/DSC09261-1536x1024.jpg 1536w, https:\/\/efep.me\/wp-content\/uploads\/2024\/12\/DSC09261-2048x1366.jpg 2048w, https:\/\/efep.me\/wp-content\/uploads\/2024\/12\/DSC09261-18x12.jpg 18w\" sizes=\"(max-width: 2560px) 100vw, 2560px\" \/>\t\t\t\t\t\t\t\t\t\t\t\t\t\t\t<\/div>\n\t\t\t\t<\/div>\n\t\t\t\t<\/div>\n\t\t\t\t<div class=\"elementor-element elementor-element-48bd77b elementor-widget elementor-widget-image\" data-id=\"48bd77b\" data-element_type=\"widget\" data-e-type=\"widget\" data-widget_type=\"image.default\">\n\t\t\t\t<div class=\"elementor-widget-container\">\n\t\t\t\t\t\t\t\t\t\t\t\t\t\t\t<img decoding=\"async\" width=\"720\" height=\"450\" src=\"https:\/\/efep.me\/wp-content\/uploads\/2024\/10\/horaires-2-ae757.jpg\" class=\"attachment-large size-large wp-image-360\" alt=\"\" srcset=\"https:\/\/efep.me\/wp-content\/uploads\/2024\/10\/horaires-2-ae757.jpg 720w, https:\/\/efep.me\/wp-content\/uploads\/2024\/10\/horaires-2-ae757-300x188.jpg 300w, https:\/\/efep.me\/wp-content\/uploads\/2024\/10\/horaires-2-ae757-18x12.jpg 18w\" sizes=\"(max-width: 720px) 100vw, 720px\" \/>\t\t\t\t\t\t\t\t\t\t\t\t\t\t\t<\/div>\n\t\t\t\t<\/div>\n\t\t\t\t\t<\/div>\n\t\t\t\t<\/div>\n\t\t<div class=\"elementor-element elementor-element-e20025f e-flex e-con-boxed e-con e-parent\" data-id=\"e20025f\" data-element_type=\"container\" data-e-type=\"container\">\n\t\t\t\t\t<div class=\"e-con-inner\">\n\t\t<div class=\"elementor-element elementor-element-076dfe3 e-con-full e-flex e-con e-child\" data-id=\"076dfe3\" data-element_type=\"container\" data-e-type=\"container\">\n\t\t\t\t<div class=\"elementor-element elementor-element-71c56d2 elementor-widget elementor-widget-heading\" data-id=\"71c56d2\" data-element_type=\"widget\" data-e-type=\"widget\" data-widget_type=\"heading.default\">\n\t\t\t\t<div class=\"elementor-widget-container\">\n\t\t\t\t\t<h2 class=\"elementor-heading-title elementor-size-default\">Gimnazija<\/h2>\t\t\t\t<\/div>\n\t\t\t\t<\/div>\n\t\t\t\t<div class=\"elementor-element elementor-element-9ec7ebd elementor-widget elementor-widget-text-editor\" data-id=\"9ec7ebd\" data-element_type=\"widget\" data-e-type=\"widget\" data-widget_type=\"text-editor.default\">\n\t\t\t\t<div class=\"elementor-widget-container\">\n\t\t\t\t\t\t\t\t\t<p><span style=\"font-weight: 400;\">Srednja \u0161kola predstavlja poslednje 3 godine \u0161kolovanja prije po\u010detka visokog obrazovanja. <\/span><\/p><p><span style=\"font-weight: 400;\">U drugom razredu u\u010denici prate op\u0161ti program, za nastavu prve i zavr\u0161ne godine biraju kurseve prilago\u0111ene njihovim vje\u0161tinama i interesovanjima.\u00a0<\/span><\/p><p><span style=\"font-weight: 400;\">Na\u0161 glavni cilj je da svi u\u010denici dobiju diplomu, kako bi mogli da studiraju, kako u Francuskoj, tako \u0161irom svijeta.<\/span><\/p>\t\t\t\t\t\t\t\t<\/div>\n\t\t\t\t<\/div>\n\t\t\t\t<\/div>\n\t\t<div class=\"elementor-element elementor-element-fb5edc2 e-con-full e-flex e-con e-child\" data-id=\"fb5edc2\" data-element_type=\"container\" data-e-type=\"container\">\n\t\t\t\t<div class=\"elementor-element elementor-element-1d32f2f elementor-widget elementor-widget-image\" data-id=\"1d32f2f\" data-element_type=\"widget\" data-e-type=\"widget\" data-widget_type=\"image.default\">\n\t\t\t\t<div class=\"elementor-widget-container\">\n\t\t\t\t\t\t\t\t\t\t\t\t\t\t\t<img decoding=\"async\" width=\"300\" height=\"200\" src=\"https:\/\/efep.me\/wp-content\/uploads\/2024\/11\/DSC02174-300x200.jpg\" class=\"attachment-medium size-medium wp-image-813\" alt=\"\" srcset=\"https:\/\/efep.me\/wp-content\/uploads\/2024\/11\/DSC02174-300x200.jpg 300w, https:\/\/efep.me\/wp-content\/uploads\/2024\/11\/DSC02174-1024x683.jpg 1024w, https:\/\/efep.me\/wp-content\/uploads\/2024\/11\/DSC02174-768x512.jpg 768w, https:\/\/efep.me\/wp-content\/uploads\/2024\/11\/DSC02174-1536x1024.jpg 1536w, https:\/\/efep.me\/wp-content\/uploads\/2024\/11\/DSC02174-2048x1365.jpg 2048w, https:\/\/efep.me\/wp-content\/uploads\/2024\/11\/DSC02174-18x12.jpg 18w\" sizes=\"(max-width: 300px) 100vw, 300px\" \/>\t\t\t\t\t\t\t\t\t\t\t\t\t\t\t<\/div>\n\t\t\t\t<\/div>\n\t\t\t\t<div class=\"elementor-element elementor-element-6acd631 elementor-widget elementor-widget-image\" data-id=\"6acd631\" data-element_type=\"widget\" data-e-type=\"widget\" data-widget_type=\"image.default\">\n\t\t\t\t<div class=\"elementor-widget-container\">\n\t\t\t\t\t\t\t\t\t\t\t\t\t\t\t<img loading=\"lazy\" decoding=\"async\" width=\"300\" height=\"200\" src=\"https:\/\/efep.me\/wp-content\/uploads\/2024\/11\/DSC02125-300x200.jpg\" class=\"attachment-medium size-medium wp-image-891\" alt=\"\" \/>\t\t\t\t\t\t\t\t\t\t\t\t\t\t\t<\/div>\n\t\t\t\t<\/div>\n\t\t\t\t<\/div>\n\t\t\t\t\t<\/div>\n\t\t\t\t<\/div>\n\t\t<div class=\"elementor-element elementor-element-7162721 e-flex e-con-boxed e-con e-parent\" data-id=\"7162721\" data-element_type=\"container\" data-e-type=\"container\">\n\t\t\t\t\t<div class=\"e-con-inner\">\n\t\t<div class=\"elementor-element elementor-element-8c46980 e-con-full e-flex e-con e-child\" data-id=\"8c46980\" data-element_type=\"container\" data-e-type=\"container\">\n\t\t\t\t<div class=\"elementor-element elementor-element-fa47594 elementor-widget elementor-widget-heading\" data-id=\"fa47594\" data-element_type=\"widget\" data-e-type=\"widget\" data-widget_type=\"heading.default\">\n\t\t\t\t<div class=\"elementor-widget-container\">\n\t\t\t\t\t<h2 class=\"elementor-heading-title elementor-size-default\">CNED<\/h2>\t\t\t\t<\/div>\n\t\t\t\t<\/div>\n\t\t\t\t<div class=\"elementor-element elementor-element-2c0e478 elementor-widget elementor-widget-text-editor\" data-id=\"2c0e478\" data-element_type=\"widget\" data-e-type=\"widget\" data-widget_type=\"text-editor.default\">\n\t\t\t\t<div class=\"elementor-widget-container\">\n\t\t\t\t\t\t\t\t\t<p><span style=\"font-weight: 400;\">U\u010denici osmog i devetog razreda, kao i u\u010denici srednje \u0161kole prate i program na daljinu organizovan od strane Ministartsva prosvjete Francuske u sklopu Centra za nacionalno obrazovanje na daljinu (CNED).<\/span><\/p><p>Nastava se izvodi u \u0161koli. U\u010denici borave u \u0161koli od 8:30 do 16:00 od ponedeljka do \u010detvrtka, a petkom do 12:45.<\/p>\t\t\t\t\t\t\t\t<\/div>\n\t\t\t\t<\/div>\n\t\t\t\t<div class=\"elementor-element elementor-element-76a6f75 elementor-widget elementor-widget-button\" data-id=\"76a6f75\" data-element_type=\"widget\" data-e-type=\"widget\" data-widget_type=\"button.default\">\n\t\t\t\t<div class=\"elementor-widget-container\">\n\t\t\t\t\t\t\t\t\t<div class=\"elementor-button-wrapper\">\n\t\t\t\t\t<a class=\"elementor-button elementor-button-link elementor-size-sm\" href=\"https:\/\/www.cned.fr\/college\" target=\"_blank\" rel=\"noopener\">\n\t\t\t\t\t\t<span class=\"elementor-button-content-wrapper\">\n\t\t\t\t\t\t\t\t\t<span class=\"elementor-button-text\">Zvani\u010dna stranica CNED-a<\/span>\n\t\t\t\t\t<\/span>\n\t\t\t\t\t<\/a>\n\t\t\t\t<\/div>\n\t\t\t\t\t\t\t\t<\/div>\n\t\t\t\t<\/div>\n\t\t\t\t<\/div>\n\t\t<div class=\"elementor-element elementor-element-ed57e22 e-con-full e-flex e-con e-child\" data-id=\"ed57e22\" data-element_type=\"container\" data-e-type=\"container\">\n\t\t\t\t<div class=\"elementor-element elementor-element-f025cdb elementor-widget elementor-widget-text-editor\" data-id=\"f025cdb\" data-element_type=\"widget\" data-e-type=\"widget\" data-widget_type=\"text-editor.default\">\n\t\t\t\t<div class=\"elementor-widget-container\">\n\t\t\t\t\t\t\t\t\t<p>\u00a0<\/p><p><strong>Kako funkcioni\u0161e nastava u CNED-u?<\/strong><\/p><p>EFEP potpisuje ugovor o partnerstvu sa CNED-om. Nastava pokriva cijeli zvani\u010dni program za jednu \u0161kolsku godinu. Materijali su obezbije\u0111eni od strane CNED-a, doma\u0107i zadaci se koriguju od strane CNED-a, a na\u0161i profesori na EFEP-u pru\u017eaju podr\u0161ku i pratnju u\u010denicima unutar \u0161kole. Pedago\u0161ki nadzor se stoga vr\u0161i zajedni\u010dki od strane \u0161kole i CNED-a.<\/p><p>Upis omogu\u0107ava izdavanje uvjerenja o poha\u0111anju \u0161kole, svjedo\u010danstava o ocjenama i preporuke za dalji obrazovni put na kraju \u0161kolske godine. Tako\u0111e omogu\u0107ava prijavu za ispite za francusku malu i veliku maturu. Za u\u010denike francuske nacionalnosti, upis tako\u0111e omogu\u0107ava podno\u0161enje zahtjeva za stipendiju.<\/p>\t\t\t\t\t\t\t\t<\/div>\n\t\t\t\t<\/div>\n\t\t\t\t<\/div>\n\t\t\t\t\t<\/div>\n\t\t\t\t<\/div>\n\t\t\t\t<\/div>","protected":false},"excerpt":{"rendered":"<p>Le coll\u00e8ge &amp; le lyc\u00e9e Les programmes enseign\u00e9s sont ceux d\u00e9finis par le minist\u00e8re fran\u00e7ais de l\u2019\u00e9ducation nationale.&nbsp; Ils sont \u00e9galement reconnus par le minist\u00e8re de l\u2019\u00e9ducation du Mont\u00e9n\u00e9gro. Le Coll\u00e8ge Le Coll\u00e8ge marque l\u2019entr\u00e9e dans l\u2019enseignement secondaire. Il se d\u00e9compose en quatre niveaux: 6\u00e8me, 5\u00e8me, 4\u00e8me et 3\u00e8me et accueille les \u00e9l\u00e8ves de 11 [&hellip;]<\/p>\n","protected":false},"author":1,"featured_media":0,"parent":25,"menu_order":0,"comment_status":"closed","ping_status":"closed","template":"","meta":{"footnotes":""},"class_list":["post-33","page","type-page","status-publish","hentry"],"_links":{"self":[{"href":"https:\/\/efep.me\/sr\/wp-json\/wp\/v2\/pages\/33","targetHints":{"allow":["GET"]}}],"collection":[{"href":"https:\/\/efep.me\/sr\/wp-json\/wp\/v2\/pages"}],"about":[{"href":"https:\/\/efep.me\/sr\/wp-json\/wp\/v2\/types\/page"}],"author":[{"embeddable":true,"href":"https:\/\/efep.me\/sr\/wp-json\/wp\/v2\/users\/1"}],"replies":[{"embeddable":true,"href":"https:\/\/efep.me\/sr\/wp-json\/wp\/v2\/comments?post=33"}],"version-history":[{"count":38,"href":"https:\/\/efep.me\/sr\/wp-json\/wp\/v2\/pages\/33\/revisions"}],"predecessor-version":[{"id":1414,"href":"https:\/\/efep.me\/sr\/wp-json\/wp\/v2\/pages\/33\/revisions\/1414"}],"up":[{"embeddable":true,"href":"https:\/\/efep.me\/sr\/wp-json\/wp\/v2\/pages\/25"}],"wp:attachment":[{"href":"https:\/\/efep.me\/sr\/wp-json\/wp\/v2\/media?parent=33"}],"curies":[{"name":"wp","href":"https:\/\/api.w.org\/{rel}","templated":true}]}}