{"id":27,"date":"2024-05-27T13:05:55","date_gmt":"2024-05-27T13:05:55","guid":{"rendered":"https:\/\/efep.im-nomade.com\/?page_id=27"},"modified":"2024-12-13T09:20:11","modified_gmt":"2024-12-13T09:20:11","slug":"maternelle","status":"publish","type":"page","link":"https:\/\/efep.me\/sr\/projet-educatif\/maternelle\/","title":{"rendered":"Vrti\u0107"},"content":{"rendered":"<div data-elementor-type=\"wp-page\" data-elementor-id=\"27\" class=\"elementor elementor-27\" data-elementor-post-type=\"page\">\n\t\t\t\t<div class=\"elementor-element elementor-element-5004359 e-flex e-con-boxed e-con e-parent\" data-id=\"5004359\" data-element_type=\"container\" data-e-type=\"container\">\n\t\t\t\t\t<div class=\"e-con-inner\">\n\t\t\t\t<div class=\"elementor-element elementor-element-ae2ea07 elementor-widget elementor-widget-heading\" data-id=\"ae2ea07\" data-element_type=\"widget\" data-e-type=\"widget\" data-widget_type=\"heading.default\">\n\t\t\t\t<div class=\"elementor-widget-container\">\n\t\t\t\t\t<h1 class=\"elementor-heading-title elementor-size-default\">Vrti\u0107<\/h1>\t\t\t\t<\/div>\n\t\t\t\t<\/div>\n\t\t\t\t<div class=\"elementor-element elementor-element-16e8bdd elementor-widget elementor-widget-text-editor\" data-id=\"16e8bdd\" data-element_type=\"widget\" data-e-type=\"widget\" data-widget_type=\"text-editor.default\">\n\t\t\t\t<div class=\"elementor-widget-container\">\n\t\t\t\t\t\t\t\t\t<p><span style=\"font-weight: 400;\">Vrti\u0107 prima djecu uzrasta od dvije i po do pet godina. Predstavlja prvi ciklus \u0161kolovanja, koji obuhvata tri grupe: malu sekciju (PS), srednju sekciju (MS) i veliku sekciju (GS). Ovo je ciklus prvih saznanja, gdje djeca otkrivaju svijet \u0161kole.<\/span><\/p>\t\t\t\t\t\t\t\t<\/div>\n\t\t\t\t<\/div>\n\t\t\t\t<div class=\"elementor-element elementor-element-68919a7 elementor-widget elementor-widget-heading\" data-id=\"68919a7\" data-element_type=\"widget\" data-e-type=\"widget\" data-widget_type=\"heading.default\">\n\t\t\t\t<div class=\"elementor-widget-container\">\n\t\t\t\t\t<h2 class=\"elementor-heading-title elementor-size-default\">Uloga vrti\u0107a u obrazovanju va\u0161eg djeteta<\/h2>\t\t\t\t<\/div>\n\t\t\t\t<\/div>\n\t\t\t\t<div class=\"elementor-element elementor-element-1491caa elementor-widget elementor-widget-text-editor\" data-id=\"1491caa\" data-element_type=\"widget\" data-e-type=\"widget\" data-widget_type=\"text-editor.default\">\n\t\t\t\t<div class=\"elementor-widget-container\">\n\t\t\t\t\t\t\t\t\t<p>Vrti\u0107 je \u0161kola za rast, u\u010denje i zajedni\u010dki uspjeh.<\/p><ul><li>Dijete u\u010di da se osamostali, da se izra\u017eava i da razvija svoju kreativnost.<\/li><li>To je \u0161kola koja njeguje pa\u017eljiv i podr\u017eavaju\u0107i pristup, gdje se u\u010denje temelji na igri, istra\u017eivanju, otkri\u0107ima i aktivnoj anga\u017eovanosti djece.<\/li><li>Dijete otkriva svijet pisanja, po\u010dinje da \u010dita, pi\u0161e i broji.<\/li><\/ul><p>\u00a0<\/p><p>Okru\u017eenje je pa\u017eljivo prilago\u0111eno, sa prostorima i opremom dizajniranim za malu djecu, \u0161kolskim aktivnostima koje po\u0161tuju njihov ritam, te prijatnim ambijentom u kojem dijete sigurno raste i razvija se.\nVrti\u0107 igra va\u017enu ulogu na putu u\u010denika ka \u0161kolskom uspjehu. Njegova osnovna misija je da podr\u017ei djecu u socijalizaciji, razvoju jezika, ljubavi prema u\u010denju, kao i u afirmaciji i razvoju njihove li\u010dnosti. Djeca svakodnevno u\u010destvuju u raznim pedago\u0161kim aktivnostima.<br \/>Vrti\u0107 igra va\u017enu ulogu na putu u\u010denika ka \u0161kolskom uspjehu. Njegova osnovna misija je da podr\u017ei djecu u socijalizaciji, razvoju jezika, ljubavi prema u\u010denju, kao i u afirmaciji i razvoju njihove li\u010dnosti. Djeca svakodnevno u\u010destvuju u raznim pedago\u0161kim aktivnostima.<\/p>\t\t\t\t\t\t\t\t<\/div>\n\t\t\t\t<\/div>\n\t\t\t\t\t<\/div>\n\t\t\t\t<\/div>\n\t\t<div class=\"elementor-element elementor-element-bfb4501 e-con-full e-flex e-con e-parent\" data-id=\"bfb4501\" data-element_type=\"container\" data-e-type=\"container\">\n\t\t<div class=\"elementor-element elementor-element-80b32ae e-con-full e-flex e-con e-child\" data-id=\"80b32ae\" data-element_type=\"container\" data-e-type=\"container\">\n\t\t\t\t<div class=\"elementor-element elementor-element-5759584 elementor-widget__width-initial elementor-widget elementor-widget-image\" data-id=\"5759584\" data-element_type=\"widget\" data-e-type=\"widget\" data-widget_type=\"image.default\">\n\t\t\t\t<div class=\"elementor-widget-container\">\n\t\t\t\t\t\t\t\t\t\t\t\t\t\t\t<img fetchpriority=\"high\" decoding=\"async\" width=\"800\" height=\"600\" src=\"https:\/\/efep.me\/wp-content\/uploads\/2024\/09\/Maternelle-4-1.jpg\" class=\"attachment-large size-large wp-image-249\" alt=\"\" srcset=\"https:\/\/efep.me\/wp-content\/uploads\/2024\/09\/Maternelle-4-1.jpg 1000w, https:\/\/efep.me\/wp-content\/uploads\/2024\/09\/Maternelle-4-1-300x225.jpg 300w, https:\/\/efep.me\/wp-content\/uploads\/2024\/09\/Maternelle-4-1-768x576.jpg 768w, https:\/\/efep.me\/wp-content\/uploads\/2024\/09\/Maternelle-4-1-16x12.jpg 16w\" sizes=\"(max-width: 800px) 100vw, 800px\" \/>\t\t\t\t\t\t\t\t\t\t\t\t\t\t\t<\/div>\n\t\t\t\t<\/div>\n\t\t\t\t<\/div>\n\t\t<div class=\"elementor-element elementor-element-2cb3c02 e-con-full e-flex e-con e-child\" data-id=\"2cb3c02\" data-element_type=\"container\" data-e-type=\"container\">\n\t\t\t\t<div class=\"elementor-element elementor-element-f951bdc elementor-widget__width-initial elementor-widget elementor-widget-image\" data-id=\"f951bdc\" data-element_type=\"widget\" data-e-type=\"widget\" data-widget_type=\"image.default\">\n\t\t\t\t<div class=\"elementor-widget-container\">\n\t\t\t\t\t\t\t\t\t\t\t\t\t\t\t<img decoding=\"async\" width=\"800\" height=\"534\" src=\"https:\/\/efep.me\/wp-content\/uploads\/2024\/09\/Prozor-u-svijet.jpg\" class=\"attachment-large size-large wp-image-177\" alt=\"\" srcset=\"https:\/\/efep.me\/wp-content\/uploads\/2024\/09\/Prozor-u-svijet.jpg 1000w, https:\/\/efep.me\/wp-content\/uploads\/2024\/09\/Prozor-u-svijet-300x200.jpg 300w, https:\/\/efep.me\/wp-content\/uploads\/2024\/09\/Prozor-u-svijet-768x512.jpg 768w, https:\/\/efep.me\/wp-content\/uploads\/2024\/09\/Prozor-u-svijet-18x12.jpg 18w\" sizes=\"(max-width: 800px) 100vw, 800px\" \/>\t\t\t\t\t\t\t\t\t\t\t\t\t\t\t<\/div>\n\t\t\t\t<\/div>\n\t\t\t\t<\/div>\n\t\t\t\t<\/div>\n\t\t<div class=\"elementor-element elementor-element-7d073d0 e-flex e-con-boxed e-con e-parent\" data-id=\"7d073d0\" data-element_type=\"container\" data-e-type=\"container\">\n\t\t\t\t\t<div class=\"e-con-inner\">\n\t\t\t\t<div class=\"elementor-element elementor-element-f64b7c5 elementor-widget elementor-widget-heading\" data-id=\"f64b7c5\" data-element_type=\"widget\" data-e-type=\"widget\" data-widget_type=\"heading.default\">\n\t\t\t\t<div class=\"elementor-widget-container\">\n\t\t\t\t\t<h2 class=\"elementor-heading-title elementor-size-default\">Druga\u010dije od zabavi\u0161ta<\/h2>\t\t\t\t<\/div>\n\t\t\t\t<\/div>\n\t\t\t\t<div class=\"elementor-element elementor-element-30fca82 elementor-widget elementor-widget-text-editor\" data-id=\"30fca82\" data-element_type=\"widget\" data-e-type=\"widget\" data-widget_type=\"text-editor.default\">\n\t\t\t\t<div class=\"elementor-widget-container\">\n\t\t\t\t\t\t\t\t\tFrancuski vrti\u0107 nije samo vrti\u0107, ovo je \u0161kola koju vode diplomirani u\u010ditelji za pred\u0161kolsko i osnovno obrazovanje do 10 godine \u017eivota djeteta. Oni nude pedago\u0161ke aktivnosti koje poma\u017eu u razvoju kognitivnih, socijalnih, emocionalnih, fizi\u010dkih i umjetni\u010dkih sposobnosti svakog djeteta, u skladu sa njegovim mogu\u0107nostima.\n\nRazred predstavlja zajednicu u kojoj postoje pravila i organizacija vremena i prostora, a djeca u\u010de da ih po\u0161tuju kako bi dan tekao nesmetano.\n\nPa\u017eljiv i uzrastu prilago\u0111en pristup omogu\u0107ava svakom djetetu da se razvija i raste na pravi na\u010din.\n\nPoha\u0111anje francuskog vrti\u0107a predstavlja va\u017ean korak za dalji nastavak \u0161kolovanja u francuskom obrazovnom sistemu.  \n\t\t\t\t\t\t\t\t<\/div>\n\t\t\t\t<\/div>\n\t\t\t\t\t<\/div>\n\t\t\t\t<\/div>\n\t\t<div class=\"elementor-element elementor-element-a784d52 e-flex e-con-boxed e-con e-parent\" data-id=\"a784d52\" data-element_type=\"container\" data-e-type=\"container\">\n\t\t\t\t\t<div class=\"e-con-inner\">\n\t\t\t\t<div class=\"elementor-element elementor-element-4e10a89 elementor-widget elementor-widget-heading\" data-id=\"4e10a89\" data-element_type=\"widget\" data-e-type=\"widget\" data-widget_type=\"heading.default\">\n\t\t\t\t<div class=\"elementor-widget-container\">\n\t\t\t\t\t<h2 class=\"elementor-heading-title elementor-size-default\">U\u010denje<\/h2>\t\t\t\t<\/div>\n\t\t\t\t<\/div>\n\t\t\t\t<div class=\"elementor-element elementor-element-3493f7b elementor-widget elementor-widget-text-editor\" data-id=\"3493f7b\" data-element_type=\"widget\" data-e-type=\"widget\" data-widget_type=\"text-editor.default\">\n\t\t\t\t<div class=\"elementor-widget-container\">\n\t\t\t\t\t\t\t\t\t<p><span style=\"font-weight: 400;\">Program pred\u0161kolske ustanove sproveden u EFEP-u zasnovan je na programu definisanom od strane Ministarstva prosvjete Republike Francuske i inspirisan je razli\u010ditim pedago\u0161kim metodama, uklju\u010duju\u0107i Montesori pedagogiju.<\/span><\/p><p><span style=\"font-weight: 400;\">Manji broj u\u010denika (do 20) omogu\u0107ava kvalitetan individualizovani pristup. U\u010diteljica, koja je Francuskinja, diplomirala je u oblasti obrazovanja djece ranog uzrasta. Pedago\u0161ka asistentkinja tako\u0111e je prisutna tokom cijelog dana u grupi kako bi pomagala djeci u njihovim svakodnevnim aktivnostima.<\/span><\/p><p><span style=\"font-weight: 400;\">U\u010denici dva puta sedmi\u010dno imaju \u010das sa nastavnicama crnogorskog i engleskog jezika, \u010dime se od najranijeg uzrasta uvodi vi\u0161ejezi\u010dni pristup.<\/span><\/p><p><strong>Nastava je organizovana u pet oblasti u\u010denja:<\/strong><\/p><ul><li style=\"font-weight: 400;\" aria-level=\"1\"><span style=\"font-weight: 400;\">Podsticanje jezika u svim njegovim dimenzijama.<\/span><\/li><li style=\"font-weight: 400;\" aria-level=\"1\"><span style=\"font-weight: 400;\">Djelovati, izra\u017eavati se i razumjeti kroz fizi\u010dke aktivnost.<\/span><\/li><li style=\"font-weight: 400;\" aria-level=\"1\"><span style=\"font-weight: 400;\">Djelovati, izra\u017eavati se i razumjeti kroz umjetnost.<\/span><\/li><li style=\"font-weight: 400;\" aria-level=\"1\"><span style=\"font-weight: 400;\">Razvijati osnovne vje\u0161tine za oblikovanje i strukturiranje mi\u0161ljenja.<\/span><\/li><li style=\"font-weight: 400;\" aria-level=\"1\"><span style=\"font-weight: 400;\">Otkriti svijet.<\/span><\/li><\/ul>\t\t\t\t\t\t\t\t<\/div>\n\t\t\t\t<\/div>\n\t\t\t\t<div class=\"elementor-element elementor-element-2d03a41 elementor-widget elementor-widget-heading\" data-id=\"2d03a41\" data-element_type=\"widget\" data-e-type=\"widget\" data-widget_type=\"heading.default\">\n\t\t\t\t<div class=\"elementor-widget-container\">\n\t\t\t\t\t<h2 class=\"elementor-heading-title elementor-size-default\">Dnevni raspored <\/h2>\t\t\t\t<\/div>\n\t\t\t\t<\/div>\n\t\t\t\t<div class=\"elementor-element elementor-element-d44d7ca elementor-widget elementor-widget-text-editor\" data-id=\"d44d7ca\" data-element_type=\"widget\" data-e-type=\"widget\" data-widget_type=\"text-editor.default\">\n\t\t\t\t<div class=\"elementor-widget-container\">\n\t\t\t\t\t\t\t\t\t<ul><li style=\"font-weight: 400;\" aria-level=\"1\"><span style=\"font-weight: 400;\">8:20 Dolazak u\u010denika, doru\u010dak\u00a0<\/span><\/li><li style=\"font-weight: 400;\" aria-level=\"1\"><span style=\"font-weight: 400;\">8:30 \u010dasovi jezi\u010dkih radionica u malim grupama<\/span><\/li><li style=\"font-weight: 400;\" aria-level=\"1\"><span style=\"font-weight: 400;\">9:15 Radionice inspirisane Montesori pedagogijom<\/span><\/li><li style=\"font-weight: 400;\" aria-level=\"1\"><span style=\"font-weight: 400;\">10:00 U\u017eina i odmor<\/span><\/li><li style=\"font-weight: 400;\" aria-level=\"1\"><span style=\"font-weight: 400;\">10:30h Motori\u010dke aktivnosti<\/span><\/li><li style=\"font-weight: 400;\" aria-level=\"1\"><span style=\"font-weight: 400;\">11:10 Grupne aktivnosti: \u010ditanje pri\u010da, pjesmice...<\/span><\/li><li style=\"font-weight: 400;\" aria-level=\"1\"><span style=\"font-weight: 400;\">11:30 Pauza za ru\u010dak: kantina i odmor<\/span><\/li><li style=\"font-weight: 400;\" aria-level=\"1\"><span style=\"font-weight: 400;\">12:45 Spavanje za malu (PS) i srednju (MS) sekciju<\/span><\/li><li style=\"font-weight: 400;\" aria-level=\"1\"><span style=\"font-weight: 400;\">13:00 Aktivnosti za srednju (MS) i veliku (GS) sekciju<\/span><\/li><li style=\"font-weight: 400;\" aria-level=\"1\"><span style=\"font-weight: 400;\">13:20 Radionice o brojevima, fonologiji, grafici, umjetnosti itd.<\/span><\/li><li style=\"font-weight: 400;\" aria-level=\"1\"><span style=\"font-weight: 400;\">14:20 Bu\u0111enje male (PS) i srednje (MS) sekcije\u00a0<\/span><\/li><li style=\"font-weight: 400;\" aria-level=\"1\"><span style=\"font-weight: 400;\">14:30 Grupna aktivnost za kraj dana: pri\u010da, pjesma...<\/span><\/li><li style=\"font-weight: 400;\" aria-level=\"1\"><span style=\"font-weight: 400;\">14:50 Priprema za odlazak ku\u0107i ili produ\u017eeni boravak<\/span><\/li><\/ul>\t\t\t\t\t\t\t\t<\/div>\n\t\t\t\t<\/div>\n\t\t\t\t\t<\/div>\n\t\t\t\t<\/div>\n\t\t<div class=\"elementor-element elementor-element-75a9d73 e-grid e-con-boxed e-con e-parent\" data-id=\"75a9d73\" data-element_type=\"container\" data-e-type=\"container\">\n\t\t\t\t\t<div class=\"e-con-inner\">\n\t\t\t\t<div class=\"elementor-element elementor-element-c457b8d elementor-widget elementor-widget-image\" data-id=\"c457b8d\" data-element_type=\"widget\" data-e-type=\"widget\" data-widget_type=\"image.default\">\n\t\t\t\t<div class=\"elementor-widget-container\">\n\t\t\t\t\t\t\t\t\t\t\t\t\t\t\t<img decoding=\"async\" width=\"1920\" height=\"2560\" src=\"https:\/\/efep.me\/wp-content\/uploads\/2024\/11\/IMG_5768-1-scaled.jpg\" class=\"attachment-full size-full wp-image-875\" alt=\"\" srcset=\"https:\/\/efep.me\/wp-content\/uploads\/2024\/11\/IMG_5768-1-scaled.jpg 1920w, https:\/\/efep.me\/wp-content\/uploads\/2024\/11\/IMG_5768-1-225x300.jpg 225w, https:\/\/efep.me\/wp-content\/uploads\/2024\/11\/IMG_5768-1-768x1024.jpg 768w, https:\/\/efep.me\/wp-content\/uploads\/2024\/11\/IMG_5768-1-1152x1536.jpg 1152w, https:\/\/efep.me\/wp-content\/uploads\/2024\/11\/IMG_5768-1-1536x2048.jpg 1536w, https:\/\/efep.me\/wp-content\/uploads\/2024\/11\/IMG_5768-1-9x12.jpg 9w\" sizes=\"(max-width: 1920px) 100vw, 1920px\" \/>\t\t\t\t\t\t\t\t\t\t\t\t\t\t\t<\/div>\n\t\t\t\t<\/div>\n\t\t\t\t<div class=\"elementor-element elementor-element-ad9d370 elementor-widget elementor-widget-image\" data-id=\"ad9d370\" data-element_type=\"widget\" data-e-type=\"widget\" data-widget_type=\"image.default\">\n\t\t\t\t<div class=\"elementor-widget-container\">\n\t\t\t\t\t\t\t\t\t\t\t\t\t\t\t<img loading=\"lazy\" decoding=\"async\" width=\"960\" height=\"1280\" src=\"https:\/\/efep.me\/wp-content\/uploads\/2024\/11\/WhatsApp-Image-2024-03-14-a-20.36.06_902aca0e.jpg\" class=\"attachment-full size-full wp-image-870\" alt=\"\" srcset=\"https:\/\/efep.me\/wp-content\/uploads\/2024\/11\/WhatsApp-Image-2024-03-14-a-20.36.06_902aca0e.jpg 960w, https:\/\/efep.me\/wp-content\/uploads\/2024\/11\/WhatsApp-Image-2024-03-14-a-20.36.06_902aca0e-225x300.jpg 225w, https:\/\/efep.me\/wp-content\/uploads\/2024\/11\/WhatsApp-Image-2024-03-14-a-20.36.06_902aca0e-768x1024.jpg 768w, https:\/\/efep.me\/wp-content\/uploads\/2024\/11\/WhatsApp-Image-2024-03-14-a-20.36.06_902aca0e-9x12.jpg 9w\" sizes=\"(max-width: 960px) 100vw, 960px\" \/>\t\t\t\t\t\t\t\t\t\t\t\t\t\t\t<\/div>\n\t\t\t\t<\/div>\n\t\t\t\t<div class=\"elementor-element elementor-element-cc1b7d6 elementor-widget elementor-widget-image\" data-id=\"cc1b7d6\" data-element_type=\"widget\" data-e-type=\"widget\" data-widget_type=\"image.default\">\n\t\t\t\t<div class=\"elementor-widget-container\">\n\t\t\t\t\t\t\t\t\t\t\t\t\t\t\t<img loading=\"lazy\" decoding=\"async\" width=\"225\" height=\"300\" src=\"https:\/\/efep.me\/wp-content\/uploads\/2024\/11\/IMG_5575-1-225x300.jpg\" class=\"attachment-medium size-medium wp-image-874\" alt=\"\" srcset=\"https:\/\/efep.me\/wp-content\/uploads\/2024\/11\/IMG_5575-1-225x300.jpg 225w, https:\/\/efep.me\/wp-content\/uploads\/2024\/11\/IMG_5575-1-768x1024.jpg 768w, https:\/\/efep.me\/wp-content\/uploads\/2024\/11\/IMG_5575-1-1152x1536.jpg 1152w, https:\/\/efep.me\/wp-content\/uploads\/2024\/11\/IMG_5575-1-1536x2048.jpg 1536w, https:\/\/efep.me\/wp-content\/uploads\/2024\/11\/IMG_5575-1-9x12.jpg 9w, https:\/\/efep.me\/wp-content\/uploads\/2024\/11\/IMG_5575-1-scaled.jpg 1920w\" sizes=\"(max-width: 225px) 100vw, 225px\" \/>\t\t\t\t\t\t\t\t\t\t\t\t\t\t\t<\/div>\n\t\t\t\t<\/div>\n\t\t\t\t\t<\/div>\n\t\t\t\t<\/div>\n\t\t\t\t<\/div>","protected":false},"excerpt":{"rendered":"<p>La maternelle La maternelle accueille les enfants de 2 ans et demi \u00e0 5 ans. Elle constitue le premier cycle de l\u2019\u00e9cole, avec trois ann\u00e9es de scolarisation qu\u2019on appelle la petite section, la moyenne section et la grande section. C\u2019est le cycle des apprentissages premiers, o\u00f9 les enfants d\u00e9couvrent le monde de l\u2019\u00e9cole. LE R\u00d4LE [&hellip;]<\/p>\n","protected":false},"author":1,"featured_media":0,"parent":25,"menu_order":0,"comment_status":"closed","ping_status":"closed","template":"","meta":{"footnotes":""},"class_list":["post-27","page","type-page","status-publish","hentry"],"_links":{"self":[{"href":"https:\/\/efep.me\/sr\/wp-json\/wp\/v2\/pages\/27","targetHints":{"allow":["GET"]}}],"collection":[{"href":"https:\/\/efep.me\/sr\/wp-json\/wp\/v2\/pages"}],"about":[{"href":"https:\/\/efep.me\/sr\/wp-json\/wp\/v2\/types\/page"}],"author":[{"embeddable":true,"href":"https:\/\/efep.me\/sr\/wp-json\/wp\/v2\/users\/1"}],"replies":[{"embeddable":true,"href":"https:\/\/efep.me\/sr\/wp-json\/wp\/v2\/comments?post=27"}],"version-history":[{"count":16,"href":"https:\/\/efep.me\/sr\/wp-json\/wp\/v2\/pages\/27\/revisions"}],"predecessor-version":[{"id":1194,"href":"https:\/\/efep.me\/sr\/wp-json\/wp\/v2\/pages\/27\/revisions\/1194"}],"up":[{"embeddable":true,"href":"https:\/\/efep.me\/sr\/wp-json\/wp\/v2\/pages\/25"}],"wp:attachment":[{"href":"https:\/\/efep.me\/sr\/wp-json\/wp\/v2\/media?parent=27"}],"curies":[{"name":"wp","href":"https:\/\/api.w.org\/{rel}","templated":true}]}}