{"id":19,"date":"2024-05-27T13:04:40","date_gmt":"2024-05-27T13:04:40","guid":{"rendered":"https:\/\/efep.im-nomade.com\/?page_id=19"},"modified":"2024-12-25T21:16:57","modified_gmt":"2024-12-25T21:16:57","slug":"statut-instances","status":"publish","type":"page","link":"https:\/\/efep.me\/sr\/notre-ecole\/statut-instances\/","title":{"rendered":"Status i instance"},"content":{"rendered":"<div data-elementor-type=\"wp-page\" data-elementor-id=\"19\" class=\"elementor elementor-19\" data-elementor-post-type=\"page\">\n\t\t\t\t<div class=\"elementor-element elementor-element-5a690d2 e-flex e-con-boxed e-con e-parent\" data-id=\"5a690d2\" data-element_type=\"container\" data-e-type=\"container\">\n\t\t\t\t\t<div class=\"e-con-inner\">\n\t\t\t\t<div class=\"elementor-element elementor-element-7441594 elementor-widget elementor-widget-text-editor\" data-id=\"7441594\" data-element_type=\"widget\" data-e-type=\"widget\" data-widget_type=\"text-editor.default\">\n\t\t\t\t<div class=\"elementor-widget-container\">\n\t\t\t\t\t\t\t\t\t<p><span style=\"font-weight: 400;\">Francuska evropska \u0161kola u Podgorici je nezavisna organizacija prema lokalnom zakonodavstvu, sa statusom privatnog obrazovnog centra.\u00a0<\/span><span style=\"font-size: 1rem;\">To je status predvi\u0111en crnogorskim zakonima, koji se primjenjuju za obrazovne organizacije i ustanove.\u00a0<\/span><\/p>\t\t\t\t\t\t\t\t<\/div>\n\t\t\t\t<\/div>\n\t\t\t\t\t<\/div>\n\t\t\t\t<\/div>\n\t\t<div class=\"elementor-element elementor-element-6502a7f e-flex e-con-boxed e-con e-parent\" data-id=\"6502a7f\" data-element_type=\"container\" data-e-type=\"container\">\n\t\t\t\t\t<div class=\"e-con-inner\">\n\t\t<div class=\"elementor-element elementor-element-7d91b8d e-con-full e-flex e-con e-child\" data-id=\"7d91b8d\" data-element_type=\"container\" data-e-type=\"container\">\n\t\t\t\t<div class=\"elementor-element elementor-element-e421bfb elementor-widget__width-initial elementor-widget elementor-widget-text-editor\" data-id=\"e421bfb\" data-element_type=\"widget\" data-e-type=\"widget\" data-widget_type=\"text-editor.default\">\n\t\t\t\t<div class=\"elementor-widget-container\">\n\t\t\t\t\t\t\t\t\t<p><span style=\"font-weight: 400;\">Osniva\u010d ovog obrazovnog centra je nevladina organizacija, <\/span>nastala 2018. godine, na inicijativu ambasade Francuske u Crnoj Gori:<\/p><p><span style=\"font-weight: 400;\">\u00a0 \u201c<strong>Prijatelji francuske evropske \u0161kole u Podgorici<\/strong>\u201d.<\/span><\/p><p><span style=\"font-weight: 400;\">Nevladinom organizacijom upravljaju zaposleni u \u0161koli, dok kao po\u010dasni \u010dlanovi u njoj djeluju ambasadorka Francuske i princ Nikola Petrovi\u0107.<\/span><\/p>\t\t\t\t\t\t\t\t<\/div>\n\t\t\t\t<\/div>\n\t\t\t\t<\/div>\n\t\t<div class=\"elementor-element elementor-element-b2bb175 e-con-full e-flex e-con e-child\" data-id=\"b2bb175\" data-element_type=\"container\" data-e-type=\"container\">\n\t\t\t\t<div class=\"elementor-element elementor-element-75ac0ed elementor-widget elementor-widget-image\" data-id=\"75ac0ed\" data-element_type=\"widget\" data-e-type=\"widget\" data-widget_type=\"image.default\">\n\t\t\t\t<div class=\"elementor-widget-container\">\n\t\t\t\t\t\t\t\t\t\t\t\t\t\t\t<img fetchpriority=\"high\" decoding=\"async\" width=\"800\" height=\"534\" src=\"https:\/\/efep.me\/wp-content\/uploads\/2024\/11\/DSC09271-1024x683.jpg\" class=\"attachment-large size-large wp-image-817\" alt=\"\" srcset=\"https:\/\/efep.me\/wp-content\/uploads\/2024\/11\/DSC09271-1024x683.jpg 1024w, https:\/\/efep.me\/wp-content\/uploads\/2024\/11\/DSC09271-300x200.jpg 300w, https:\/\/efep.me\/wp-content\/uploads\/2024\/11\/DSC09271-768x512.jpg 768w, https:\/\/efep.me\/wp-content\/uploads\/2024\/11\/DSC09271-1536x1024.jpg 1536w, https:\/\/efep.me\/wp-content\/uploads\/2024\/11\/DSC09271-2048x1366.jpg 2048w, https:\/\/efep.me\/wp-content\/uploads\/2024\/11\/DSC09271-18x12.jpg 18w\" sizes=\"(max-width: 800px) 100vw, 800px\" \/>\t\t\t\t\t\t\t\t\t\t\t\t\t\t\t<\/div>\n\t\t\t\t<\/div>\n\t\t\t\t<\/div>\n\t\t\t\t\t<\/div>\n\t\t\t\t<\/div>\n\t\t<div class=\"elementor-element elementor-element-0ad1b91 e-flex e-con-boxed e-con e-parent\" data-id=\"0ad1b91\" data-element_type=\"container\" data-e-type=\"container\">\n\t\t\t\t\t<div class=\"e-con-inner\">\n\t\t\t\t<div class=\"elementor-element elementor-element-1f706b6 elementor-widget elementor-widget-text-editor\" data-id=\"1f706b6\" data-element_type=\"widget\" data-e-type=\"widget\" data-widget_type=\"text-editor.default\">\n\t\t\t\t<div class=\"elementor-widget-container\">\n\t\t\t\t\t\t\t\t\t<p><span style=\"font-weight: 400;\">Obrazovni centar, koji je priznalo Ministarstvo prosvjete Crne Gore i koji odobrava nastavni program, posjeduje licencu Crne Gore za rad sa u\u010denicima od vrti\u0107a do srednje \u0161kole, od 2018. godine.\u00a0<\/span><\/p><p><span style=\"font-weight: 400;\">\u0160kola je tako\u0111e akreditovana od strane francuskog Ministarstva obrazovanja za rad sa u\u010denicima vrti\u0107a i osnovne \u0161kole, po\u010dev\u0161i od septembra 2023. godine.\u00a0\u00a0<\/span><\/p><p><span style=\"font-weight: 400;\">Rad ustanove zasniva se na statutima obrazovnog centra i NVO-a, koji su regulisani lokalnim zakonodavstvom.<\/span><\/p>\t\t\t\t\t\t\t\t<\/div>\n\t\t\t\t<\/div>\n\t\t\t\t<div class=\"elementor-element elementor-element-3cc15a6 elementor-widget elementor-widget-heading\" data-id=\"3cc15a6\" data-element_type=\"widget\" data-e-type=\"widget\" data-widget_type=\"heading.default\">\n\t\t\t\t<div class=\"elementor-widget-container\">\n\t\t\t\t\t<h2 class=\"elementor-heading-title elementor-size-default\">Organi upravljanja <\/h2>\t\t\t\t<\/div>\n\t\t\t\t<\/div>\n\t\t<div class=\"elementor-element elementor-element-fa76215 e-con-full e-flex e-con e-child\" data-id=\"fa76215\" data-element_type=\"container\" data-e-type=\"container\">\n\t\t\t\t<div class=\"elementor-element elementor-element-35a23a8 elementor-widget__width-initial elementor-widget elementor-widget-image\" data-id=\"35a23a8\" data-element_type=\"widget\" data-e-type=\"widget\" data-widget_type=\"image.default\">\n\t\t\t\t<div class=\"elementor-widget-container\">\n\t\t\t\t\t\t\t\t\t\t\t\t\t\t\t<img decoding=\"async\" width=\"110\" height=\"135\" src=\"https:\/\/efep.me\/wp-content\/uploads\/2024\/05\/LOGO-EFEP-PODGORICA2.png\" class=\"attachment-large size-large wp-image-159\" alt=\"\" srcset=\"https:\/\/efep.me\/wp-content\/uploads\/2024\/05\/LOGO-EFEP-PODGORICA2.png 110w, https:\/\/efep.me\/wp-content\/uploads\/2024\/05\/LOGO-EFEP-PODGORICA2-10x12.png 10w\" sizes=\"(max-width: 110px) 100vw, 110px\" \/>\t\t\t\t\t\t\t\t\t\t\t\t\t\t\t<\/div>\n\t\t\t\t<\/div>\n\t\t\t\t<div class=\"elementor-element elementor-element-2ee2bea elementor-widget elementor-widget-heading\" data-id=\"2ee2bea\" data-element_type=\"widget\" data-e-type=\"widget\" data-widget_type=\"heading.default\">\n\t\t\t\t<div class=\"elementor-widget-container\">\n\t\t\t\t\t<h6 class=\"elementor-heading-title elementor-size-default\"><strong>Generalna skup\u0161tina NVO:  <\/strong>sastaje se najmanje 2 puta godi\u0161nje.<\/h6>\t\t\t\t<\/div>\n\t\t\t\t<\/div>\n\t\t\t\t<\/div>\n\t\t<div class=\"elementor-element elementor-element-78d393a e-con-full e-flex e-con e-child\" data-id=\"78d393a\" data-element_type=\"container\" data-e-type=\"container\">\n\t\t\t\t<div class=\"elementor-element elementor-element-24e2afb elementor-widget__width-initial elementor-widget elementor-widget-image\" data-id=\"24e2afb\" data-element_type=\"widget\" data-e-type=\"widget\" data-widget_type=\"image.default\">\n\t\t\t\t<div class=\"elementor-widget-container\">\n\t\t\t\t\t\t\t\t\t\t\t\t\t\t\t<img decoding=\"async\" width=\"110\" height=\"135\" src=\"https:\/\/efep.me\/wp-content\/uploads\/2024\/05\/LOGO-EFEP-PODGORICA2.png\" class=\"attachment-large size-large wp-image-159\" alt=\"\" srcset=\"https:\/\/efep.me\/wp-content\/uploads\/2024\/05\/LOGO-EFEP-PODGORICA2.png 110w, https:\/\/efep.me\/wp-content\/uploads\/2024\/05\/LOGO-EFEP-PODGORICA2-10x12.png 10w\" sizes=\"(max-width: 110px) 100vw, 110px\" \/>\t\t\t\t\t\t\t\t\t\t\t\t\t\t\t<\/div>\n\t\t\t\t<\/div>\n\t\t\t\t<div class=\"elementor-element elementor-element-0dd4fca elementor-widget elementor-widget-heading\" data-id=\"0dd4fca\" data-element_type=\"widget\" data-e-type=\"widget\" data-widget_type=\"heading.default\">\n\t\t\t\t<div class=\"elementor-widget-container\">\n\t\t\t\t\t<h6 class=\"elementor-heading-title elementor-size-default\"><strong>Upravni odbor obrazovnog centra: <\/strong>Sastaje se nekoliko puta tokom godine, u bliskoj saradnji sa upravom \u0161kole. Odgovoran je za upravljanje ustanovom, finansijsko, pravno, socijalno pra\u0107enje, kao i za upravljanje ljudskim resursima.\n\nSastoji se od dva predstavnika osoblja, dva predstavnika roditelja, jednog \u010dlana koji predstavlja ambasadu, jednog \u010dlana koji predstavlja NVO. Direktor ustanove i njegov zamjenik u\u010destvuju na zasijedanjima ali nemaju pravo glasa. \n<\/h6>\t\t\t\t<\/div>\n\t\t\t\t<\/div>\n\t\t\t\t<\/div>\n\t\t<div class=\"elementor-element elementor-element-cc9f275 e-con-full e-flex e-con e-child\" data-id=\"cc9f275\" data-element_type=\"container\" data-e-type=\"container\">\n\t\t\t\t<div class=\"elementor-element elementor-element-662debb elementor-widget__width-initial elementor-widget elementor-widget-image\" data-id=\"662debb\" data-element_type=\"widget\" data-e-type=\"widget\" data-widget_type=\"image.default\">\n\t\t\t\t<div class=\"elementor-widget-container\">\n\t\t\t\t\t\t\t\t\t\t\t\t\t\t\t<img decoding=\"async\" width=\"110\" height=\"135\" src=\"https:\/\/efep.me\/wp-content\/uploads\/2024\/05\/LOGO-EFEP-PODGORICA2.png\" class=\"attachment-large size-large wp-image-159\" alt=\"\" srcset=\"https:\/\/efep.me\/wp-content\/uploads\/2024\/05\/LOGO-EFEP-PODGORICA2.png 110w, https:\/\/efep.me\/wp-content\/uploads\/2024\/05\/LOGO-EFEP-PODGORICA2-10x12.png 10w\" sizes=\"(max-width: 110px) 100vw, 110px\" \/>\t\t\t\t\t\t\t\t\t\t\t\t\t\t\t<\/div>\n\t\t\t\t<\/div>\n\t\t\t\t<div class=\"elementor-element elementor-element-1fbe416 elementor-widget elementor-widget-heading\" data-id=\"1fbe416\" data-element_type=\"widget\" data-e-type=\"widget\" data-widget_type=\"heading.default\">\n\t\t\t\t<div class=\"elementor-widget-container\">\n\t\t\t\t\t<h6 class=\"elementor-heading-title elementor-size-default\"><strong> \u0160kolski savjet: <\/strong>  Sastaje se tri puta godi\u0161nje i \u010dine ga svi nastavnici, predstavnici roditelja, uprava i jedan predstavnik ambasade Francuske.\n\nOvaj savjet je odgovoran za organizaciju rada \u0161kole, izradu rasporeda, ku\u0107nog reda, sprovo\u0111enje projekata, kao i pitanja higijene, bezbjednosti i sve ostale aspekte \u0161kolskog \u017eivota. \n<\/h6>\t\t\t\t<\/div>\n\t\t\t\t<\/div>\n\t\t\t\t<\/div>\n\t\t\t\t\t<\/div>\n\t\t\t\t<\/div>\n\t\t\t\t<\/div>","protected":false},"excerpt":{"rendered":"<p>L\u2019\u00e9cole fran\u00e7aise europ\u00e9enne de Podgorica est une organisation ind\u00e9pendante de droit local ayant le statut de centre \u00e9ducatif priv\u00e9.\u00a0C\u2019est un statut mont\u00e9n\u00e9grin sp\u00e9cifique aux organisations en lien avec l\u2019\u00e9ducation.\u00a0 Le fondateur de ce centre \u00e9ducatif est une ONG, cr\u00e9\u00e9e en 2018, \u00e0 l&rsquo;initiative de l&rsquo;ambassade de France: \u00a0 \u201cLes amis de l\u2019\u00e9cole fran\u00e7aise europ\u00e9enne de [&hellip;]<\/p>\n","protected":false},"author":1,"featured_media":0,"parent":8,"menu_order":0,"comment_status":"closed","ping_status":"closed","template":"","meta":{"footnotes":""},"class_list":["post-19","page","type-page","status-publish","hentry"],"_links":{"self":[{"href":"https:\/\/efep.me\/sr\/wp-json\/wp\/v2\/pages\/19","targetHints":{"allow":["GET"]}}],"collection":[{"href":"https:\/\/efep.me\/sr\/wp-json\/wp\/v2\/pages"}],"about":[{"href":"https:\/\/efep.me\/sr\/wp-json\/wp\/v2\/types\/page"}],"author":[{"embeddable":true,"href":"https:\/\/efep.me\/sr\/wp-json\/wp\/v2\/users\/1"}],"replies":[{"embeddable":true,"href":"https:\/\/efep.me\/sr\/wp-json\/wp\/v2\/comments?post=19"}],"version-history":[{"count":44,"href":"https:\/\/efep.me\/sr\/wp-json\/wp\/v2\/pages\/19\/revisions"}],"predecessor-version":[{"id":1388,"href":"https:\/\/efep.me\/sr\/wp-json\/wp\/v2\/pages\/19\/revisions\/1388"}],"up":[{"embeddable":true,"href":"https:\/\/efep.me\/sr\/wp-json\/wp\/v2\/pages\/8"}],"wp:attachment":[{"href":"https:\/\/efep.me\/sr\/wp-json\/wp\/v2\/media?parent=19"}],"curies":[{"name":"wp","href":"https:\/\/api.w.org\/{rel}","templated":true}]}}