{"id":1115,"date":"2024-12-02T13:50:28","date_gmt":"2024-12-02T13:50:28","guid":{"rendered":"https:\/\/efep.me\/?page_id=1115"},"modified":"2024-12-18T09:38:42","modified_gmt":"2024-12-18T09:38:42","slug":"nous-soutenir","status":"publish","type":"page","link":"https:\/\/efep.me\/sr\/nous-soutenir\/","title":{"rendered":"Podr\u017eite nas"},"content":{"rendered":"<div data-elementor-type=\"wp-page\" data-elementor-id=\"1115\" class=\"elementor elementor-1115\" data-elementor-post-type=\"page\">\n\t\t\t\t<div class=\"elementor-element elementor-element-a67031a e-flex e-con-boxed e-con e-parent\" data-id=\"a67031a\" data-element_type=\"container\" data-e-type=\"container\">\n\t\t\t\t\t<div class=\"e-con-inner\">\n\t\t\t\t<div class=\"elementor-element elementor-element-1d57b06 elementor-widget elementor-widget-heading\" data-id=\"1d57b06\" data-element_type=\"widget\" data-e-type=\"widget\" data-widget_type=\"heading.default\">\n\t\t\t\t<div class=\"elementor-widget-container\">\n\t\t\t\t\t<h1 class=\"elementor-heading-title elementor-size-default\">Podr\u017eite nas<\/h1>\t\t\t\t<\/div>\n\t\t\t\t<\/div>\n\t\t\t\t<div class=\"elementor-element elementor-element-b498a23 elementor-widget elementor-widget-text-editor\" data-id=\"b498a23\" data-element_type=\"widget\" data-e-type=\"widget\" data-widget_type=\"text-editor.default\">\n\t\t\t\t<div class=\"elementor-widget-container\">\n\t\t\t\t\t\t\t\t\t<p><span style=\"font-weight: 400;\">Francuska Evropska \u0161kola u Podgorici je osnovana i podr\u017eana od strane nevladine organizacije \"Prijatelji Francuske \u0161kole u Podgorici\".\u00a0<\/span><\/p><p><strong>To je neprofitna organizacija.\u00a0<\/strong><\/p><p><span style=\"font-weight: 400;\">\u00a0Kako bismo podr\u017eali razvoj \u0161kole, pobolj\u0161ali kvalitet na\u0161e infrastrukture i usluge koju pru\u017eamo porodicama, oslanjamo se i na podr\u0161ku sa strane.\u00a0<\/span><\/p><p><span style=\"font-weight: 400;\">U\u010denici i nastavnici imaju direktne koristi od donacija u vidu nove opreme, digitalnog materijala i ure\u0111enja u\u010dionica.<\/span><\/p>\t\t\t\t\t\t\t\t<\/div>\n\t\t\t\t<\/div>\n\t\t\t\t\t<\/div>\n\t\t\t\t<\/div>\n\t\t<div class=\"elementor-element elementor-element-9159655 e-flex e-con-boxed e-con e-parent\" data-id=\"9159655\" data-element_type=\"container\" data-e-type=\"container\">\n\t\t\t\t\t<div class=\"e-con-inner\">\n\t\t<div class=\"elementor-element elementor-element-6dc14a9 e-con-full e-flex e-con e-child\" data-id=\"6dc14a9\" data-element_type=\"container\" data-e-type=\"container\">\n\t\t<div class=\"elementor-element elementor-element-0f28aca e-con-full e-flex e-con e-child\" data-id=\"0f28aca\" data-element_type=\"container\" data-e-type=\"container\" data-settings=\"{&quot;background_background&quot;:&quot;classic&quot;}\">\n\t\t\t\t<div class=\"elementor-element elementor-element-73ced38 elementor-widget elementor-widget-heading\" data-id=\"73ced38\" data-element_type=\"widget\" data-e-type=\"widget\" data-widget_type=\"heading.default\">\n\t\t\t\t<div class=\"elementor-widget-container\">\n\t\t\t\t\t<h3 class=\"elementor-heading-title elementor-size-default\">Kako nas mo\u017eete podr\u017eati? <\/h3>\t\t\t\t<\/div>\n\t\t\t\t<\/div>\n\t\t\t\t<div class=\"elementor-element elementor-element-66c47db elementor-widget elementor-widget-text-editor\" data-id=\"66c47db\" data-element_type=\"widget\" data-e-type=\"widget\" data-widget_type=\"text-editor.default\">\n\t\t\t\t<div class=\"elementor-widget-container\">\n\t\t\t\t\t\t\t\t\t<p><span style=\"font-weight: 400;\">\u017delite li da nam predlo\u017eite poziv za projekat na koji bismo mogli da odgovorimo, ili da donirate (materijalno ili nov\u010dano)?\u00a0<\/span><\/p><p><span style=\"font-weight: 400;\">---- <\/span><\/p>\t\t\t\t\t\t\t\t<\/div>\n\t\t\t\t<\/div>\n\t\t\t\t<div class=\"elementor-element elementor-element-e55a349 elementor-widget elementor-widget-button\" data-id=\"e55a349\" data-element_type=\"widget\" data-e-type=\"widget\" data-widget_type=\"button.default\">\n\t\t\t\t<div class=\"elementor-widget-container\">\n\t\t\t\t\t\t\t\t\t<div class=\"elementor-button-wrapper\">\n\t\t\t\t\t<a class=\"elementor-button elementor-button-link elementor-size-sm\" href=\"https:\/\/efep.me\/sr\/informations\/contact\/\">\n\t\t\t\t\t\t<span class=\"elementor-button-content-wrapper\">\n\t\t\t\t\t\t\t\t\t<span class=\"elementor-button-text\">Kontaktirajte nas<\/span>\n\t\t\t\t\t<\/span>\n\t\t\t\t\t<\/a>\n\t\t\t\t<\/div>\n\t\t\t\t\t\t\t\t<\/div>\n\t\t\t\t<\/div>\n\t\t\t\t<\/div>\n\t\t\t\t<\/div>\n\t\t\t\t\t<\/div>\n\t\t\t\t<\/div>\n\t\t<div class=\"elementor-element elementor-element-ac5ab9a e-flex e-con-boxed e-con e-parent\" data-id=\"ac5ab9a\" data-element_type=\"container\" data-e-type=\"container\">\n\t\t\t\t\t<div class=\"e-con-inner\">\n\t\t<div class=\"elementor-element elementor-element-518b223 e-con-full e-flex e-con e-child\" data-id=\"518b223\" data-element_type=\"container\" data-e-type=\"container\">\n\t\t\t\t<div class=\"elementor-element elementor-element-bcdb64e elementor-widget elementor-widget-heading\" data-id=\"bcdb64e\" data-element_type=\"widget\" data-e-type=\"widget\" data-widget_type=\"heading.default\">\n\t\t\t\t<div class=\"elementor-widget-container\">\n\t\t\t\t\t<h2 class=\"elementor-heading-title elementor-size-default\">Ko nas je ve\u0107 podr\u017eao?  <\/h2>\t\t\t\t<\/div>\n\t\t\t\t<\/div>\n\t\t\t\t<div class=\"elementor-element elementor-element-5c5390b elementor-widget elementor-widget-text-editor\" data-id=\"5c5390b\" data-element_type=\"widget\" data-e-type=\"widget\" data-widget_type=\"text-editor.default\">\n\t\t\t\t<div class=\"elementor-widget-container\">\n\t\t\t\t\t\t\t\t\t<p><span style=\"font-weight: 400;\"><strong>2018:<\/strong> Firma Valgo: prva oprema za \u0161kolu i njeno otvaranje<\/span><\/p><p><span style=\"font-weight: 400;\"><strong>2020-2021:<\/strong> Mre\u017ea \u0161kola Scoale Mundi i njen predsjednik Jean- Fran\u00e7ois Le Roch<\/span><\/p><p><span style=\"font-weight: 400;\"><strong>2022:<\/strong> Crowdfunding kampanja: dobrovoljne nov\u010dane donacije za prikupljanje pedago\u0161kog materijala<\/span><\/p><p><span style=\"font-weight: 400;\"><strong>2023:<\/strong> Subvencija francuske vlade (STAFE): razvoj biblioteke<\/span><\/p><p><span style=\"font-weight: 400;\"><strong>2024:<\/strong> Subvencija AEFE: razvoj sportske infrastrukture, digitalne opreme, bezbjednosti itd.<\/span><\/p><p><span style=\"font-weight: 400;\"><strong>2024:<\/strong> Subvencija AEFE: Projekat eko-\u0161kole\u00a0<\/span><\/p><p><span style=\"font-weight: 400;\"><strong>2024:<\/strong> Subvencija Vlade Rumunije (RoAid): nabavka digitalne i eko opreme<\/span><\/p>\t\t\t\t\t\t\t\t<\/div>\n\t\t\t\t<\/div>\n\t\t\t\t<\/div>\n\t\t<div class=\"elementor-element elementor-element-150acb4 e-con-full e-flex e-con e-child\" data-id=\"150acb4\" data-element_type=\"container\" data-e-type=\"container\">\n\t\t\t\t<div class=\"elementor-element elementor-element-8fb2679 elementor-widget elementor-widget-image\" data-id=\"8fb2679\" data-element_type=\"widget\" data-e-type=\"widget\" data-widget_type=\"image.default\">\n\t\t\t\t<div class=\"elementor-widget-container\">\n\t\t\t\t\t\t\t\t\t\t\t\t\t\t\t<img fetchpriority=\"high\" decoding=\"async\" width=\"730\" height=\"402\" src=\"https:\/\/efep.me\/wp-content\/uploads\/2024\/12\/Capture-decran-2024-12-02-145209.png\" class=\"attachment-full size-full wp-image-1117\" alt=\"\" srcset=\"https:\/\/efep.me\/wp-content\/uploads\/2024\/12\/Capture-decran-2024-12-02-145209.png 730w, https:\/\/efep.me\/wp-content\/uploads\/2024\/12\/Capture-decran-2024-12-02-145209-300x165.png 300w, https:\/\/efep.me\/wp-content\/uploads\/2024\/12\/Capture-decran-2024-12-02-145209-18x10.png 18w\" sizes=\"(max-width: 730px) 100vw, 730px\" \/>\t\t\t\t\t\t\t\t\t\t\t\t\t\t\t<\/div>\n\t\t\t\t<\/div>\n\t\t\t\t<\/div>\n\t\t\t\t\t<\/div>\n\t\t\t\t<\/div>\n\t\t\t\t<\/div>","protected":false},"excerpt":{"rendered":"<p>Nous soutenir L\u2019Ecole Fran\u00e7aise Europ\u00e9enne de Podgorica est port\u00e9e par une ONG.\u00a0 C\u2019est une organisation \u00e0 but non lucratif.\u00a0 \u00a0Pour soutenir son d\u00e9veloppement, am\u00e9liorer la qualit\u00e9 de nos infrastructures et les services rendus aux familles,\u00a0 nous nous appuyons sur des soutiens ext\u00e9rieurs.\u00a0 Les enfants b\u00e9n\u00e9ficient directement des dons r\u00e9colt\u00e9s sous la forme de nouveaux \u00e9quipements, [&hellip;]<\/p>\n","protected":false},"author":1,"featured_media":0,"parent":0,"menu_order":0,"comment_status":"closed","ping_status":"closed","template":"","meta":{"footnotes":""},"class_list":["post-1115","page","type-page","status-publish","hentry"],"_links":{"self":[{"href":"https:\/\/efep.me\/sr\/wp-json\/wp\/v2\/pages\/1115","targetHints":{"allow":["GET"]}}],"collection":[{"href":"https:\/\/efep.me\/sr\/wp-json\/wp\/v2\/pages"}],"about":[{"href":"https:\/\/efep.me\/sr\/wp-json\/wp\/v2\/types\/page"}],"author":[{"embeddable":true,"href":"https:\/\/efep.me\/sr\/wp-json\/wp\/v2\/users\/1"}],"replies":[{"embeddable":true,"href":"https:\/\/efep.me\/sr\/wp-json\/wp\/v2\/comments?post=1115"}],"version-history":[{"count":10,"href":"https:\/\/efep.me\/sr\/wp-json\/wp\/v2\/pages\/1115\/revisions"}],"predecessor-version":[{"id":1364,"href":"https:\/\/efep.me\/sr\/wp-json\/wp\/v2\/pages\/1115\/revisions\/1364"}],"wp:attachment":[{"href":"https:\/\/efep.me\/sr\/wp-json\/wp\/v2\/media?parent=1115"}],"curies":[{"name":"wp","href":"https:\/\/api.w.org\/{rel}","templated":true}]}}