{"id":11,"date":"2024-05-27T13:03:46","date_gmt":"2024-05-27T13:03:46","guid":{"rendered":"https:\/\/efep.im-nomade.com\/?page_id=11"},"modified":"2024-12-16T11:43:20","modified_gmt":"2024-12-16T11:43:20","slug":"qui-sommes-nous","status":"publish","type":"page","link":"https:\/\/efep.me\/sr\/notre-ecole\/qui-sommes-nous\/","title":{"rendered":"Ko smo mi?"},"content":{"rendered":"<div data-elementor-type=\"wp-page\" data-elementor-id=\"11\" class=\"elementor elementor-11\" data-elementor-post-type=\"page\">\n\t\t\t\t<div class=\"elementor-element elementor-element-eb3c70c e-flex e-con-boxed e-con e-parent\" data-id=\"eb3c70c\" data-element_type=\"container\" data-e-type=\"container\">\n\t\t\t\t\t<div class=\"e-con-inner\">\n\t\t\t\t<div class=\"elementor-element elementor-element-35640bbd elementor-widget elementor-widget-heading\" data-id=\"35640bbd\" data-element_type=\"widget\" data-e-type=\"widget\" data-widget_type=\"heading.default\">\n\t\t\t\t<div class=\"elementor-widget-container\">\n\t\t\t\t\t<h1 class=\"elementor-heading-title elementor-size-default\">Ko smo mi? <\/h1>\t\t\t\t<\/div>\n\t\t\t\t<\/div>\n\t\t\t\t\t<\/div>\n\t\t\t\t<\/div>\n\t\t<div class=\"elementor-element elementor-element-7969a413 e-flex e-con-boxed e-con e-parent\" data-id=\"7969a413\" data-element_type=\"container\" data-e-type=\"container\">\n\t\t\t\t\t<div class=\"e-con-inner\">\n\t\t<div class=\"elementor-element elementor-element-608f2797 e-con-full e-flex e-con e-child\" data-id=\"608f2797\" data-element_type=\"container\" data-e-type=\"container\">\n\t\t<div class=\"elementor-element elementor-element-33678343 e-con-full e-flex e-con e-child\" data-id=\"33678343\" data-element_type=\"container\" data-e-type=\"container\">\n\t\t\t\t<div class=\"elementor-element elementor-element-7d5c7ca7 elementor-widget elementor-widget-heading\" data-id=\"7d5c7ca7\" data-element_type=\"widget\" data-e-type=\"widget\" data-widget_type=\"heading.default\">\n\t\t\t\t<div class=\"elementor-widget-container\">\n\t\t\t\t\t<h2 class=\"elementor-heading-title elementor-size-default\">Internacionalna \u0161kola\n<\/h2>\t\t\t\t<\/div>\n\t\t\t\t<\/div>\n\t\t\t\t<div class=\"elementor-element elementor-element-15d1f074 elementor-widget__width-initial elementor-widget elementor-widget-text-editor\" data-id=\"15d1f074\" data-element_type=\"widget\" data-e-type=\"widget\" data-widget_type=\"text-editor.default\">\n\t\t\t\t<div class=\"elementor-widget-container\">\n\t\t\t\t\t\t\t\t\t<p><span style=\"font-weight: 400;\">Primamo djecu svih nacionalnosti, uzrasta od 2 i po do 18 godina, s prilago\u0111enim programima za u\u010denike koji ne govore francuski jezik, uzrasta od 6 do 11 godina. Oko 80% na\u0161ih u\u010denika ne govori  francuski kao maternji jezik, \u0161to doprinosi raznolikosti kultura i jezika, stvaraju\u0107i posebno bogato i inspirativno me\u0111unarodno okru\u017eenje za u\u010denje i razvoj.\u00a0\u00a0<\/span><\/p><p><span style=\"font-weight: 400;\">Glavni jezik u obrazovanju je francuski, ali od vrti\u0107a va\u017enu ulogu imaju i engleski i crnogorski jezik. Tokom \u0161kolovanja, u\u010denici razvijaju sposobnost da razmi\u0161ljaju, komuniciraju i rade na ova tri jezika u razli\u010ditim oblastima.\u00a0<\/span><\/p><p><strong>Realizuju se posebni projekti koji podsti\u010du otvorenost prema me\u0111unarodnoj zajednici.<\/strong><\/p>\t\t\t\t\t\t\t\t<\/div>\n\t\t\t\t<\/div>\n\t\t\t\t<\/div>\n\t\t\t\t<div class=\"elementor-element elementor-element-1e36fc3e elementor-widget__width-initial elementor-widget elementor-widget-image\" data-id=\"1e36fc3e\" data-element_type=\"widget\" data-e-type=\"widget\" data-widget_type=\"image.default\">\n\t\t\t\t<div class=\"elementor-widget-container\">\n\t\t\t\t\t\t\t\t\t\t\t\t\t\t\t<img fetchpriority=\"high\" decoding=\"async\" width=\"800\" height=\"942\" src=\"https:\/\/efep.me\/wp-content\/uploads\/2024\/11\/WhatsApp-Image-2024-11-24-a-15.46.09_2204528d-870x1024.jpg\" class=\"attachment-large size-large wp-image-779\" alt=\"\" srcset=\"https:\/\/efep.me\/wp-content\/uploads\/2024\/11\/WhatsApp-Image-2024-11-24-a-15.46.09_2204528d-870x1024.jpg 870w, https:\/\/efep.me\/wp-content\/uploads\/2024\/11\/WhatsApp-Image-2024-11-24-a-15.46.09_2204528d-255x300.jpg 255w, https:\/\/efep.me\/wp-content\/uploads\/2024\/11\/WhatsApp-Image-2024-11-24-a-15.46.09_2204528d-768x904.jpg 768w, https:\/\/efep.me\/wp-content\/uploads\/2024\/11\/WhatsApp-Image-2024-11-24-a-15.46.09_2204528d-10x12.jpg 10w, https:\/\/efep.me\/wp-content\/uploads\/2024\/11\/WhatsApp-Image-2024-11-24-a-15.46.09_2204528d.jpg 1127w\" sizes=\"(max-width: 800px) 100vw, 800px\" \/>\t\t\t\t\t\t\t\t\t\t\t\t\t\t\t<\/div>\n\t\t\t\t<\/div>\n\t\t\t\t<\/div>\n\t\t<div class=\"elementor-element elementor-element-293d77f9 e-con-full e-flex e-con e-child\" data-id=\"293d77f9\" data-element_type=\"container\" data-e-type=\"container\">\n\t\t\t\t<div class=\"elementor-element elementor-element-2578f3b2 elementor-widget__width-initial elementor-widget elementor-widget-image\" data-id=\"2578f3b2\" data-element_type=\"widget\" data-e-type=\"widget\" data-widget_type=\"image.default\">\n\t\t\t\t<div class=\"elementor-widget-container\">\n\t\t\t\t\t\t\t\t\t\t\t\t\t\t\t<img decoding=\"async\" width=\"768\" height=\"1024\" src=\"https:\/\/efep.me\/wp-content\/uploads\/2024\/11\/IMG-20220114-WA0011.jpg\" class=\"attachment-large size-large wp-image-780\" alt=\"\" srcset=\"https:\/\/efep.me\/wp-content\/uploads\/2024\/11\/IMG-20220114-WA0011.jpg 768w, https:\/\/efep.me\/wp-content\/uploads\/2024\/11\/IMG-20220114-WA0011-225x300.jpg 225w, https:\/\/efep.me\/wp-content\/uploads\/2024\/11\/IMG-20220114-WA0011-9x12.jpg 9w\" sizes=\"(max-width: 768px) 100vw, 768px\" \/>\t\t\t\t\t\t\t\t\t\t\t\t\t\t\t<\/div>\n\t\t\t\t<\/div>\n\t\t<div class=\"elementor-element elementor-element-7e214a72 e-con-full e-flex e-con e-child\" data-id=\"7e214a72\" data-element_type=\"container\" data-e-type=\"container\">\n\t\t\t\t<div class=\"elementor-element elementor-element-6478529b elementor-widget elementor-widget-heading\" data-id=\"6478529b\" data-element_type=\"widget\" data-e-type=\"widget\" data-widget_type=\"heading.default\">\n\t\t\t\t<div class=\"elementor-widget-container\">\n\t\t\t\t\t<h2 class=\"elementor-heading-title elementor-size-default\">Francuska evropska \u0161kola u Crnoj Gori<\/h2>\t\t\t\t<\/div>\n\t\t\t\t<\/div>\n\t\t\t\t<div class=\"elementor-element elementor-element-20f4b145 elementor-widget elementor-widget-text-editor\" data-id=\"20f4b145\" data-element_type=\"widget\" data-e-type=\"widget\" data-widget_type=\"text-editor.default\">\n\t\t\t\t<div class=\"elementor-widget-container\">\n\t\t\t\t\t\t\t\t\t<p><span style=\"font-weight: 400;\">Na\u0161a \u0161kola od 2018. godine posjeduje licencu koju izdaje Ministarstvo prosvjete Crne Gore, a od 2023. godine i akreditaciju koju izdaje francusko Ministarstvo obrazovanja. Time je na\u0161a \u0161kola postala dio mre\u017ee francuskih obrazovnih ustanova u inostranstvu, koje koordinira AEFE.\u00a0<\/span><\/p><p><span style=\"font-weight: 400;\">Programi koji se predaju na svim nivoima u skladu su s programima francuskog Ministarstva obrazovanja i priznati su od strane Ministarstva prosvjete Crne Gore.\u00a0<\/span><\/p><p><span style=\"font-weight: 400;\">Sa 26 sati nastave sedmi\u010dno, program pru\u017ea multidisciplinarni pristup koji omogu\u0107ava razvoj vje\u0161tina u brojnim oblastima (poznavanje jezika, strani jezici, matematika, prirodne nauke, istorija i geografija, umjetnost, muzika, sport).<\/span><\/p><p><span style=\"font-weight: 400;\">Program omogu\u0107ava polaganje male i velike mature koje su me\u0111unarodno priznate.\u00a0<\/span><\/p>\t\t\t\t\t\t\t\t<\/div>\n\t\t\t\t<\/div>\n\t\t\t\t<\/div>\n\t\t\t\t<\/div>\n\t\t\t\t\t<\/div>\n\t\t\t\t<\/div>\n\t\t<div class=\"elementor-element elementor-element-2c8ccfd2 e-flex e-con-boxed e-con e-parent\" data-id=\"2c8ccfd2\" data-element_type=\"container\" data-e-type=\"container\">\n\t\t\t\t\t<div class=\"e-con-inner\">\n\t\t<div class=\"elementor-element elementor-element-972f800 e-con-full e-flex e-con e-child\" data-id=\"972f800\" data-element_type=\"container\" data-e-type=\"container\">\n\t\t\t\t<div class=\"elementor-element elementor-element-5bb7e1ed elementor-widget elementor-widget-heading\" data-id=\"5bb7e1ed\" data-element_type=\"widget\" data-e-type=\"widget\" data-widget_type=\"heading.default\">\n\t\t\t\t<div class=\"elementor-widget-container\">\n\t\t\t\t\t<h2 class=\"elementor-heading-title elementor-size-default\">Kvalifikovan, internacionalni i profesionalni tim\n<\/h2>\t\t\t\t<\/div>\n\t\t\t\t<\/div>\n\t\t\t\t<div class=\"elementor-element elementor-element-7d6d957 elementor-widget elementor-widget-text-editor\" data-id=\"7d6d957\" data-element_type=\"widget\" data-e-type=\"widget\" data-widget_type=\"text-editor.default\">\n\t\t\t\t<div class=\"elementor-widget-container\">\n\t\t\t\t\t\t\t\t\t<p><span style=\"font-weight: 400;\">Da bi podr\u017eali va\u0161u djecu u motivi\u0161u\u0107oj i pa\u017eljivoj atmosferi, tim kvalifikovanih nastavnika ula\u017ee trud svaki dan kako bi osigurao uspjeh svih u\u010denika.<\/span><\/p>\t\t\t\t\t\t\t\t<\/div>\n\t\t\t\t<\/div>\n\t\t\t\t<\/div>\n\t\t\t\t<div class=\"elementor-element elementor-element-5c5201d6 elementor-widget__width-initial elementor-widget-mobile__width-initial elementor-widget elementor-widget-image\" data-id=\"5c5201d6\" data-element_type=\"widget\" data-e-type=\"widget\" data-widget_type=\"image.default\">\n\t\t\t\t<div class=\"elementor-widget-container\">\n\t\t\t\t\t\t\t\t\t\t\t\t\t\t\t<img decoding=\"async\" width=\"800\" height=\"600\" src=\"https:\/\/efep.me\/wp-content\/uploads\/2024\/11\/Maternelle-4-1.jpg\" class=\"attachment-large size-large wp-image-781\" alt=\"\" srcset=\"https:\/\/efep.me\/wp-content\/uploads\/2024\/11\/Maternelle-4-1.jpg 1000w, https:\/\/efep.me\/wp-content\/uploads\/2024\/11\/Maternelle-4-1-300x225.jpg 300w, https:\/\/efep.me\/wp-content\/uploads\/2024\/11\/Maternelle-4-1-768x576.jpg 768w, https:\/\/efep.me\/wp-content\/uploads\/2024\/11\/Maternelle-4-1-16x12.jpg 16w\" sizes=\"(max-width: 800px) 100vw, 800px\" \/>\t\t\t\t\t\t\t\t\t\t\t\t\t\t\t<\/div>\n\t\t\t\t<\/div>\n\t\t\t\t\t<\/div>\n\t\t\t\t<\/div>\n\t\t<div class=\"elementor-element elementor-element-632a4e5d e-flex e-con-boxed e-con e-parent\" data-id=\"632a4e5d\" data-element_type=\"container\" data-e-type=\"container\">\n\t\t\t\t\t<div class=\"e-con-inner\">\n\t\t<div class=\"elementor-element elementor-element-70df050a e-con-full e-flex e-con e-child\" data-id=\"70df050a\" data-element_type=\"container\" data-e-type=\"container\">\n\t\t\t\t<div class=\"elementor-element elementor-element-54c4eb9d elementor-widget elementor-widget-heading\" data-id=\"54c4eb9d\" data-element_type=\"widget\" data-e-type=\"widget\" data-widget_type=\"heading.default\">\n\t\t\t\t<div class=\"elementor-widget-container\">\n\t\t\t\t\t<h2 class=\"elementor-heading-title elementor-size-default\">Struktura po mjeri u\u010denika\n<\/h2>\t\t\t\t<\/div>\n\t\t\t\t<\/div>\n\t\t\t\t<div class=\"elementor-element elementor-element-77a53168 elementor-widget__width-initial elementor-widget elementor-widget-text-editor\" data-id=\"77a53168\" data-element_type=\"widget\" data-e-type=\"widget\" data-widget_type=\"text-editor.default\">\n\t\t\t\t<div class=\"elementor-widget-container\">\n\t\t\t\t\t\t\t\t\t<p><span style=\"font-weight: 400;\">Odjeljenja, od vrti\u0107a do gimnazije, koja ograni\u010davamo na 20 u\u010denika po grupi, kao i prostorijama prilago\u0111enim svakom uzrastu, na\u0161a \u0161kola omogu\u0107ava stvaranje prijatne atmosfere u kojoj svaki u\u010denik nalazi svoje mjesto i osje\u0107a podr\u0161ku.<\/span><\/p><p><span style=\"font-weight: 400;\">Dobrobit cijele obrazovne zajednice je u sredi\u0161tu na\u0161ih briga, jer smo uvjereni da je to jedan od klju\u010dnih faktora koji \u0107e omogu\u0107iti svakom djetetu da razvije svoj maksimalni potencijal.\u00a0\u00a0<\/span><\/p>\t\t\t\t\t\t\t\t<\/div>\n\t\t\t\t<\/div>\n\t\t\t\t<\/div>\n\t\t\t\t<div class=\"elementor-element elementor-element-7ea0d3c7 elementor-widget__width-initial elementor-widget-mobile__width-initial elementor-widget elementor-widget-image\" data-id=\"7ea0d3c7\" data-element_type=\"widget\" data-e-type=\"widget\" data-widget_type=\"image.default\">\n\t\t\t\t<div class=\"elementor-widget-container\">\n\t\t\t\t\t\t\t\t\t\t\t\t\t\t\t<img loading=\"lazy\" decoding=\"async\" width=\"800\" height=\"534\" src=\"https:\/\/efep.me\/wp-content\/uploads\/2024\/11\/DSC02128-1024x683.jpg\" class=\"attachment-large size-large wp-image-892\" alt=\"\" srcset=\"https:\/\/efep.me\/wp-content\/uploads\/2024\/11\/DSC02128-1024x683.jpg 1024w, https:\/\/efep.me\/wp-content\/uploads\/2024\/11\/DSC02128-300x200.jpg 300w, https:\/\/efep.me\/wp-content\/uploads\/2024\/11\/DSC02128-768x512.jpg 768w, https:\/\/efep.me\/wp-content\/uploads\/2024\/11\/DSC02128-1536x1024.jpg 1536w, https:\/\/efep.me\/wp-content\/uploads\/2024\/11\/DSC02128-2048x1365.jpg 2048w, https:\/\/efep.me\/wp-content\/uploads\/2024\/11\/DSC02128-18x12.jpg 18w\" sizes=\"(max-width: 800px) 100vw, 800px\" \/>\t\t\t\t\t\t\t\t\t\t\t\t\t\t\t<\/div>\n\t\t\t\t<\/div>\n\t\t\t\t\t<\/div>\n\t\t\t\t<\/div>\n\t\t<div class=\"elementor-element elementor-element-f505e10 e-flex e-con-boxed e-con e-parent\" data-id=\"f505e10\" data-element_type=\"container\" data-e-type=\"container\">\n\t\t\t\t\t<div class=\"e-con-inner\">\n\t\t\t\t<div class=\"elementor-element elementor-element-4dcf183f elementor-widget elementor-widget-heading\" data-id=\"4dcf183f\" data-element_type=\"widget\" data-e-type=\"widget\" data-widget_type=\"heading.default\">\n\t\t\t\t<div class=\"elementor-widget-container\">\n\t\t\t\t\t<h2 class=\"elementor-heading-title elementor-size-default\">Na\u0161e obaveze<\/h2>\t\t\t\t<\/div>\n\t\t\t\t<\/div>\n\t\t\t\t<div class=\"elementor-element elementor-element-4dcb743 elementor-widget elementor-widget-text-editor\" data-id=\"4dcb743\" data-element_type=\"widget\" data-e-type=\"widget\" data-widget_type=\"text-editor.default\">\n\t\t\t\t<div class=\"elementor-widget-container\">\n\t\t\t\t\t\t\t\t\t<ul><li><span style=\"font-weight: 400;\"><strong>Sveobuhvatan put obrazovanja:<\/strong> Obrazovanje po\u010dinje ve\u0107 sa 2 i po godine i traje sve do zavr\u0161etka gimnazije, pru\u017eaju\u0107i podr\u0161ku svakom djetetu tokom cijelog \u0161kolovanja.<\/span><\/li><li><span style=\"font-weight: 400;\"><strong>Razne metode:<\/strong> Da bi u\u010denik postao aktivni u\u010desnik svog obrazovnog procesa, razvijaju\u0107i odgovornost, samostalnost, saradnju i upornost, individualna podr\u0161ka ima za cilj li\u010dni razvoj i postizanje izvrsnosti.<\/span><\/li><li><strong>Vrijednosti:<\/strong> Jednakost, sekularizam, inkluzija, razvoj kriti\u010dkog razmi\u0161ljanja.<\/li><li><span style=\"font-weight: 400;\"><strong>Otvorenost i pa\u017enja:<\/strong> Prema sebi, kako bi se bolje upoznao; prema vr\u0161njacima, za zajedni\u010dki \u017eivot i izgradnju pozitivnih odnosa; prema obrazovnoj zajednici, za uspostavljanje veza sa roditeljima i lokalnim partnerskim strukturama; kao i prema svijetu i njegovoj raznolikosti, kroz me\u0111unarodne projekte.<\/span><\/li><li><span style=\"font-weight: 400;\"><strong>Vi\u0161ejezi\u010dnost:<\/strong> Obrazovni put uz vi\u0161e jezika, gdje se jezici me\u0111usobno dopunjuju, postaju alati za razmi\u0161ljanje, uz sertifikate koji potvr\u0111uju ste\u010dene vje\u0161tine.<\/span><\/li><li><span style=\"font-weight: 400;\"><strong>\u017divotna sredina i odr\u017eivi razvoj:<\/strong> Integracija u svakodnevni \u017eivot pitanja koja se ti\u010du \u017eivotne sredine: upoznavanje sa sopstvenim okru\u017eenjem, po\u0161tovanje tog prostora, razumijevanje problema i sprovo\u0111enje praksi koje \u0107e oblikovati budu\u0107e gra\u0111ane.<\/span><\/li><li><span style=\"font-weight: 400;\"><strong>\u0160kola prije svega:<\/strong> Pod okriljem neprofitne organizacije, sr\u017e na\u0161eg projekta je posve\u0107ena obrazovanju. Svi resursi na\u0161e ustanove ula\u017eu se u va\u0161u djecu, kako bismo im pru\u017eili podr\u0161ku i osigurali najbolji mogu\u0107i razvoj, svakog dana \u2013 od vrti\u0107a pa sve do mature.<\/span><\/li><\/ul>\t\t\t\t\t\t\t\t<\/div>\n\t\t\t\t<\/div>\n\t\t\t\t\t<\/div>\n\t\t\t\t<\/div>\n\t\t\t\t<\/div>","protected":false},"excerpt":{"rendered":"<p>Qui sommes-nous? Une \u00e9cole internationale Nous accueillons toutes les nationalit\u00e9s de 3 \u00e0 18 ans avec des parcours adapt\u00e9s pour int\u00e9grer les \u00e9l\u00e8ves non francophones de 6 \u00e0 11 ans. Environ 80% des el\u00e8ves accueillis n&rsquo;ont pas le fran\u00e7ais comme la langue maternelle, cela repr\u00e9sente une diversit\u00e9 de cultures et de langues cr\u00e9ant un environnement [&hellip;]<\/p>\n","protected":false},"author":1,"featured_media":0,"parent":8,"menu_order":0,"comment_status":"closed","ping_status":"closed","template":"","meta":{"footnotes":""},"class_list":["post-11","page","type-page","status-publish","hentry"],"_links":{"self":[{"href":"https:\/\/efep.me\/sr\/wp-json\/wp\/v2\/pages\/11","targetHints":{"allow":["GET"]}}],"collection":[{"href":"https:\/\/efep.me\/sr\/wp-json\/wp\/v2\/pages"}],"about":[{"href":"https:\/\/efep.me\/sr\/wp-json\/wp\/v2\/types\/page"}],"author":[{"embeddable":true,"href":"https:\/\/efep.me\/sr\/wp-json\/wp\/v2\/users\/1"}],"replies":[{"embeddable":true,"href":"https:\/\/efep.me\/sr\/wp-json\/wp\/v2\/comments?post=11"}],"version-history":[{"count":28,"href":"https:\/\/efep.me\/sr\/wp-json\/wp\/v2\/pages\/11\/revisions"}],"predecessor-version":[{"id":1288,"href":"https:\/\/efep.me\/sr\/wp-json\/wp\/v2\/pages\/11\/revisions\/1288"}],"up":[{"embeddable":true,"href":"https:\/\/efep.me\/sr\/wp-json\/wp\/v2\/pages\/8"}],"wp:attachment":[{"href":"https:\/\/efep.me\/sr\/wp-json\/wp\/v2\/media?parent=11"}],"curies":[{"name":"wp","href":"https:\/\/api.w.org\/{rel}","templated":true}]}}