{"id":1090,"date":"2024-12-02T13:06:48","date_gmt":"2024-12-02T13:06:48","guid":{"rendered":"https:\/\/efep.me\/?page_id=1090"},"modified":"2024-12-18T09:11:46","modified_gmt":"2024-12-18T09:11:46","slug":"inclusion-lutte-contre-le-harcelement","status":"publish","type":"page","link":"https:\/\/efep.me\/sr\/inclusion-lutte-contre-le-harcelement\/","title":{"rendered":"Inkluzija i borba protiv nasilja"},"content":{"rendered":"\t\t<div data-elementor-type=\"wp-page\" data-elementor-id=\"1090\" class=\"elementor elementor-1090\" data-elementor-post-type=\"page\">\n\t\t\t\t<div class=\"elementor-element elementor-element-d82025e e-flex e-con-boxed e-con e-parent\" data-id=\"d82025e\" data-element_type=\"container\" data-e-type=\"container\">\n\t\t\t\t\t<div class=\"e-con-inner\">\n\t\t\t\t<div class=\"elementor-element elementor-element-c9f8c3d elementor-widget elementor-widget-heading\" data-id=\"c9f8c3d\" data-element_type=\"widget\" data-e-type=\"widget\" data-widget_type=\"heading.default\">\n\t\t\t\t<div class=\"elementor-widget-container\">\n\t\t\t\t\t<h1 class=\"elementor-heading-title elementor-size-default\">Inclusion &amp; lutte contre le harc\u00e8lement<\/h1>\t\t\t\t<\/div>\n\t\t\t\t<\/div>\n\t\t\t\t<div class=\"elementor-element elementor-element-23ae73b elementor-widget elementor-widget-heading\" data-id=\"23ae73b\" data-element_type=\"widget\" data-e-type=\"widget\" data-widget_type=\"heading.default\">\n\t\t\t\t<div class=\"elementor-widget-container\">\n\t\t\t\t\t<h2 class=\"elementor-heading-title elementor-size-default\">L\u2019\u00c9cole Fran\u00e7aise europ\u00e9enne de Podgorica est une \u00e9cole inclusive.<\/h2>\t\t\t\t<\/div>\n\t\t\t\t<\/div>\n\t\t\t\t\t<\/div>\n\t\t\t\t<\/div>\n\t\t<div class=\"elementor-element elementor-element-70e3f33 e-flex e-con-boxed e-con e-parent\" data-id=\"70e3f33\" data-element_type=\"container\" data-e-type=\"container\">\n\t\t\t\t\t<div class=\"e-con-inner\">\n\t\t\t\t<div class=\"elementor-element elementor-element-7262ee3 elementor-widget elementor-widget-text-editor\" data-id=\"7262ee3\" data-element_type=\"widget\" data-e-type=\"widget\" data-widget_type=\"text-editor.default\">\n\t\t\t\t<div class=\"elementor-widget-container\">\n\t\t\t\t\t\t\t\t\t<p><span style=\"font-weight: 400;\">Nous assurons une scolarisation de qualit\u00e9 aux \u00e9l\u00e8ves de la maternelle au lyc\u00e9e en prenant en compte les singularit\u00e9s et besoins \u00e9ducatifs particuliers de chacun.<\/span><\/p><p><span style=\"font-weight: 400;\">L\u2019\u00e9cole a ainsi vocation \u00e0 accueillir et accompagner tous les \u00e9l\u00e8ves,dans la mesure o\u00f9 les ressources humaines et mat\u00e9rielles puissent \u00eatre mises en place pour accompagner leur scolarit\u00e9. <\/span><\/p>\t\t\t\t\t\t\t\t<\/div>\n\t\t\t\t<\/div>\n\t\t<div class=\"elementor-element elementor-element-20572da e-con-full e-flex e-con e-child\" data-id=\"20572da\" data-element_type=\"container\" data-e-type=\"container\">\n\t\t<div class=\"elementor-element elementor-element-0edf259 e-con-full e-flex e-con e-child\" data-id=\"0edf259\" data-element_type=\"container\" data-e-type=\"container\" data-settings=\"{&quot;background_background&quot;:&quot;classic&quot;}\">\n\t\t\t\t<div class=\"elementor-element elementor-element-495ec70 elementor-widget__width-initial elementor-widget elementor-widget-text-editor\" data-id=\"495ec70\" data-element_type=\"widget\" data-e-type=\"widget\" data-widget_type=\"text-editor.default\">\n\t\t\t\t<div class=\"elementor-widget-container\">\n\t\t\t\t\t\t\t\t\t<p><strong>L\u2019adaptation des parcours et l\u2019accompagnement\u00a0 peut se faire dans\u00a0 des situations tr\u00e8s diverses:<\/strong><\/p><ul><li><span style=\"font-weight: 400;\"> accompagnement des nouveaux \u00e9l\u00e8ves non francophones qui arrivent,<\/span><\/li><li><span style=\"font-weight: 400;\"> accompagnement des \u00e9l\u00e8ves ayant des difficult\u00e9s scolaires, \u00e9motionnelles, <\/span><span style=\"font-weight: 400;\">comportementales,\u00a0 \u00e9l\u00e8ves \u00e0 haut potentiel, <\/span><\/li><li><span style=\"font-weight: 400;\">adaptations \u00e0 mettre en place en cas de maladies avec traitement de longue dur\u00e9e, allergies, situations de handicap, \u2026<\/span><\/li><\/ul>\t\t\t\t\t\t\t\t<\/div>\n\t\t\t\t<\/div>\n\t\t\t\t<\/div>\n\t\t\t\t<\/div>\n\t\t\t\t\t<\/div>\n\t\t\t\t<\/div>\n\t\t<div class=\"elementor-element elementor-element-693439d e-flex e-con-boxed e-con e-parent\" data-id=\"693439d\" data-element_type=\"container\" data-e-type=\"container\">\n\t\t\t\t\t<div class=\"e-con-inner\">\n\t\t<div class=\"elementor-element elementor-element-9d55b91 e-con-full e-flex e-con e-child\" data-id=\"9d55b91\" data-element_type=\"container\" data-e-type=\"container\">\n\t\t\t\t<div class=\"elementor-element elementor-element-92415e3 elementor-widget elementor-widget-text-editor\" data-id=\"92415e3\" data-element_type=\"widget\" data-e-type=\"widget\" data-widget_type=\"text-editor.default\">\n\t\t\t\t<div class=\"elementor-widget-container\">\n\t\t\t\t\t\t\t\t\t<p><span style=\"font-weight: 400;\">L\u2019EFEP consid\u00e8re que ces \u00e9l\u00e8ves requi\u00e8rent une attention sp\u00e9cifique de la part des enseignants qui les accompagnent dans leur parcours scolaire.\u00a0<\/span><\/p><p><span style=\"font-weight: 400;\">Les am\u00e9nagements et mesures d\u2019adaptation recommand\u00e9s par le minist\u00e8re de l\u2019\u00c9ducation nationale fran\u00e7aise sont mis en \u0153uvre en classe, en coop\u00e9ration avec la famille.\u00a0<\/span><\/p><p><span style=\"font-weight: 400;\">Ils peuvent prendre\u00a0 la forme de diff\u00e9rents plans de scolarisation ( PPRE, PAI, PAP) qui sont r\u00e9\u00e9valu\u00e9s r\u00e9guli\u00e8rement lors d\u2019une \u00e9quipe \u00e9ducative.\u00a0<\/span><\/p>\t\t\t\t\t\t\t\t<\/div>\n\t\t\t\t<\/div>\n\t\t<div class=\"elementor-element elementor-element-624ac1c e-con-full e-flex e-con e-child\" data-id=\"624ac1c\" data-element_type=\"container\" data-e-type=\"container\">\n\t\t<div class=\"elementor-element elementor-element-ac0cb55 e-con-full e-flex e-con e-child\" data-id=\"ac0cb55\" data-element_type=\"container\" data-e-type=\"container\" data-settings=\"{&quot;background_background&quot;:&quot;classic&quot;}\">\n\t\t\t\t<div class=\"elementor-element elementor-element-98c1d42 elementor-widget__width-initial elementor-widget elementor-widget-text-editor\" data-id=\"98c1d42\" data-element_type=\"widget\" data-e-type=\"widget\" data-widget_type=\"text-editor.default\">\n\t\t\t\t<div class=\"elementor-widget-container\">\n\t\t\t\t\t\t\t\t\t<p><span style=\"font-weight: 400;\"><strong>Cet accompagnement est coordonn\u00e9 par la r\u00e9f\u00e9rente EBEP de l\u2019\u00e9cole, Mme Ma\u00ebva Le Gall<\/strong>. <\/span><\/p><p><span style=\"font-weight: 400;\">Elle travaille avec les \u00e9l\u00e8ves, les enseignants, les familles et des intervenants ext\u00e9rieurs pour accompagner les projets de scolarisation, afin de garantir un parcours adapt\u00e9 \u00e0 chacun.\u00a0<\/span><\/p>\t\t\t\t\t\t\t\t<\/div>\n\t\t\t\t<\/div>\n\t\t\t\t<\/div>\n\t\t\t\t<\/div>\n\t\t\t\t<div class=\"elementor-element elementor-element-1d62345 elementor-widget elementor-widget-text-editor\" data-id=\"1d62345\" data-element_type=\"widget\" data-e-type=\"widget\" data-widget_type=\"text-editor.default\">\n\t\t\t\t<div class=\"elementor-widget-container\">\n\t\t\t\t\t\t\t\t\t<p><span style=\"font-weight: 400;\">Elle peut intervenir sous diff\u00e9rentes formes: <\/span><\/p><ul><li><span style=\"font-weight: 400;\">observations en classes, ateliers et \u00e9changes avec les \u00e9l\u00e8ves en groupe classe, <\/span><\/li><li><span style=\"font-weight: 400;\">petit groupe ou individuellement, temps de travail avec les enseignants, <\/span><\/li><li><span style=\"font-weight: 400;\">aide \u00e0 l&rsquo;\u00e9laboration de projet de scolarisation, <\/span><\/li><li><span style=\"font-weight: 400;\">rencontres avec les familles, <\/span><\/li><li><span style=\"font-weight: 400;\">mise en place de partenariat avec des intervenants ext\u00e9rieurs.<\/span><\/li><\/ul><p><span style=\"font-weight: 400;\">Notre r\u00e9f\u00e9rente participe \u00e0 la pr\u00e9paration et \u00e0 la r\u00e9daction des diff\u00e9rents projets individuels des enfants concern\u00e9s (PPRE, PAI, PAP, etc.).<\/span><\/p>\t\t\t\t\t\t\t\t<\/div>\n\t\t\t\t<\/div>\n\t\t\t\t<\/div>\n\t\t<div class=\"elementor-element elementor-element-ce11ce7 e-con-full e-flex e-con e-child\" data-id=\"ce11ce7\" data-element_type=\"container\" data-e-type=\"container\" data-settings=\"{&quot;background_background&quot;:&quot;slideshow&quot;,&quot;background_slideshow_gallery&quot;:[{&quot;id&quot;:938,&quot;url&quot;:&quot;https:\\\/\\\/efep.me\\\/wp-content\\\/uploads\\\/2024\\\/11\\\/20240213_132327-scaled-e1734082006889.jpg&quot;},{&quot;id&quot;:813,&quot;url&quot;:&quot;https:\\\/\\\/efep.me\\\/wp-content\\\/uploads\\\/2024\\\/11\\\/DSC02174-scaled.jpg&quot;},{&quot;id&quot;:891,&quot;url&quot;:&quot;https:\\\/\\\/efep.me\\\/wp-content\\\/uploads\\\/2024\\\/11\\\/DSC02125-scaled.jpg&quot;}],&quot;background_slideshow_ken_burns&quot;:&quot;yes&quot;,&quot;background_slideshow_loop&quot;:&quot;yes&quot;,&quot;background_slideshow_slide_duration&quot;:5000,&quot;background_slideshow_slide_transition&quot;:&quot;fade&quot;,&quot;background_slideshow_transition_duration&quot;:500,&quot;background_slideshow_ken_burns_zoom_direction&quot;:&quot;in&quot;}\">\n\t\t\t\t<div class=\"elementor-element elementor-element-e71e646 elementor-widget elementor-widget-spacer\" data-id=\"e71e646\" data-element_type=\"widget\" data-e-type=\"widget\" data-widget_type=\"spacer.default\">\n\t\t\t\t<div class=\"elementor-widget-container\">\n\t\t\t\t\t\t\t<div class=\"elementor-spacer\">\n\t\t\t<div class=\"elementor-spacer-inner\"><\/div>\n\t\t<\/div>\n\t\t\t\t\t\t<\/div>\n\t\t\t\t<\/div>\n\t\t\t\t<\/div>\n\t\t\t\t\t<\/div>\n\t\t\t\t<\/div>\n\t\t<div class=\"elementor-element elementor-element-98047cd e-flex e-con-boxed e-con e-parent\" data-id=\"98047cd\" data-element_type=\"container\" data-e-type=\"container\">\n\t\t\t\t\t<div class=\"e-con-inner\">\n\t\t\t\t<div class=\"elementor-element elementor-element-71c785e elementor-widget elementor-widget-heading\" data-id=\"71c785e\" data-element_type=\"widget\" data-e-type=\"widget\" data-widget_type=\"heading.default\">\n\t\t\t\t<div class=\"elementor-widget-container\">\n\t\t\t\t\t<h2 class=\"elementor-heading-title elementor-size-default\">Lutte contre le harc\u00e8lement<\/h2>\t\t\t\t<\/div>\n\t\t\t\t<\/div>\n\t\t\t\t<div class=\"elementor-element elementor-element-8b55b2e elementor-widget elementor-widget-text-editor\" data-id=\"8b55b2e\" data-element_type=\"widget\" data-e-type=\"widget\" data-widget_type=\"text-editor.default\">\n\t\t\t\t<div class=\"elementor-widget-container\">\n\t\t\t\t\t\t\t\t\t<p><span style=\"font-weight: 400;\">Le harc\u00e8lement scolaire n&rsquo;\u00e9pargne aucune \u00e9cole. Nous sommes vigilants et accordons la plus haute importance \u00e0 la lutte contre ce ph\u00e9nom\u00e8ne.<\/span><\/p>\t\t\t\t\t\t\t\t<\/div>\n\t\t\t\t<\/div>\n\t\t<div class=\"elementor-element elementor-element-68723dc e-con-full e-flex e-con e-child\" data-id=\"68723dc\" data-element_type=\"container\" data-e-type=\"container\">\n\t\t<div class=\"elementor-element elementor-element-7e24362 e-con-full e-flex e-con e-child\" data-id=\"7e24362\" data-element_type=\"container\" data-e-type=\"container\" data-settings=\"{&quot;background_background&quot;:&quot;classic&quot;}\">\n\t\t\t\t<div class=\"elementor-element elementor-element-70c2c4c elementor-widget__width-initial elementor-widget elementor-widget-text-editor\" data-id=\"70c2c4c\" data-element_type=\"widget\" data-e-type=\"widget\" data-widget_type=\"text-editor.default\">\n\t\t\t\t<div class=\"elementor-widget-container\">\n\t\t\t\t\t\t\t\t\t<p><strong>Selon le psychologue Dan Olweus <\/strong><\/p><p><i><span style=\"font-weight: 400;\">\u00ab\u00a0Un \u00e9l\u00e8ve est victime de harc\u00e8lement lorsqu\u2019il subit, de fa\u00e7on r\u00e9p\u00e9titive, des actes n\u00e9gatifs de la part d\u2019un ou plusieurs \u00e9l\u00e8ves. Un comportement n\u00e9gatif peut se produire lorsqu\u2019un \u00e9l\u00e8ve, ou un groupe d\u2019\u00e9l\u00e8ves, inflige un malaise \u00e0 un autre \u00e9l\u00e8ve, que ce soit de mani\u00e8re physique (frapper, pousser, frapper du pied, pincer, retenir autrui) ou verbale (menaces, railleries, taquineries et sobriquets). Les actions n\u00e9gatives peuvent \u00e9galement \u00eatre manifest\u00e9es sans parole ni contact physique (grimaces, gestes obsc\u00e8nes, ostracisme ou refus d\u2019acc\u00e9der aux souhaits d\u2019autrui).\u00a0\u00bb<\/span><\/i><\/p>\t\t\t\t\t\t\t\t<\/div>\n\t\t\t\t<\/div>\n\t\t\t\t<\/div>\n\t\t\t\t<\/div>\n\t\t\t\t\t<\/div>\n\t\t\t\t<\/div>\n\t\t<div class=\"elementor-element elementor-element-3acc3a6 e-flex e-con-boxed e-con e-parent\" data-id=\"3acc3a6\" data-element_type=\"container\" data-e-type=\"container\">\n\t\t\t\t\t<div class=\"e-con-inner\">\n\t\t\t\t<div class=\"elementor-element elementor-element-1c5a592 elementor-widget elementor-widget-text-editor\" data-id=\"1c5a592\" data-element_type=\"widget\" data-e-type=\"widget\" data-widget_type=\"text-editor.default\">\n\t\t\t\t<div class=\"elementor-widget-container\">\n\t\t\t\t\t\t\t\t\t<p><strong>Chaque cas est unique et n\u00e9cessite une r\u00e9ponse appropri\u00e9e. La proc\u00e9dure habituelle est la suivante :<\/strong><\/p>\t\t\t\t\t\t\t\t<\/div>\n\t\t\t\t<\/div>\n\t\t\t\t\t<\/div>\n\t\t\t\t<\/div>\n\t\t<div class=\"elementor-element elementor-element-1e016f6 e-flex e-con-boxed e-con e-parent\" data-id=\"1e016f6\" data-element_type=\"container\" data-e-type=\"container\">\n\t\t\t\t\t<div class=\"e-con-inner\">\n\t\t<div class=\"elementor-element elementor-element-0453440 e-con-full e-flex e-con e-child\" data-id=\"0453440\" data-element_type=\"container\" data-e-type=\"container\">\n\t\t\t\t<div class=\"elementor-element elementor-element-40fe43f elementor-widget elementor-widget-heading\" data-id=\"40fe43f\" data-element_type=\"widget\" data-e-type=\"widget\" data-widget_type=\"heading.default\">\n\t\t\t\t<div class=\"elementor-widget-container\">\n\t\t\t\t\t<h4 class=\"elementor-heading-title elementor-size-default\">1 - L\u2019\u00e9coute.<\/h4>\t\t\t\t<\/div>\n\t\t\t\t<\/div>\n\t\t\t\t<div class=\"elementor-element elementor-element-c24025f elementor-widget elementor-widget-text-editor\" data-id=\"c24025f\" data-element_type=\"widget\" data-e-type=\"widget\" data-widget_type=\"text-editor.default\">\n\t\t\t\t<div class=\"elementor-widget-container\">\n\t\t\t\t\t\t\t\t\t<p><span style=\"font-weight: 400;\">\u00a0L\u2019\u00e9l\u00e8ve victime, un \u00e9l\u00e8ve t\u00e9moin ou un parent contacte un employ\u00e9 de l\u2019\u00e9cole (le CPE, un professeur, l\u2019administration, le secr\u00e9tariat, la cantine\u2026) pour faire part du cas de harc\u00e8lement<\/span><\/p>\t\t\t\t\t\t\t\t<\/div>\n\t\t\t\t<\/div>\n\t\t\t\t<\/div>\n\t\t<div class=\"elementor-element elementor-element-e1fbadf e-con-full e-flex e-con e-child\" data-id=\"e1fbadf\" data-element_type=\"container\" data-e-type=\"container\">\n\t\t\t\t<div class=\"elementor-element elementor-element-a58322f elementor-widget elementor-widget-heading\" data-id=\"a58322f\" data-element_type=\"widget\" data-e-type=\"widget\" data-widget_type=\"heading.default\">\n\t\t\t\t<div class=\"elementor-widget-container\">\n\t\t\t\t\t<h4 class=\"elementor-heading-title elementor-size-default\">2 - L\u2019\u00e9valuation<\/h4>\t\t\t\t<\/div>\n\t\t\t\t<\/div>\n\t\t\t\t<div class=\"elementor-element elementor-element-d77d400 elementor-widget elementor-widget-text-editor\" data-id=\"d77d400\" data-element_type=\"widget\" data-e-type=\"widget\" data-widget_type=\"text-editor.default\">\n\t\t\t\t<div class=\"elementor-widget-container\">\n\t\t\t\t\t\t\t\t\t<p><span style=\"font-weight: 400;\">Le personnel de l&rsquo;\u00e9tablissement \u201cenqu\u00eate\u201d pour mesurer la situation. Quelle gravit\u00e9 ? Quelle r\u00e9p\u00e9tition ? Depuis quand ? Discussions avec l\u2019\u00e9l\u00e8ve victime, d\u2019autres \u00e9l\u00e8ves. Rendez-vous avec les parents de la victime comme du\/des harceleur(s).<\/span><\/p>\t\t\t\t\t\t\t\t<\/div>\n\t\t\t\t<\/div>\n\t\t\t\t<\/div>\n\t\t<div class=\"elementor-element elementor-element-d72c300 e-con-full e-flex e-con e-child\" data-id=\"d72c300\" data-element_type=\"container\" data-e-type=\"container\">\n\t\t\t\t<div class=\"elementor-element elementor-element-5f2f45d elementor-widget elementor-widget-heading\" data-id=\"5f2f45d\" data-element_type=\"widget\" data-e-type=\"widget\" data-widget_type=\"heading.default\">\n\t\t\t\t<div class=\"elementor-widget-container\">\n\t\t\t\t\t<h4 class=\"elementor-heading-title elementor-size-default\">3 - La r\u00e9ponse<\/h4>\t\t\t\t<\/div>\n\t\t\t\t<\/div>\n\t\t\t\t<div class=\"elementor-element elementor-element-312119c elementor-widget elementor-widget-text-editor\" data-id=\"312119c\" data-element_type=\"widget\" data-e-type=\"widget\" data-widget_type=\"text-editor.default\">\n\t\t\t\t<div class=\"elementor-widget-container\">\n\t\t\t\t\t\t\t\t\t<p><span style=\"font-weight: 400;\">L\u2019\u00e9cole adapte sa r\u00e9ponse en fonction des \u00e9l\u00e9ments connus et de la situation : comment stopper le harc\u00e8lement et prot\u00e9ger l\u2019\u00e9l\u00e8ve victime ? Quelle sanction donner \u00e0 l\u2019\u00e9l\u00e8ve harceleur ?\u00a0 Comment impliquer l&rsquo;\u00e9l\u00e8ve harceleur dans la r\u00e9paration de ses actes et comment \u00e9viter qu&rsquo;ils ne recommencent. Nous organisons un suivi, en interrogeant r\u00e9guli\u00e8rement l\u2019\u00e9l\u00e8ve victime.<\/span><\/p>\t\t\t\t\t\t\t\t<\/div>\n\t\t\t\t<\/div>\n\t\t\t\t<\/div>\n\t\t\t\t\t<\/div>\n\t\t\t\t<\/div>\n\t\t<div class=\"elementor-element elementor-element-ef75f1b e-flex e-con-boxed e-con e-parent\" data-id=\"ef75f1b\" data-element_type=\"container\" data-e-type=\"container\">\n\t\t\t\t\t<div class=\"e-con-inner\">\n\t\t\t\t<div class=\"elementor-element elementor-element-d7c30ef elementor-widget elementor-widget-text-editor\" data-id=\"d7c30ef\" data-element_type=\"widget\" data-e-type=\"widget\" data-widget_type=\"text-editor.default\">\n\t\t\t\t<div class=\"elementor-widget-container\">\n\t\t\t\t\t\t\t\t\t<p><span style=\"font-weight: 400;\">Durant l&rsquo;ann\u00e9e, certains membres du personnel participent \u00e0 des formations dispens\u00e9es par l&rsquo;AEFE : d\u00e9couverte d\u2019actions comme <\/span><a href=\"https:\/\/www.education.gouv.fr\/non-au-harcelement\/le-dispositif-des-ambassadeurs-non-au-harcelement-323021\" target=\"_blank\" rel=\"noopener\"><span style=\"font-weight: 400;\">les ambassadeurs contre le harc\u00e8lement<\/span><\/a><span style=\"font-weight: 400;\"> ou la m\u00e9diation par les pairs ; formation aux notions de comp\u00e9tences psycho-sociales, de gestion des \u00e9motions ; initiation \u00e0 la m\u00e9thode de pr\u00e9occupation partag\u00e9e, dite \u00ab m\u00e9thode Pikas \u00bb.<\/span><\/p>\t\t\t\t\t\t\t\t<\/div>\n\t\t\t\t<\/div>\n\t\t\t\t<div class=\"elementor-element elementor-element-c8992d3 elementor-align-center elementor-widget elementor-widget-button\" data-id=\"c8992d3\" data-element_type=\"widget\" data-e-type=\"widget\" data-widget_type=\"button.default\">\n\t\t\t\t<div class=\"elementor-widget-container\">\n\t\t\t\t\t\t\t\t\t<div class=\"elementor-button-wrapper\">\n\t\t\t\t\t<a class=\"elementor-button elementor-button-link elementor-size-sm\" href=\"https:\/\/www.nonauharcelement.education.gouv.fr\/\" target=\"_blank\" rel=\"noopener\">\n\t\t\t\t\t\t<span class=\"elementor-button-content-wrapper\">\n\t\t\t\t\t\t\t\t\t<span class=\"elementor-button-text\">Pour plus d'informations<\/span>\n\t\t\t\t\t<\/span>\n\t\t\t\t\t<\/a>\n\t\t\t\t<\/div>\n\t\t\t\t\t\t\t\t<\/div>\n\t\t\t\t<\/div>\n\t\t\t\t\t<\/div>\n\t\t\t\t<\/div>\n\t\t\t\t<\/div>\n\t\t","protected":false},"excerpt":{"rendered":"<p>L\u2019\u00c9cole Fran\u00e7aise europ\u00e9enne de Podgorica est une \u00e9cole inclusive. Nous assurons une scolarisation de qualit\u00e9 aux \u00e9l\u00e8ves de la maternelle au lyc\u00e9e en prenant en compte les singularit\u00e9s et besoins \u00e9ducatifs particuliers de chacun. L\u2019\u00e9cole a ainsi vocation \u00e0 accueillir et accompagner tous les \u00e9l\u00e8ves,dans la mesure o\u00f9 les ressources humaines et mat\u00e9rielles puissent \u00eatre [&hellip;]<\/p>\n","protected":false},"author":1,"featured_media":0,"parent":0,"menu_order":0,"comment_status":"closed","ping_status":"closed","template":"","meta":{"footnotes":""},"class_list":["post-1090","page","type-page","status-publish","hentry"],"_links":{"self":[{"href":"https:\/\/efep.me\/sr\/wp-json\/wp\/v2\/pages\/1090","targetHints":{"allow":["GET"]}}],"collection":[{"href":"https:\/\/efep.me\/sr\/wp-json\/wp\/v2\/pages"}],"about":[{"href":"https:\/\/efep.me\/sr\/wp-json\/wp\/v2\/types\/page"}],"author":[{"embeddable":true,"href":"https:\/\/efep.me\/sr\/wp-json\/wp\/v2\/users\/1"}],"replies":[{"embeddable":true,"href":"https:\/\/efep.me\/sr\/wp-json\/wp\/v2\/comments?post=1090"}],"version-history":[{"count":10,"href":"https:\/\/efep.me\/sr\/wp-json\/wp\/v2\/pages\/1090\/revisions"}],"predecessor-version":[{"id":1339,"href":"https:\/\/efep.me\/sr\/wp-json\/wp\/v2\/pages\/1090\/revisions\/1339"}],"wp:attachment":[{"href":"https:\/\/efep.me\/sr\/wp-json\/wp\/v2\/media?parent=1090"}],"curies":[{"name":"wp","href":"https:\/\/api.w.org\/{rel}","templated":true}]}}