{"id":705,"date":"2024-11-25T11:04:24","date_gmt":"2024-11-25T11:04:24","guid":{"rendered":"https:\/\/efep.me\/?page_id=705"},"modified":"2025-02-19T08:32:22","modified_gmt":"2025-02-19T08:32:22","slug":"presentation-une-ecole-francaise","status":"publish","type":"page","link":"https:\/\/efep.me\/en\/projet-educatif\/presentation-une-ecole-francaise\/","title":{"rendered":"Presentation: a French school"},"content":{"rendered":"\t\t<div data-elementor-type=\"wp-page\" data-elementor-id=\"705\" class=\"elementor elementor-705\" data-elementor-post-type=\"page\">\n\t\t\t\t<div class=\"elementor-element elementor-element-01bb974 e-flex e-con-boxed e-con e-parent\" data-id=\"01bb974\" data-element_type=\"container\" data-e-type=\"container\">\n\t\t\t\t\t<div class=\"e-con-inner\">\n\t\t\t\t<div class=\"elementor-element elementor-element-20a80de elementor-widget elementor-widget-text-editor\" data-id=\"20a80de\" data-element_type=\"widget\" data-e-type=\"widget\" data-widget_type=\"text-editor.default\">\n\t\t\t\t<div class=\"elementor-widget-container\">\n\t\t\t\t\t\t\t\t\t<p><span style=\"font-weight: 400;\">Notre \u00e9cole fran\u00e7aise suit\u00a0 l\u2019organisation des \u00e9coles en France.<\/span><\/p><p><span style=\"font-weight: 400;\">Les programmes officiels nationaux, d\u00e9finis par le minist\u00e8re de l\u2019\u00e9ducation fran\u00e7ais et licenci\u00e9s par le minist\u00e8re de l\u2019\u00e9ducation mont\u00e9n\u00e9grin sont suivis par toutes les classes de la petite section de maternelle (accueil \u00e0 2 ans \u00bd ou 3 ans)\u00a0 \u00e0 la terminale ( 18 ans).\u00a0<\/span><\/p><p><span style=\"font-weight: 400;\">L\u2019approche p\u00e9dagogique bienveillante vise un accompagnement permettant \u00e0 chaque enfant de d\u00e9velopper au maximum ses comp\u00e9tences. Les valeurs humanistes d\u2019\u00e9galit\u00e9, de la\u00efcit\u00e9, d\u2019inclusion, d\u2019ouverture et de d\u00e9veloppement de l\u2019esprit critique sont respect\u00e9es.<\/span><\/p>\t\t\t\t\t\t\t\t<\/div>\n\t\t\t\t<\/div>\n\t\t\t\t<div class=\"elementor-element elementor-element-0801699 elementor-widget elementor-widget-video\" data-id=\"0801699\" data-element_type=\"widget\" data-e-type=\"widget\" data-settings=\"{&quot;video_type&quot;:&quot;hosted&quot;,&quot;controls&quot;:&quot;yes&quot;}\" data-widget_type=\"video.default\">\n\t\t\t\t<div class=\"elementor-widget-container\">\n\t\t\t\t\t\t\t<div class=\"e-hosted-video elementor-wrapper elementor-open-inline\">\n\t\t\t\t\t<video class=\"elementor-video\" src=\"https:\/\/efep.me\/wp-content\/uploads\/2025\/02\/l-ecole-expliquee-aux-parents-la-mission-de-l-ecole-en-france-480p.mp4\" controls=\"\" preload=\"metadata\" controlsList=\"nodownload\"><\/video>\n\t\t\t\t<\/div>\n\t\t\t\t\t\t<\/div>\n\t\t\t\t<\/div>\n\t\t\t\t<div class=\"elementor-element elementor-element-0e0a9be elementor-align-center elementor-widget elementor-widget-button\" data-id=\"0e0a9be\" data-element_type=\"widget\" data-e-type=\"widget\" data-widget_type=\"button.default\">\n\t\t\t\t<div class=\"elementor-widget-container\">\n\t\t\t\t\t\t\t\t\t<div class=\"elementor-button-wrapper\">\n\t\t\t\t\t<a class=\"elementor-button elementor-button-link elementor-size-sm\" href=\"https:\/\/www.onisep.fr\/orientation\/le-systeme-educatif\/l-ecole-expliquee-aux-parents-en-video\/la-mission-de-l-ecole\" target=\"_blank\" rel=\"noopener\">\n\t\t\t\t\t\t<span class=\"elementor-button-content-wrapper\">\n\t\t\t\t\t\t\t\t\t<span class=\"elementor-button-text\">Vid\u00e9o disponible en 10 langues ici<\/span>\n\t\t\t\t\t<\/span>\n\t\t\t\t\t<\/a>\n\t\t\t\t<\/div>\n\t\t\t\t\t\t\t\t<\/div>\n\t\t\t\t<\/div>\n\t\t\t\t\t<\/div>\n\t\t\t\t<\/div>\n\t\t<div class=\"elementor-element elementor-element-7ae023f e-flex e-con-boxed e-con e-parent\" data-id=\"7ae023f\" data-element_type=\"container\" data-e-type=\"container\">\n\t\t\t\t\t<div class=\"e-con-inner\">\n\t\t<div class=\"elementor-element elementor-element-91d3476 e-con-full e-flex e-con e-child\" data-id=\"91d3476\" data-element_type=\"container\" data-e-type=\"container\">\n\t\t\t\t<div class=\"elementor-element elementor-element-1b7a556 elementor-widget elementor-widget-text-editor\" data-id=\"1b7a556\" data-element_type=\"widget\" data-e-type=\"widget\" data-widget_type=\"text-editor.default\">\n\t\t\t\t<div class=\"elementor-widget-container\">\n\t\t\t\t\t\t\t\t\t<p><strong>Les enseignements sont con\u00e7us par cycle, d&rsquo;une dur\u00e9e de trois ans, r\u00e9partis ainsi:\u00a0<\/strong><\/p><ul><li><span style=\"font-weight: 400;\">Cycle 1: classes de maternelle: PS, MS et GS<\/span><\/li><li>Cycle 2: classes de CP, CE1 et CE2<\/li><li>Cycle3: classes de CM1, CM2 et 6\u00e8me<\/li><li>Cycle 4: classes de 5\u00e8me, 4\u00e8me\u00a0 et 3\u00e8me\u00a0<\/li><li>Lyc\u00e9e: classes de seconde, premi\u00e8re et terminales<\/li><\/ul>\t\t\t\t\t\t\t\t<\/div>\n\t\t\t\t<\/div>\n\t\t\t\t<\/div>\n\t\t<div class=\"elementor-element elementor-element-34ba49b e-con-full e-flex e-con e-child\" data-id=\"34ba49b\" data-element_type=\"container\" data-e-type=\"container\">\n\t\t\t\t<div class=\"elementor-element elementor-element-629cda1 elementor-widget elementor-widget-image\" data-id=\"629cda1\" data-element_type=\"widget\" data-e-type=\"widget\" data-widget_type=\"image.default\">\n\t\t\t\t<div class=\"elementor-widget-container\">\n\t\t\t\t\t\t\t\t\t\t\t\t\t\t\t<img fetchpriority=\"high\" decoding=\"async\" width=\"551\" height=\"505\" src=\"https:\/\/efep.me\/wp-content\/uploads\/2024\/12\/Concordance-systemes-scolaires-MNE-FR-1.png\" class=\"attachment-large size-large wp-image-1043\" alt=\"\" srcset=\"https:\/\/efep.me\/wp-content\/uploads\/2024\/12\/Concordance-systemes-scolaires-MNE-FR-1.png 551w, https:\/\/efep.me\/wp-content\/uploads\/2024\/12\/Concordance-systemes-scolaires-MNE-FR-1-300x275.png 300w, https:\/\/efep.me\/wp-content\/uploads\/2024\/12\/Concordance-systemes-scolaires-MNE-FR-1-13x12.png 13w\" sizes=\"(max-width: 551px) 100vw, 551px\" \/>\t\t\t\t\t\t\t\t\t\t\t\t\t\t\t<\/div>\n\t\t\t\t<\/div>\n\t\t\t\t<\/div>\n\t\t\t\t\t<\/div>\n\t\t\t\t<\/div>\n\t\t<div class=\"elementor-element elementor-element-3caa832 e-flex e-con-boxed e-con e-parent\" data-id=\"3caa832\" data-element_type=\"container\" data-e-type=\"container\">\n\t\t\t\t\t<div class=\"e-con-inner\">\n\t\t<div class=\"elementor-element elementor-element-5429570 e-con-full e-flex e-con e-child\" data-id=\"5429570\" data-element_type=\"container\" data-e-type=\"container\">\n\t\t\t\t<div class=\"elementor-element elementor-element-f3d7728 elementor-widget elementor-widget-image\" data-id=\"f3d7728\" data-element_type=\"widget\" data-e-type=\"widget\" data-settings=\"{&quot;sticky&quot;:&quot;top&quot;,&quot;sticky_offset&quot;:200,&quot;sticky_parent&quot;:&quot;yes&quot;,&quot;sticky_on&quot;:[&quot;desktop&quot;,&quot;tablet&quot;,&quot;mobile&quot;],&quot;sticky_effects_offset&quot;:0,&quot;sticky_anchor_link_offset&quot;:0}\" data-widget_type=\"image.default\">\n\t\t\t\t<div class=\"elementor-widget-container\">\n\t\t\t\t\t\t\t\t\t\t\t\t\t\t\t<img decoding=\"async\" width=\"800\" height=\"568\" src=\"https:\/\/efep.me\/wp-content\/uploads\/2024\/12\/BD_JPEG__CARTE_nov_2023-1024x727.jpg\" class=\"attachment-large size-large wp-image-1317\" alt=\"\" srcset=\"https:\/\/efep.me\/wp-content\/uploads\/2024\/12\/BD_JPEG__CARTE_nov_2023-1024x727.jpg 1024w, https:\/\/efep.me\/wp-content\/uploads\/2024\/12\/BD_JPEG__CARTE_nov_2023-300x213.jpg 300w, https:\/\/efep.me\/wp-content\/uploads\/2024\/12\/BD_JPEG__CARTE_nov_2023-768x545.jpg 768w, https:\/\/efep.me\/wp-content\/uploads\/2024\/12\/BD_JPEG__CARTE_nov_2023-1536x1090.jpg 1536w, https:\/\/efep.me\/wp-content\/uploads\/2024\/12\/BD_JPEG__CARTE_nov_2023-2048x1454.jpg 2048w, https:\/\/efep.me\/wp-content\/uploads\/2024\/12\/BD_JPEG__CARTE_nov_2023-18x12.jpg 18w\" sizes=\"(max-width: 800px) 100vw, 800px\" \/>\t\t\t\t\t\t\t\t\t\t\t\t\t\t\t<\/div>\n\t\t\t\t<\/div>\n\t\t\t\t<\/div>\n\t\t<div class=\"elementor-element elementor-element-0204670 e-con-full e-flex e-con e-child\" data-id=\"0204670\" data-element_type=\"container\" data-e-type=\"container\">\n\t\t\t\t<div class=\"elementor-element elementor-element-d225e9d elementor-widget elementor-widget-text-editor\" data-id=\"d225e9d\" data-element_type=\"widget\" data-e-type=\"widget\" data-widget_type=\"text-editor.default\">\n\t\t\t\t<div class=\"elementor-widget-container\">\n\t\t\t\t\t\t\t\t\t<h2><b>Une \u00e9cole fran\u00e7aise homologu\u00e9e: une garantie de qualit\u00e9<\/b><\/h2><p><span style=\"font-weight: 400;\">L\u2019homologation est une accr\u00e9ditation, unique au monde, pilot\u00e9e par un \u00c9tat.<\/span><\/p><p><span style=\"font-weight: 400;\">L&rsquo;homologation garantit aux \u00e9l\u00e8ves et \u00e0 leur famille une qualit\u00e9 des enseignements et du vivre ensemble ainsi qu&rsquo;un parcours de qualit\u00e9.\u00a0<\/span><\/p><p><span style=\"font-weight: 400;\">Elle permet la poursuite d\u2019\u00e9tudes en France et \u00e0 l\u2019\u00e9tranger et la d\u00e9livrance de dipl\u00f4mes fran\u00e7ais, \u00e0 l\u2019\u00e9gal d\u2019une scolarit\u00e9 effectu\u00e9e dans un \u00e9tablissement en France, et favorise la mobilit\u00e9 dans le r\u00e9seau de l\u2019enseignement fran\u00e7ais \u00e0 l\u2019\u00e9tranger et sur le territoire fran\u00e7ais.<\/span><\/p><p><span style=\"font-weight: 400;\">Reconnaissance de qualit\u00e9, cette homologation permet \u00e9galement aux \u00e9tablissements de b\u00e9n\u00e9ficier d\u2019un acc\u00e8s privil\u00e9gi\u00e9 \u00e0 des services d&rsquo;accompagnement et de formation.<\/span><\/p><p><b>Crite\u0300res d\u2019homologation communs aux e\u0301coles du re\u0301seau AEFE:<\/b><\/p><ul><li style=\"font-weight: 400;\" aria-level=\"1\"><span style=\"font-weight: 400;\">Principes, programmes et valeurs du syst\u00e8me \u00e9ducatif fran\u00e7ais<\/span><\/li><li style=\"font-weight: 400;\" aria-level=\"1\"><span style=\"font-weight: 400;\">Place et ma\u00eetrise de la langue fran\u00e7aise<\/span><\/li><li style=\"font-weight: 400;\" aria-level=\"1\"><span style=\"font-weight: 400;\">Politique linguistique plurilingue<\/span><\/li><li style=\"font-weight: 400;\" aria-level=\"1\"><span style=\"font-weight: 400;\">Personnels qualifi\u00e9s et r\u00e9guli\u00e8rement form\u00e9s<\/span><\/li><li style=\"font-weight: 400;\" aria-level=\"1\"><span style=\"font-weight: 400;\">\u00c9valuations, pr\u00e9paration et passation des examens fran\u00e7ais<\/span><\/li><li style=\"font-weight: 400;\" aria-level=\"1\"><span style=\"font-weight: 400;\">Existence de locaux et \u00e9quipements adapt\u00e9s aux exigences p\u00e9dagogiques<\/span><\/li><\/ul>\t\t\t\t\t\t\t\t<\/div>\n\t\t\t\t<\/div>\n\t\t\t\t<\/div>\n\t\t\t\t\t<\/div>\n\t\t\t\t<\/div>\n\t\t\t\t<\/div>\n\t\t","protected":false},"excerpt":{"rendered":"<p>Notre \u00e9cole fran\u00e7aise suit\u00a0 l\u2019organisation des \u00e9coles en France. Les programmes officiels nationaux, d\u00e9finis par le minist\u00e8re de l\u2019\u00e9ducation fran\u00e7ais et licenci\u00e9s par le minist\u00e8re de l\u2019\u00e9ducation mont\u00e9n\u00e9grin sont suivis par toutes les classes de la petite section de maternelle (accueil \u00e0 2 ans \u00bd ou 3 ans)\u00a0 \u00e0 la terminale ( 18 ans).\u00a0 L\u2019approche [&hellip;]<\/p>\n","protected":false},"author":1,"featured_media":0,"parent":25,"menu_order":0,"comment_status":"closed","ping_status":"closed","template":"","meta":{"footnotes":""},"class_list":["post-705","page","type-page","status-publish","hentry"],"_links":{"self":[{"href":"https:\/\/efep.me\/en\/wp-json\/wp\/v2\/pages\/705","targetHints":{"allow":["GET"]}}],"collection":[{"href":"https:\/\/efep.me\/en\/wp-json\/wp\/v2\/pages"}],"about":[{"href":"https:\/\/efep.me\/en\/wp-json\/wp\/v2\/types\/page"}],"author":[{"embeddable":true,"href":"https:\/\/efep.me\/en\/wp-json\/wp\/v2\/users\/1"}],"replies":[{"embeddable":true,"href":"https:\/\/efep.me\/en\/wp-json\/wp\/v2\/comments?post=705"}],"version-history":[{"count":13,"href":"https:\/\/efep.me\/en\/wp-json\/wp\/v2\/pages\/705\/revisions"}],"predecessor-version":[{"id":1479,"href":"https:\/\/efep.me\/en\/wp-json\/wp\/v2\/pages\/705\/revisions\/1479"}],"up":[{"embeddable":true,"href":"https:\/\/efep.me\/en\/wp-json\/wp\/v2\/pages\/25"}],"wp:attachment":[{"href":"https:\/\/efep.me\/en\/wp-json\/wp\/v2\/media?parent=705"}],"curies":[{"name":"wp","href":"https:\/\/api.w.org\/{rel}","templated":true}]}}