{"id":51,"date":"2024-05-27T13:10:39","date_gmt":"2024-05-27T13:10:39","guid":{"rendered":"https:\/\/efep.im-nomade.com\/?page_id=51"},"modified":"2024-12-18T09:21:47","modified_gmt":"2024-12-18T09:21:47","slug":"periscolaire","status":"publish","type":"page","link":"https:\/\/efep.me\/en\/services\/periscolaire\/","title":{"rendered":"After-school care"},"content":{"rendered":"\t\t<div data-elementor-type=\"wp-page\" data-elementor-id=\"51\" class=\"elementor elementor-51\" data-elementor-post-type=\"page\">\n\t\t\t\t<div class=\"elementor-element elementor-element-33523e6 e-flex e-con-boxed e-con e-parent\" data-id=\"33523e6\" data-element_type=\"container\" data-e-type=\"container\">\n\t\t\t\t\t<div class=\"e-con-inner\">\n\t\t<div class=\"elementor-element elementor-element-cbc91ff e-con-full e-flex e-con e-child\" data-id=\"cbc91ff\" data-element_type=\"container\" data-e-type=\"container\">\n\t\t\t\t<div class=\"elementor-element elementor-element-a48901f elementor-widget elementor-widget-text-editor\" data-id=\"a48901f\" data-element_type=\"widget\" data-e-type=\"widget\" data-widget_type=\"text-editor.default\">\n\t\t\t\t<div class=\"elementor-widget-container\">\n\t\t\t\t\t\t\t\t\t<p><br \/>Des activit\u00e9s p\u00e9riscolaires sont propos\u00e9es apr\u00e8s la classe, du lundi au jeudi, de 15h \u00e0 16h pour les \u00e9l\u00e8ves du CP au CM2.<br \/>Les activit\u00e9s propos\u00e9es permettent aux \u00e9l\u00e8ves de choisir entre diff\u00e9rents domaines.<\/p><p><span style=\"font-weight: 400;\">Le programme change chaque trimestre.\u00a0 <\/span><\/p>\t\t\t\t\t\t\t\t<\/div>\n\t\t\t\t<\/div>\n\t\t<div class=\"elementor-element elementor-element-c4ac42e e-con-full e-flex e-con e-child\" data-id=\"c4ac42e\" data-element_type=\"container\" data-e-type=\"container\">\n\t\t\t\t<div class=\"elementor-element elementor-element-99d00a1 elementor-widget__width-initial elementor-widget elementor-widget-image\" data-id=\"99d00a1\" data-element_type=\"widget\" data-e-type=\"widget\" data-widget_type=\"image.default\">\n\t\t\t\t<div class=\"elementor-widget-container\">\n\t\t\t\t\t\t\t\t\t\t\t\t\t\t\t<img fetchpriority=\"high\" decoding=\"async\" width=\"256\" height=\"256\" src=\"https:\/\/efep.me\/wp-content\/uploads\/2024\/11\/des-sports.png\" class=\"attachment-large size-large wp-image-676\" alt=\"\" srcset=\"https:\/\/efep.me\/wp-content\/uploads\/2024\/11\/des-sports.png 256w, https:\/\/efep.me\/wp-content\/uploads\/2024\/11\/des-sports-150x150.png 150w, https:\/\/efep.me\/wp-content\/uploads\/2024\/11\/des-sports-12x12.png 12w\" sizes=\"(max-width: 256px) 100vw, 256px\" \/>\t\t\t\t\t\t\t\t\t\t\t\t\t\t\t<\/div>\n\t\t\t\t<\/div>\n\t\t\t\t<div class=\"elementor-element elementor-element-2ff1c5f elementor-widget elementor-widget-heading\" data-id=\"2ff1c5f\" data-element_type=\"widget\" data-e-type=\"widget\" data-widget_type=\"heading.default\">\n\t\t\t\t<div class=\"elementor-widget-container\">\n\t\t\t\t\t<h6 class=\"elementor-heading-title elementor-size-default\">Activit\u00e9s sportives : jeux collectifs, danse, ping pong\u2026\n.<\/h6>\t\t\t\t<\/div>\n\t\t\t\t<\/div>\n\t\t\t\t<\/div>\n\t\t<div class=\"elementor-element elementor-element-034050c e-con-full e-flex e-con e-child\" data-id=\"034050c\" data-element_type=\"container\" data-e-type=\"container\">\n\t\t\t\t<div class=\"elementor-element elementor-element-db92aa9 elementor-widget__width-initial elementor-widget elementor-widget-image\" data-id=\"db92aa9\" data-element_type=\"widget\" data-e-type=\"widget\" data-widget_type=\"image.default\">\n\t\t\t\t<div class=\"elementor-widget-container\">\n\t\t\t\t\t\t\t\t\t\t\t\t\t\t\t<img decoding=\"async\" width=\"256\" height=\"256\" src=\"https:\/\/efep.me\/wp-content\/uploads\/2024\/11\/langue.png\" class=\"attachment-large size-large wp-image-677\" alt=\"\" srcset=\"https:\/\/efep.me\/wp-content\/uploads\/2024\/11\/langue.png 256w, https:\/\/efep.me\/wp-content\/uploads\/2024\/11\/langue-150x150.png 150w, https:\/\/efep.me\/wp-content\/uploads\/2024\/11\/langue-12x12.png 12w\" sizes=\"(max-width: 256px) 100vw, 256px\" \/>\t\t\t\t\t\t\t\t\t\t\t\t\t\t\t<\/div>\n\t\t\t\t<\/div>\n\t\t\t\t<div class=\"elementor-element elementor-element-a791064 elementor-widget elementor-widget-heading\" data-id=\"a791064\" data-element_type=\"widget\" data-e-type=\"widget\" data-widget_type=\"heading.default\">\n\t\t\t\t<div class=\"elementor-widget-container\">\n\t\t\t\t\t<h6 class=\"elementor-heading-title elementor-size-default\">Activit\u00e9s linguistiques : renforcement anglais, mont\u00e9n\u00e9grin, initiation \u00e0 l\u2019Italien\u2026\n<\/h6>\t\t\t\t<\/div>\n\t\t\t\t<\/div>\n\t\t\t\t<\/div>\n\t\t<div class=\"elementor-element elementor-element-ee88a33 e-con-full e-flex e-con e-child\" data-id=\"ee88a33\" data-element_type=\"container\" data-e-type=\"container\">\n\t\t\t\t<div class=\"elementor-element elementor-element-10d2365 elementor-widget__width-initial elementor-widget elementor-widget-image\" data-id=\"10d2365\" data-element_type=\"widget\" data-e-type=\"widget\" data-widget_type=\"image.default\">\n\t\t\t\t<div class=\"elementor-widget-container\">\n\t\t\t\t\t\t\t\t\t\t\t\t\t\t\t<img decoding=\"async\" width=\"256\" height=\"256\" src=\"https:\/\/efep.me\/wp-content\/uploads\/2024\/11\/abstrait.png\" class=\"attachment-large size-large wp-image-678\" alt=\"\" srcset=\"https:\/\/efep.me\/wp-content\/uploads\/2024\/11\/abstrait.png 256w, https:\/\/efep.me\/wp-content\/uploads\/2024\/11\/abstrait-150x150.png 150w, https:\/\/efep.me\/wp-content\/uploads\/2024\/11\/abstrait-12x12.png 12w\" sizes=\"(max-width: 256px) 100vw, 256px\" \/>\t\t\t\t\t\t\t\t\t\t\t\t\t\t\t<\/div>\n\t\t\t\t<\/div>\n\t\t\t\t<div class=\"elementor-element elementor-element-acc3389 elementor-widget elementor-widget-heading\" data-id=\"acc3389\" data-element_type=\"widget\" data-e-type=\"widget\" data-widget_type=\"heading.default\">\n\t\t\t\t<div class=\"elementor-widget-container\">\n\t\t\t\t\t<h6 class=\"elementor-heading-title elementor-size-default\">Activit\u00e9s artistiques : th\u00e9\u00e2tre, dessin, c\u00e9ramique, montage vid\u00e9o, \u2026\n<\/h6>\t\t\t\t<\/div>\n\t\t\t\t<\/div>\n\t\t\t\t<\/div>\n\t\t<div class=\"elementor-element elementor-element-7117fa4 e-con-full e-flex e-con e-child\" data-id=\"7117fa4\" data-element_type=\"container\" data-e-type=\"container\">\n\t\t\t\t<div class=\"elementor-element elementor-element-154e833 elementor-widget__width-initial elementor-widget elementor-widget-image\" data-id=\"154e833\" data-element_type=\"widget\" data-e-type=\"widget\" data-widget_type=\"image.default\">\n\t\t\t\t<div class=\"elementor-widget-container\">\n\t\t\t\t\t\t\t\t\t\t\t\t\t\t\t<img loading=\"lazy\" decoding=\"async\" width=\"512\" height=\"512\" src=\"https:\/\/efep.me\/wp-content\/uploads\/2024\/11\/livre.png\" class=\"attachment-large size-large wp-image-679\" alt=\"\" srcset=\"https:\/\/efep.me\/wp-content\/uploads\/2024\/11\/livre.png 512w, https:\/\/efep.me\/wp-content\/uploads\/2024\/11\/livre-300x300.png 300w, https:\/\/efep.me\/wp-content\/uploads\/2024\/11\/livre-150x150.png 150w, https:\/\/efep.me\/wp-content\/uploads\/2024\/11\/livre-12x12.png 12w\" sizes=\"(max-width: 512px) 100vw, 512px\" \/>\t\t\t\t\t\t\t\t\t\t\t\t\t\t\t<\/div>\n\t\t\t\t<\/div>\n\t\t\t\t<div class=\"elementor-element elementor-element-2874749 elementor-widget elementor-widget-heading\" data-id=\"2874749\" data-element_type=\"widget\" data-e-type=\"widget\" data-widget_type=\"heading.default\">\n\t\t\t\t<div class=\"elementor-widget-container\">\n\t\t\t\t\t<h6 class=\"elementor-heading-title elementor-size-default\">Soutien scolaire et aide aux devoirs\n<\/h6>\t\t\t\t<\/div>\n\t\t\t\t<\/div>\n\t\t\t\t<\/div>\n\t\t\t\t<div class=\"elementor-element elementor-element-3e6fa64 elementor-widget elementor-widget-text-editor\" data-id=\"3e6fa64\" data-element_type=\"widget\" data-e-type=\"widget\" data-widget_type=\"text-editor.default\">\n\t\t\t\t<div class=\"elementor-widget-container\">\n\t\t\t\t\t\t\t\t\t<p><span style=\"font-weight: 400;\">Elles sont encadr\u00e9es par des enseignants, des intervenants ext\u00e9rieurs, des volontaires francophones accueillis sur l\u2019\u00e9cole.<\/span><\/p><p><span style=\"font-weight: 400;\">L\u2019inscription aux activit\u00e9s p\u00e9riscolaires se fait pour un trimestre.<\/span><\/p><p><span style=\"font-weight: 400;\">L\u2019inscription peut aller de 1 \u00e0 4 activit\u00e9s par semaine.\u00a0\u00a0<\/span><\/p><p><span style=\"font-weight: 400;\">Le tarif hebdomadaire est d\u00e9fini en d\u00e9but d\u2019ann\u00e9e et d\u00e9pend du nombre d\u2019activit\u00e9s auxquelles l\u2019\u00e9l\u00e8ve participe.<\/span><\/p>\t\t\t\t\t\t\t\t<\/div>\n\t\t\t\t<\/div>\n\t\t\t\t<\/div>\n\t\t<div class=\"elementor-element elementor-element-90a9f0d e-con-full e-flex e-con e-child\" data-id=\"90a9f0d\" data-element_type=\"container\" data-e-type=\"container\" data-settings=\"{&quot;background_background&quot;:&quot;slideshow&quot;,&quot;background_slideshow_gallery&quot;:[{&quot;id&quot;:828,&quot;url&quot;:&quot;https:\\\/\\\/efep.me\\\/wp-content\\\/uploads\\\/2024\\\/11\\\/20230119_150533-scaled.jpg&quot;},{&quot;id&quot;:827,&quot;url&quot;:&quot;https:\\\/\\\/efep.me\\\/wp-content\\\/uploads\\\/2024\\\/11\\\/17.jpg&quot;},{&quot;id&quot;:936,&quot;url&quot;:&quot;https:\\\/\\\/efep.me\\\/wp-content\\\/uploads\\\/2024\\\/11\\\/20231212_153227-scaled.jpg&quot;},{&quot;id&quot;:935,&quot;url&quot;:&quot;https:\\\/\\\/efep.me\\\/wp-content\\\/uploads\\\/2024\\\/11\\\/20230404_105534-scaled.jpg&quot;}],&quot;background_slideshow_ken_burns&quot;:&quot;yes&quot;,&quot;background_slideshow_loop&quot;:&quot;yes&quot;,&quot;background_slideshow_slide_duration&quot;:5000,&quot;background_slideshow_slide_transition&quot;:&quot;fade&quot;,&quot;background_slideshow_transition_duration&quot;:500,&quot;background_slideshow_ken_burns_zoom_direction&quot;:&quot;in&quot;}\">\n\t\t\t\t<div class=\"elementor-element elementor-element-feb6920 elementor-widget elementor-widget-spacer\" data-id=\"feb6920\" data-element_type=\"widget\" data-e-type=\"widget\" data-widget_type=\"spacer.default\">\n\t\t\t\t<div class=\"elementor-widget-container\">\n\t\t\t\t\t\t\t<div class=\"elementor-spacer\">\n\t\t\t<div class=\"elementor-spacer-inner\"><\/div>\n\t\t<\/div>\n\t\t\t\t\t\t<\/div>\n\t\t\t\t<\/div>\n\t\t\t\t<\/div>\n\t\t\t\t\t<\/div>\n\t\t\t\t<\/div>\n\t\t<div class=\"elementor-element elementor-element-c93a2ee e-flex e-con-boxed e-con e-parent\" data-id=\"c93a2ee\" data-element_type=\"container\" data-e-type=\"container\">\n\t\t\t\t\t<div class=\"e-con-inner\">\n\t\t<div class=\"elementor-element elementor-element-67b39a9 e-con-full e-flex e-con e-child\" data-id=\"67b39a9\" data-element_type=\"container\" data-e-type=\"container\" data-settings=\"{&quot;background_background&quot;:&quot;slideshow&quot;,&quot;background_slideshow_gallery&quot;:[{&quot;id&quot;:942,&quot;url&quot;:&quot;https:\\\/\\\/efep.me\\\/wp-content\\\/uploads\\\/2024\\\/11\\\/WhatsApp-Image-2022-11-12-a-13.58.05.jpg&quot;},{&quot;id&quot;:941,&quot;url&quot;:&quot;https:\\\/\\\/efep.me\\\/wp-content\\\/uploads\\\/2024\\\/11\\\/4.jpg&quot;},{&quot;id&quot;:878,&quot;url&quot;:&quot;https:\\\/\\\/efep.me\\\/wp-content\\\/uploads\\\/2024\\\/11\\\/WhatsApp-Image-2024-03-02-a-09.32.29_e040fb4d.jpg&quot;}],&quot;background_slideshow_ken_burns&quot;:&quot;yes&quot;,&quot;background_slideshow_loop&quot;:&quot;yes&quot;,&quot;background_slideshow_slide_duration&quot;:5000,&quot;background_slideshow_slide_transition&quot;:&quot;fade&quot;,&quot;background_slideshow_transition_duration&quot;:500,&quot;background_slideshow_ken_burns_zoom_direction&quot;:&quot;in&quot;}\">\n\t\t\t\t<div class=\"elementor-element elementor-element-0016840 elementor-widget elementor-widget-spacer\" data-id=\"0016840\" data-element_type=\"widget\" data-e-type=\"widget\" data-widget_type=\"spacer.default\">\n\t\t\t\t<div class=\"elementor-widget-container\">\n\t\t\t\t\t\t\t<div class=\"elementor-spacer\">\n\t\t\t<div class=\"elementor-spacer-inner\"><\/div>\n\t\t<\/div>\n\t\t\t\t\t\t<\/div>\n\t\t\t\t<\/div>\n\t\t\t\t<\/div>\n\t\t<div class=\"elementor-element elementor-element-10b5b5b e-con-full e-flex e-con e-child\" data-id=\"10b5b5b\" data-element_type=\"container\" data-e-type=\"container\">\n\t\t\t\t<div class=\"elementor-element elementor-element-9afb503 elementor-widget elementor-widget-heading\" data-id=\"9afb503\" data-element_type=\"widget\" data-e-type=\"widget\" data-widget_type=\"heading.default\">\n\t\t\t\t<div class=\"elementor-widget-container\">\n\t\t\t\t\t<h1 class=\"elementor-heading-title elementor-size-default\">Garderie<\/h1>\t\t\t\t<\/div>\n\t\t\t\t<\/div>\n\t\t\t\t<div class=\"elementor-element elementor-element-0b24b53 elementor-widget elementor-widget-text-editor\" data-id=\"0b24b53\" data-element_type=\"widget\" data-e-type=\"widget\" data-widget_type=\"text-editor.default\">\n\t\t\t\t<div class=\"elementor-widget-container\">\n\t\t\t\t\t\t\t\t\t<p><span style=\"font-weight: 400;\">Un service de garderie est propos\u00e9:\u00a0<\/span><\/p><ul><li style=\"font-weight: 400;\" aria-level=\"1\"><span style=\"font-weight: 400;\">Pour les \u00e9l\u00e8ves de maternelle: du lundi au jeudi de 15h \u00e0 16h00 et le vendredi de 12h30 \u00e0 15h<\/span><\/li><li style=\"font-weight: 400;\" aria-level=\"1\"><span style=\"font-weight: 400;\">Pour les \u00e9l\u00e8ves de primaire: le vendredi de 12h30 \u00e0 15h.<\/span><\/li><\/ul>\t\t\t\t\t\t\t\t<\/div>\n\t\t\t\t<\/div>\n\t\t\t\t<\/div>\n\t\t\t\t\t<\/div>\n\t\t\t\t<\/div>\n\t\t\t\t<\/div>\n\t\t","protected":false},"excerpt":{"rendered":"<p>Des activit\u00e9s p\u00e9riscolaires sont propos\u00e9es apr\u00e8s la classe, du lundi au jeudi, de 15h \u00e0 16h pour les \u00e9l\u00e8ves du CP au CM2.Les activit\u00e9s propos\u00e9es permettent aux \u00e9l\u00e8ves de choisir entre diff\u00e9rents domaines. Le programme change chaque trimestre.\u00a0 Activit\u00e9s sportives : jeux collectifs, danse, ping pong\u2026 . Activit\u00e9s linguistiques : renforcement anglais, mont\u00e9n\u00e9grin, initiation \u00e0 [&hellip;]<\/p>\n","protected":false},"author":1,"featured_media":0,"parent":47,"menu_order":0,"comment_status":"closed","ping_status":"closed","template":"","meta":{"footnotes":""},"class_list":["post-51","page","type-page","status-publish","hentry"],"_links":{"self":[{"href":"https:\/\/efep.me\/en\/wp-json\/wp\/v2\/pages\/51","targetHints":{"allow":["GET"]}}],"collection":[{"href":"https:\/\/efep.me\/en\/wp-json\/wp\/v2\/pages"}],"about":[{"href":"https:\/\/efep.me\/en\/wp-json\/wp\/v2\/types\/page"}],"author":[{"embeddable":true,"href":"https:\/\/efep.me\/en\/wp-json\/wp\/v2\/users\/1"}],"replies":[{"embeddable":true,"href":"https:\/\/efep.me\/en\/wp-json\/wp\/v2\/comments?post=51"}],"version-history":[{"count":40,"href":"https:\/\/efep.me\/en\/wp-json\/wp\/v2\/pages\/51\/revisions"}],"predecessor-version":[{"id":1346,"href":"https:\/\/efep.me\/en\/wp-json\/wp\/v2\/pages\/51\/revisions\/1346"}],"up":[{"embeddable":true,"href":"https:\/\/efep.me\/en\/wp-json\/wp\/v2\/pages\/47"}],"wp:attachment":[{"href":"https:\/\/efep.me\/en\/wp-json\/wp\/v2\/media?parent=51"}],"curies":[{"name":"wp","href":"https:\/\/api.w.org\/{rel}","templated":true}]}}