{"id":49,"date":"2024-05-27T13:10:05","date_gmt":"2024-05-27T13:10:05","guid":{"rendered":"https:\/\/efep.im-nomade.com\/?page_id=49"},"modified":"2025-02-24T07:58:55","modified_gmt":"2025-02-24T07:58:55","slug":"cantine","status":"publish","type":"page","link":"https:\/\/efep.me\/en\/services\/cantine\/","title":{"rendered":"Canteen"},"content":{"rendered":"<div data-elementor-type=\"wp-page\" data-elementor-id=\"49\" class=\"elementor elementor-49\" data-elementor-post-type=\"page\">\n\t\t\t\t<div class=\"elementor-element elementor-element-dc20c03 e-flex e-con-boxed e-con e-parent\" data-id=\"dc20c03\" data-element_type=\"container\" data-e-type=\"container\">\n\t\t\t\t\t<div class=\"e-con-inner\">\n\t\t\t\t<div class=\"elementor-element elementor-element-f8c8782 elementor-widget elementor-widget-heading\" data-id=\"f8c8782\" data-element_type=\"widget\" data-e-type=\"widget\" data-widget_type=\"heading.default\">\n\t\t\t\t<div class=\"elementor-widget-container\">\n\t\t\t\t\t<h1 class=\"elementor-heading-title elementor-size-default\">Our canteen<\/h1>\t\t\t\t<\/div>\n\t\t\t\t<\/div>\n\t\t\t\t<div class=\"elementor-element elementor-element-2c114ec elementor-widget elementor-widget-text-editor\" data-id=\"2c114ec\" data-element_type=\"widget\" data-e-type=\"widget\" data-widget_type=\"text-editor.default\">\n\t\t\t\t<div class=\"elementor-widget-container\">\n\t\t\t\t\t\t\t\t\t<p><span style=\"font-weight: 400;\">The lunch break is an extracurricular time which includes reception for meal time in the canteen and a playtime.<\/span><\/p><p><span style=\"font-weight: 400;\">Meals can be reserved for a semester or brought by the child and reheated on site if necessary. To register, please write to this address:\u00a0<\/span><\/p>\t\t\t\t\t\t\t\t<\/div>\n\t\t\t\t<\/div>\n\t\t<div class=\"elementor-element elementor-element-7973927 e-con-full e-flex e-con e-child\" data-id=\"7973927\" data-element_type=\"container\" data-e-type=\"container\">\n\t\t\t\t<div class=\"elementor-element elementor-element-3d442bf elementor-align-center elementor-widget elementor-widget-button\" data-id=\"3d442bf\" data-element_type=\"widget\" data-e-type=\"widget\" data-widget_type=\"button.default\">\n\t\t\t\t<div class=\"elementor-widget-container\">\n\t\t\t\t\t\t\t\t\t<div class=\"elementor-button-wrapper\">\n\t\t\t\t\t<a class=\"elementor-button elementor-button-link elementor-size-sm\" href=\"mailto:info@efep.me\">\n\t\t\t\t\t\t<span class=\"elementor-button-content-wrapper\">\n\t\t\t\t\t\t<span class=\"elementor-button-icon\">\n\t\t\t\t<svg aria-hidden=\"true\" class=\"e-font-icon-svg e-fas-mail-bulk\" viewbox=\"0 0 576 512\" xmlns=\"http:\/\/www.w3.org\/2000\/svg\"><path d=\"M160 448c-25.6 0-51.2-22.4-64-32-64-44.8-83.2-60.8-96-70.4V480c0 17.67 14.33 32 32 32h256c17.67 0 32-14.33 32-32V345.6c-12.8 9.6-32 25.6-96 70.4-12.8 9.6-38.4 32-64 32zm128-192H32c-17.67 0-32 14.33-32 32v16c25.6 19.2 22.4 19.2 115.2 86.4 9.6 6.4 28.8 25.6 44.8 25.6s35.2-19.2 44.8-22.4c92.8-67.2 89.6-67.2 115.2-86.4V288c0-17.67-14.33-32-32-32zm256-96H224c-17.67 0-32 14.33-32 32v32h96c33.21 0 60.59 25.42 63.71 57.82l.29-.22V416h192c17.67 0 32-14.33 32-32V192c0-17.67-14.33-32-32-32zm-32 128h-64v-64h64v64zm-352-96c0-35.29 28.71-64 64-64h224V32c0-17.67-14.33-32-32-32H96C78.33 0 64 14.33 64 32v192h96v-32z\"><\/path><\/svg>\t\t\t<\/span>\n\t\t\t\t\t\t\t\t\t<span class=\"elementor-button-text\">Register by email: info@efep.me<\/span>\n\t\t\t\t\t<\/span>\n\t\t\t\t\t<\/a>\n\t\t\t\t<\/div>\n\t\t\t\t\t\t\t\t<\/div>\n\t\t\t\t<\/div>\n\t\t\t\t<\/div>\n\t\t\t\t<div class=\"elementor-element elementor-element-73592ca elementor-widget elementor-widget-image\" data-id=\"73592ca\" data-element_type=\"widget\" data-e-type=\"widget\" data-widget_type=\"image.default\">\n\t\t\t\t<div class=\"elementor-widget-container\">\n\t\t\t\t\t\t\t\t\t\t\t\t\t\t\t<img fetchpriority=\"high\" decoding=\"async\" width=\"737\" height=\"1024\" src=\"https:\/\/efep.me\/wp-content\/uploads\/2025\/02\/viber_image_2025-02-10_10-55-10-491-737x1024.jpg\" class=\"attachment-large size-large wp-image-1465\" alt=\"\" srcset=\"https:\/\/efep.me\/wp-content\/uploads\/2025\/02\/viber_image_2025-02-10_10-55-10-491-737x1024.jpg 737w, https:\/\/efep.me\/wp-content\/uploads\/2025\/02\/viber_image_2025-02-10_10-55-10-491-216x300.jpg 216w, https:\/\/efep.me\/wp-content\/uploads\/2025\/02\/viber_image_2025-02-10_10-55-10-491-768x1067.jpg 768w, https:\/\/efep.me\/wp-content\/uploads\/2025\/02\/viber_image_2025-02-10_10-55-10-491-1106x1536.jpg 1106w, https:\/\/efep.me\/wp-content\/uploads\/2025\/02\/viber_image_2025-02-10_10-55-10-491-9x12.jpg 9w, https:\/\/efep.me\/wp-content\/uploads\/2025\/02\/viber_image_2025-02-10_10-55-10-491.jpg 1152w\" sizes=\"(max-width: 737px) 100vw, 737px\" \/>\t\t\t\t\t\t\t\t\t\t\t\t\t\t\t<\/div>\n\t\t\t\t<\/div>\n\t\t\t\t<div class=\"elementor-element elementor-element-6fc665f elementor-widget elementor-widget-text-editor\" data-id=\"6fc665f\" data-element_type=\"widget\" data-e-type=\"widget\" data-widget_type=\"text-editor.default\">\n\t\t\t\t<div class=\"elementor-widget-container\">\n\t\t\t\t\t\t\t\t\t<p><span style=\"font-weight: 400;\">The canteen registration includes a breakfast snack that the child can eat when arriving at school, a snack for the morning break (around 10am) and lunch: a hot dish, raw vegetables and a dessert. The price depends on the supplier. <\/span><\/p>\t\t\t\t\t\t\t\t<\/div>\n\t\t\t\t<\/div>\n\t\t\t\t\t<\/div>\n\t\t\t\t<\/div>\n\t\t\t\t<\/div>","protected":false},"excerpt":{"rendered":"<p>Notre cantine La pause de midi est un temps p\u00e9riscolaire qui comprend l\u2019accueil pour le temps de repas \u00e0 la cantine et un temps de r\u00e9cr\u00e9ation. Les repas peuvent \u00eatre r\u00e9serv\u00e9s pour un semestre ou apport\u00e9s par l\u2019enfant et r\u00e9chauff\u00e9s sur place si besoin. Pour l&rsquo;inscription, merci d\u2019\u00e9crire \u00e0 cette adresse:\u00a0 S&rsquo;incrire par email : [&hellip;]<\/p>\n","protected":false},"author":1,"featured_media":0,"parent":47,"menu_order":0,"comment_status":"closed","ping_status":"closed","template":"","meta":{"footnotes":""},"class_list":["post-49","page","type-page","status-publish","hentry"],"_links":{"self":[{"href":"https:\/\/efep.me\/en\/wp-json\/wp\/v2\/pages\/49","targetHints":{"allow":["GET"]}}],"collection":[{"href":"https:\/\/efep.me\/en\/wp-json\/wp\/v2\/pages"}],"about":[{"href":"https:\/\/efep.me\/en\/wp-json\/wp\/v2\/types\/page"}],"author":[{"embeddable":true,"href":"https:\/\/efep.me\/en\/wp-json\/wp\/v2\/users\/1"}],"replies":[{"embeddable":true,"href":"https:\/\/efep.me\/en\/wp-json\/wp\/v2\/comments?post=49"}],"version-history":[{"count":46,"href":"https:\/\/efep.me\/en\/wp-json\/wp\/v2\/pages\/49\/revisions"}],"predecessor-version":[{"id":1483,"href":"https:\/\/efep.me\/en\/wp-json\/wp\/v2\/pages\/49\/revisions\/1483"}],"up":[{"embeddable":true,"href":"https:\/\/efep.me\/en\/wp-json\/wp\/v2\/pages\/47"}],"wp:attachment":[{"href":"https:\/\/efep.me\/en\/wp-json\/wp\/v2\/media?parent=49"}],"curies":[{"name":"wp","href":"https:\/\/api.w.org\/{rel}","templated":true}]}}