{"id":391,"date":"2024-10-14T12:45:35","date_gmt":"2024-10-14T12:45:35","guid":{"rendered":"https:\/\/efep.im-nomade.com\/?page_id=391"},"modified":"2024-12-13T10:32:34","modified_gmt":"2024-12-13T10:32:34","slug":"diplomes-etudes-superieurs","status":"publish","type":"page","link":"https:\/\/efep.me\/en\/informations\/diplomes-etudes-superieurs\/","title":{"rendered":"Diplomas &amp; Higher Education"},"content":{"rendered":"<div data-elementor-type=\"wp-page\" data-elementor-id=\"391\" class=\"elementor elementor-391\" data-elementor-post-type=\"page\">\n\t\t\t\t<div class=\"elementor-element elementor-element-f52d378 e-flex e-con-boxed e-con e-parent\" data-id=\"f52d378\" data-element_type=\"container\" data-e-type=\"container\">\n\t\t\t\t\t<div class=\"e-con-inner\">\n\t\t\t\t<div class=\"elementor-element elementor-element-0ad4e4f elementor-widget elementor-widget-heading\" data-id=\"0ad4e4f\" data-element_type=\"widget\" data-e-type=\"widget\" data-widget_type=\"heading.default\">\n\t\t\t\t<div class=\"elementor-widget-container\">\n\t\t\t\t\t<h1 class=\"elementor-heading-title elementor-size-default\">Degrees and higher education\n<\/h1>\t\t\t\t<\/div>\n\t\t\t\t<\/div>\n\t\t\t\t<div class=\"elementor-element elementor-element-7f1a0cc elementor-widget elementor-widget-heading\" data-id=\"7f1a0cc\" data-element_type=\"widget\" data-e-type=\"widget\" data-widget_type=\"heading.default\">\n\t\t\t\t<div class=\"elementor-widget-container\">\n\t\t\t\t\t<h2 class=\"elementor-heading-title elementor-size-default\">National Brevet Diploma<\/h2>\t\t\t\t<\/div>\n\t\t\t\t<\/div>\n\t\t<div class=\"elementor-element elementor-element-031364b e-con-full e-flex e-con e-child\" data-id=\"031364b\" data-element_type=\"container\" data-e-type=\"container\">\n\t\t\t\t<div class=\"elementor-element elementor-element-5c28583 elementor-widget__width-initial elementor-widget-mobile__width-auto elementor-widget elementor-widget-text-editor\" data-id=\"5c28583\" data-element_type=\"widget\" data-e-type=\"widget\" data-widget_type=\"text-editor.default\">\n\t\t\t\t<div class=\"elementor-widget-container\">\n\t\t\t\t\t\t\t\t\t<p><span style=\"font-weight: 400;\">In the 3rd grade (last grade of middle school), students take the Dipl\u00f4me National du Brevet (DNB). This is the first exam in French schooling. Students are assessed on the assessment of their skills acquired at the end of middle school and take tests in four subjects: French, Mathematics, History-Geography and Science.<\/span><\/p><p><strong>Currently, students take these tests at the French school in Sarajevo.<\/strong><\/p>\t\t\t\t\t\t\t\t<\/div>\n\t\t\t\t<\/div>\n\t\t\t\t<div class=\"elementor-element elementor-element-80f435b elementor-widget elementor-widget-image\" data-id=\"80f435b\" data-element_type=\"widget\" data-e-type=\"widget\" data-widget_type=\"image.default\">\n\t\t\t\t<div class=\"elementor-widget-container\">\n\t\t\t\t\t\t\t\t\t\t\t\t\t\t\t<img fetchpriority=\"high\" decoding=\"async\" width=\"768\" height=\"400\" src=\"https:\/\/efep.me\/wp-content\/uploads\/2024\/11\/WhatsApp-Image-2024-11-24-a-13.58.34_80fbadd3-1-768x400.jpg\" class=\"attachment-medium_large size-medium_large wp-image-736\" alt=\"\" srcset=\"https:\/\/efep.me\/wp-content\/uploads\/2024\/11\/WhatsApp-Image-2024-11-24-a-13.58.34_80fbadd3-1-768x400.jpg 768w, https:\/\/efep.me\/wp-content\/uploads\/2024\/11\/WhatsApp-Image-2024-11-24-a-13.58.34_80fbadd3-1-300x156.jpg 300w, https:\/\/efep.me\/wp-content\/uploads\/2024\/11\/WhatsApp-Image-2024-11-24-a-13.58.34_80fbadd3-1-1024x533.jpg 1024w, https:\/\/efep.me\/wp-content\/uploads\/2024\/11\/WhatsApp-Image-2024-11-24-a-13.58.34_80fbadd3-1-1536x799.jpg 1536w, https:\/\/efep.me\/wp-content\/uploads\/2024\/11\/WhatsApp-Image-2024-11-24-a-13.58.34_80fbadd3-1-18x9.jpg 18w, https:\/\/efep.me\/wp-content\/uploads\/2024\/11\/WhatsApp-Image-2024-11-24-a-13.58.34_80fbadd3-1.jpg 2000w\" sizes=\"(max-width: 768px) 100vw, 768px\" \/>\t\t\t\t\t\t\t\t\t\t\t\t\t\t\t<\/div>\n\t\t\t\t<\/div>\n\t\t\t\t<\/div>\n\t\t\t\t<div class=\"elementor-element elementor-element-f147c20 elementor-widget elementor-widget-heading\" data-id=\"f147c20\" data-element_type=\"widget\" data-e-type=\"widget\" data-widget_type=\"heading.default\">\n\t\t\t\t<div class=\"elementor-widget-container\">\n\t\t\t\t\t<h2 class=\"elementor-heading-title elementor-size-default\">Baccalaureate<\/h2>\t\t\t\t<\/div>\n\t\t\t\t<\/div>\n\t\t<div class=\"elementor-element elementor-element-fffcfa2 e-con-full e-flex e-con e-child\" data-id=\"fffcfa2\" data-element_type=\"container\" data-e-type=\"container\">\n\t\t\t\t<div class=\"elementor-element elementor-element-6c5b22e elementor-widget elementor-widget-text-editor\" data-id=\"6c5b22e\" data-element_type=\"widget\" data-e-type=\"widget\" data-widget_type=\"text-editor.default\">\n\t\t\t\t<div class=\"elementor-widget-container\">\n\t\t\t\t\t\t\t\t\t<p><span style=\"font-weight: 400;\">At the end of high school, students take the baccalaureate. This diploma gives them access to higher education, in France and around the world.<\/span><\/p><p><strong>The baccalaureate is completed in two years:<\/strong><\/p><ul><li><span style=\"font-weight: 400;\">In the first year of high school, students take French exams, written and oral. The grades obtained during the year count towards continuous assessment.<\/span><\/li><li><span style=\"font-weight: 400;\">In the final year of high school, students take the specialty exams, the Philosophy exam and the Grand Oral. The grades obtained during the year count towards continuous assessment.<\/span><\/li><\/ul><p>\u00a0<\/p><p><span style=\"font-weight: 400;\">In total, continuous assessment counts for 40% of the final mark. The final exams for 60%.\u00a0<\/span><\/p><p><span style=\"font-weight: 400;\">Currently, students are taking their baccalaureate exams in Belgrade.<\/span><\/p>\t\t\t\t\t\t\t\t<\/div>\n\t\t\t\t<\/div>\n\t\t\t\t<div class=\"elementor-element elementor-element-bf52094 elementor-widget elementor-widget-image\" data-id=\"bf52094\" data-element_type=\"widget\" data-e-type=\"widget\" data-widget_type=\"image.default\">\n\t\t\t\t<div class=\"elementor-widget-container\">\n\t\t\t\t\t\t\t\t\t\t\t\t\t\t\t<img decoding=\"async\" width=\"800\" height=\"834\" src=\"https:\/\/efep.me\/wp-content\/uploads\/2024\/10\/r-partition-de-la-note-finale-gt-octobre-95074-982x1024.jpg\" class=\"attachment-large size-large wp-image-402\" alt=\"\" srcset=\"https:\/\/efep.me\/wp-content\/uploads\/2024\/10\/r-partition-de-la-note-finale-gt-octobre-95074-982x1024.jpg 982w, https:\/\/efep.me\/wp-content\/uploads\/2024\/10\/r-partition-de-la-note-finale-gt-octobre-95074-288x300.jpg 288w, https:\/\/efep.me\/wp-content\/uploads\/2024\/10\/r-partition-de-la-note-finale-gt-octobre-95074-768x801.jpg 768w, https:\/\/efep.me\/wp-content\/uploads\/2024\/10\/r-partition-de-la-note-finale-gt-octobre-95074-1473x1536.jpg 1473w, https:\/\/efep.me\/wp-content\/uploads\/2024\/10\/r-partition-de-la-note-finale-gt-octobre-95074-1965x2048.jpg 1965w, https:\/\/efep.me\/wp-content\/uploads\/2024\/10\/r-partition-de-la-note-finale-gt-octobre-95074-12x12.jpg 12w, https:\/\/efep.me\/wp-content\/uploads\/2024\/10\/r-partition-de-la-note-finale-gt-octobre-95074.jpg 2000w\" sizes=\"(max-width: 800px) 100vw, 800px\" \/>\t\t\t\t\t\t\t\t\t\t\t\t\t\t\t<\/div>\n\t\t\t\t<\/div>\n\t\t\t\t<\/div>\n\t\t\t\t\t<\/div>\n\t\t\t\t<\/div>\n\t\t<div class=\"elementor-element elementor-element-200ca2a e-flex e-con-boxed e-con e-parent\" data-id=\"200ca2a\" data-element_type=\"container\" data-e-type=\"container\">\n\t\t\t\t\t<div class=\"e-con-inner\">\n\t\t\t\t<div class=\"elementor-element elementor-element-343c411 elementor-widget elementor-widget-text-editor\" data-id=\"343c411\" data-element_type=\"widget\" data-e-type=\"widget\" data-widget_type=\"text-editor.default\">\n\t\t\t\t<div class=\"elementor-widget-container\">\n\t\t\t\t\t\t\t\t\t<p><span style=\"font-weight: 400;\">The baccalaureate is an internationally recognized diploma. It provides access to higher education in France, but also in Montenegro and elsewhere in the world.<\/span><\/p><p><span style=\"font-weight: 400;\">Among the students who obtained their baccalaureate in 2023 in AEFE schools:\u00a0<\/span><\/p><ul><li style=\"font-weight: 400;\" aria-level=\"1\"><span style=\"font-weight: 400;\">53% study in France, among them, 61% are non-French.<\/span><\/li><li style=\"font-weight: 400;\" aria-level=\"1\"><span style=\"font-weight: 400;\">17% study in a third country (Canada, then Great Britain, United States and Switzerland)<\/span><\/li><\/ul>\t\t\t\t\t\t\t\t<\/div>\n\t\t\t\t<\/div>\n\t\t\t\t\t<\/div>\n\t\t\t\t<\/div>\n\t\t\t\t<\/div>","protected":false},"excerpt":{"rendered":"<p>Dipl\u00f4mes et \u00e9tudes sup\u00e9rieures Dipl\u00f4me National du Brevet En classe de 3e (derni\u00e8re classe du coll\u00e8ge), les \u00e9l\u00e8ves passent le Dipl\u00f4me National du Brevet (DNB). Il s&rsquo;agit du premier examen de la scolarit\u00e9 fran\u00e7aise. Les \u00e9l\u00e8ves sont \u00e9valu\u00e9s sur le bilan de leurs comp\u00e9tences acquises en fin de coll\u00e8ge et passent des \u00e9preuves dans quatre [&hellip;]<\/p>\n","protected":false},"author":1,"featured_media":0,"parent":55,"menu_order":0,"comment_status":"closed","ping_status":"closed","template":"","meta":{"footnotes":""},"class_list":["post-391","page","type-page","status-publish","hentry"],"_links":{"self":[{"href":"https:\/\/efep.me\/en\/wp-json\/wp\/v2\/pages\/391","targetHints":{"allow":["GET"]}}],"collection":[{"href":"https:\/\/efep.me\/en\/wp-json\/wp\/v2\/pages"}],"about":[{"href":"https:\/\/efep.me\/en\/wp-json\/wp\/v2\/types\/page"}],"author":[{"embeddable":true,"href":"https:\/\/efep.me\/en\/wp-json\/wp\/v2\/users\/1"}],"replies":[{"embeddable":true,"href":"https:\/\/efep.me\/en\/wp-json\/wp\/v2\/comments?post=391"}],"version-history":[{"count":28,"href":"https:\/\/efep.me\/en\/wp-json\/wp\/v2\/pages\/391\/revisions"}],"predecessor-version":[{"id":1242,"href":"https:\/\/efep.me\/en\/wp-json\/wp\/v2\/pages\/391\/revisions\/1242"}],"up":[{"embeddable":true,"href":"https:\/\/efep.me\/en\/wp-json\/wp\/v2\/pages\/55"}],"wp:attachment":[{"href":"https:\/\/efep.me\/en\/wp-json\/wp\/v2\/media?parent=391"}],"curies":[{"name":"wp","href":"https:\/\/api.w.org\/{rel}","templated":true}]}}