{"id":371,"date":"2024-10-14T12:24:34","date_gmt":"2024-10-14T12:24:34","guid":{"rendered":"https:\/\/efep.im-nomade.com\/?page_id=371"},"modified":"2024-10-14T12:31:47","modified_gmt":"2024-10-14T12:31:47","slug":"cned","status":"publish","type":"page","link":"https:\/\/efep.me\/en\/informations\/cned\/","title":{"rendered":"CNED"},"content":{"rendered":"<div data-elementor-type=\"wp-page\" data-elementor-id=\"371\" class=\"elementor elementor-371\" data-elementor-post-type=\"page\">\n\t\t\t\t<div class=\"elementor-element elementor-element-b7a82ed e-flex e-con-boxed e-con e-parent\" data-id=\"b7a82ed\" data-element_type=\"container\" data-e-type=\"container\">\n\t\t\t\t\t<div class=\"e-con-inner\">\n\t\t\t\t<div class=\"elementor-element elementor-element-a777f7e elementor-widget elementor-widget-heading\" data-id=\"a777f7e\" data-element_type=\"widget\" data-e-type=\"widget\" data-widget_type=\"heading.default\">\n\t\t\t\t<div class=\"elementor-widget-container\">\n\t\t\t\t\t<h1 class=\"elementor-heading-title elementor-size-default\">What is the CNED? <\/h1>\t\t\t\t<\/div>\n\t\t\t\t<\/div>\n\t\t\t\t<div class=\"elementor-element elementor-element-fd069d6 elementor-widget elementor-widget-image\" data-id=\"fd069d6\" data-element_type=\"widget\" data-e-type=\"widget\" data-widget_type=\"image.default\">\n\t\t\t\t<div class=\"elementor-widget-container\">\n\t\t\t\t\t\t\t\t\t\t\t\t\t\t\t<img fetchpriority=\"high\" decoding=\"async\" width=\"259\" height=\"195\" src=\"https:\/\/efep.me\/wp-content\/uploads\/2024\/10\/telechargement.png\" class=\"attachment-large size-large wp-image-373\" alt=\"\" srcset=\"https:\/\/efep.me\/wp-content\/uploads\/2024\/10\/telechargement.png 259w, https:\/\/efep.me\/wp-content\/uploads\/2024\/10\/telechargement-16x12.png 16w\" sizes=\"(max-width: 259px) 100vw, 259px\" \/>\t\t\t\t\t\t\t\t\t\t\t\t\t\t\t<\/div>\n\t\t\t\t<\/div>\n\t\t\t\t<div class=\"elementor-element elementor-element-a694ffa elementor-widget elementor-widget-text-editor\" data-id=\"a694ffa\" data-element_type=\"widget\" data-e-type=\"widget\" data-widget_type=\"text-editor.default\">\n\t\t\t\t<div class=\"elementor-widget-container\">\n\t\t\t\t\t\t\t\t\t<p><span style=\"font-weight: 400;\">The CNED, National Center for Distance Learning, is an establishment of the French Ministry of Education which allows you to follow courses remotely.\u00a0<\/span><\/p><p><span style=\"font-weight: 400;\">Courses are offered online and with books and files, audio and video resources.\u00a0<\/span><\/p><p><span style=\"font-weight: 400;\">For the 2024-2025 school year, we are continuing, from the 8th grade to the final year, with a teaching system that combines CNED resources and personalized support from teachers. This organization, adapted to our reduced numbers at these levels, allows us to offer a complete education up to the baccalaureate, even without the formation of traditional classes.<\/span><\/p><p><span style=\"font-weight: 400;\">Students follow a structured schedule and work in small, grade-level groups, fostering a flexible, individually tailored teaching approach. This structure allows each student to progress at their own pace in some subjects and to work with their group and a teacher in others.\u00a0<\/span><\/p><p>\u00a0<\/p>\t\t\t\t\t\t\t\t<\/div>\n\t\t\t\t<\/div>\n\t\t\t\t<div class=\"elementor-element elementor-element-0d6bec3 elementor-widget elementor-widget-image\" data-id=\"0d6bec3\" data-element_type=\"widget\" data-e-type=\"widget\" data-widget_type=\"image.default\">\n\t\t\t\t<div class=\"elementor-widget-container\">\n\t\t\t\t\t\t\t\t\t\t\t\t\t\t\t<img decoding=\"async\" width=\"800\" height=\"480\" src=\"https:\/\/efep.me\/wp-content\/uploads\/2024\/10\/Sans-titre-18-1024x614.jpg\" class=\"attachment-large size-large wp-image-375\" alt=\"\" srcset=\"https:\/\/efep.me\/wp-content\/uploads\/2024\/10\/Sans-titre-18-1024x614.jpg 1024w, https:\/\/efep.me\/wp-content\/uploads\/2024\/10\/Sans-titre-18-300x180.jpg 300w, https:\/\/efep.me\/wp-content\/uploads\/2024\/10\/Sans-titre-18-768x461.jpg 768w, https:\/\/efep.me\/wp-content\/uploads\/2024\/10\/Sans-titre-18-1536x922.jpg 1536w, https:\/\/efep.me\/wp-content\/uploads\/2024\/10\/Sans-titre-18-18x12.jpg 18w, https:\/\/efep.me\/wp-content\/uploads\/2024\/10\/Sans-titre-18.jpg 2000w\" sizes=\"(max-width: 800px) 100vw, 800px\" \/>\t\t\t\t\t\t\t\t\t\t\t\t\t\t\t<\/div>\n\t\t\t\t<\/div>\n\t\t\t\t<div class=\"elementor-element elementor-element-1fd6d59 elementor-widget elementor-widget-text-editor\" data-id=\"1fd6d59\" data-element_type=\"widget\" data-e-type=\"widget\" data-widget_type=\"text-editor.default\">\n\t\t\t\t<div class=\"elementor-widget-container\">\n\t\t\t\t\t\t\t\t\t<p><span style=\"font-weight: 400;\">The courses offered by the CNED adhere to the French National Education curriculum, and assignments are regularly submitted and graded by teachers in France. This ensures rigorous monitoring that adheres to national academic standards, while also providing personalized feedback to each student.<\/span><\/p><p><span style=\"font-weight: 400;\">Thanks to this organization, our students develop in an environment where autonomy is encouraged, while being supported daily by our teachers.\u00a0<\/span><\/p><p><span style=\"font-weight: 400;\">This system allows students to prepare for the national brevet and baccalaureate exams while respecting each individual&#039;s background.\u00a0<\/span><\/p>\t\t\t\t\t\t\t\t<\/div>\n\t\t\t\t<\/div>\n\t\t\t\t\t<\/div>\n\t\t\t\t<\/div>\n\t\t\t\t<\/div>","protected":false},"excerpt":{"rendered":"<p>Qu&rsquo;est ce que le CNED ? Le CNED, Centre National\u00a0 d&rsquo;Enseignement \u00e0 Distance, est un \u00e9tablissement du minist\u00e8re de l\u2019\u00e9ducation fran\u00e7ais qui permet de suivre des cours \u00e0 distance.\u00a0 Les cours sont propos\u00e9s en ligne et avec des livres et fichiers, des ressources audio et vid\u00e9o.\u00a0 Pour l\u2019ann\u00e9e scolaire 2024-2025, nous poursuivons, \u00e0 partir de [&hellip;]<\/p>\n","protected":false},"author":1,"featured_media":0,"parent":55,"menu_order":0,"comment_status":"closed","ping_status":"closed","template":"","meta":{"footnotes":""},"class_list":["post-371","page","type-page","status-publish","hentry"],"_links":{"self":[{"href":"https:\/\/efep.me\/en\/wp-json\/wp\/v2\/pages\/371","targetHints":{"allow":["GET"]}}],"collection":[{"href":"https:\/\/efep.me\/en\/wp-json\/wp\/v2\/pages"}],"about":[{"href":"https:\/\/efep.me\/en\/wp-json\/wp\/v2\/types\/page"}],"author":[{"embeddable":true,"href":"https:\/\/efep.me\/en\/wp-json\/wp\/v2\/users\/1"}],"replies":[{"embeddable":true,"href":"https:\/\/efep.me\/en\/wp-json\/wp\/v2\/comments?post=371"}],"version-history":[{"count":4,"href":"https:\/\/efep.me\/en\/wp-json\/wp\/v2\/pages\/371\/revisions"}],"predecessor-version":[{"id":378,"href":"https:\/\/efep.me\/en\/wp-json\/wp\/v2\/pages\/371\/revisions\/378"}],"up":[{"embeddable":true,"href":"https:\/\/efep.me\/en\/wp-json\/wp\/v2\/pages\/55"}],"wp:attachment":[{"href":"https:\/\/efep.me\/en\/wp-json\/wp\/v2\/media?parent=371"}],"curies":[{"name":"wp","href":"https:\/\/api.w.org\/{rel}","templated":true}]}}