{"id":37,"date":"2024-05-27T13:07:20","date_gmt":"2024-05-27T13:07:20","guid":{"rendered":"https:\/\/efep.im-nomade.com\/?page_id=37"},"modified":"2024-12-18T09:00:22","modified_gmt":"2024-12-18T09:00:22","slug":"eco-ecole","status":"publish","type":"page","link":"https:\/\/efep.me\/en\/projet-educatif\/eco-ecole\/","title":{"rendered":"\u00a0Eco-school"},"content":{"rendered":"<div data-elementor-type=\"wp-page\" data-elementor-id=\"37\" class=\"elementor elementor-37\" data-elementor-post-type=\"page\">\n\t\t\t\t<div class=\"elementor-element elementor-element-f46119f e-flex e-con-boxed e-con e-parent\" data-id=\"f46119f\" data-element_type=\"container\" data-e-type=\"container\">\n\t\t\t\t\t<div class=\"e-con-inner\">\n\t\t\t\t<div class=\"elementor-element elementor-element-e1d4a0d elementor-widget elementor-widget-heading\" data-id=\"e1d4a0d\" data-element_type=\"widget\" data-e-type=\"widget\" data-widget_type=\"heading.default\">\n\t\t\t\t<div class=\"elementor-widget-container\">\n\t\t\t\t\t<h1 class=\"elementor-heading-title elementor-size-default\">Living and building together, a school for today and for tomorrow.<\/h1>\t\t\t\t<\/div>\n\t\t\t\t<\/div>\n\t\t\t\t<div class=\"elementor-element elementor-element-6af79df elementor-widget elementor-widget-image\" data-id=\"6af79df\" data-element_type=\"widget\" data-e-type=\"widget\" data-widget_type=\"image.default\">\n\t\t\t\t<div class=\"elementor-widget-container\">\n\t\t\t\t\t\t\t\t\t\t\t\t\t\t\t<img fetchpriority=\"high\" decoding=\"async\" width=\"768\" height=\"576\" src=\"https:\/\/efep.me\/wp-content\/uploads\/2024\/11\/20240226_150329-768x576.jpg\" class=\"attachment-medium_large size-medium_large wp-image-810\" alt=\"\" srcset=\"https:\/\/efep.me\/wp-content\/uploads\/2024\/11\/20240226_150329-768x576.jpg 768w, https:\/\/efep.me\/wp-content\/uploads\/2024\/11\/20240226_150329-300x225.jpg 300w, https:\/\/efep.me\/wp-content\/uploads\/2024\/11\/20240226_150329-1024x768.jpg 1024w, https:\/\/efep.me\/wp-content\/uploads\/2024\/11\/20240226_150329-1536x1152.jpg 1536w, https:\/\/efep.me\/wp-content\/uploads\/2024\/11\/20240226_150329-2048x1536.jpg 2048w, https:\/\/efep.me\/wp-content\/uploads\/2024\/11\/20240226_150329-16x12.jpg 16w\" sizes=\"(max-width: 768px) 100vw, 768px\" \/>\t\t\t\t\t\t\t\t\t\t\t\t\t\t\t<\/div>\n\t\t\t\t<\/div>\n\t\t\t\t<div class=\"elementor-element elementor-element-1ea1742 elementor-widget elementor-widget-text-editor\" data-id=\"1ea1742\" data-element_type=\"widget\" data-e-type=\"widget\" data-widget_type=\"text-editor.default\">\n\t\t\t\t<div class=\"elementor-widget-container\">\n\t\t\t\t\t\t\t\t\t<p><span style=\"font-weight: 400;\">We encourage our students to integrate environmental issues into their daily lives. <\/span><span style=\"font-weight: 400;\">We carry out projects related to the environment, its knowledge, its diversity, its protection.\u00a0<\/span><span style=\"font-weight: 400;\">We participate in local or international events.\u00a0<\/span><\/p><p><span style=\"font-weight: 400;\">Our commitment to the Eco-School and EFE3D approaches is a central element of our educational project.\u00a0<\/span><\/p>\t\t\t\t\t\t\t\t<\/div>\n\t\t\t\t<\/div>\n\t\t\t\t<div class=\"elementor-element elementor-element-ff38344 elementor-widget elementor-widget-heading\" data-id=\"ff38344\" data-element_type=\"widget\" data-e-type=\"widget\" data-widget_type=\"heading.default\">\n\t\t\t\t<div class=\"elementor-widget-container\">\n\t\t\t\t\t<h2 class=\"elementor-heading-title elementor-size-default\">The Eco-School \/ Eco Schools label<\/h2>\t\t\t\t<\/div>\n\t\t\t\t<\/div>\n\t\t<div class=\"elementor-element elementor-element-19f3d5f e-con-full e-flex e-con e-child\" data-id=\"19f3d5f\" data-element_type=\"container\" data-e-type=\"container\">\n\t\t\t\t<div class=\"elementor-element elementor-element-6cafce4 elementor-widget__width-initial elementor-widget-mobile__width-inherit elementor-widget elementor-widget-text-editor\" data-id=\"6cafce4\" data-element_type=\"widget\" data-e-type=\"widget\" data-widget_type=\"text-editor.default\">\n\t\t\t\t<div class=\"elementor-widget-container\">\n\t\t\t\t\t\t\t\t\t<p><span style=\"font-weight: 400;\">\u00a0Our establishment will apply in 2025 for the EFE3D and eco-scool labels. <\/span><\/p><p>\u00a0<\/p><p><span style=\"font-weight: 400;\">The Eco-school label encourages establishments to integrate sustainable development into all their dimensions: teaching, resource management and school life.\u00a0<\/span><\/p><p><span style=\"font-weight: 400;\">It is an international program of the \u201cFoundation for Environmental Education\u201d that aims to \u201cempower students to be the change our sustainable world needs by engaging them in fun, action-oriented and socially responsible learning.\u201d<\/span><span style=\"font-weight: 400;\">\u00a0 For example, we work on waste reduction, the implementation of recycling projects, the circular economy, and the optimization of energy consumption.\u00a0<\/span><\/p><p><span style=\"font-weight: 400;\">Students actively participate in these initiatives.<\/span><\/p>\t\t\t\t\t\t\t\t<\/div>\n\t\t\t\t<\/div>\n\t\t\t\t<div class=\"elementor-element elementor-element-6360649 elementor-widget elementor-widget-image\" data-id=\"6360649\" data-element_type=\"widget\" data-e-type=\"widget\" data-widget_type=\"image.default\">\n\t\t\t\t<div class=\"elementor-widget-container\">\n\t\t\t\t\t\t\t\t\t\t\t\t\t\t\t<img decoding=\"async\" width=\"767\" height=\"432\" src=\"https:\/\/efep.me\/wp-content\/uploads\/2024\/10\/banderole-efe-3d-equipe-celebre-la-labellisation.png\" class=\"attachment-large size-large wp-image-385\" alt=\"\" srcset=\"https:\/\/efep.me\/wp-content\/uploads\/2024\/10\/banderole-efe-3d-equipe-celebre-la-labellisation.png 767w, https:\/\/efep.me\/wp-content\/uploads\/2024\/10\/banderole-efe-3d-equipe-celebre-la-labellisation-300x169.png 300w, https:\/\/efep.me\/wp-content\/uploads\/2024\/10\/banderole-efe-3d-equipe-celebre-la-labellisation-18x10.png 18w\" sizes=\"(max-width: 767px) 100vw, 767px\" \/>\t\t\t\t\t\t\t\t\t\t\t\t\t\t\t<\/div>\n\t\t\t\t<\/div>\n\t\t\t\t<\/div>\n\t\t\t\t\t<\/div>\n\t\t\t\t<\/div>\n\t\t<div class=\"elementor-element elementor-element-914e6ea e-flex e-con-boxed e-con e-parent\" data-id=\"914e6ea\" data-element_type=\"container\" data-e-type=\"container\">\n\t\t\t\t\t<div class=\"e-con-inner\">\n\t\t\t\t<div class=\"elementor-element elementor-element-4c2ed1d elementor-widget elementor-widget-text-editor\" data-id=\"4c2ed1d\" data-element_type=\"widget\" data-e-type=\"widget\" data-widget_type=\"text-editor.default\">\n\t\t\t\t<div class=\"elementor-widget-container\">\n\t\t\t\t\t\t\t\t\t<p><span style=\"font-weight: 400;\">The EFE3D label is a label specific to the network of schools in the<\/span><a href=\"https:\/\/www.linkedin.com\/feed\/hashtag\/?keywords=aefe&amp;highlightedUpdateUrns=urn%3Ali%3Aactivity%3A7212029823815188480\" target=\"_blank\" rel=\"noopener\"><span style=\"font-weight: 400;\">#AEFE<\/span><\/a><span style=\"font-weight: 400;\"> which allows to promote schools engaged in a sustainable development approach. It takes into account, in an articulated way, the educational dimension, with the active participation of the students, the functioning of the establishment (in its material aspects and its human relations), the opening on the local territory and the work carried out with local partners.<\/span><\/p>\t\t\t\t\t\t\t\t<\/div>\n\t\t\t\t<\/div>\n\t\t<div class=\"elementor-element elementor-element-75b381f e-con-full e-flex e-con e-child\" data-id=\"75b381f\" data-element_type=\"container\" data-e-type=\"container\">\n\t\t\t\t<div class=\"elementor-element elementor-element-c8eaeeb elementor-widget__width-initial elementor-widget-mobile__width-inherit elementor-widget elementor-widget-text-editor\" data-id=\"c8eaeeb\" data-element_type=\"widget\" data-e-type=\"widget\" data-widget_type=\"text-editor.default\">\n\t\t\t\t<div class=\"elementor-widget-container\">\n\t\t\t\t\t\t\t\t\t<p><span style=\"font-weight: 400;\">By joining the CleanUp Montenegro collective in September 2024, our school is joining a dynamic and committed local collective in the territory of Montenegro.\u00a0<\/span><\/p><p><span style=\"font-weight: 400;\">With them, we participate in concrete cleaning actions to preserve the environment and raise awareness among our students of the importance of protecting the planet.\u00a0<\/span><\/p>\t\t\t\t\t\t\t\t<\/div>\n\t\t\t\t<\/div>\n\t\t\t\t<div class=\"elementor-element elementor-element-fc26e93 elementor-widget elementor-widget-image\" data-id=\"fc26e93\" data-element_type=\"widget\" data-e-type=\"widget\" data-widget_type=\"image.default\">\n\t\t\t\t<div class=\"elementor-widget-container\">\n\t\t\t\t\t\t\t\t\t\t\t\t\t\t\t<img decoding=\"async\" width=\"1536\" height=\"864\" src=\"https:\/\/efep.me\/wp-content\/uploads\/2024\/11\/Nettoyage-de-la-plage-Photos-1536x864.jpg\" class=\"attachment-1536x1536 size-1536x1536 wp-image-913\" alt=\"\" srcset=\"https:\/\/efep.me\/wp-content\/uploads\/2024\/11\/Nettoyage-de-la-plage-Photos-1536x864.jpg 1536w, https:\/\/efep.me\/wp-content\/uploads\/2024\/11\/Nettoyage-de-la-plage-Photos-300x169.jpg 300w, https:\/\/efep.me\/wp-content\/uploads\/2024\/11\/Nettoyage-de-la-plage-Photos-1024x576.jpg 1024w, https:\/\/efep.me\/wp-content\/uploads\/2024\/11\/Nettoyage-de-la-plage-Photos-768x432.jpg 768w, https:\/\/efep.me\/wp-content\/uploads\/2024\/11\/Nettoyage-de-la-plage-Photos-18x10.jpg 18w, https:\/\/efep.me\/wp-content\/uploads\/2024\/11\/Nettoyage-de-la-plage-Photos.jpg 1920w\" sizes=\"(max-width: 1536px) 100vw, 1536px\" \/>\t\t\t\t\t\t\t\t\t\t\t\t\t\t\t<\/div>\n\t\t\t\t<\/div>\n\t\t\t\t<\/div>\n\t\t\t\t\t<\/div>\n\t\t\t\t<\/div>\n\t\t<div class=\"elementor-element elementor-element-07ca397 e-flex e-con-boxed e-con e-parent\" data-id=\"07ca397\" data-element_type=\"container\" data-e-type=\"container\">\n\t\t\t\t\t<div class=\"e-con-inner\">\n\t\t\t\t<div class=\"elementor-element elementor-element-83c1345 elementor-widget elementor-widget-heading\" data-id=\"83c1345\" data-element_type=\"widget\" data-e-type=\"widget\" data-widget_type=\"heading.default\">\n\t\t\t\t<div class=\"elementor-widget-container\">\n\t\t\t\t\t<h2 class=\"elementor-heading-title elementor-size-default\">Why is this important? \n<\/h2>\t\t\t\t<\/div>\n\t\t\t\t<\/div>\n\t\t\t\t<div class=\"elementor-element elementor-element-c20def7 elementor-widget elementor-widget-text-editor\" data-id=\"c20def7\" data-element_type=\"widget\" data-e-type=\"widget\" data-widget_type=\"text-editor.default\">\n\t\t\t\t<div class=\"elementor-widget-container\">\n\t\t\t\t\t\t\t\t\t<p><span style=\"font-weight: 400;\">Because today, education is not limited to academic knowledge, it must also prepare our students to be responsible citizens, aware of current environmental issues.\u00a0<\/span><\/p><p><span style=\"font-weight: 400;\">Participating in international, national and local initiatives, organizing workshops and events around the environment, its diversity, its richness and its fragility, means giving our students the tools to understand ecological challenges and respond to them with creativity and commitment.\u00a0<\/span><\/p><p><span style=\"font-weight: 400;\">This commitment contributes to the identity of our school, anchored in the values of solidarity, respect for the environment, and collective action for the common good.<\/span><\/p>\t\t\t\t\t\t\t\t<\/div>\n\t\t\t\t<\/div>\n\t\t\t\t\t<\/div>\n\t\t\t\t<\/div>\n\t\t<div class=\"elementor-element elementor-element-f1977c5 e-flex e-con-boxed e-con e-parent\" data-id=\"f1977c5\" data-element_type=\"container\" data-e-type=\"container\">\n\t\t\t\t\t<div class=\"e-con-inner\">\n\t\t\t\t<div class=\"elementor-element elementor-element-2c5b798 elementor-widget elementor-widget-image\" data-id=\"2c5b798\" data-element_type=\"widget\" data-e-type=\"widget\" data-widget_type=\"image.default\">\n\t\t\t\t<div class=\"elementor-widget-container\">\n\t\t\t\t\t\t\t\t\t\t\t\t\t\t\t<img loading=\"lazy\" decoding=\"async\" width=\"225\" height=\"300\" src=\"https:\/\/efep.me\/wp-content\/uploads\/2024\/11\/IMG_5882-225x300.jpg\" class=\"attachment-medium size-medium wp-image-877\" alt=\"\" srcset=\"https:\/\/efep.me\/wp-content\/uploads\/2024\/11\/IMG_5882-225x300.jpg 225w, https:\/\/efep.me\/wp-content\/uploads\/2024\/11\/IMG_5882-768x1024.jpg 768w, https:\/\/efep.me\/wp-content\/uploads\/2024\/11\/IMG_5882-1152x1536.jpg 1152w, https:\/\/efep.me\/wp-content\/uploads\/2024\/11\/IMG_5882-1536x2048.jpg 1536w, https:\/\/efep.me\/wp-content\/uploads\/2024\/11\/IMG_5882-9x12.jpg 9w, https:\/\/efep.me\/wp-content\/uploads\/2024\/11\/IMG_5882-scaled.jpg 1920w\" sizes=\"(max-width: 225px) 100vw, 225px\" \/>\t\t\t\t\t\t\t\t\t\t\t\t\t\t\t<\/div>\n\t\t\t\t<\/div>\n\t\t\t\t\t<\/div>\n\t\t\t\t<\/div>\n\t\t\t\t<\/div>","protected":false},"excerpt":{"rendered":"<p>Vivre et construire ensemble, une \u00e9cole pour aujourd&rsquo;hui et pour demain. Nous invitons\u00a0 nos \u00e9l\u00e8ves \u00e0 int\u00e9grer les questions environnementales au quotidien. Nous menons des projets en lien avec l\u2019environnement, sa connaissance, sa diversit\u00e9, sa protection.\u00a0Nous participons \u00e0 des \u00e9v\u00e8nements locaux ou internationaux.\u00a0 Notre engagement dans les d\u00e9marches \u00c9co-\u00c9cole et EFE3D est un \u00e9l\u00e9ment central [&hellip;]<\/p>\n","protected":false},"author":1,"featured_media":0,"parent":25,"menu_order":0,"comment_status":"closed","ping_status":"closed","template":"","meta":{"footnotes":""},"class_list":["post-37","page","type-page","status-publish","hentry"],"_links":{"self":[{"href":"https:\/\/efep.me\/en\/wp-json\/wp\/v2\/pages\/37","targetHints":{"allow":["GET"]}}],"collection":[{"href":"https:\/\/efep.me\/en\/wp-json\/wp\/v2\/pages"}],"about":[{"href":"https:\/\/efep.me\/en\/wp-json\/wp\/v2\/types\/page"}],"author":[{"embeddable":true,"href":"https:\/\/efep.me\/en\/wp-json\/wp\/v2\/users\/1"}],"replies":[{"embeddable":true,"href":"https:\/\/efep.me\/en\/wp-json\/wp\/v2\/comments?post=37"}],"version-history":[{"count":16,"href":"https:\/\/efep.me\/en\/wp-json\/wp\/v2\/pages\/37\/revisions"}],"predecessor-version":[{"id":1332,"href":"https:\/\/efep.me\/en\/wp-json\/wp\/v2\/pages\/37\/revisions\/1332"}],"up":[{"embeddable":true,"href":"https:\/\/efep.me\/en\/wp-json\/wp\/v2\/pages\/25"}],"wp:attachment":[{"href":"https:\/\/efep.me\/en\/wp-json\/wp\/v2\/media?parent=37"}],"curies":[{"name":"wp","href":"https:\/\/api.w.org\/{rel}","templated":true}]}}