{"id":35,"date":"2024-05-27T13:07:05","date_gmt":"2024-05-27T13:07:05","guid":{"rendered":"https:\/\/efep.im-nomade.com\/?page_id=35"},"modified":"2024-12-18T09:08:20","modified_gmt":"2024-12-18T09:08:20","slug":"politique-des-langues","status":"publish","type":"page","link":"https:\/\/efep.me\/en\/projet-educatif\/politique-des-langues\/","title":{"rendered":"Language policy"},"content":{"rendered":"<div data-elementor-type=\"wp-page\" data-elementor-id=\"35\" class=\"elementor elementor-35\" data-elementor-post-type=\"page\">\n\t\t\t\t<div class=\"elementor-element elementor-element-75812b2 e-flex e-con-boxed e-con e-parent\" data-id=\"75812b2\" data-element_type=\"container\" data-e-type=\"container\">\n\t\t\t\t\t<div class=\"e-con-inner\">\n\t\t\t\t<div class=\"elementor-element elementor-element-63b5b24 elementor-widget elementor-widget-heading\" data-id=\"63b5b24\" data-element_type=\"widget\" data-e-type=\"widget\" data-widget_type=\"heading.default\">\n\t\t\t\t<div class=\"elementor-widget-container\">\n\t\t\t\t\t<h1 class=\"elementor-heading-title elementor-size-default\">On the road to multilingual education! <\/h1>\t\t\t\t<\/div>\n\t\t\t\t<\/div>\n\t\t\t\t<div class=\"elementor-element elementor-element-cce0c02 elementor-widget elementor-widget-heading\" data-id=\"cce0c02\" data-element_type=\"widget\" data-e-type=\"widget\" data-widget_type=\"heading.default\">\n\t\t\t\t<div class=\"elementor-widget-container\">\n\t\t\t\t\t<h2 class=\"elementor-heading-title elementor-size-default\">An asset for life<\/h2>\t\t\t\t<\/div>\n\t\t\t\t<\/div>\n\t\t\t\t<div class=\"elementor-element elementor-element-2ef7072 elementor-widget elementor-widget-text-editor\" data-id=\"2ef7072\" data-element_type=\"widget\" data-e-type=\"widget\" data-widget_type=\"text-editor.default\">\n\t\t\t\t<div class=\"elementor-widget-container\">\n\t\t\t\t\t\t\t\t\t<p>Teaching is done with a multilingual approach from kindergarten!<br \/>Our establishment, a French international school approved by the French ministry, offers an ambitious linguistic course for your children based on teaching in three languages: French, English and Montenegrin.<br \/>The course is progressive, from kindergarten to secondary school: the number of language hours increases as the course progresses, allowing each student to develop their skills in the three languages, while ensuring a solid foundation in French as soon as possible.<\/p><p><span style=\"font-weight: 400;\">From kindergarten onwards, language teachers come into classes to conduct activities in English and Montenegrin.\u00a0<\/span><\/p><p>For non-French speaking students who arrive at the school, a \u201cbridging course\u201d is set up with FLSco courses to support them in learning the French language.<\/p><p>Certifications are presented during the course of schooling: Delf junior (Dipl\u00f4me d&#039;Etude en Langue Fran\u00e7aise) in French and Cambridge in English. This allows the official recognition of the level of language acquired by the students.\u00a0<\/p>\t\t\t\t\t\t\t\t<\/div>\n\t\t\t\t<\/div>\n\t\t\t\t\t<\/div>\n\t\t\t\t<\/div>\n\t\t<div class=\"elementor-element elementor-element-4837727 e-flex e-con-boxed e-con e-parent\" data-id=\"4837727\" data-element_type=\"container\" data-e-type=\"container\">\n\t\t\t\t\t<div class=\"e-con-inner\">\n\t\t<div class=\"elementor-element elementor-element-a8d7025 e-con-full e-flex e-con e-child\" data-id=\"a8d7025\" data-element_type=\"container\" data-e-type=\"container\">\n\t\t\t\t<div class=\"elementor-element elementor-element-91f7777 elementor-widget elementor-widget-heading\" data-id=\"91f7777\" data-element_type=\"widget\" data-e-type=\"widget\" data-widget_type=\"heading.default\">\n\t\t\t\t<div class=\"elementor-widget-container\">\n\t\t\t\t\t<h2 class=\"elementor-heading-title elementor-size-default\">In primary school:\n<\/h2>\t\t\t\t<\/div>\n\t\t\t\t<\/div>\n\t\t\t\t<div class=\"elementor-element elementor-element-33b08f7 elementor-widget elementor-widget-text-editor\" data-id=\"33b08f7\" data-element_type=\"widget\" data-e-type=\"widget\" data-widget_type=\"text-editor.default\">\n\t\t\t\t<div class=\"elementor-widget-container\">\n\t\t\t\t\t\t\t\t\t<p>From CP onwards, students benefit from two hours of English per week and two hours of Montenegrin. For Montenegrin, students are separated by level group.<br \/>Native pupils follow the national Montenegrin language programmes from CP onwards.<\/p><p>In each class, two hours per week are co-taught.<br \/>Two teachers are present in the class at the same time to lead a multilingual session.<br \/>These sessions cover different areas during the year: EMC, discovery of the world, mathematics, etc. This allows students to make links between languages and develop a multilingual approach in the different areas of learning.<\/p><p>From CM1, an hour of history and local culture is also set up, in Montenegrin.<\/p>\t\t\t\t\t\t\t\t<\/div>\n\t\t\t\t<\/div>\n\t\t\t\t<\/div>\n\t\t<div class=\"elementor-element elementor-element-14a029e e-con-full e-flex e-con e-child\" data-id=\"14a029e\" data-element_type=\"container\" data-e-type=\"container\" data-settings=\"{&quot;background_background&quot;:&quot;classic&quot;}\">\n\t\t\t\t<div class=\"elementor-element elementor-element-e049bda elementor-widget elementor-widget-spacer\" data-id=\"e049bda\" data-element_type=\"widget\" data-e-type=\"widget\" data-widget_type=\"spacer.default\">\n\t\t\t\t<div class=\"elementor-widget-container\">\n\t\t\t\t\t\t\t<div class=\"elementor-spacer\">\n\t\t\t<div class=\"elementor-spacer-inner\"><\/div>\n\t\t<\/div>\n\t\t\t\t\t\t<\/div>\n\t\t\t\t<\/div>\n\t\t\t\t<\/div>\n\t\t\t\t\t<\/div>\n\t\t\t\t<\/div>\n\t\t<div class=\"elementor-element elementor-element-301f8ad e-flex e-con-boxed e-con e-parent\" data-id=\"301f8ad\" data-element_type=\"container\" data-e-type=\"container\">\n\t\t\t\t\t<div class=\"e-con-inner\">\n\t\t<div class=\"elementor-element elementor-element-4b2c3be e-con-full e-flex e-con e-child\" data-id=\"4b2c3be\" data-element_type=\"container\" data-e-type=\"container\" data-settings=\"{&quot;background_background&quot;:&quot;classic&quot;}\">\n\t\t\t\t<div class=\"elementor-element elementor-element-b9501f6 elementor-widget elementor-widget-spacer\" data-id=\"b9501f6\" data-element_type=\"widget\" data-e-type=\"widget\" data-widget_type=\"spacer.default\">\n\t\t\t\t<div class=\"elementor-widget-container\">\n\t\t\t\t\t\t\t<div class=\"elementor-spacer\">\n\t\t\t<div class=\"elementor-spacer-inner\"><\/div>\n\t\t<\/div>\n\t\t\t\t\t\t<\/div>\n\t\t\t\t<\/div>\n\t\t\t\t<\/div>\n\t\t<div class=\"elementor-element elementor-element-85d16a1 e-con-full e-flex e-con e-child\" data-id=\"85d16a1\" data-element_type=\"container\" data-e-type=\"container\">\n\t\t\t\t<div class=\"elementor-element elementor-element-fd24db7 elementor-widget elementor-widget-heading\" data-id=\"fd24db7\" data-element_type=\"widget\" data-e-type=\"widget\" data-widget_type=\"heading.default\">\n\t\t\t\t<div class=\"elementor-widget-container\">\n\t\t\t\t\t<h2 class=\"elementor-heading-title elementor-size-default\">At college: <\/h2>\t\t\t\t<\/div>\n\t\t\t\t<\/div>\n\t\t\t\t<div class=\"elementor-element elementor-element-4421de7 elementor-widget elementor-widget-text-editor\" data-id=\"4421de7\" data-element_type=\"widget\" data-e-type=\"widget\" data-widget_type=\"text-editor.default\">\n\t\t\t\t<div class=\"elementor-widget-container\">\n\t\t\t\t\t\t\t\t\t<p><span style=\"font-weight: 400;\">Montenegrin language and history and culture classes continue in 6th and 5th grades.<\/span><\/p><p><span style=\"font-weight: 400;\">As defined by the French Ministry of Education programs, the number of hours of English increases and can go up to 4 hours per week in middle school.<\/span><\/p><p><span style=\"font-weight: 400;\">Also setting up the teaching of non-linguistic disciplines in a modern language (DNL): teaching of visual arts and sport in English and Montenegrin.\u00a0<\/span><\/p><p>\u00a0<\/p><p><span style=\"font-weight: 400;\">In fifth grade, students begin a fourth language. Currently, Italian is offered in our school. <\/span><\/p>\t\t\t\t\t\t\t\t<\/div>\n\t\t\t\t<\/div>\n\t\t\t\t<\/div>\n\t\t\t\t\t<\/div>\n\t\t\t\t<\/div>\n\t\t\t\t<\/div>","protected":false},"excerpt":{"rendered":"<p>En route pour une \u00e9ducation plurilingue! Un atout pour la vie L\u2019enseignement se fait avec une approche plurilingue d\u00e8s la maternelle!Notre \u00e9tablissement, \u00e9cole fran\u00e7aise internationale homologu\u00e9e par le minist\u00e8re fran\u00e7ais propose un parcours linguistique ambitieux pour vos enfants qui s\u2019appuie sur l&rsquo;enseignement en trois langues: fran\u00e7ais, anglais et mont\u00e9n\u00e9grin.Le parcours est progressif, de la maternelle [&hellip;]<\/p>\n","protected":false},"author":1,"featured_media":0,"parent":25,"menu_order":0,"comment_status":"closed","ping_status":"closed","template":"","meta":{"footnotes":""},"class_list":["post-35","page","type-page","status-publish","hentry"],"_links":{"self":[{"href":"https:\/\/efep.me\/en\/wp-json\/wp\/v2\/pages\/35","targetHints":{"allow":["GET"]}}],"collection":[{"href":"https:\/\/efep.me\/en\/wp-json\/wp\/v2\/pages"}],"about":[{"href":"https:\/\/efep.me\/en\/wp-json\/wp\/v2\/types\/page"}],"author":[{"embeddable":true,"href":"https:\/\/efep.me\/en\/wp-json\/wp\/v2\/users\/1"}],"replies":[{"embeddable":true,"href":"https:\/\/efep.me\/en\/wp-json\/wp\/v2\/comments?post=35"}],"version-history":[{"count":25,"href":"https:\/\/efep.me\/en\/wp-json\/wp\/v2\/pages\/35\/revisions"}],"predecessor-version":[{"id":1335,"href":"https:\/\/efep.me\/en\/wp-json\/wp\/v2\/pages\/35\/revisions\/1335"}],"up":[{"embeddable":true,"href":"https:\/\/efep.me\/en\/wp-json\/wp\/v2\/pages\/25"}],"wp:attachment":[{"href":"https:\/\/efep.me\/en\/wp-json\/wp\/v2\/media?parent=35"}],"curies":[{"name":"wp","href":"https:\/\/api.w.org\/{rel}","templated":true}]}}