{"id":29,"date":"2024-05-27T13:06:14","date_gmt":"2024-05-27T13:06:14","guid":{"rendered":"https:\/\/efep.im-nomade.com\/?page_id=29"},"modified":"2024-12-30T11:53:29","modified_gmt":"2024-12-30T11:53:29","slug":"primaire","status":"publish","type":"page","link":"https:\/\/efep.me\/en\/projet-educatif\/primaire\/","title":{"rendered":"Primary"},"content":{"rendered":"<div data-elementor-type=\"wp-page\" data-elementor-id=\"29\" class=\"elementor elementor-29\" data-elementor-post-type=\"page\">\n\t\t\t\t<div class=\"elementor-element elementor-element-68bd5ae e-flex e-con-boxed e-con e-parent\" data-id=\"68bd5ae\" data-element_type=\"container\" data-e-type=\"container\">\n\t\t\t\t\t<div class=\"e-con-inner\">\n\t\t\t\t<div class=\"elementor-element elementor-element-db49663 elementor-widget elementor-widget-heading\" data-id=\"db49663\" data-element_type=\"widget\" data-e-type=\"widget\" data-widget_type=\"heading.default\">\n\t\t\t\t<div class=\"elementor-widget-container\">\n\t\t\t\t\t<h1 class=\"elementor-heading-title elementor-size-default\">The elementary<\/h1>\t\t\t\t<\/div>\n\t\t\t\t<\/div>\n\t\t\t\t<div class=\"elementor-element elementor-element-ced5941 elementor-widget elementor-widget-text-editor\" data-id=\"ced5941\" data-element_type=\"widget\" data-e-type=\"widget\" data-widget_type=\"text-editor.default\">\n\t\t\t\t<div class=\"elementor-widget-container\">\n\t\t\t\t\t\t\t\t\t<p>The programs taught are those defined by the French Ministry of National Education. They are also recognized by the Ministry of Education of Montenegro.<\/p>\t\t\t\t\t\t\t\t<\/div>\n\t\t\t\t<\/div>\n\t\t\t\t<div class=\"elementor-element elementor-element-0a8ca48 elementor-widget elementor-widget-heading\" data-id=\"0a8ca48\" data-element_type=\"widget\" data-e-type=\"widget\" data-widget_type=\"heading.default\">\n\t\t\t\t<div class=\"elementor-widget-container\">\n\t\t\t\t\t<h2 class=\"elementor-heading-title elementor-size-default\">The learnings <\/h2>\t\t\t\t<\/div>\n\t\t\t\t<\/div>\n\t\t<div class=\"elementor-element elementor-element-6b05816 e-con-full e-flex e-con e-child\" data-id=\"6b05816\" data-element_type=\"container\" data-e-type=\"container\">\n\t\t<div class=\"elementor-element elementor-element-3d7af86 e-con-full e-flex e-con e-child\" data-id=\"3d7af86\" data-element_type=\"container\" data-e-type=\"container\">\n\t\t\t\t<div class=\"elementor-element elementor-element-55833fa elementor-widget elementor-widget-image\" data-id=\"55833fa\" data-element_type=\"widget\" data-e-type=\"widget\" data-widget_type=\"image.default\">\n\t\t\t\t<div class=\"elementor-widget-container\">\n\t\t\t\t\t\t\t\t\t\t\t\t\t\t\t<img fetchpriority=\"high\" decoding=\"async\" width=\"800\" height=\"534\" src=\"https:\/\/efep.me\/wp-content\/uploads\/2024\/12\/DSC09311-1024x683.jpg\" class=\"attachment-large size-large wp-image-1393\" alt=\"\" srcset=\"https:\/\/efep.me\/wp-content\/uploads\/2024\/12\/DSC09311-1024x683.jpg 1024w, https:\/\/efep.me\/wp-content\/uploads\/2024\/12\/DSC09311-300x200.jpg 300w, https:\/\/efep.me\/wp-content\/uploads\/2024\/12\/DSC09311-768x512.jpg 768w, https:\/\/efep.me\/wp-content\/uploads\/2024\/12\/DSC09311-1536x1024.jpg 1536w, https:\/\/efep.me\/wp-content\/uploads\/2024\/12\/DSC09311-2048x1366.jpg 2048w, https:\/\/efep.me\/wp-content\/uploads\/2024\/12\/DSC09311-18x12.jpg 18w\" sizes=\"(max-width: 800px) 100vw, 800px\" \/>\t\t\t\t\t\t\t\t\t\t\t\t\t\t\t<\/div>\n\t\t\t\t<\/div>\n\t\t\t\t<\/div>\n\t\t\t\t<div class=\"elementor-element elementor-element-60dfb0d elementor-widget__width-initial elementor-widget-mobile__width-auto elementor-widget elementor-widget-text-editor\" data-id=\"60dfb0d\" data-element_type=\"widget\" data-e-type=\"widget\" data-widget_type=\"text-editor.default\">\n\t\t\t\t<div class=\"elementor-widget-container\">\n\t\t\t\t\t\t\t\t\t<p><span style=\"font-weight: 400;\">Mastering the French language and the first elements of mathematics are the priority objectives of elementary school to allow students to access the fundamental tools of knowledge.<\/span><\/p><p><span style=\"font-weight: 400;\">\u00a0Cycle 2 (CP-CE1 and CE2) is that of fundamental learning in reading, writing and mathematics. During these 3 years, solid foundations are established in these areas. The program provides hours of teaching to question the world, artistic teaching (plastic arts and musical education), physical and sports education and moral and civic education.<\/span><\/p><p><span style=\"font-weight: 400;\">In cycle 3 (CM1-CM2), students consolidate their learning in these areas, discover science and technology, history and geography, the history of the arts.<\/span><\/p>\t\t\t\t\t\t\t\t<\/div>\n\t\t\t\t<\/div>\n\t\t\t\t<\/div>\n\t\t<div class=\"elementor-element elementor-element-492de18 e-con-full e-flex e-con e-child\" data-id=\"492de18\" data-element_type=\"container\" data-e-type=\"container\">\n\t\t<div class=\"elementor-element elementor-element-bc5ec2e e-con-full e-flex e-con e-child\" data-id=\"bc5ec2e\" data-element_type=\"container\" data-e-type=\"container\">\n\t\t\t\t<div class=\"elementor-element elementor-element-a5dbda5 elementor-widget elementor-widget-image\" data-id=\"a5dbda5\" data-element_type=\"widget\" data-e-type=\"widget\" data-widget_type=\"image.default\">\n\t\t\t\t<div class=\"elementor-widget-container\">\n\t\t\t\t\t\t\t\t\t\t\t\t\t\t\t<img decoding=\"async\" width=\"800\" height=\"534\" src=\"https:\/\/efep.me\/wp-content\/uploads\/2024\/12\/DSC09327-1024x683.jpg\" class=\"attachment-large size-large wp-image-1397\" alt=\"\" srcset=\"https:\/\/efep.me\/wp-content\/uploads\/2024\/12\/DSC09327-1024x683.jpg 1024w, https:\/\/efep.me\/wp-content\/uploads\/2024\/12\/DSC09327-300x200.jpg 300w, https:\/\/efep.me\/wp-content\/uploads\/2024\/12\/DSC09327-768x512.jpg 768w, https:\/\/efep.me\/wp-content\/uploads\/2024\/12\/DSC09327-1536x1024.jpg 1536w, https:\/\/efep.me\/wp-content\/uploads\/2024\/12\/DSC09327-2048x1366.jpg 2048w, https:\/\/efep.me\/wp-content\/uploads\/2024\/12\/DSC09327-18x12.jpg 18w\" sizes=\"(max-width: 800px) 100vw, 800px\" \/>\t\t\t\t\t\t\t\t\t\t\t\t\t\t\t<\/div>\n\t\t\t\t<\/div>\n\t\t\t\t<\/div>\n\t\t<div class=\"elementor-element elementor-element-5ae5cdd e-con-full e-flex e-con e-child\" data-id=\"5ae5cdd\" data-element_type=\"container\" data-e-type=\"container\">\n\t\t\t\t<div class=\"elementor-element elementor-element-c5f9d62 elementor-widget elementor-widget-heading\" data-id=\"c5f9d62\" data-element_type=\"widget\" data-e-type=\"widget\" data-widget_type=\"heading.default\">\n\t\t\t\t<div class=\"elementor-widget-container\">\n\t\t\t\t\t<h2 class=\"elementor-heading-title elementor-size-default\">Languages<\/h2>\t\t\t\t<\/div>\n\t\t\t\t<\/div>\n\t\t\t\t<div class=\"elementor-element elementor-element-4722292 elementor-widget__width-initial elementor-widget elementor-widget-text-editor\" data-id=\"4722292\" data-element_type=\"widget\" data-e-type=\"widget\" data-widget_type=\"text-editor.default\">\n\t\t\t\t<div class=\"elementor-widget-container\">\n\t\t\t\t\t\t\t\t\t<p><span style=\"font-weight: 400;\">In these classes, students receive 2 hours of English and 2 hours of Montenegrin per week. Co-teaching sessions in two languages also help to strengthen the multilingual curriculum and to carry out joint projects. In Montenegrin, the Ministry&#039;s programs are followed for native students.<\/span><\/p><p><span style=\"font-weight: 400;\">From CM1, students also benefit from one hour of Montenegrin culture and history, as well as one hour of non-linguistic teaching (arts, sciences, PE, maths, geography, etc.) in English and Montenegrin.\u00a0<\/span><\/p>\t\t\t\t\t\t\t\t<\/div>\n\t\t\t\t<\/div>\n\t\t\t\t<\/div>\n\t\t\t\t<\/div>\n\t\t\t\t\t<\/div>\n\t\t\t\t<\/div>\n\t\t<div class=\"elementor-element elementor-element-b172c30 e-con-full e-flex e-con e-child\" data-id=\"b172c30\" data-element_type=\"container\" data-e-type=\"container\">\n\t\t<div class=\"elementor-element elementor-element-003c12b e-con-full e-flex e-con e-child\" data-id=\"003c12b\" data-element_type=\"container\" data-e-type=\"container\">\n\t\t\t\t<div class=\"elementor-element elementor-element-922f269 elementor-widget elementor-widget-image\" data-id=\"922f269\" data-element_type=\"widget\" data-e-type=\"widget\" data-widget_type=\"image.default\">\n\t\t\t\t<div class=\"elementor-widget-container\">\n\t\t\t\t\t\t\t\t\t\t\t\t\t\t\t<img decoding=\"async\" width=\"800\" height=\"534\" src=\"https:\/\/efep.me\/wp-content\/uploads\/2024\/12\/DSC09255-1024x683.jpg\" class=\"attachment-large size-large wp-image-1401\" alt=\"\" srcset=\"https:\/\/efep.me\/wp-content\/uploads\/2024\/12\/DSC09255-1024x683.jpg 1024w, https:\/\/efep.me\/wp-content\/uploads\/2024\/12\/DSC09255-300x200.jpg 300w, https:\/\/efep.me\/wp-content\/uploads\/2024\/12\/DSC09255-768x512.jpg 768w, https:\/\/efep.me\/wp-content\/uploads\/2024\/12\/DSC09255-1536x1024.jpg 1536w, https:\/\/efep.me\/wp-content\/uploads\/2024\/12\/DSC09255-2048x1366.jpg 2048w, https:\/\/efep.me\/wp-content\/uploads\/2024\/12\/DSC09255-18x12.jpg 18w\" sizes=\"(max-width: 800px) 100vw, 800px\" \/>\t\t\t\t\t\t\t\t\t\t\t\t\t\t\t<\/div>\n\t\t\t\t<\/div>\n\t\t\t\t<\/div>\n\t\t<div class=\"elementor-element elementor-element-93a3e53 e-flex e-con-boxed e-con e-child\" data-id=\"93a3e53\" data-element_type=\"container\" data-e-type=\"container\">\n\t\t\t\t\t<div class=\"e-con-inner\">\n\t\t\t\t<div class=\"elementor-element elementor-element-57955c7 elementor-widget elementor-widget-heading\" data-id=\"57955c7\" data-element_type=\"widget\" data-e-type=\"widget\" data-widget_type=\"heading.default\">\n\t\t\t\t<div class=\"elementor-widget-container\">\n\t\t\t\t\t<h2 class=\"elementor-heading-title elementor-size-default\">Educational approach <\/h2>\t\t\t\t<\/div>\n\t\t\t\t<\/div>\n\t\t\t\t<div class=\"elementor-element elementor-element-0b3e4a8 elementor-widget__width-initial elementor-widget elementor-widget-text-editor\" data-id=\"0b3e4a8\" data-element_type=\"widget\" data-e-type=\"widget\" data-widget_type=\"text-editor.default\">\n\t\t\t\t<div class=\"elementor-widget-container\">\n\t\t\t\t\t\t\t\t\t<p><span style=\"font-weight: 400;\">The school takes into account the plurality and diversity of each student&#039;s abilities. Alongside reasoning and intellectual reflection, the sense of observation, the taste for experimentation, sensitivity, motor skills and creative imagination are developed.<\/span><\/p><p><span style=\"font-weight: 400;\">Our small class sizes (20 students maximum) allow the teacher to provide personalized support to each student to the best of their ability.\u00a0<\/span><\/p><p><span style=\"font-weight: 400;\">Learning is done through manipulation, games, training and discoveries. The student is fully involved and progresses in learning with trial and error, which will allow him to understand and assimilate concepts more easily and effectively. The development of self-confidence, autonomy and responsibility are also central.\u00a0<\/span><\/p>\t\t\t\t\t\t\t\t<\/div>\n\t\t\t\t<\/div>\n\t\t\t\t\t<\/div>\n\t\t\t\t<\/div>\n\t\t\t\t<\/div>\n\t\t\t\t<\/div>","protected":false},"excerpt":{"rendered":"<p>L&rsquo;\u00e9l\u00e9mentaire Les programmes enseign\u00e9s sont ceux d\u00e9finis par le minist\u00e8re fran\u00e7ais de l\u2019\u00e9ducation nationale. Ils sont \u00e9galement reconnus par le minist\u00e8re de l\u2019\u00e9ducation du Mont\u00e9n\u00e9gro. Les apprentissages La ma\u00eetrise de la langue fran\u00e7aise et des premiers \u00e9l\u00e9ments de math\u00e9matiques sont les objectifs prioritaires de l\u2019\u00e9cole \u00e9l\u00e9mentaire pour permettre aux \u00e9l\u00e8ves d\u2019acc\u00e9der aux outils fondamentaux de [&hellip;]<\/p>\n","protected":false},"author":1,"featured_media":0,"parent":25,"menu_order":0,"comment_status":"closed","ping_status":"closed","template":"","meta":{"footnotes":""},"class_list":["post-29","page","type-page","status-publish","hentry"],"_links":{"self":[{"href":"https:\/\/efep.me\/en\/wp-json\/wp\/v2\/pages\/29","targetHints":{"allow":["GET"]}}],"collection":[{"href":"https:\/\/efep.me\/en\/wp-json\/wp\/v2\/pages"}],"about":[{"href":"https:\/\/efep.me\/en\/wp-json\/wp\/v2\/types\/page"}],"author":[{"embeddable":true,"href":"https:\/\/efep.me\/en\/wp-json\/wp\/v2\/users\/1"}],"replies":[{"embeddable":true,"href":"https:\/\/efep.me\/en\/wp-json\/wp\/v2\/comments?post=29"}],"version-history":[{"count":37,"href":"https:\/\/efep.me\/en\/wp-json\/wp\/v2\/pages\/29\/revisions"}],"predecessor-version":[{"id":1404,"href":"https:\/\/efep.me\/en\/wp-json\/wp\/v2\/pages\/29\/revisions\/1404"}],"up":[{"embeddable":true,"href":"https:\/\/efep.me\/en\/wp-json\/wp\/v2\/pages\/25"}],"wp:attachment":[{"href":"https:\/\/efep.me\/en\/wp-json\/wp\/v2\/media?parent=29"}],"curies":[{"name":"wp","href":"https:\/\/api.w.org\/{rel}","templated":true}]}}