{"id":226,"date":"2024-09-12T13:43:25","date_gmt":"2024-09-12T13:43:25","guid":{"rendered":"https:\/\/efep.im-nomade.com\/?page_id=226"},"modified":"2025-12-12T10:24:23","modified_gmt":"2025-12-12T10:24:23","slug":"horaires-calendrier-annuel","status":"publish","type":"page","link":"https:\/\/efep.me\/en\/horaires-calendrier-annuel\/","title":{"rendered":"Schedule &amp; Annual Calendar"},"content":{"rendered":"<div data-elementor-type=\"wp-page\" data-elementor-id=\"226\" class=\"elementor elementor-226\" data-elementor-post-type=\"page\">\n\t\t\t\t<div class=\"elementor-element elementor-element-b19d344 e-flex e-con-boxed e-con e-parent\" data-id=\"b19d344\" data-element_type=\"container\" data-e-type=\"container\">\n\t\t\t\t\t<div class=\"e-con-inner\">\n\t\t\t\t<div class=\"elementor-element elementor-element-1c3a14e elementor-widget elementor-widget-heading\" data-id=\"1c3a14e\" data-element_type=\"widget\" data-e-type=\"widget\" data-widget_type=\"heading.default\">\n\t\t\t\t<div class=\"elementor-widget-container\">\n\t\t\t\t\t<h1 class=\"elementor-heading-title elementor-size-default\">Schedule &amp; Annual Calendar<\/h1>\t\t\t\t<\/div>\n\t\t\t\t<\/div>\n\t\t\t\t\t<\/div>\n\t\t\t\t<\/div>\n\t\t<div class=\"elementor-element elementor-element-57121b2 e-flex e-con-boxed e-con e-parent\" data-id=\"57121b2\" data-element_type=\"container\" data-e-type=\"container\">\n\t\t\t\t\t<div class=\"e-con-inner\">\n\t\t<div class=\"elementor-element elementor-element-842a839 e-con-full e-flex e-con e-child\" data-id=\"842a839\" data-element_type=\"container\" data-e-type=\"container\">\n\t\t\t\t<div class=\"elementor-element elementor-element-3aad0de elementor-widget elementor-widget-image\" data-id=\"3aad0de\" data-element_type=\"widget\" data-e-type=\"widget\" data-widget_type=\"image.default\">\n\t\t\t\t<div class=\"elementor-widget-container\">\n\t\t\t\t\t\t\t\t\t\t\t\t\t\t\t\t<a href=\"https:\/\/efep.me\/wp-content\/uploads\/2025\/12\/Capture-decran-398.png\" data-elementor-open-lightbox=\"yes\" data-elementor-lightbox-title=\"Capture d\u2019\u00e9cran (398)\" data-e-action-hash=\"#elementor-action%3Aaction%3Dlightbox%26settings%3DeyJpZCI6MTUwMSwidXJsIjoiaHR0cHM6XC9cL2VmZXAubWVcL3dwLWNvbnRlbnRcL3VwbG9hZHNcLzIwMjVcLzEyXC9DYXB0dXJlLWRlY3Jhbi0zOTgucG5nIn0%3D\">\n\t\t\t\t\t\t\t<img fetchpriority=\"high\" decoding=\"async\" width=\"755\" height=\"425\" src=\"https:\/\/efep.me\/wp-content\/uploads\/2025\/12\/Capture-decran-398.png\" class=\"attachment-large size-large wp-image-1501\" alt=\"\" srcset=\"https:\/\/efep.me\/wp-content\/uploads\/2025\/12\/Capture-decran-398.png 755w, https:\/\/efep.me\/wp-content\/uploads\/2025\/12\/Capture-decran-398-300x169.png 300w, https:\/\/efep.me\/wp-content\/uploads\/2025\/12\/Capture-decran-398-18x10.png 18w\" sizes=\"(max-width: 755px) 100vw, 755px\" \/>\t\t\t\t\t\t\t\t<\/a>\n\t\t\t\t\t\t\t\t\t\t\t\t\t\t\t<\/div>\n\t\t\t\t<\/div>\n\t\t\t\t<div class=\"elementor-element elementor-element-60e2ae6 elementor-align-center elementor-widget elementor-widget-button\" data-id=\"60e2ae6\" data-element_type=\"widget\" data-e-type=\"widget\" data-widget_type=\"button.default\">\n\t\t\t\t<div class=\"elementor-widget-container\">\n\t\t\t\t\t\t\t\t\t<div class=\"elementor-button-wrapper\">\n\t\t\t\t\t<a class=\"elementor-button elementor-button-link elementor-size-sm\" href=\"https:\/\/efep.me\/wp-content\/uploads\/2025\/12\/Calendrier-scolaire-2025-2026-version-familles-3.pdf\">\n\t\t\t\t\t\t<span class=\"elementor-button-content-wrapper\">\n\t\t\t\t\t\t<span class=\"elementor-button-icon\">\n\t\t\t\t<svg aria-hidden=\"true\" class=\"e-font-icon-svg e-far-file-pdf\" viewbox=\"0 0 384 512\" xmlns=\"http:\/\/www.w3.org\/2000\/svg\"><path d=\"M369.9 97.9L286 14C277 5 264.8-.1 252.1-.1H48C21.5 0 0 21.5 0 48v416c0 26.5 21.5 48 48 48h288c26.5 0 48-21.5 48-48V131.9c0-12.7-5.1-25-14.1-34zM332.1 128H256V51.9l76.1 76.1zM48 464V48h160v104c0 13.3 10.7 24 24 24h104v288H48zm250.2-143.7c-12.2-12-47-8.7-64.4-6.5-17.2-10.5-28.7-25-36.8-46.3 3.9-16.1 10.1-40.6 5.4-56-4.2-26.2-37.8-23.6-42.6-5.9-4.4 16.1-.4 38.5 7 67.1-10 23.9-24.9 56-35.4 74.4-20 10.3-47 26.2-51 46.2-3.3 15.8 26 55.2 76.1-31.2 22.4-7.4 46.8-16.5 68.4-20.1 18.9 10.2 41 17 55.8 17 25.5 0 28-28.2 17.5-38.7zm-198.1 77.8c5.1-13.7 24.5-29.5 30.4-35-19 30.3-30.4 35.7-30.4 35zm81.6-190.6c7.4 0 6.7 32.1 1.8 40.8-4.4-13.9-4.3-40.8-1.8-40.8zm-24.4 136.6c9.7-16.9 18-37 24.7-54.7 8.3 15.1 18.9 27.2 30.1 35.5-20.8 4.3-38.9 13.1-54.8 19.2zm131.6-5s-5 6-37.3-7.8c35.1-2.6 40.9 5.4 37.3 7.8z\"><\/path><\/svg>\t\t\t<\/span>\n\t\t\t\t\t\t\t\t\t<span class=\"elementor-button-text\">T\u00e9l\u00e9charger le calendrier 2025\/2026<\/span>\n\t\t\t\t\t<\/span>\n\t\t\t\t\t<\/a>\n\t\t\t\t<\/div>\n\t\t\t\t\t\t\t\t<\/div>\n\t\t\t\t<\/div>\n\t\t\t\t<\/div>\n\t\t<div class=\"elementor-element elementor-element-f5d8c04 e-con-full e-flex e-con e-child\" data-id=\"f5d8c04\" data-element_type=\"container\" data-e-type=\"container\">\n\t\t\t\t<div class=\"elementor-element elementor-element-24c69e4 elementor-widget elementor-widget-text-editor\" data-id=\"24c69e4\" data-element_type=\"widget\" data-e-type=\"widget\" data-widget_type=\"text-editor.default\">\n\t\t\t\t<div class=\"elementor-widget-container\">\n\t\t\t\t\t\t\t\t\t<p><span style=\"font-weight: 400;\">The school welcomes students in the morning from 8:20 a.m.\u00a0<\/span><\/p><p><span style=\"font-weight: 400;\">The weekday hours are as follows:<\/span><\/p><p><span style=\"font-weight: 400;\">For kindergarten and primary classes:<\/span><\/p><ul><li style=\"font-weight: 400;\" aria-level=\"1\"><span style=\"font-weight: 400;\">Monday to Thursday: 8:30 a.m. \u2013 3 p.m.<\/span><\/li><li style=\"font-weight: 400;\" aria-level=\"1\"><span style=\"font-weight: 400;\">Friday: 8:30 a.m. - 12:30 p.m.<\/span><\/li><li style=\"font-weight: 400;\" aria-level=\"1\"><span style=\"font-weight: 400;\">After-school activities: Monday to Thursday from 3 p.m. to 4 p.m.<\/span><\/li><li style=\"font-weight: 400;\" aria-level=\"1\"><span style=\"font-weight: 400;\">Daycare on Fridays from 12:30 p.m. to 3 p.m.<\/span><\/li><\/ul><p>\u00a0<\/p><p><span style=\"font-weight: 400;\">For secondary classes:<\/span><\/p><ul><li style=\"font-weight: 400;\" aria-level=\"1\"><span style=\"font-weight: 400;\">Monday to Thursday: 8:30 a.m. \u2013 4 p.m.<\/span><\/li><li style=\"font-weight: 400;\" aria-level=\"1\"><span style=\"font-weight: 400;\">Friday: 8:30 a.m. - 12:45 p.m.<\/span><\/li><\/ul><p>\u00a0<\/p><p><span style=\"font-weight: 400;\">The school week includes 24 hours of class for nursery school pupils, 26 hours for primary school pupils. It can go up to 30 hours for secondary school pupils.\u00a0<\/span><\/p><p><span style=\"font-weight: 400;\">The annual calendar is defined each year, respecting a distribution over 36 school weeks, in accordance with the directives of the French Ministry of National Education, the AEFE and the Montenegrin calendar. It is voted on by the school council.<\/span><\/p>\t\t\t\t\t\t\t\t<\/div>\n\t\t\t\t<\/div>\n\t\t\t\t<\/div>\n\t\t\t\t\t<\/div>\n\t\t\t\t<\/div>\n\t\t\t\t<\/div>","protected":false},"excerpt":{"rendered":"<p>Horaires &amp; Calendrier annuel T\u00e9l\u00e9charger le calendrier 2025\/2026 L\u2019\u00e9cole accueille les \u00e9l\u00e8ves le matin \u00e0 partir de 8h20.\u00a0 Les horaires de la semaine sont les suivants: Pour les classes de maternelle et primaire: Du lundi au jeudi:\u00a0 8h30 \u2013 15h Vendredi: 8h30-12h30 Activit\u00e9s p\u00e9riscolaires: du lundi au jeudi de 15h \u00e0 16h. Garderie\u00a0 le vendredi [&hellip;]<\/p>\n","protected":false},"author":1,"featured_media":0,"parent":0,"menu_order":0,"comment_status":"closed","ping_status":"closed","template":"","meta":{"footnotes":""},"class_list":["post-226","page","type-page","status-publish","hentry"],"_links":{"self":[{"href":"https:\/\/efep.me\/en\/wp-json\/wp\/v2\/pages\/226","targetHints":{"allow":["GET"]}}],"collection":[{"href":"https:\/\/efep.me\/en\/wp-json\/wp\/v2\/pages"}],"about":[{"href":"https:\/\/efep.me\/en\/wp-json\/wp\/v2\/types\/page"}],"author":[{"embeddable":true,"href":"https:\/\/efep.me\/en\/wp-json\/wp\/v2\/users\/1"}],"replies":[{"embeddable":true,"href":"https:\/\/efep.me\/en\/wp-json\/wp\/v2\/comments?post=226"}],"version-history":[{"count":25,"href":"https:\/\/efep.me\/en\/wp-json\/wp\/v2\/pages\/226\/revisions"}],"predecessor-version":[{"id":1508,"href":"https:\/\/efep.me\/en\/wp-json\/wp\/v2\/pages\/226\/revisions\/1508"}],"wp:attachment":[{"href":"https:\/\/efep.me\/en\/wp-json\/wp\/v2\/media?parent=226"}],"curies":[{"name":"wp","href":"https:\/\/api.w.org\/{rel}","templated":true}]}}