{"id":21,"date":"2024-05-27T13:04:53","date_gmt":"2024-05-27T13:04:53","guid":{"rendered":"https:\/\/efep.im-nomade.com\/?page_id=21"},"modified":"2024-12-25T21:07:09","modified_gmt":"2024-12-25T21:07:09","slug":"locaux","status":"publish","type":"page","link":"https:\/\/efep.me\/en\/notre-ecole\/locaux\/","title":{"rendered":"Local"},"content":{"rendered":"<div data-elementor-type=\"wp-page\" data-elementor-id=\"21\" class=\"elementor elementor-21\" data-elementor-post-type=\"page\">\n\t\t\t\t<div class=\"elementor-element elementor-element-58259c2b e-flex e-con-boxed e-con e-parent\" data-id=\"58259c2b\" data-element_type=\"container\" data-e-type=\"container\">\n\t\t\t\t\t<div class=\"e-con-inner\">\n\t\t\t\t<div class=\"elementor-element elementor-element-100ad898 elementor-widget elementor-widget-heading\" data-id=\"100ad898\" data-element_type=\"widget\" data-e-type=\"widget\" data-widget_type=\"heading.default\">\n\t\t\t\t<div class=\"elementor-widget-container\">\n\t\t\t\t\t<h1 class=\"elementor-heading-title elementor-size-default\">Our premises<\/h1>\t\t\t\t<\/div>\n\t\t\t\t<\/div>\n\t\t\t\t<div class=\"elementor-element elementor-element-133a3c87 elementor-widget elementor-widget-text-editor\" data-id=\"133a3c87\" data-element_type=\"widget\" data-e-type=\"widget\" data-widget_type=\"text-editor.default\">\n\t\t\t\t<div class=\"elementor-widget-container\">\n\t\t\t\t\t\t\t\t\t<p>The French European School in Podgorica is currently housed in two buildings in the residential area of Zagoric, close to Gorica Park.<\/p>\t\t\t\t\t\t\t\t<\/div>\n\t\t\t\t<\/div>\n\t\t\t\t<div class=\"elementor-element elementor-element-40dbea6a elementor-widget elementor-widget-heading\" data-id=\"40dbea6a\" data-element_type=\"widget\" data-e-type=\"widget\" data-widget_type=\"heading.default\">\n\t\t\t\t<div class=\"elementor-widget-container\">\n\t\t\t\t\t<h2 class=\"elementor-heading-title elementor-size-default\">Main building<\/h2>\t\t\t\t<\/div>\n\t\t\t\t<\/div>\n\t\t\t\t<div class=\"elementor-element elementor-element-70860b6c elementor-widget elementor-widget-text-editor\" data-id=\"70860b6c\" data-element_type=\"widget\" data-e-type=\"widget\" data-widget_type=\"text-editor.default\">\n\t\t\t\t<div class=\"elementor-widget-container\">\n\t\t\t\t\t\t\t\t\t<p class=\"translation-block\">Located at 22 Iva Andrica, it welcomes students from CP to Terminale.<br> The primary school classes are located on the ground floor.<br> On the first floor, the middle and high school classes as well as the administrative offices: management, CPE and EBEP referent.<br> On the second floor: canteen and language room.<\/p>\t\t\t\t\t\t\t\t<\/div>\n\t\t\t\t<\/div>\n\t\t\t\t<div class=\"elementor-element elementor-element-46e60989 elementor-widget elementor-widget-gallery\" data-id=\"46e60989\" data-element_type=\"widget\" data-e-type=\"widget\" data-settings=\"{&quot;lazyload&quot;:&quot;yes&quot;,&quot;gallery_layout&quot;:&quot;grid&quot;,&quot;columns&quot;:4,&quot;columns_tablet&quot;:2,&quot;columns_mobile&quot;:1,&quot;gap&quot;:{&quot;unit&quot;:&quot;px&quot;,&quot;size&quot;:10,&quot;sizes&quot;:[]},&quot;gap_tablet&quot;:{&quot;unit&quot;:&quot;px&quot;,&quot;size&quot;:10,&quot;sizes&quot;:[]},&quot;gap_mobile&quot;:{&quot;unit&quot;:&quot;px&quot;,&quot;size&quot;:10,&quot;sizes&quot;:[]},&quot;link_to&quot;:&quot;file&quot;,&quot;aspect_ratio&quot;:&quot;3:2&quot;,&quot;overlay_background&quot;:&quot;yes&quot;,&quot;content_hover_animation&quot;:&quot;fade-in&quot;}\" data-widget_type=\"gallery.default\">\n\t\t\t\t<div class=\"elementor-widget-container\">\n\t\t\t\t\t\t\t<div class=\"elementor-gallery__container\">\n\t\t\t\t\t\t\t<a class=\"e-gallery-item elementor-gallery-item elementor-animated-content\" href=\"https:\/\/efep.me\/wp-content\/uploads\/2024\/11\/WhatsApp-Image-2024-11-24-a-15.43.24_f42f653a.jpg\" data-elementor-open-lightbox=\"yes\" data-elementor-lightbox-slideshow=\"46e60989\" data-elementor-lightbox-title=\"WhatsApp-Image-2024-11-24-a-15.43.24_f42f653a.jpg\" data-e-action-hash=\"#elementor-action%3Aaction%3Dlightbox%26settings%3DeyJpZCI6NzQxLCJ1cmwiOiJodHRwczpcL1wvZWZlcC5tZVwvd3AtY29udGVudFwvdXBsb2Fkc1wvMjAyNFwvMTFcL1doYXRzQXBwLUltYWdlLTIwMjQtMTEtMjQtYS0xNS40My4yNF9mNDJmNjUzYS5qcGciLCJzbGlkZXNob3ciOiI0NmU2MDk4OSJ9\">\n\t\t\t\t\t<div class=\"e-gallery-image elementor-gallery-item__image\" data-thumbnail=\"https:\/\/efep.me\/wp-content\/uploads\/2024\/11\/WhatsApp-Image-2024-11-24-a-15.43.24_f42f653a-225x300.jpg\" data-width=\"225\" data-height=\"300\" aria-label=\"\" role=\"img\" ><\/div>\n\t\t\t\t\t\t\t\t\t\t\t<div class=\"elementor-gallery-item__overlay\"><\/div>\n\t\t\t\t\t\t\t\t\t\t\t\t\t\t<\/a>\n\t\t\t\t\t\t\t<a class=\"e-gallery-item elementor-gallery-item elementor-animated-content\" href=\"https:\/\/efep.me\/wp-content\/uploads\/2024\/11\/DSC02117-1-scaled-1.jpg\" data-elementor-open-lightbox=\"yes\" data-elementor-lightbox-slideshow=\"46e60989\" data-elementor-lightbox-title=\"DSC02117-1-scaled.jpg\" data-e-action-hash=\"#elementor-action%3Aaction%3Dlightbox%26settings%3DeyJpZCI6NzQyLCJ1cmwiOiJodHRwczpcL1wvZWZlcC5tZVwvd3AtY29udGVudFwvdXBsb2Fkc1wvMjAyNFwvMTFcL0RTQzAyMTE3LTEtc2NhbGVkLTEuanBnIiwic2xpZGVzaG93IjoiNDZlNjA5ODkifQ%3D%3D\">\n\t\t\t\t\t<div class=\"e-gallery-image elementor-gallery-item__image\" data-thumbnail=\"https:\/\/efep.me\/wp-content\/uploads\/2024\/11\/DSC02117-1-scaled-1-300x200.jpg\" data-width=\"300\" data-height=\"200\" aria-label=\"\" role=\"img\" ><\/div>\n\t\t\t\t\t\t\t\t\t\t\t<div class=\"elementor-gallery-item__overlay\"><\/div>\n\t\t\t\t\t\t\t\t\t\t\t\t\t\t<\/a>\n\t\t\t\t\t\t\t<a class=\"e-gallery-item elementor-gallery-item elementor-animated-content\" href=\"https:\/\/efep.me\/wp-content\/uploads\/2024\/11\/DSC09277-1-scaled-1.jpg\" data-elementor-open-lightbox=\"yes\" data-elementor-lightbox-slideshow=\"46e60989\" data-elementor-lightbox-title=\"DSC09277-1-scaled.jpg\" data-e-action-hash=\"#elementor-action%3Aaction%3Dlightbox%26settings%3DeyJpZCI6NzQzLCJ1cmwiOiJodHRwczpcL1wvZWZlcC5tZVwvd3AtY29udGVudFwvdXBsb2Fkc1wvMjAyNFwvMTFcL0RTQzA5Mjc3LTEtc2NhbGVkLTEuanBnIiwic2xpZGVzaG93IjoiNDZlNjA5ODkifQ%3D%3D\">\n\t\t\t\t\t<div class=\"e-gallery-image elementor-gallery-item__image\" data-thumbnail=\"https:\/\/efep.me\/wp-content\/uploads\/2024\/11\/DSC09277-1-scaled-1-300x200.jpg\" data-width=\"300\" data-height=\"200\" aria-label=\"\" role=\"img\" ><\/div>\n\t\t\t\t\t\t\t\t\t\t\t<div class=\"elementor-gallery-item__overlay\"><\/div>\n\t\t\t\t\t\t\t\t\t\t\t\t\t\t<\/a>\n\t\t\t\t\t\t\t<a class=\"e-gallery-item elementor-gallery-item elementor-animated-content\" href=\"https:\/\/efep.me\/wp-content\/uploads\/2024\/11\/DSC09260-scaled.jpg\" data-elementor-open-lightbox=\"yes\" data-elementor-lightbox-slideshow=\"46e60989\" data-elementor-lightbox-title=\"DSC09260\" data-e-action-hash=\"#elementor-action%3Aaction%3Dlightbox%26settings%3DeyJpZCI6ODE5LCJ1cmwiOiJodHRwczpcL1wvZWZlcC5tZVwvd3AtY29udGVudFwvdXBsb2Fkc1wvMjAyNFwvMTFcL0RTQzA5MjYwLXNjYWxlZC5qcGciLCJzbGlkZXNob3ciOiI0NmU2MDk4OSJ9\">\n\t\t\t\t\t<div class=\"e-gallery-image elementor-gallery-item__image\" data-thumbnail=\"https:\/\/efep.me\/wp-content\/uploads\/2024\/11\/DSC09260-300x200.jpg\" data-width=\"300\" data-height=\"200\" aria-label=\"\" role=\"img\" ><\/div>\n\t\t\t\t\t\t\t\t\t\t\t<div class=\"elementor-gallery-item__overlay\"><\/div>\n\t\t\t\t\t\t\t\t\t\t\t\t\t\t<\/a>\n\t\t\t\t\t<\/div>\n\t\t\t\t\t<\/div>\n\t\t\t\t<\/div>\n\t\t\t\t\t<\/div>\n\t\t\t\t<\/div>\n\t\t<div class=\"elementor-element elementor-element-25f998f5 e-flex e-con-boxed e-con e-parent\" data-id=\"25f998f5\" data-element_type=\"container\" data-e-type=\"container\">\n\t\t\t\t\t<div class=\"e-con-inner\">\n\t\t\t\t<div class=\"elementor-element elementor-element-3432acd1 elementor-widget elementor-widget-heading\" data-id=\"3432acd1\" data-element_type=\"widget\" data-e-type=\"widget\" data-widget_type=\"heading.default\">\n\t\t\t\t<div class=\"elementor-widget-container\">\n\t\t\t\t\t<h2 class=\"elementor-heading-title elementor-size-default\">Kindergarten class villa<\/h2>\t\t\t\t<\/div>\n\t\t\t\t<\/div>\n\t\t\t\t<div class=\"elementor-element elementor-element-2a6942ae elementor-widget elementor-widget-text-editor\" data-id=\"2a6942ae\" data-element_type=\"widget\" data-e-type=\"widget\" data-widget_type=\"text-editor.default\">\n\t\t\t\t<div class=\"elementor-widget-container\">\n\t\t\t\t\t\t\t\t\t<p class=\"translation-block\">The kindergarten class is located in a large villa 100 m from the main building, 29 Dragana Durovica Street.<br> With a beautiful outdoor space, this villa allows to organize the classroom on the ground floor, the canteen, the nap room and the administrative offices on the first floor.<\/p><p>\u00a0<\/p>\t\t\t\t\t\t\t\t<\/div>\n\t\t\t\t<\/div>\n\t\t\t\t<div class=\"elementor-element elementor-element-7dc12ab elementor-widget elementor-widget-gallery\" data-id=\"7dc12ab\" data-element_type=\"widget\" data-e-type=\"widget\" data-settings=\"{&quot;lazyload&quot;:&quot;yes&quot;,&quot;gallery_layout&quot;:&quot;grid&quot;,&quot;columns&quot;:4,&quot;columns_tablet&quot;:2,&quot;columns_mobile&quot;:1,&quot;gap&quot;:{&quot;unit&quot;:&quot;px&quot;,&quot;size&quot;:10,&quot;sizes&quot;:[]},&quot;gap_tablet&quot;:{&quot;unit&quot;:&quot;px&quot;,&quot;size&quot;:10,&quot;sizes&quot;:[]},&quot;gap_mobile&quot;:{&quot;unit&quot;:&quot;px&quot;,&quot;size&quot;:10,&quot;sizes&quot;:[]},&quot;link_to&quot;:&quot;file&quot;,&quot;aspect_ratio&quot;:&quot;3:2&quot;,&quot;overlay_background&quot;:&quot;yes&quot;,&quot;content_hover_animation&quot;:&quot;fade-in&quot;}\" data-widget_type=\"gallery.default\">\n\t\t\t\t<div class=\"elementor-widget-container\">\n\t\t\t\t\t\t\t<div class=\"elementor-gallery__container\">\n\t\t\t\t\t\t\t<a class=\"e-gallery-item elementor-gallery-item elementor-animated-content\" href=\"https:\/\/efep.me\/wp-content\/uploads\/2024\/11\/download-27.jpeg\" data-elementor-open-lightbox=\"yes\" data-elementor-lightbox-slideshow=\"7dc12ab\" data-elementor-lightbox-title=\"download (27)\" data-e-action-hash=\"#elementor-action%3Aaction%3Dlightbox%26settings%3DeyJpZCI6ODQxLCJ1cmwiOiJodHRwczpcL1wvZWZlcC5tZVwvd3AtY29udGVudFwvdXBsb2Fkc1wvMjAyNFwvMTFcL2Rvd25sb2FkLTI3LmpwZWciLCJzbGlkZXNob3ciOiI3ZGMxMmFiIn0%3D\">\n\t\t\t\t\t<div class=\"e-gallery-image elementor-gallery-item__image\" data-thumbnail=\"https:\/\/efep.me\/wp-content\/uploads\/2024\/11\/download-27-300x225.jpeg\" data-width=\"300\" data-height=\"225\" aria-label=\"\" role=\"img\" ><\/div>\n\t\t\t\t\t\t\t\t\t\t\t<div class=\"elementor-gallery-item__overlay\"><\/div>\n\t\t\t\t\t\t\t\t\t\t\t\t\t\t<\/a>\n\t\t\t\t\t\t\t<a class=\"e-gallery-item elementor-gallery-item elementor-animated-content\" href=\"https:\/\/efep.me\/wp-content\/uploads\/2024\/11\/download-3.jpeg\" data-elementor-open-lightbox=\"yes\" data-elementor-lightbox-slideshow=\"7dc12ab\" data-elementor-lightbox-title=\"download (3)\" data-e-action-hash=\"#elementor-action%3Aaction%3Dlightbox%26settings%3DeyJpZCI6ODQ4LCJ1cmwiOiJodHRwczpcL1wvZWZlcC5tZVwvd3AtY29udGVudFwvdXBsb2Fkc1wvMjAyNFwvMTFcL2Rvd25sb2FkLTMuanBlZyIsInNsaWRlc2hvdyI6IjdkYzEyYWIifQ%3D%3D\">\n\t\t\t\t\t<div class=\"e-gallery-image elementor-gallery-item__image\" data-thumbnail=\"https:\/\/efep.me\/wp-content\/uploads\/2024\/11\/download-3-225x300.jpeg\" data-width=\"225\" data-height=\"300\" aria-label=\"\" role=\"img\" ><\/div>\n\t\t\t\t\t\t\t\t\t\t\t<div class=\"elementor-gallery-item__overlay\"><\/div>\n\t\t\t\t\t\t\t\t\t\t\t\t\t\t<\/a>\n\t\t\t\t\t\t\t<a class=\"e-gallery-item elementor-gallery-item elementor-animated-content\" href=\"https:\/\/efep.me\/wp-content\/uploads\/2024\/11\/DSC_0041.jpg\" data-elementor-open-lightbox=\"yes\" data-elementor-lightbox-slideshow=\"7dc12ab\" data-elementor-lightbox-title=\"DSC_0041\" data-e-action-hash=\"#elementor-action%3Aaction%3Dlightbox%26settings%3DeyJpZCI6ODM4LCJ1cmwiOiJodHRwczpcL1wvZWZlcC5tZVwvd3AtY29udGVudFwvdXBsb2Fkc1wvMjAyNFwvMTFcL0RTQ18wMDQxLmpwZyIsInNsaWRlc2hvdyI6IjdkYzEyYWIifQ%3D%3D\">\n\t\t\t\t\t<div class=\"e-gallery-image elementor-gallery-item__image\" data-thumbnail=\"https:\/\/efep.me\/wp-content\/uploads\/2024\/11\/DSC_0041-300x200.jpg\" data-width=\"300\" data-height=\"200\" aria-label=\"\" role=\"img\" ><\/div>\n\t\t\t\t\t\t\t\t\t\t\t<div class=\"elementor-gallery-item__overlay\"><\/div>\n\t\t\t\t\t\t\t\t\t\t\t\t\t\t<\/a>\n\t\t\t\t\t\t\t<a class=\"e-gallery-item elementor-gallery-item elementor-animated-content\" href=\"https:\/\/efep.me\/wp-content\/uploads\/2024\/11\/WhatsApp-Image-2024-10-02-a-13.34.14_1e28000f.jpg\" data-elementor-open-lightbox=\"yes\" data-elementor-lightbox-slideshow=\"7dc12ab\" data-elementor-lightbox-title=\"WhatsApp Image 2024-10-02 \u00e0 13.34.14_1e28000f\" data-e-action-hash=\"#elementor-action%3Aaction%3Dlightbox%26settings%3DeyJpZCI6ODUxLCJ1cmwiOiJodHRwczpcL1wvZWZlcC5tZVwvd3AtY29udGVudFwvdXBsb2Fkc1wvMjAyNFwvMTFcL1doYXRzQXBwLUltYWdlLTIwMjQtMTAtMDItYS0xMy4zNC4xNF8xZTI4MDAwZi5qcGciLCJzbGlkZXNob3ciOiI3ZGMxMmFiIn0%3D\">\n\t\t\t\t\t<div class=\"e-gallery-image elementor-gallery-item__image\" data-thumbnail=\"https:\/\/efep.me\/wp-content\/uploads\/2024\/11\/WhatsApp-Image-2024-10-02-a-13.34.14_1e28000f-225x300.jpg\" data-width=\"225\" data-height=\"300\" aria-label=\"\" role=\"img\" ><\/div>\n\t\t\t\t\t\t\t\t\t\t\t<div class=\"elementor-gallery-item__overlay\"><\/div>\n\t\t\t\t\t\t\t\t\t\t\t\t\t\t<\/a>\n\t\t\t\t\t<\/div>\n\t\t\t\t\t<\/div>\n\t\t\t\t<\/div>\n\t\t\t\t\t<\/div>\n\t\t\t\t<\/div>\n\t\t<div class=\"elementor-element elementor-element-44d025e3 e-flex e-con-boxed e-con e-parent\" data-id=\"44d025e3\" data-element_type=\"container\" data-e-type=\"container\">\n\t\t\t\t\t<div class=\"e-con-inner\">\n\t\t<div class=\"elementor-element elementor-element-697fc91c e-con-full e-flex e-con e-child\" data-id=\"697fc91c\" data-element_type=\"container\" data-e-type=\"container\">\n\t\t\t\t<div class=\"elementor-element elementor-element-67b8e17d elementor-widget elementor-widget-heading\" data-id=\"67b8e17d\" data-element_type=\"widget\" data-e-type=\"widget\" data-widget_type=\"heading.default\">\n\t\t\t\t<div class=\"elementor-widget-container\">\n\t\t\t\t\t<h2 class=\"elementor-heading-title elementor-size-default\">Perspectives...<\/h2>\t\t\t\t<\/div>\n\t\t\t\t<\/div>\n\t\t\t\t<div class=\"elementor-element elementor-element-1727b82c elementor-widget elementor-widget-text-editor\" data-id=\"1727b82c\" data-element_type=\"widget\" data-e-type=\"widget\" data-widget_type=\"text-editor.default\">\n\t\t\t\t<div class=\"elementor-widget-container\">\n\t\t\t\t\t\t\t\t\t<p><span style=\"font-weight: 400;\">In its development prospects, the school is considering moving to new premises that will allow all classes to be grouped together on a single site, while respecting the needs of each age group.\u00a0<\/span><\/p><p>Calendar under development.<\/p>\t\t\t\t\t\t\t\t<\/div>\n\t\t\t\t<\/div>\n\t\t\t\t<\/div>\n\t\t<div class=\"elementor-element elementor-element-184f245 e-con-full e-flex e-con e-child\" data-id=\"184f245\" data-element_type=\"container\" data-e-type=\"container\">\n\t\t\t\t<div class=\"elementor-element elementor-element-2a34fa9d elementor-widget elementor-widget-image\" data-id=\"2a34fa9d\" data-element_type=\"widget\" data-e-type=\"widget\" data-widget_type=\"image.default\">\n\t\t\t\t<div class=\"elementor-widget-container\">\n\t\t\t\t\t\t\t\t\t\t\t\t\t\t\t<img fetchpriority=\"high\" decoding=\"async\" width=\"800\" height=\"434\" src=\"https:\/\/efep.me\/wp-content\/uploads\/2024\/11\/Capture-decran-226.png\" class=\"attachment-large size-large wp-image-487\" alt=\"\" srcset=\"https:\/\/efep.me\/wp-content\/uploads\/2024\/11\/Capture-decran-226.png 833w, https:\/\/efep.me\/wp-content\/uploads\/2024\/11\/Capture-decran-226-300x163.png 300w, https:\/\/efep.me\/wp-content\/uploads\/2024\/11\/Capture-decran-226-768x417.png 768w, https:\/\/efep.me\/wp-content\/uploads\/2024\/11\/Capture-decran-226-18x10.png 18w\" sizes=\"(max-width: 800px) 100vw, 800px\" \/>\t\t\t\t\t\t\t\t\t\t\t\t\t\t\t<\/div>\n\t\t\t\t<\/div>\n\t\t\t\t<\/div>\n\t\t\t\t\t<\/div>\n\t\t\t\t<\/div>\n\t\t\t\t<\/div>","protected":false},"excerpt":{"rendered":"<p>Nos locaux L\u2019\u00e9cole fran\u00e7aise europ\u00e9enne de Podgorica est actuellement install\u00e9e dans deux b\u00e2timents dans le quartier r\u00e9sidentiel de Zagoric, proche du parc Gorica. B\u00e2timent principal Situ\u00e9 22 Iva Andrica, il accueille les \u00e9l\u00e8ves du CP \u00e0 la terminale.Au rez-de -chauss\u00e9e sont install\u00e9es les classes de primaire.Au premier \u00e9tage, les classes de coll\u00e8ge et lyc\u00e9e ainsi [&hellip;]<\/p>\n","protected":false},"author":1,"featured_media":0,"parent":8,"menu_order":0,"comment_status":"closed","ping_status":"closed","template":"","meta":{"footnotes":""},"class_list":["post-21","page","type-page","status-publish","hentry"],"_links":{"self":[{"href":"https:\/\/efep.me\/en\/wp-json\/wp\/v2\/pages\/21","targetHints":{"allow":["GET"]}}],"collection":[{"href":"https:\/\/efep.me\/en\/wp-json\/wp\/v2\/pages"}],"about":[{"href":"https:\/\/efep.me\/en\/wp-json\/wp\/v2\/types\/page"}],"author":[{"embeddable":true,"href":"https:\/\/efep.me\/en\/wp-json\/wp\/v2\/users\/1"}],"replies":[{"embeddable":true,"href":"https:\/\/efep.me\/en\/wp-json\/wp\/v2\/comments?post=21"}],"version-history":[{"count":32,"href":"https:\/\/efep.me\/en\/wp-json\/wp\/v2\/pages\/21\/revisions"}],"predecessor-version":[{"id":1512,"href":"https:\/\/efep.me\/en\/wp-json\/wp\/v2\/pages\/21\/revisions\/1512"}],"up":[{"embeddable":true,"href":"https:\/\/efep.me\/en\/wp-json\/wp\/v2\/pages\/8"}],"wp:attachment":[{"href":"https:\/\/efep.me\/en\/wp-json\/wp\/v2\/media?parent=21"}],"curies":[{"name":"wp","href":"https:\/\/api.w.org\/{rel}","templated":true}]}}